{"id":1617,"date":"2024-12-04T15:09:25","date_gmt":"2024-12-04T18:09:25","guid":{"rendered":"https:\/\/sites.uel.br\/proensino\/?page_id=1617"},"modified":"2024-12-04T15:36:10","modified_gmt":"2024-12-04T18:36:10","slug":"anais-vi-pro-ensino-prograd-2024","status":"publish","type":"page","link":"https:\/\/sites.uel.br\/proensino\/anais-vi-pro-ensino-prograd-2024\/","title":{"rendered":"ANAIS VI PR\u00d3-ENSINO PROGRAD (2024)"},"content":{"rendered":"\n<hr class=\"wp-block-separator has-alpha-channel-opacity is-style-wide\" \/>\n\n\n\n<p>No dia 14 de novembro de 2024, ocorreu a sexta edi\u00e7\u00e3o do<em> Pr\u00f3-Ensino: Mostra Anual de Atividades de Ensino da UEL<\/em><em>, <\/em>promovido pela Pr\u00f3-Reitoria de Gradua\u00e7\u00e3o (PROGRAD), no Campus da UEL, como parte dos eventos de integra\u00e7\u00e3o entre Ensino, Pesquisa e Extens\u00e3o, Por Extenso (PROEX) e Encontro Anual de Inicia\u00e7\u00e3o Cient\u00edfica &#8211; EAIC (PROPPG).<\/p>\n\n\n\n<p>O VI Pr\u00f3-Ensino teve o objetivo de fortalecer e valorizar as a\u00e7\u00f5es voltadas ao ensino da gradua\u00e7\u00e3o, apresentando a diversidade de temas e trabalhos desenvolvidos na \u00e1rea do ensino na UEL.<\/p>\n\n\n\n<p>Nesta edi\u00e7\u00e3o, 133 trabalhos foram apresentados, contando com 201 inscritos, entre estudantes na condi\u00e7\u00e3o de autores e docentes orientadores, al\u00e9m de colaboradores na fun\u00e7\u00e3o de moderadores e estudantes monitores de sala, ouvintes e convidados.<\/p>\n\n\n\n<p>Caracterizado como um momento de compartilhamento de aprendizagens entre o coletivo de professores, estudantes e equipe t\u00e9cnica, o evento permitiu destacar e divulgar os resultados de pesquisas e experi\u00eancias pedag\u00f3gicas no \u00e2mbito da gradua\u00e7\u00e3o, decorrentes dos Programas de Forma\u00e7\u00e3o Complementar, Projetos de Pesquisa em Ensino, do N\u00facleo de Acessibilidade da UEL, da Resid\u00eancia Pedag\u00f3gica, PIBID, PET, Empresas Juniores, al\u00e9m de outros, vinculados aos Colegiados dos Cursos de Gradua\u00e7\u00e3o.<\/p>\n\n\n\n<p>Temos a satisfa\u00e7\u00e3o de apresentarmos os Anais do <em>VI Pr\u00f3-Ensino: Mostra Anual de Atividades de Ensino da UEL<\/em> e esperamos que essa publica\u00e7\u00e3o permita \u00e0 comunidade universit\u00e1ria uma rica e significativa aproxima\u00e7\u00e3o \u00e0 produ\u00e7\u00e3o da Gradua\u00e7\u00e3o na UEL. Desejamos a todos uma excelente leitura!<\/p>\n\n\n\n<p>Profa. Dra. Ana M\u00e1rcia Fernandes Tucci de Carvalho<br>Pr\u00f3-Reitora de Gradua\u00e7\u00e3o \u2013 UEL<br>Coordenadora Geral do Evento<\/p>\n\n\n\n<p>ISSN: 2763-5732<\/p>\n\n\n\n<p>Expediente:<\/p>\n\n\n\n<p>Autores (orgs.):<\/p>\n\n\n\n<p>Profa. Dra. Ana M\u00e1rcia Fernandes Tucci de Carvalho<br>Profa. Dra. Maria Elisa Wotzasek Cestari<br>Profa. Dra. Lilian Kemmer Chiment\u00e3o<br>Profa. Dra. Jamile Carla Baptista<br>Ms. Fabiano Ferrari Ribeiro<\/p>\n\n\n\n<p>Periodicidade:<\/p>\n\n\n\n<p>Anual<\/p>\n\n\n\n<p>Respons\u00e1vel pela publica\u00e7\u00e3o:<\/p>\n\n\n\n<p>Universidade Estadual de Londrina<br>Pr\u00f3-Reitoria de Gradua\u00e7\u00e3o<br>Rodovia Celso Garcia Cid | Pr 445 Km 380 | Campus Universit\u00e1rio<br>Cx. Postal 10.011 | CEP 86.057-970 | Londrina &#8211; PR<\/p>\n\n\n\n<p>Edi\u00e7\u00e3o atual:<\/p>\n\n\n\n<p>n. 6 (2024): Anais do VI Pr\u00f3-Ensino<br>Acesse: <a href=\"https:\/\/anais.uel.br\/portal\/index.php\/proensino\/issue\/view\/81\" target=\"_blank\" rel=\"noreferrer noopener\"><strong>https:\/\/anais.uel.br\/portal\/index.php\/proensino\/issue\/view\/81<\/strong><\/a><\/p>\n\n\n\n<p>Obs: de acordo com as normas do evento, as publica\u00e7\u00f5es nos Anais devem atender aos seguintes&nbsp;requisitos: inscri\u00e7\u00e3o realizada e taxa paga, trabalho submetido, contempla\u00e7\u00e3o das normas de apresenta\u00e7\u00e3o, trabalho aceito e apresenta\u00e7\u00e3o por um dos autores.<\/p>\n","protected":false},"excerpt":{"rendered":"<p>No dia 14 de novembro de 2024, ocorreu a sexta edi\u00e7\u00e3o do Pr\u00f3-Ensino: Mostra Anual de Atividades de Ensino da UEL, promovido pela Pr\u00f3-Reitoria de Gradua\u00e7\u00e3o (PROGRAD), no Campus da UEL, como parte dos eventos de integra\u00e7\u00e3o entre Ensino, Pesquisa e Extens\u00e3o, Por Extenso (PROEX) e Encontro Anual de Inicia\u00e7\u00e3o Cient\u00edfica &#8211; EAIC (PROPPG). O [&hellip;]<\/p>\n","protected":false},"author":6,"featured_media":0,"parent":0,"menu_order":0,"comment_status":"closed","ping_status":"closed","template":"","meta":{"_themeisle_gutenberg_block_has_review":false,"footnotes":""},"class_list":["post-1617","page","type-page","status-publish","hentry"],"acf":[],"_links":{"self":[{"href":"https:\/\/sites.uel.br\/proensino\/wp-json\/wp\/v2\/pages\/1617","targetHints":{"allow":["GET"]}}],"collection":[{"href":"https:\/\/sites.uel.br\/proensino\/wp-json\/wp\/v2\/pages"}],"about":[{"href":"https:\/\/sites.uel.br\/proensino\/wp-json\/wp\/v2\/types\/page"}],"author":[{"embeddable":true,"href":"https:\/\/sites.uel.br\/proensino\/wp-json\/wp\/v2\/users\/6"}],"replies":[{"embeddable":true,"href":"https:\/\/sites.uel.br\/proensino\/wp-json\/wp\/v2\/comments?post=1617"}],"version-history":[{"count":6,"href":"https:\/\/sites.uel.br\/proensino\/wp-json\/wp\/v2\/pages\/1617\/revisions"}],"predecessor-version":[{"id":1628,"href":"https:\/\/sites.uel.br\/proensino\/wp-json\/wp\/v2\/pages\/1617\/revisions\/1628"}],"wp:attachment":[{"href":"https:\/\/sites.uel.br\/proensino\/wp-json\/wp\/v2\/media?parent=1617"}],"curies":[{"name":"wp","href":"https:\/\/api.w.org\/{rel}","templated":true}]}}