{"id":1287,"date":"2024-09-05T16:11:34","date_gmt":"2024-09-05T19:11:34","guid":{"rendered":"https:\/\/sites.uel.br\/proensino\/?page_id=1287"},"modified":"2025-10-31T13:57:57","modified_gmt":"2025-10-31T16:57:57","slug":"perguntas-mais-frequentes","status":"publish","type":"page","link":"https:\/\/sites.uel.br\/proensino\/perguntas-mais-frequentes\/","title":{"rendered":"Perguntas Mais Frequentes"},"content":{"rendered":"\n<hr class=\"wp-block-separator has-alpha-channel-opacity is-style-wide\" \/>\n\n\n\n<p id=\"block-ebe750f6-8d35-4295-bf45-c9115c921e39\"><\/p>\n\n\n\n<p class=\"has-text-align-center\"><\/p>\n\n\n\n<div id=\"wp-block-themeisle-blocks-accordion-157619ee\" class=\"wp-block-themeisle-blocks-accordion exclusive\">\n<details class=\"wp-block-themeisle-blocks-accordion-item\"><summary class=\"wp-block-themeisle-blocks-accordion-item__title\"><div><strong>1. TODOS OS AUTORES, COAUTORES OU ORIENTADORES, PRECISAM FAZER A INSCRI\u00c7\u00c3O?<\/strong><\/div><\/summary><div class=\"wp-block-themeisle-blocks-accordion-item__content\">\n<p class=\"has-text-align-left\">N\u00e3o. Por\u00e9m ao menos 1 (um) membro deve proceder com a inscri\u00e7\u00e3o, fazer o pagamento da taxa e submeter o resumo. No entanto, <strong>se o participante deseja certificado individual e nominal<\/strong>, precisa fazer sua inscri\u00e7\u00e3o e recolher o pagamento.<a href=\"https:\/\/sites.uel.br\/prograd\/wp-content\/uploads\/camara_graduacao\/pautas\/2024\/323\/anexo_pauta_323_14_05_24_1_ata_312.pdf\" target=\"_blank\" rel=\"noreferrer noopener\"><\/a><a href=\"https:\/\/sites.uel.br\/prograd\/wp-content\/uploads\/camara_graduacao\/pautas\/2024\/325\/anexo_pauta_325_02_07_24_1_processo_22.392.895-1.pdf\" target=\"_blank\" rel=\"noreferrer noopener\"><\/a><\/p>\n\n\n\n<p class=\"has-text-align-center\"><\/p>\n<\/div><\/details>\n\n\n\n<details class=\"wp-block-themeisle-blocks-accordion-item\"><summary class=\"wp-block-themeisle-blocks-accordion-item__title\"><div><strong>2. QUANTAS INSCRI\u00c7\u00d5ES POSSO FAZER POR CPF?<\/strong><\/div><\/summary><div class=\"wp-block-themeisle-blocks-accordion-item__content\">\n<p class=\"has-text-align-left\">Apenas <strong>1 (uma) inscri\u00e7\u00e3o por CPF<\/strong>, por\u00e9m o mesmo CPF pode enviar <strong>at\u00e9 2 (dois) trabalhos<\/strong>.<\/p>\n\n\n\n<p class=\"has-text-align-center\"><\/p>\n<\/div><\/details>\n\n\n\n<details class=\"wp-block-themeisle-blocks-accordion-item\"><summary class=\"wp-block-themeisle-blocks-accordion-item__title\"><div><strong>3. EXISTE ALGUM MODELO PARA A CONFEC\u00c7\u00c3O DO RESUMO?<\/strong><\/div><\/summary><div class=\"wp-block-themeisle-blocks-accordion-item__content\">\n<p>Sim. <a href=\"https:\/\/sites.uel.br\/proensino\/wp-content\/uploads\/documentos\/modelo_resumo_pro_ensino.docx\" target=\"_blank\" rel=\"noreferrer noopener\"><strong>Baixe aqui<\/strong><\/a> o modelo do resumo simples. Mais informa\u00e7\u00f5es sobre a Submiss\u00e3o de Trabalho, <a href=\"https:\/\/sites.uel.br\/proensino\/submissao-de-trabalhos\/\"><strong>acesse aqui<\/strong><\/a>.<a href=\"https:\/\/sites.uel.br\/prograd\/wp-content\/uploads\/camara_graduacao\/pautas\/2024\/323\/anexo_pauta_323_14_05_24_1_ata_312.pdf\" target=\"_blank\" rel=\"noreferrer noopener\"><\/a><\/p>\n<\/div><\/details>\n\n\n\n<details class=\"wp-block-themeisle-blocks-accordion-item\"><summary class=\"wp-block-themeisle-blocks-accordion-item__title\"><div><strong>4. QUANTOS AUTORES E\/OU COAUTORES PODEM SER INCLU\u00cdDOS NO TRABALHO?<\/strong><\/div><\/summary><div class=\"wp-block-themeisle-blocks-accordion-item__content\">\n<p class=\"has-text-align-left\">M\u00e1ximo de autores (incluindo coautores) por trabalho: 06 (seis), <strong>contando com o orientador<\/strong>.<\/p>\n<\/div><\/details>\n\n\n\n<details class=\"wp-block-themeisle-blocks-accordion-item\"><summary class=\"wp-block-themeisle-blocks-accordion-item__title\"><div><strong>5. QUANTOS TRABALHOS POSSO SUBMETER POR CPF?<\/strong><\/div><\/summary><div class=\"wp-block-themeisle-blocks-accordion-item__content\">\n<p>Cada CPF pode enviar <strong>at\u00e9 2 (dois) trabalhos<\/strong>.<\/p>\n\n\n\n<p class=\"has-text-align-center\"><\/p>\n<\/div><\/details>\n\n\n\n<details class=\"wp-block-themeisle-blocks-accordion-item\"><summary class=\"wp-block-themeisle-blocks-accordion-item__title\"><div><strong>6. POSSO SUBMETER UM RESUMO AP\u00d3S O PRAZO?<\/strong><\/div><\/summary><div class=\"wp-block-themeisle-blocks-accordion-item__content\">\n<p>N\u00e3o. Ap\u00f3s o prazo final, o sistema automaticamente <strong>n\u00e3o permitir\u00e1 a submiss\u00e3o de resumos<\/strong>. O n\u00e3o envio do resumo dentro do prazo, acarretar\u00e1 o cancelamento da inscri\u00e7\u00e3o. Confira quais os prazos no <a href=\"https:\/\/sites.uel.br\/proensino\/cronograma\/\"><strong>Cronograma<\/strong><\/a>.<\/p>\n\n\n\n<p class=\"has-text-align-center\"><\/p>\n<\/div><\/details>\n\n\n\n<details class=\"wp-block-themeisle-blocks-accordion-item\"><summary class=\"wp-block-themeisle-blocks-accordion-item__title\"><div><strong>7. A TAXA DE INSCRI\u00c7\u00c3O SER\u00c1 DEVOLVIDA SE O TRABALHO N\u00c3O FOR APRESENTADO?<\/strong><\/div><\/summary><div class=\"wp-block-themeisle-blocks-accordion-item__content\">\n<p>N\u00e3o. Uma vez o trabalho aceito, estar\u00e1 <strong>automaticamente apto<\/strong> para ser apresentado.<\/p>\n\n\n\n<p class=\"has-text-align-center\"><\/p>\n<\/div><\/details>\n\n\n\n<details class=\"wp-block-themeisle-blocks-accordion-item\"><summary class=\"wp-block-themeisle-blocks-accordion-item__title\"><div><strong>8. O N\u00c3O PAGAMENTO DA TAXA DE INSCRI\u00c7\u00c3O DENTRO DO PRAZO CANCELA MINHA PARTICIPA\u00c7\u00c3O NO EVENTO?<\/strong><\/div><\/summary><div class=\"wp-block-themeisle-blocks-accordion-item__content\">\n<p>Sim. Para <strong>qualquer<\/strong> Modalidade, exceto Modalidade 3, que \u00e9 isento.<\/p>\n\n\n\n<p class=\"has-text-align-center\"><\/p>\n<\/div><\/details>\n\n\n\n<details class=\"wp-block-themeisle-blocks-accordion-item\"><summary class=\"wp-block-themeisle-blocks-accordion-item__title\"><div><strong>9. ORIENTADOR PRECISA FAZER A INSCRI\u00c7\u00c3O?<\/strong><\/div><\/summary><div class=\"wp-block-themeisle-blocks-accordion-item__content\">\n<p>N\u00e3o obrigatoriamente. <strong>Se quiser o certificado<\/strong>, sim.<\/p>\n\n\n\n<p class=\"has-text-align-center\"><\/p>\n<\/div><\/details>\n\n\n\n<details class=\"wp-block-themeisle-blocks-accordion-item\"><summary class=\"wp-block-themeisle-blocks-accordion-item__title\"><div><strong>10. COMO FA\u00c7O PARA GERAR A SEGUNDA VIA DO BOLETO?<\/strong><\/div><\/summary><div class=\"wp-block-themeisle-blocks-accordion-item__content\">\n<p>Para gerar segunda via de boleto, acesse&nbsp;<a href=\"http:\/\/www.uel.br\/eventos\/sigec\/?id=10484\" target=\"_blank\" rel=\"noreferrer noopener\"><strong>www.uel.br\/eventos\/sigec\/?id=10484<\/strong><\/a>, clique em &#8220;J\u00c1 ESTOU CADASTRADO&#8221;, entre com o seu CPF e n\u00famero de inscri\u00e7\u00e3o, depois clique no bot\u00e3o &#8220;GERAR BOLETO &#8211; ITA\u00da SHOPLINE&#8221;.<\/p>\n\n\n\n<p class=\"has-text-align-center\"><\/p>\n<\/div><\/details>\n\n\n\n<details class=\"wp-block-themeisle-blocks-accordion-item\"><summary class=\"wp-block-themeisle-blocks-accordion-item__title\"><div><strong>11. POSSO PAGAR O BOLETO AP\u00d3S O VENCIMENTO?<\/strong><\/div><\/summary><div class=\"wp-block-themeisle-blocks-accordion-item__content\">\n<p>N\u00e3o. Se o boleto vencer <strong>n\u00e3o \u00e9 poss\u00edvel mais emitir uma segunda via<\/strong>. Por isso, <strong>fiquem atentos<\/strong> ao prazo de vencimento. O n\u00e3o pagamento do boleto no prazo determinado, acarretar\u00e1 o <strong>cancelamento<\/strong> da inscri\u00e7\u00e3o sem aviso pr\u00e9vio, e n\u00e3o valida a submiss\u00e3o do trabalho. Confira aqui no <a href=\"https:\/\/sites.uel.br\/proensino\/cronograma\/\"><strong>Cronograma<\/strong><\/a>.<\/p>\n\n\n\n<p class=\"has-text-align-center\"><\/p>\n<\/div><\/details>\n\n\n\n<details class=\"wp-block-themeisle-blocks-accordion-item\"><summary class=\"wp-block-themeisle-blocks-accordion-item__title\"><div><strong>12. QUANDO SER\u00c1 A APRESENTA\u00c7\u00c3O DOS TRABALHOS?<\/strong><\/div><\/summary><div class=\"wp-block-themeisle-blocks-accordion-item__content\">\n<p>A apresenta\u00e7\u00e3o dos trabalhos acontecer\u00e1 no dia <strong>13 de novembro de 2025 (quinta-feira)<\/strong>, em hor\u00e1rio e local a serem divulgados. Confira aqui no <a href=\"https:\/\/sites.uel.br\/proensino\/cronograma\/\"><strong>Cronograma<\/strong><\/a>.<\/p>\n\n\n\n<p class=\"has-text-align-center\"><\/p>\n<\/div><\/details>\n\n\n\n<details class=\"wp-block-themeisle-blocks-accordion-item\"><summary class=\"wp-block-themeisle-blocks-accordion-item__title\"><div><strong>13. QUAL \u00c9 A FORMA E O TEMPO DE APRESENTA\u00c7\u00c3O?<\/strong><\/div><\/summary><div class=\"wp-block-themeisle-blocks-accordion-item__content\">\n<p>A forma de apresenta\u00e7\u00e3o \u00e9 a <strong>comunica\u00e7\u00e3o oral presencial<\/strong>. O tempo para apresenta\u00e7\u00e3o \u00e9 de <strong>10 minutos<\/strong>.<\/p>\n\n\n\n<p class=\"has-text-align-center\"><\/p>\n<\/div><\/details>\n\n\n\n<details class=\"wp-block-themeisle-blocks-accordion-item\"><summary class=\"wp-block-themeisle-blocks-accordion-item__title\"><div><strong>14. TODOS OS AUTORES DEVEM APRESENTAR O TRABALHO?<\/strong><\/div><\/summary><div class=\"wp-block-themeisle-blocks-accordion-item__content\">\n<p>Ao menos <strong>um autor deve obrigatoriamente<\/strong> realizar a comunica\u00e7\u00e3o oral do trabalho. Obs: o apresentador s\u00f3 receber\u00e1 certificado se estiver inscrito no evento.<\/p>\n\n\n\n<p class=\"has-text-align-center\"><\/p>\n<\/div><\/details>\n\n\n\n<details class=\"wp-block-themeisle-blocks-accordion-item\"><summary class=\"wp-block-themeisle-blocks-accordion-item__title\"><div><strong>15. EXISTE ALGUM MODELO PARA A APRESENTA\u00c7\u00c3O ORAL DO RESUMO?<\/strong><\/div><\/summary><div class=\"wp-block-themeisle-blocks-accordion-item__content\">\n<p>Sim. <a href=\"https:\/\/sites.uel.br\/proensino\/wp-content\/uploads\/documentos\/modelo_apresentacao_pro_ensino.ppt\" target=\"_blank\" rel=\"noreferrer noopener\"><strong>Baixe aqui<\/strong><\/a> o modelo de apresenta\u00e7\u00e3o. Mais informa\u00e7\u00f5es sobre a Apresenta\u00e7\u00e3o de Trabalhos, <a href=\"https:\/\/sites.uel.br\/proensino\/apresentacao-dos-trabalhos\/\"><strong>acesse aqui<\/strong><\/a>.<\/p>\n\n\n\n<p class=\"has-text-align-center\"><\/p>\n<\/div><\/details>\n\n\n\n<details class=\"wp-block-themeisle-blocks-accordion-item\"><summary class=\"wp-block-themeisle-blocks-accordion-item__title\"><div><strong>16. MEU TRABALHO SER\u00c1 PUBLICADO NOS ANAIS DO EVENTO?<\/strong><\/div><\/summary><div class=\"wp-block-themeisle-blocks-accordion-item__content\">\n<p>De acordo com as normas do evento, as publica\u00e7\u00f5es nos Anais devem <strong>atender aos seguintes&nbsp;requisitos<\/strong>: inscri\u00e7\u00e3o de um dos autores realizada e taxa paga, trabalho submetido, contempla\u00e7\u00e3o das normas de apresenta\u00e7\u00e3o, trabalho aceito e apresenta\u00e7\u00e3o presencial por pelo menos um dos autores.<\/p>\n\n\n\n<p class=\"has-text-align-center\"><\/p>\n<\/div><\/details>\n\n\n\n<details class=\"wp-block-themeisle-blocks-accordion-item\"><summary class=\"wp-block-themeisle-blocks-accordion-item__title\"><div><strong>17. TENHO MAIS D\u00daVIDAS.<\/strong><\/div><\/summary><div class=\"wp-block-themeisle-blocks-accordion-item__content\">\n<p>Envie sua mensagem para: <a href=\"mailto:proensino@uel.br\"><strong>proensino@uel.br<\/strong><\/a>.<\/p>\n\n\n\n<p class=\"has-text-align-center\"><\/p>\n<\/div><\/details>\n<\/div>\n\n\n\n<p id=\"block-ebe750f6-8d35-4295-bf45-c9115c921e39\"><\/p>\n","protected":false},"excerpt":{"rendered":"","protected":false},"author":6,"featured_media":0,"parent":0,"menu_order":0,"comment_status":"closed","ping_status":"closed","template":"","meta":{"_themeisle_gutenberg_block_has_review":false,"footnotes":""},"class_list":["post-1287","page","type-page","status-publish","hentry"],"acf":[],"_links":{"self":[{"href":"https:\/\/sites.uel.br\/proensino\/wp-json\/wp\/v2\/pages\/1287","targetHints":{"allow":["GET"]}}],"collection":[{"href":"https:\/\/sites.uel.br\/proensino\/wp-json\/wp\/v2\/pages"}],"about":[{"href":"https:\/\/sites.uel.br\/proensino\/wp-json\/wp\/v2\/types\/page"}],"author":[{"embeddable":true,"href":"https:\/\/sites.uel.br\/proensino\/wp-json\/wp\/v2\/users\/6"}],"replies":[{"embeddable":true,"href":"https:\/\/sites.uel.br\/proensino\/wp-json\/wp\/v2\/comments?post=1287"}],"version-history":[{"count":50,"href":"https:\/\/sites.uel.br\/proensino\/wp-json\/wp\/v2\/pages\/1287\/revisions"}],"predecessor-version":[{"id":1941,"href":"https:\/\/sites.uel.br\/proensino\/wp-json\/wp\/v2\/pages\/1287\/revisions\/1941"}],"wp:attachment":[{"href":"https:\/\/sites.uel.br\/proensino\/wp-json\/wp\/v2\/media?parent=1287"}],"curies":[{"name":"wp","href":"https:\/\/api.w.org\/{rel}","templated":true}]}}