{"id":1138,"date":"2024-02-01T08:03:47","date_gmt":"2024-02-01T11:03:47","guid":{"rendered":"https:\/\/sites.uel.br\/proensino\/?page_id=1138"},"modified":"2024-02-01T08:15:59","modified_gmt":"2024-02-01T11:15:59","slug":"anais-v-pro-ensino-prograd-2023","status":"publish","type":"page","link":"https:\/\/sites.uel.br\/proensino\/anais-v-pro-ensino-prograd-2023\/","title":{"rendered":"ANAIS V PR\u00d3-ENSINO PROGRAD (2023)"},"content":{"rendered":"\n<hr class=\"wp-block-separator has-alpha-channel-opacity is-style-wide\" \/>\n\n\n\n<p>No dia 10 de novembro de 2023, ocorreu a quinta edi\u00e7\u00e3o do <em>V Pr\u00f3-Ensino: Mostra Anual de Atividades de Ensino da UEL, <\/em>este ano, como parte da Semana Estadual de Ci\u00eancia, Tecnologia e Ensino Superior do Paran\u00e1 \u2013 PARAN\u00c1 FAZ CI\u00caNCIA 2023 \u2013 20\u00aa Semana Nacional da Ci\u00eancia e Tecnologia (SNCT 2023).<\/p>\n\n\n\n<p>O V Pr\u00f3-Ensino teve o objetivo de fortalecer e valorizar as a\u00e7\u00f5es voltadas ao ensino da gradua\u00e7\u00e3o e apresentou diversidade de temas e trabalhos desenvolvidos na \u00e1rea do ensino na UEL.<\/p>\n\n\n\n<p>Nesta edi\u00e7\u00e3o, 262 trabalhos foram apresentados, contando com 482 inscritos e aproximadamente 1.000 pessoas envolvidas, entre estudantes participantes com apresenta\u00e7\u00e3o de trabalhos ou ouvintes, oriundos da UEL e de outras institui\u00e7\u00f5es de ensino superior, estudantes monitores, docentes orientadores ou moderadores, funcion\u00e1rios e convidados.<\/p>\n\n\n\n<p>Caracterizado como um momento de compartilhamento de aprendizagens entre o coletivo de professores, estudantes e equipe t\u00e9cnica, o evento permitiu destacar e divulgar os resultados de pesquisas e experi\u00eancias pedag\u00f3gicas no \u00e2mbito da gradua\u00e7\u00e3o, decorrentes dos Programas de Forma\u00e7\u00e3o Complementar, Projetos de Pesquisa em Ensino, do N\u00facleo de Acessibilidade da UEL, da Resid\u00eancia Pedag\u00f3gica, PIBID, PET, Empresas Juniores, al\u00e9m de outros, vinculados aos Colegiados dos Cursos de Gradua\u00e7\u00e3o.<\/p>\n\n\n\n<p>Temos a satisfa\u00e7\u00e3o de apresentamos os Anais do <em>V Pr\u00f3-Ensino: Mostra Anual de Atividades de Ensino da UEL<\/em> e esperamos que essa publica\u00e7\u00e3o permita \u00e0 comunidade universit\u00e1ria uma rica e significativa aproxima\u00e7\u00e3o \u00e0 produ\u00e7\u00e3o da Gradua\u00e7\u00e3o na UEL. Desejamos a todos uma excelente leitura!<\/p>\n\n\n\n<p>Profa. Dra. Ana M\u00e1rcia Fernandes Tucci de Carvalho<br>Pr\u00f3-Reitora de Gradua\u00e7\u00e3o \u2013 UEL<br>Coordenadora Geral do Evento<\/p>\n\n\n\n<p>ISSN: 2763-5732<\/p>\n\n\n\n<p>Expediente:<\/p>\n\n\n\n<p>Autores (orgs.):<\/p>\n\n\n\n<p>Profa. Dra. Ana M\u00e1rcia Fernandes Tucci de Carvalho<br>Profa. Dra. Maria Elisa Wotzasek Cestari<br>Profa. Dra. Lilian Kemmer Chiment\u00e3o<br>Profa. Dra. Jamile Carla Baptista<br>Ms. Fabiano Ferrari Ribeiro<\/p>\n\n\n\n<p>Periodicidade:<\/p>\n\n\n\n<p>Anual<\/p>\n\n\n\n<p>Respons\u00e1vel pela publica\u00e7\u00e3o:<\/p>\n\n\n\n<p>Universidade Estadual de Londrina<br>Pr\u00f3-Reitoria de Gradua\u00e7\u00e3o<br>Rodovia Celso Garcia Cid | Pr 445 Km 380 | Campus Universit\u00e1rio<br>Cx. Postal 10.011 | CEP 86.057-970 | Londrina &#8211; PR<\/p>\n\n\n\n<p>Edi\u00e7\u00e3o atual:<\/p>\n\n\n\n<p>n. 5 (2023): Anais do V Pr\u00f3-Ensino<br>Acesse: <strong><a href=\"https:\/\/anais.uel.br\/portal\/index.php\/proensino\/issue\/view\/57\" target=\"_blank\" rel=\"noreferrer noopener\">https:\/\/anais.uel.br\/portal\/index.php\/proensino\/issue\/view\/57<\/a><\/strong><\/p>\n\n\n\n<p>Obs: de acordo com as normas do evento, as publica\u00e7\u00f5es nos Anais devem atender aos seguintes&nbsp;requisitos: inscri\u00e7\u00e3o realizada e taxa paga, trabalho submetido, contempla\u00e7\u00e3o das normas de apresenta\u00e7\u00e3o, trabalho aceito e apresenta\u00e7\u00e3o por um dos autores.<\/p>\n","protected":false},"excerpt":{"rendered":"<p>No dia 10 de novembro de 2023, ocorreu a quinta edi\u00e7\u00e3o do V Pr\u00f3-Ensino: Mostra Anual de Atividades de Ensino da UEL, este ano, como parte da Semana Estadual de Ci\u00eancia, Tecnologia e Ensino Superior do Paran\u00e1 \u2013 PARAN\u00c1 FAZ CI\u00caNCIA 2023 \u2013 20\u00aa Semana Nacional da Ci\u00eancia e Tecnologia (SNCT 2023). O V Pr\u00f3-Ensino [&hellip;]<\/p>\n","protected":false},"author":6,"featured_media":0,"parent":0,"menu_order":0,"comment_status":"closed","ping_status":"closed","template":"","meta":{"_themeisle_gutenberg_block_has_review":false,"footnotes":""},"class_list":["post-1138","page","type-page","status-publish","hentry"],"acf":[],"_links":{"self":[{"href":"https:\/\/sites.uel.br\/proensino\/wp-json\/wp\/v2\/pages\/1138","targetHints":{"allow":["GET"]}}],"collection":[{"href":"https:\/\/sites.uel.br\/proensino\/wp-json\/wp\/v2\/pages"}],"about":[{"href":"https:\/\/sites.uel.br\/proensino\/wp-json\/wp\/v2\/types\/page"}],"author":[{"embeddable":true,"href":"https:\/\/sites.uel.br\/proensino\/wp-json\/wp\/v2\/users\/6"}],"replies":[{"embeddable":true,"href":"https:\/\/sites.uel.br\/proensino\/wp-json\/wp\/v2\/comments?post=1138"}],"version-history":[{"count":2,"href":"https:\/\/sites.uel.br\/proensino\/wp-json\/wp\/v2\/pages\/1138\/revisions"}],"predecessor-version":[{"id":1142,"href":"https:\/\/sites.uel.br\/proensino\/wp-json\/wp\/v2\/pages\/1138\/revisions\/1142"}],"wp:attachment":[{"href":"https:\/\/sites.uel.br\/proensino\/wp-json\/wp\/v2\/media?parent=1138"}],"curies":[{"name":"wp","href":"https:\/\/api.w.org\/{rel}","templated":true}]}}