{"id":1104,"date":"2023-11-13T14:11:47","date_gmt":"2023-11-13T17:11:47","guid":{"rendered":"https:\/\/sites.uel.br\/proensino\/?page_id=1104"},"modified":"2023-11-13T14:11:47","modified_gmt":"2023-11-13T17:11:47","slug":"avaliacao","status":"publish","type":"page","link":"https:\/\/sites.uel.br\/proensino\/avaliacao\/","title":{"rendered":"Avalia\u00e7\u00e3o"},"content":{"rendered":"\n<hr class=\"wp-block-separator has-alpha-channel-opacity is-style-wide\" \/>\n\n\n\n<p>Prezados (as).<\/p>\n\n\n\n<p>Se voc\u00ea participou do \u201c<strong>V PR\u00d3-ENSINO &#8211; MOSTRA ANUAL DE ATIVIDADES DE ENSINO DA UEL<\/strong>\u201d, realizado no dia 10 de novembro de 2023, fa\u00e7a sua avalia\u00e7\u00e3o e contribua para que possamos melhorar continuamente.<\/p>\n\n\n\n<p>O formul\u00e1rio vai ficar dispon\u00edvel at\u00e9 o dia 20\/11\/2023.<\/p>\n\n\n\n<p>Obrigado por sua participa\u00e7\u00e3o!<\/p>\n\n\n\n<p>Obs: n\u00e3o \u00e9 obrigat\u00f3rio a identifica\u00e7\u00e3o.<\/p>\n\n\n\n<p class=\"has-text-align-center has-verde-claro-background-color has-background\"><a href=\"https:\/\/docs.google.com\/forms\/d\/e\/1FAIpQLSfjcuISuBKUsBWH6N4arAq-cxE9ZdLGkCXXjKQC13T1Nja_pg\/viewform\" target=\"_blank\" rel=\"noreferrer noopener\"><strong>ACESSE AQUI<\/strong><\/a><\/p>\n","protected":false},"excerpt":{"rendered":"<p>Prezados (as). Se voc\u00ea participou do \u201cV PR\u00d3-ENSINO &#8211; MOSTRA ANUAL DE ATIVIDADES DE ENSINO DA UEL\u201d, realizado no dia 10 de novembro de 2023, fa\u00e7a sua avalia\u00e7\u00e3o e contribua para que possamos melhorar continuamente. O formul\u00e1rio vai ficar dispon\u00edvel at\u00e9 o dia 20\/11\/2023. Obrigado por sua participa\u00e7\u00e3o! Obs: n\u00e3o \u00e9 obrigat\u00f3rio a identifica\u00e7\u00e3o. ACESSE [&hellip;]<\/p>\n","protected":false},"author":6,"featured_media":0,"parent":0,"menu_order":0,"comment_status":"closed","ping_status":"closed","template":"","meta":{"_themeisle_gutenberg_block_has_review":false,"footnotes":""},"class_list":["post-1104","page","type-page","status-publish","hentry"],"acf":[],"_links":{"self":[{"href":"https:\/\/sites.uel.br\/proensino\/wp-json\/wp\/v2\/pages\/1104","targetHints":{"allow":["GET"]}}],"collection":[{"href":"https:\/\/sites.uel.br\/proensino\/wp-json\/wp\/v2\/pages"}],"about":[{"href":"https:\/\/sites.uel.br\/proensino\/wp-json\/wp\/v2\/types\/page"}],"author":[{"embeddable":true,"href":"https:\/\/sites.uel.br\/proensino\/wp-json\/wp\/v2\/users\/6"}],"replies":[{"embeddable":true,"href":"https:\/\/sites.uel.br\/proensino\/wp-json\/wp\/v2\/comments?post=1104"}],"version-history":[{"count":1,"href":"https:\/\/sites.uel.br\/proensino\/wp-json\/wp\/v2\/pages\/1104\/revisions"}],"predecessor-version":[{"id":1105,"href":"https:\/\/sites.uel.br\/proensino\/wp-json\/wp\/v2\/pages\/1104\/revisions\/1105"}],"wp:attachment":[{"href":"https:\/\/sites.uel.br\/proensino\/wp-json\/wp\/v2\/media?parent=1104"}],"curies":[{"name":"wp","href":"https:\/\/api.w.org\/{rel}","templated":true}]}}