{"id":10,"date":"2022-10-05T09:35:12","date_gmt":"2022-10-05T12:35:12","guid":{"rendered":"https:\/\/sites.uel.br\/proensino\/?page_id=10"},"modified":"2026-04-01T16:40:04","modified_gmt":"2026-04-01T19:40:04","slug":"pagina-inicial","status":"publish","type":"page","link":"https:\/\/sites.uel.br\/proensino\/","title":{"rendered":""},"content":{"rendered":"\n<p class=\"has-text-align-center\">O <strong>VI<strong>I<\/strong> Pr\u00f3-Ensino<\/strong>: Mostra Anual de Atividades de Ensino, promovido pela Pr\u00f3-Reitoria de Gradua\u00e7\u00e3o (PROGRAD), ocorrer\u00e1 no dia <strong>13 de novembro de 2025<\/strong> (quinta-feira), no Campus da UEL, como parte dos eventos de integra\u00e7\u00e3o entre Ensino, Pesquisa e Extens\u00e3o,&nbsp;<a href=\"https:\/\/sites.uel.br\/proex\/por-extenso-2025\/\" target=\"_blank\" rel=\"noreferrer noopener\">Por Extenso (PROEX)<\/a>&nbsp;e <a href=\"https:\/\/eventos.uel.br\/eaic\/\" target=\"_blank\" rel=\"noreferrer noopener\">Encontro Anual de Inicia\u00e7\u00e3o Cient\u00edfica (EAIC) (PROPPG)<\/a>.<\/p>\n\n\n\n<p class=\"has-text-align-center\"><\/p>\n\n\n\n<p class=\"has-text-align-center has-background\" style=\"background-color:#fcffd4\"><strong><a href=\"https:\/\/sites.uel.br\/proensino\/anais-vii-pro-ensino-prograd-2025\/\">ANAIS DO VII PR\u00d3-ENSINO<\/a><\/strong><\/p>\n\n\n\n<hr class=\"wp-block-separator has-text-color has-cinza-color has-css-opacity has-cinza-background-color has-background is-style-wide\" \/>\n\n\n<div class=\"wp-block-image\">\n<figure class=\"aligncenter size-full\"><img loading=\"lazy\" decoding=\"async\" width=\"485\" height=\"490\" src=\"https:\/\/sites.uel.br\/proensino\/wp-content\/uploads\/2022\/10\/logo_pro_ensino.jpg\" alt=\"\" class=\"wp-image-14\" srcset=\"https:\/\/sites.uel.br\/proensino\/wp-content\/uploads\/2022\/10\/logo_pro_ensino.jpg 485w, https:\/\/sites.uel.br\/proensino\/wp-content\/uploads\/2022\/10\/logo_pro_ensino-297x300.jpg 297w\" sizes=\"auto, (max-width: 485px) 100vw, 485px\" \/><\/figure>\n<\/div>\n\n\n<div style=\"height:30px\" aria-hidden=\"true\" class=\"wp-block-spacer\"><\/div>\n\n\n\n<p class=\"has-text-align-center\"><\/p>\n\n\n\n<div class=\"wp-block-columns is-layout-flex wp-container-core-columns-is-layout-9d6595d7 wp-block-columns-is-layout-flex\">\n<div class=\"wp-block-column is-layout-flow wp-block-column-is-layout-flow\"><div class=\"wp-block-image\">\n<figure class=\"aligncenter size-full is-resized\"><a href=\"http:\/\/www.uel.br\/eventos\/sigec\/?id=10484\" target=\"_blank\" rel=\" noreferrer noopener\"><img loading=\"lazy\" decoding=\"async\" width=\"365\" height=\"75\" src=\"https:\/\/sites.uel.br\/proensino\/wp-content\/uploads\/2022\/10\/b_realizar_inscricao.png\" alt=\"\" class=\"wp-image-31\" style=\"width:274px;height:56px\" srcset=\"https:\/\/sites.uel.br\/proensino\/wp-content\/uploads\/2022\/10\/b_realizar_inscricao.png 365w, https:\/\/sites.uel.br\/proensino\/wp-content\/uploads\/2022\/10\/b_realizar_inscricao-300x62.png 300w\" sizes=\"auto, (max-width: 365px) 100vw, 365px\" \/><\/a><\/figure>\n<\/div>\n\n\n<p class=\"has-text-align-center\">Per\u00edodo: <br>01\/09\/2025 a <strong>prorrogado at\u00e9 19\/10\/2025<\/strong><br>INSCRI\u00c7\u00d5ES ENCERRADAS<\/p>\n\n\n\n<p class=\"has-text-align-center has-text-color has-link-color wp-elements-743b9cd709eb897730514ccb5ecef02b\" style=\"color:#f30909\"><strong>Aten\u00e7\u00e3o: n\u00e3o haver\u00e1 novas prorroga\u00e7\u00f5es de prazos<\/strong><\/p>\n<\/div>\n<\/div>\n\n\n\n<div style=\"height:30px\" aria-hidden=\"true\" class=\"wp-block-spacer\"><\/div>\n\n\n\n<div class=\"wp-block-columns is-layout-flex wp-container-core-columns-is-layout-9d6595d7 wp-block-columns-is-layout-flex\">\n<div class=\"wp-block-column is-layout-flow wp-block-column-is-layout-flow\"><div class=\"wp-block-image\">\n<figure class=\"aligncenter size-full is-resized\"><a href=\"http:\/\/www.uel.br\/eventos\/sigec\/?id=10484\" target=\"_blank\" rel=\" noreferrer noopener\"><img loading=\"lazy\" decoding=\"async\" width=\"366\" height=\"75\" src=\"https:\/\/sites.uel.br\/proensino\/wp-content\/uploads\/2022\/10\/b_realizar_submissao.png\" alt=\"\" class=\"wp-image-38\" style=\"width:275px;height:56px\" srcset=\"https:\/\/sites.uel.br\/proensino\/wp-content\/uploads\/2022\/10\/b_realizar_submissao.png 366w, https:\/\/sites.uel.br\/proensino\/wp-content\/uploads\/2022\/10\/b_realizar_submissao-300x61.png 300w\" sizes=\"auto, (max-width: 366px) 100vw, 366px\" \/><\/a><\/figure>\n<\/div>\n\n\n<p class=\"has-text-align-center\">Per\u00edodo: <br>01\/09\/2025 a&nbsp;<strong>prorrogado at\u00e9 21\/10\/2025<\/strong><br>PRAZO ENCERRADO<\/p>\n\n\n\n<p class=\"has-text-align-center has-text-color has-link-color wp-elements-743b9cd709eb897730514ccb5ecef02b\" style=\"color:#f30909\"><strong>Aten\u00e7\u00e3o: n\u00e3o haver\u00e1 novas prorroga\u00e7\u00f5es de prazos<\/strong><\/p>\n\n\n\n<p><\/p>\n<\/div>\n<\/div>\n\n\n\n<p><\/p>\n\n\n\n<hr class=\"wp-block-separator has-text-color has-cinza-color has-css-opacity has-cinza-background-color has-background is-style-wide\" \/>\n\n\n\n<p class=\"has-text-align-center\"><strong>Realiza\u00e7\u00e3o:<\/strong><\/p>\n\n\n\n<div style=\"height:20px\" aria-hidden=\"true\" class=\"wp-block-spacer\"><\/div>\n\n\n<div class=\"wp-block-image\">\n<figure class=\"aligncenter size-medium\"><a href=\"https:\/\/sites.uel.br\/prograd\" target=\"_blank\" rel=\"noreferrer noopener\"><img loading=\"lazy\" decoding=\"async\" width=\"300\" height=\"65\" src=\"https:\/\/sites.uel.br\/proensino\/wp-content\/uploads\/2022\/10\/Logo-Prograd-300x65.jpg\" alt=\"\" class=\"wp-image-251\" srcset=\"https:\/\/sites.uel.br\/proensino\/wp-content\/uploads\/2022\/10\/Logo-Prograd-300x65.jpg 300w, https:\/\/sites.uel.br\/proensino\/wp-content\/uploads\/2022\/10\/Logo-Prograd-1024x222.jpg 1024w, https:\/\/sites.uel.br\/proensino\/wp-content\/uploads\/2022\/10\/Logo-Prograd-768x167.jpg 768w, https:\/\/sites.uel.br\/proensino\/wp-content\/uploads\/2022\/10\/Logo-Prograd.jpg 1036w\" sizes=\"auto, (max-width: 300px) 100vw, 300px\" \/><\/a><\/figure>\n<\/div>\n\n\n<p class=\"has-text-align-center has-small-font-size\"><\/p>\n\n\n\n<div style=\"height:20px\" aria-hidden=\"true\" class=\"wp-block-spacer\"><\/div>\n\n\n\n<div class=\"wp-block-columns is-layout-flex wp-container-core-columns-is-layout-9d6595d7 wp-block-columns-is-layout-flex\">\n<div class=\"wp-block-column is-layout-flow wp-block-column-is-layout-flow\"><div class=\"wp-block-image\">\n<figure class=\"aligncenter size-full\"><a href=\"https:\/\/portal.uel.br\/home\/\" target=\"_blank\" rel=\"noreferrer noopener\"><img loading=\"lazy\" decoding=\"async\" width=\"300\" height=\"218\" src=\"https:\/\/sites.uel.br\/proensino\/wp-content\/uploads\/2023\/11\/logo-uel-300x218-1.png\" alt=\"\" class=\"wp-image-1078\" \/><\/a><\/figure>\n<\/div><\/div>\n<\/div>\n","protected":false},"excerpt":{"rendered":"<p>O VII Pr\u00f3-Ensino: Mostra Anual de Atividades de Ensino, promovido pela Pr\u00f3-Reitoria de Gradua\u00e7\u00e3o (PROGRAD), ocorrer\u00e1 no dia 13 de novembro de 2025 (quinta-feira), no Campus da UEL, como parte dos eventos de integra\u00e7\u00e3o entre Ensino, Pesquisa e Extens\u00e3o,&nbsp;Por Extenso (PROEX)&nbsp;e Encontro Anual de Inicia\u00e7\u00e3o Cient\u00edfica (EAIC) (PROPPG). ANAIS DO VII PR\u00d3-ENSINO Per\u00edodo: 01\/09\/2025 a [&hellip;]<\/p>\n","protected":false},"author":6,"featured_media":0,"parent":0,"menu_order":0,"comment_status":"closed","ping_status":"closed","template":"","meta":{"_themeisle_gutenberg_block_has_review":false,"footnotes":""},"class_list":["post-10","page","type-page","status-publish","hentry"],"acf":[],"_links":{"self":[{"href":"https:\/\/sites.uel.br\/proensino\/wp-json\/wp\/v2\/pages\/10","targetHints":{"allow":["GET"]}}],"collection":[{"href":"https:\/\/sites.uel.br\/proensino\/wp-json\/wp\/v2\/pages"}],"about":[{"href":"https:\/\/sites.uel.br\/proensino\/wp-json\/wp\/v2\/types\/page"}],"author":[{"embeddable":true,"href":"https:\/\/sites.uel.br\/proensino\/wp-json\/wp\/v2\/users\/6"}],"replies":[{"embeddable":true,"href":"https:\/\/sites.uel.br\/proensino\/wp-json\/wp\/v2\/comments?post=10"}],"version-history":[{"count":198,"href":"https:\/\/sites.uel.br\/proensino\/wp-json\/wp\/v2\/pages\/10\/revisions"}],"predecessor-version":[{"id":2110,"href":"https:\/\/sites.uel.br\/proensino\/wp-json\/wp\/v2\/pages\/10\/revisions\/2110"}],"wp:attachment":[{"href":"https:\/\/sites.uel.br\/proensino\/wp-json\/wp\/v2\/media?parent=10"}],"curies":[{"name":"wp","href":"https:\/\/api.w.org\/{rel}","templated":true}]}}