{"id":87,"date":"2022-12-21T14:39:31","date_gmt":"2022-12-21T17:39:31","guid":{"rendered":"https:\/\/sites.uel.br\/proaf\/?page_id=87"},"modified":"2023-09-28T16:44:36","modified_gmt":"2023-09-28T19:44:36","slug":"historico","status":"publish","type":"page","link":"https:\/\/sites.uel.br\/proaf\/historico\/","title":{"rendered":"Sobre a Pr\u00f3-reitoria"},"content":{"rendered":"\n<div style=\"height:20px\" aria-hidden=\"true\" class=\"wp-block-spacer\"><\/div>\n\n\n\n<p>A Pr\u00f3-Reitoria de Administra\u00e7\u00e3o e Finan\u00e7as (PROAF) \u00e9 o \u00f3rg\u00e3o que administra, executa e controla as atividades relativas \u00e0 administra\u00e7\u00e3o, finan\u00e7as e material da Universidade (<strong>Regimento da Reitoria, art. 32<\/strong>).<\/p>\n\n\n\n<p>Composta por tr\u00eas diretorias \u2013 Administrativa, Financeira e de Material \u2013 a PROAF mant\u00e9m rela\u00e7\u00e3o com a comunidade externa e conex\u00e3o com todas as unidades da Universidade, procedendo as compras e contrata\u00e7\u00f5es, mediante a execu\u00e7\u00e3o or\u00e7ament\u00e1ria, realizando as correspondentes opera\u00e7\u00f5es financeiras e fiscais, com os devidos registros cont\u00e1beis, al\u00e9m da gest\u00e3o patrimonial e dos procedimentos administrativos relacionados \u00e0s despesas compuls\u00f3rias e outras de ordem geral.<\/p>\n\n\n\n<p>Institu\u00edda como Coordenadoria de Administra\u00e7\u00e3o Geral (CAG), na d\u00e9cada de 70 (Resolu\u00e7\u00e3o n\u00ba 175\/73) e, posteriormente, Coordenadoria de Administra\u00e7\u00e3o e Finan\u00e7as (CAF) (Resolu\u00e7\u00e3o n\u00ba 402\/77), recebeu nova denomina\u00e7\u00e3o por meio do Ato Executivo n\u00ba 10\/2004, para atender as prescri\u00e7\u00f5es do Estatuto e Regimento Geral da UEL, aprovados pelo Conselho Universit\u00e1rio nas Resolu\u00e7\u00f5es n\u00ba 01 e 02\/2004, passando a Pr\u00f3-Reitoria de Administra\u00e7\u00e3o e Finan\u00e7as (PROAF), a partir de 22 de janeiro de 2004.<\/p>\n\n\n\n<figure class=\"wp-block-image size-large\"><img loading=\"lazy\" decoding=\"async\" width=\"1024\" height=\"681\" src=\"https:\/\/sites.uel.br\/proaf\/wp-content\/uploads\/2023\/09\/PROAF-1024x681.png\" alt=\"\" class=\"wp-image-449\" srcset=\"https:\/\/sites.uel.br\/proaf\/wp-content\/uploads\/2023\/09\/PROAF-1024x681.png 1024w, https:\/\/sites.uel.br\/proaf\/wp-content\/uploads\/2023\/09\/PROAF-300x199.png 300w, https:\/\/sites.uel.br\/proaf\/wp-content\/uploads\/2023\/09\/PROAF-768x510.png 768w, https:\/\/sites.uel.br\/proaf\/wp-content\/uploads\/2023\/09\/PROAF-1536x1021.png 1536w, https:\/\/sites.uel.br\/proaf\/wp-content\/uploads\/2023\/09\/PROAF-2048x1361.png 2048w\" sizes=\"auto, (max-width: 1024px) 100vw, 1024px\" \/><\/figure>\n","protected":false},"excerpt":{"rendered":"<p>A Pr\u00f3-Reitoria de Administra\u00e7\u00e3o e Finan\u00e7as (PROAF) \u00e9 o \u00f3rg\u00e3o que administra, executa e controla as atividades relativas \u00e0 administra\u00e7\u00e3o, finan\u00e7as e material da Universidade (Regimento da Reitoria, art. 32). Composta por tr\u00eas diretorias \u2013 Administrativa, Financeira e de Material \u2013 a PROAF mant\u00e9m rela\u00e7\u00e3o com a comunidade externa e conex\u00e3o com todas as unidades [&hellip;]<\/p>\n","protected":false},"author":2,"featured_media":0,"parent":0,"menu_order":0,"comment_status":"closed","ping_status":"closed","template":"","meta":{"_acf_changed":false,"_themeisle_gutenberg_block_has_review":false,"footnotes":""},"class_list":["post-87","page","type-page","status-publish","hentry"],"acf":[],"_links":{"self":[{"href":"https:\/\/sites.uel.br\/proaf\/wp-json\/wp\/v2\/pages\/87","targetHints":{"allow":["GET"]}}],"collection":[{"href":"https:\/\/sites.uel.br\/proaf\/wp-json\/wp\/v2\/pages"}],"about":[{"href":"https:\/\/sites.uel.br\/proaf\/wp-json\/wp\/v2\/types\/page"}],"author":[{"embeddable":true,"href":"https:\/\/sites.uel.br\/proaf\/wp-json\/wp\/v2\/users\/2"}],"replies":[{"embeddable":true,"href":"https:\/\/sites.uel.br\/proaf\/wp-json\/wp\/v2\/comments?post=87"}],"version-history":[{"count":9,"href":"https:\/\/sites.uel.br\/proaf\/wp-json\/wp\/v2\/pages\/87\/revisions"}],"predecessor-version":[{"id":452,"href":"https:\/\/sites.uel.br\/proaf\/wp-json\/wp\/v2\/pages\/87\/revisions\/452"}],"wp:attachment":[{"href":"https:\/\/sites.uel.br\/proaf\/wp-json\/wp\/v2\/media?parent=87"}],"curies":[{"name":"wp","href":"https:\/\/api.w.org\/{rel}","templated":true}]}}