{"id":68,"date":"2022-12-16T15:29:25","date_gmt":"2022-12-16T18:29:25","guid":{"rendered":"https:\/\/sites.uel.br\/proaf\/?page_id=68"},"modified":"2025-11-06T17:12:38","modified_gmt":"2025-11-06T20:12:38","slug":"equipe-e-estrutura","status":"publish","type":"page","link":"https:\/\/sites.uel.br\/proaf\/equipe-e-estrutura\/","title":{"rendered":"Equipe e Estrutura"},"content":{"rendered":"\n<div style=\"height:20px\" aria-hidden=\"true\" class=\"wp-block-spacer\"><\/div>\n\n\n\n<h3 class=\"wp-block-heading\" style=\"font-size:25px\">Administra\u00e7\u00e3o<\/h3>\n\n\n\n<p><strong>Pr\u00f3-Reitor de Administra\u00e7\u00e3o e Finan\u00e7as<\/strong><br>Prof. Azenil Staviski &#8211; <a href=\"mailto:proaf@uel.br\">proaf@uel.br<\/a><\/p>\n\n\n\n<p><strong>Secret\u00e1rio Executivo<\/strong><br>Valdeir Alberto dos Santos&nbsp;<\/p>\n\n\n\n<div style=\"height:20px\" aria-hidden=\"true\" class=\"wp-block-spacer\"><\/div>\n\n\n\n<h4 class=\"wp-block-heading\" style=\"font-size:25px\"><strong>Diretoria Administrativa<\/strong><\/h4>\n\n\n\n<p><strong>Diretora: <\/strong>Maria Cl\u00e1udia Rodriguez Correia&nbsp;<\/p>\n\n\n\n<p>Respons\u00e1vel por executar a gest\u00e3o patrimonial e dos procedimentos administrativos relacionados \u00e0s despesas compuls\u00f3rias e outras de ordem geral.<br>Com cinco Divis\u00f5es, realiza as seguinte atividades:<\/p>\n\n\n\n<div id=\"wp-block-themeisle-blocks-accordion-5d28e6c3\" class=\"wp-block-themeisle-blocks-accordion exclusive  is-style-default\">\n<details class=\"wp-block-themeisle-blocks-accordion-item\"><summary class=\"wp-block-themeisle-blocks-accordion-item__title\"><div><strong>DAA &#8211; Divis\u00e3o de Apoio Administrativo<\/strong><\/div><\/summary><div class=\"wp-block-themeisle-blocks-accordion-item__content\">\n<p>Fiscaliza\u00e7\u00e3o das permission\u00e1rias cantinas e quiosques no campus, al\u00e9m de executar in\u00fameros procedimentos relativos \u00e0 requisi\u00e7\u00e3o para pagamento de despesas compuls\u00f3rias, avaliar dos processos de aquisi\u00e7\u00e3o de pacotes e passagens a\u00e9reas, levantar e pagar o seguro pessoal de servidores e alunos, verificar e pagar taxas e tarifas municipais, al\u00e9m de executar outros servi\u00e7os administrativos de alcance a toda a institui\u00e7\u00e3o.<\/p>\n\n\n\n<div style=\"height:20px\" aria-hidden=\"true\" class=\"wp-block-spacer\"><\/div>\n\n\n\n<p><strong>Chefe da Divis\u00e3o:<\/strong> Jos\u00e9 Henrique Ferracini<\/p>\n<\/div><\/details>\n\n\n\n<details class=\"wp-block-themeisle-blocks-accordion-item\"><summary class=\"wp-block-themeisle-blocks-accordion-item__title\"><div><strong>DAT &#8211; Divis\u00e3o de Apoio T\u00e9cnico<\/strong><\/div><\/summary><div class=\"wp-block-themeisle-blocks-accordion-item__content\">\n<p>Formaliza\u00e7\u00e3o dos contratos oriundos de licita\u00e7\u00f5es realizadas na Diretoria de Material\/PROAF, e respectivos aditamentos, apostilamentos e rescis\u00f5es.<\/p>\n\n\n\n<div style=\"height:20px\" aria-hidden=\"true\" class=\"wp-block-spacer\"><\/div>\n\n\n\n<p><strong>Chefe da Divis\u00e3o:<\/strong> Benedito Yoshio Tanno<\/p>\n<\/div><\/details>\n\n\n\n<details class=\"wp-block-themeisle-blocks-accordion-item\"><summary class=\"wp-block-themeisle-blocks-accordion-item__title\"><div><strong>DCP &#8211; Divis\u00e3o de Cadastro de Patrim\u00f4nio<\/strong><\/div><\/summary><div class=\"wp-block-themeisle-blocks-accordion-item__content\">\n<p>Cadastro de todos os bens recebidos por aquisi\u00e7\u00e3o, doa\u00e7\u00e3o ou comodato no campus e unidades descentralizadas, exceto Hospital Universit\u00e1rio e implementa\u00e7\u00e3o dos Sistemas de Gest\u00e3o Patrimonial de Bens M\u00f3veis (GPM) e de Im\u00f3veis (GPI), que demanda a revis\u00e3o e atualiza\u00e7\u00e3o da gest\u00e3o como um todo. Minutas para regulariza\u00e7\u00e3o de bens na Institui\u00e7\u00e3o (<a href=\"https:\/\/sites.uel.br\/proaf\/wp-content\/uploads\/2023\/07\/Termo-doacao_Pessoa-Fisica_2022.doc\">Termo de doa\u00e7\u00e3o &#8211; Pessoa F\u00edsica<\/a>; <a href=\"https:\/\/sites.uel.br\/proaf\/wp-content\/uploads\/2023\/07\/Termo-doacao_Pessoa-Juridica_2022.doc\">Termo de doa\u00e7\u00e3o &#8211; Pessoa Jur\u00eddica<\/a>; <a href=\"https:\/\/sites.uel.br\/proaf\/wp-content\/uploads\/2023\/07\/TERMO-DE-COMODATO_2022.doc\">Termo de Comodato<\/a>; e Cautela).<\/p>\n\n\n\n<div style=\"height:20px\" aria-hidden=\"true\" class=\"wp-block-spacer\"><\/div>\n\n\n\n<p><strong>Chefe da Divis\u00e3o:<\/strong> Lucas de Lima Nunes<\/p>\n<\/div><\/details>\n\n\n\n<details class=\"wp-block-themeisle-blocks-accordion-item\"><summary class=\"wp-block-themeisle-blocks-accordion-item__title\"><div><strong>DFP &#8211; Divis\u00e3o de Fiscaliza\u00e7\u00e3o de Patrim\u00f4nio<\/strong><\/div><\/summary><div class=\"wp-block-themeisle-blocks-accordion-item__content\">\n<p>Invent\u00e1rio de bens m\u00f3veis, Fiscaliza\u00e7\u00e3o e movimenta\u00e7\u00e3o de bens patrimoniais, gest\u00e3o de materiais inserv\u00edveis e bens obsoletos, inclusive sua baixa.<\/p>\n\n\n\n<div style=\"height:20px\" aria-hidden=\"true\" class=\"wp-block-spacer\"><\/div>\n\n\n\n<p><strong>Chefe da Divis\u00e3o:<\/strong> Dilson Francisco Mafra Junior<\/p>\n<\/div><\/details>\n\n\n\n<details class=\"wp-block-themeisle-blocks-accordion-item\"><summary class=\"wp-block-themeisle-blocks-accordion-item__title\"><div><strong>DR &#8211; Divis\u00e3o de Reprografia<\/strong><\/div><\/summary><div class=\"wp-block-themeisle-blocks-accordion-item__content\">\n<p>Acompanhamento, fiscaliza\u00e7\u00e3o dos contratos de permission\u00e1rias de copiadoras, bem como do contrato das m\u00e1quinas impressoras\/copiadoras das unidades, sua manuten\u00e7\u00e3o, controle de insumos, franquias e emiss\u00e3o das respectivas Portarias Or\u00e7ament\u00e1rias.<\/p>\n\n\n\n<div style=\"height:20px\" aria-hidden=\"true\" class=\"wp-block-spacer\"><\/div>\n\n\n\n<p><strong>Chefe da Divis\u00e3o:<\/strong> Alexandre do Nascimento Mar\u00e7al<\/p>\n<\/div><\/details>\n<\/div>\n\n\n\n<div style=\"height:20px\" aria-hidden=\"true\" class=\"wp-block-spacer\"><\/div>\n\n\n\n<h4 class=\"wp-block-heading\" style=\"font-size:25px\">Diretoria de Finan\u00e7as <\/h4>\n\n\n\n<p><strong>Diretor: <\/strong>Flavio Maranho Lima<\/p>\n\n\n\n<p>A Diretoria de Finan\u00e7as \u00e9 respons\u00e1vel pelo controle cont\u00e1bil e or\u00e7ament\u00e1rio de todas as receitas e despesas da UEL; mant\u00e9m a tesouraria; executa concilia\u00e7\u00f5es banc\u00e1rias; procede \u00e0 elabora\u00e7\u00e3o e confer\u00eancia dos processos de presta\u00e7\u00f5es de contas de conv\u00eanios; realiza o controle e acompanhamentos de libera\u00e7\u00f5es de di\u00e1rias e passagens; controla e acompanha os adiantamento fornecidos aos servidores para aquisi\u00e7\u00e3o de material de consumo e servi\u00e7os, acompanha os balancetes mensais da UEL; tamb\u00e9m centraliza e recebe todos os recursos financeiros da Institui\u00e7\u00e3o. <\/p>\n\n\n\n<p>Com quatro Divis\u00f5es, \u00e9 respons\u00e1vel pelas seguintes atividades:<\/p>\n\n\n\n<div id=\"wp-block-themeisle-blocks-accordion-4e98a598\" class=\"wp-block-themeisle-blocks-accordion exclusive  is-style-default\">\n<details class=\"wp-block-themeisle-blocks-accordion-item\"><summary class=\"wp-block-themeisle-blocks-accordion-item__title\"><div><strong>DC &#8211; Divis\u00e3o de Contabilidade<\/strong><\/div><\/summary><div class=\"wp-block-themeisle-blocks-accordion-item__content\">\n<p>Realizar toda a contabiliza\u00e7\u00e3o dos pagamentos e entrada de receitas da<br>institui\u00e7\u00e3o, acompanhar os balancetes mensais, elaborar presta\u00e7\u00e3o de contas anual para apresenta\u00e7\u00e3o ao Tribunal de Contas do Estado, realizar controle de adiantamentos e controlar a libera\u00e7\u00e3o, pagamento e presta\u00e7\u00e3o de contas do sistema de di\u00e1rias e passagens da institui\u00e7\u00e3o.<\/p>\n\n\n\n<div style=\"height:20px\" aria-hidden=\"true\" class=\"wp-block-spacer\"><\/div>\n\n\n\n<p><strong>Chefe da Divis\u00e3o: <\/strong>Elida Maria da Silva<\/p>\n\n\n\n<p><strong>Se\u00e7\u00e3o de Balancete:<\/strong> Erso Missao Morimoto<\/p>\n<\/div><\/details>\n\n\n\n<details class=\"wp-block-themeisle-blocks-accordion-item\"><summary class=\"wp-block-themeisle-blocks-accordion-item__title\"><div><strong>DT &#8211; Divis\u00e3o de Tesouraria<\/strong><\/div><\/summary><div class=\"wp-block-themeisle-blocks-accordion-item__content\">\n<p>Elaborar a concilia\u00e7\u00e3o banc\u00e1ria mensal da institui\u00e7\u00e3o, encaminhar remessas de pagamento eletr\u00f4nica aos bancos, controlar os saldos das contas correntes, registrar o Fluxo de Caixa Institucional.<\/p>\n\n\n\n<div style=\"height:20px\" aria-hidden=\"true\" class=\"wp-block-spacer\"><\/div>\n\n\n\n<p><strong>Chefe da Divis\u00e3o:<\/strong> Gisele Batista da Fonseca<\/p>\n\n\n\n<p><strong>Se\u00e7\u00e3o de Caixa: <\/strong>Vagner Rog\u00e9rio Zanuto<\/p>\n<\/div><\/details>\n\n\n\n<details class=\"wp-block-themeisle-blocks-accordion-item\"><summary class=\"wp-block-themeisle-blocks-accordion-item__title\"><div><strong>DLPD &#8211; Divis\u00e3o de Liquida\u00e7\u00e3o e Processamento da Despesa<\/strong><\/div><\/summary><div class=\"wp-block-themeisle-blocks-accordion-item__content\">\n<p>Realizar a liquida\u00e7\u00e3o e encaminhamento para pagamento das despesas<br>institucionais, realizar lan\u00e7amento no DMS da Prefeitura Municipal dos impostos sobre servi\u00e7o, realizar a confer\u00eancia das notas fiscais e acompanhar a regularidade das empresas e pessoas f\u00edsicas prestadoras de servi\u00e7o, elaborar o arquivo dos processos de despesa.<\/p>\n\n\n\n<div style=\"height:20px\" aria-hidden=\"true\" class=\"wp-block-spacer\"><\/div>\n\n\n\n<p><strong>Chefe da Divis\u00e3o:<\/strong> Miriam Tanaka<\/p>\n<\/div><\/details>\n\n\n\n<details class=\"wp-block-themeisle-blocks-accordion-item\"><summary class=\"wp-block-themeisle-blocks-accordion-item__title\"><div><strong>DCOC &#8211; Divis\u00e3o de Controle Or\u00e7ament\u00e1rio e Conv\u00eanios<\/strong><\/div><\/summary><div class=\"wp-block-themeisle-blocks-accordion-item__content\">\n<p>Controlar o pagamento das atividades desenvolvidas atrav\u00e9s dos conv\u00eanios firmados, tanto Federais como Estaduais; realizar presta\u00e7\u00e3o de contas da parte financeira dos conv\u00eanios firmados; analisar e emitir pareceres para os \u00f3rg\u00e3os ou setores, internos e externos; emitir presta\u00e7\u00e3o de contas federais e estaduais, realizar devolu\u00e7\u00e3o de saldos remanescentes; realizar abertura de contas correntes para os conv\u00eanios junto a Secretaria da Fazenda, emitir relat\u00f3rios para contabiliza\u00e7\u00e3o.<\/p>\n\n\n\n<div style=\"height:20px\" aria-hidden=\"true\" class=\"wp-block-spacer\"><\/div>\n\n\n\n<p><strong>Chefe da Divis\u00e3o:<\/strong> Maur\u00edcio Andr\u00e9 Rodrigues<\/p>\n\n\n\n<p><strong>Se\u00e7\u00e3o de Presta\u00e7\u00e3o de Contas: <\/strong>Silvio Marcelo Pimenta<\/p>\n<\/div><\/details>\n<\/div>\n\n\n\n<div style=\"height:20px\" aria-hidden=\"true\" class=\"wp-block-spacer\"><\/div>\n\n\n\n<h4 class=\"wp-block-heading\" style=\"font-size:25px\">Diretoria de Material<\/h4>\n\n\n\n<p><strong>Diretora:<\/strong> Soraia Martinez da Silva Carmo<\/p>\n\n\n\n<p>Respons\u00e1vel por promover, organizar, coordenar e controlar as atividades relativas \u00e0s aquisi\u00e7\u00f5es de material, bens e contrata\u00e7\u00f5es de servi\u00e7os, bem como a responsabilidade de armazenar os itens de estoque utilizados na institui\u00e7\u00e3o.<br>Com sete Divis\u00f5es, realiza as seguintes atividades:<\/p>\n\n\n\n<div id=\"wp-block-themeisle-blocks-accordion-a64e430e\" class=\"wp-block-themeisle-blocks-accordion exclusive  is-style-default\">\n<details class=\"wp-block-themeisle-blocks-accordion-item\"><summary class=\"wp-block-themeisle-blocks-accordion-item__title\"><div><strong>DS &#8211; Divis\u00e3o de Suprimentos<\/strong><\/div><\/summary><div class=\"wp-block-themeisle-blocks-accordion-item__content\">\n<p>Promo\u00e7\u00e3o das atividades relacionadas \u00e0s compras direta e preg\u00f5es de<br>aquisi\u00e7\u00e3o, inser\u00e7\u00e3o dos processos no sistema GMS, cadastro de fornecedores na institui\u00e7\u00e3o, registro de empenhos no sistema SIAF e importa\u00e7\u00e3o de produtos para pesquisas.<\/p>\n\n\n\n<div style=\"height:20px\" aria-hidden=\"true\" class=\"wp-block-spacer\"><\/div>\n\n\n\n<p><strong>Chefe da Divis\u00e3o: <\/strong>Ana Paula Rodrigues de Magalh\u00e3es<\/p>\n\n\n\n<p><strong>Se\u00e7\u00e3o de Empenhos:<\/strong> Sirlene Maria Marcolino<\/p>\n\n\n\n<p><strong>Se\u00e7\u00e3o de Importa\u00e7\u00e3o:<\/strong> Maria Andrea da Silva Gon\u00e7alves<\/p>\n<\/div><\/details>\n\n\n\n<details class=\"wp-block-themeisle-blocks-accordion-item\"><summary class=\"wp-block-themeisle-blocks-accordion-item__title\"><div><strong>DA &#8211; Divis\u00e3o de Almoxarifado<\/strong><\/div><\/summary><div class=\"wp-block-themeisle-blocks-accordion-item__content\">\n<p>Recebimento e destina\u00e7\u00e3o de produtos e equipamentos adquiridos pela diretoria, estocagem e distribui\u00e7\u00e3o dos materiais classificados como Estoques, realiza\u00e7\u00e3o de controle de estoque visando o abastecimento dos \u00f3rg\u00e3os; realizar invent\u00e1rios semestral dos materiais sob sua responsabilidade.<\/p>\n\n\n\n<div style=\"height:20px\" aria-hidden=\"true\" class=\"wp-block-spacer\"><\/div>\n\n\n\n<p><strong><strong>Chefe da Divis\u00e3o:<\/strong>:<\/strong> Vanderlei Jubanski<\/p>\n\n\n\n<p>Para informa\u00e7\u00f5es sobre requisi\u00e7\u00e3o de estoque: (43) 3371-4394 e (43) 3371-5848<\/p>\n<\/div><\/details>\n\n\n\n<details class=\"wp-block-themeisle-blocks-accordion-item\"><summary class=\"wp-block-themeisle-blocks-accordion-item__title\"><div><strong>DSA &#8211; Divis\u00e3o de Servi\u00e7o de Apoio<\/strong><\/div><\/summary><div class=\"wp-block-themeisle-blocks-accordion-item__content\">\n<p>Elabora\u00e7\u00e3o dos editais das diversas modalidades de licita\u00e7\u00e3o, atualiza\u00e7\u00e3o dos processos no sistema GMS, participa\u00e7\u00e3o na Comiss\u00e3o de Licita\u00e7\u00e3o, cadastro de produtos, servi\u00e7os e obras, no sistema SICOR, atendimento das diversas atividades realizadas na secretaria da diretoria.<\/p>\n\n\n\n<div style=\"height:20px\" aria-hidden=\"true\" class=\"wp-block-spacer\"><\/div>\n\n\n\n<p><strong><strong>Chefe da Divis\u00e3o:<\/strong><\/strong> Davi Paulino Pereira<\/p>\n\n\n\n<p><strong>Se\u00e7\u00e3o de Expedi\u00e7\u00e3o:<\/strong> Cleonice Caetano Souza Ribeiro<\/p>\n\n\n\n<p><strong>Se\u00e7\u00e3o de Cadastro de Material:<\/strong> Hissako Fujioka<\/p>\n\n\n\n<p><strong>Se\u00e7\u00e3o de Pend\u00eancia e Arquivo de Processos:<\/strong> Alzira Hideko Watanabe<\/p>\n<\/div><\/details>\n\n\n\n<details class=\"wp-block-themeisle-blocks-accordion-item\"><summary class=\"wp-block-themeisle-blocks-accordion-item__title\"><div><strong>DL &#8211; Divis\u00e3o de Licita\u00e7\u00e3o<\/strong><\/div><\/summary><div class=\"wp-block-themeisle-blocks-accordion-item__content\">\n<p>Emiss\u00e3o de termo de refer\u00eancia, inser\u00e7\u00e3o dos processos no sistema do Banco do Brasil plataforma de licita\u00e7\u00f5es e participa\u00e7\u00e3o como membro da Comiss\u00e3o de Licita\u00e7\u00e3o.<\/p>\n\n\n\n<div style=\"height:20px\" aria-hidden=\"true\" class=\"wp-block-spacer\"><\/div>\n\n\n\n<p><strong><strong>Chefe da Divis\u00e3o:<\/strong> <\/strong>Rosana Teixeira Reis<\/p>\n<\/div><\/details>\n\n\n\n<details class=\"wp-block-themeisle-blocks-accordion-item\"><summary class=\"wp-block-themeisle-blocks-accordion-item__title\"><div><strong>DCC &#8211; Divis\u00e3o de Compras e Conv\u00eanios<\/strong><\/div><\/summary><div class=\"wp-block-themeisle-blocks-accordion-item__content\">\n<p>Aquisi\u00e7\u00f5es relacionadas a projetos de pesquisas da institui\u00e7\u00e3o, bem como inser\u00e7\u00e3o e finaliza\u00e7\u00e3o dos processos no sistema GMS.<\/p>\n\n\n\n<div style=\"height:20px\" aria-hidden=\"true\" class=\"wp-block-spacer\"><\/div>\n\n\n\n<p><strong><strong>Chefe da Divis\u00e3o:<\/strong> <\/strong>Anne Carine Pisolato Zanoni Yabe<\/p>\n<\/div><\/details>\n\n\n\n<details class=\"wp-block-themeisle-blocks-accordion-item\"><summary class=\"wp-block-themeisle-blocks-accordion-item__title\"><div><strong>DP &#8211; Divis\u00e3o de Preg\u00e3o<\/strong><\/div><\/summary><div class=\"wp-block-themeisle-blocks-accordion-item__content\">\n<p>Realiza\u00e7\u00e3o de procedimento de licita\u00e7\u00e3o, preg\u00e3o eletr\u00f4nico, desde a publica\u00e7\u00e3o do edital at\u00e9 o momento de sua adjudica\u00e7\u00e3o, nos sistemas SICOR, LICITA\u00c7\u00d5ES-E E GMS.<\/p>\n<\/div><\/details>\n\n\n\n<details class=\"wp-block-themeisle-blocks-accordion-item\"><summary class=\"wp-block-themeisle-blocks-accordion-item__title\"><div><strong>DRPG &#8211; Divis\u00e3o de Registro de Pre\u00e7os<\/strong><\/div><\/summary><div class=\"wp-block-themeisle-blocks-accordion-item__content\">\n<p>Abertura e instru\u00e7\u00e3o dos processos licitat\u00f3rios de fornecimento de materiais, obras e servi\u00e7os, realiza\u00e7\u00e3o do cadastramento do processo junto ao GMS, realiza\u00e7\u00e3o dos processos de ades\u00e3o a Atas de Registro de Pre\u00e7os de outros \u00f3rg\u00e3os, confer\u00eancia e efetiva\u00e7\u00e3o das pesquisas de mercado realizadas pelos diversos setores da institui\u00e7\u00e3o, exceto Hospital Universit\u00e1rio.<\/p>\n\n\n\n<div style=\"height:20px\" aria-hidden=\"true\" class=\"wp-block-spacer\"><\/div>\n\n\n\n<p><strong>Chefe da Divis\u00e3o:<\/strong> Kawana Miura Pereira<\/p>\n<\/div><\/details>\n<\/div>\n","protected":false},"excerpt":{"rendered":"<p>Administra\u00e7\u00e3o Pr\u00f3-Reitor de Administra\u00e7\u00e3o e Finan\u00e7asProf. Azenil Staviski &#8211; proaf@uel.br Secret\u00e1rio ExecutivoValdeir Alberto dos Santos&nbsp; Diretoria Administrativa Diretora: Maria Cl\u00e1udia Rodriguez Correia&nbsp; Respons\u00e1vel por executar a gest\u00e3o patrimonial e dos procedimentos administrativos relacionados \u00e0s despesas compuls\u00f3rias e outras de ordem geral.Com cinco Divis\u00f5es, realiza as seguinte atividades: Diretoria de Finan\u00e7as Diretor: Flavio Maranho Lima A [&hellip;]<\/p>\n","protected":false},"author":2,"featured_media":0,"parent":0,"menu_order":0,"comment_status":"closed","ping_status":"closed","template":"","meta":{"_acf_changed":false,"_themeisle_gutenberg_block_has_review":false,"footnotes":""},"class_list":["post-68","page","type-page","status-publish","hentry"],"acf":[],"_links":{"self":[{"href":"https:\/\/sites.uel.br\/proaf\/wp-json\/wp\/v2\/pages\/68","targetHints":{"allow":["GET"]}}],"collection":[{"href":"https:\/\/sites.uel.br\/proaf\/wp-json\/wp\/v2\/pages"}],"about":[{"href":"https:\/\/sites.uel.br\/proaf\/wp-json\/wp\/v2\/types\/page"}],"author":[{"embeddable":true,"href":"https:\/\/sites.uel.br\/proaf\/wp-json\/wp\/v2\/users\/2"}],"replies":[{"embeddable":true,"href":"https:\/\/sites.uel.br\/proaf\/wp-json\/wp\/v2\/comments?post=68"}],"version-history":[{"count":38,"href":"https:\/\/sites.uel.br\/proaf\/wp-json\/wp\/v2\/pages\/68\/revisions"}],"predecessor-version":[{"id":870,"href":"https:\/\/sites.uel.br\/proaf\/wp-json\/wp\/v2\/pages\/68\/revisions\/870"}],"wp:attachment":[{"href":"https:\/\/sites.uel.br\/proaf\/wp-json\/wp\/v2\/media?parent=68"}],"curies":[{"name":"wp","href":"https:\/\/api.w.org\/{rel}","templated":true}]}}