{"id":5,"date":"2022-12-15T15:56:58","date_gmt":"2022-12-15T18:56:58","guid":{"rendered":"https:\/\/sites.uel.br\/proaf\/?page_id=5"},"modified":"2026-04-10T11:53:09","modified_gmt":"2026-04-10T14:53:09","slug":"pagina-inicial","status":"publish","type":"page","link":"https:\/\/sites.uel.br\/proaf\/","title":{"rendered":"P\u00e1gina Inicial"},"content":{"rendered":"\n<div class=\"wp-block-uel-card\">\n<h3 class=\"wp-block-heading is-style-highlighted-heading\">ACESSO R\u00c1PIDO<\/h3>\n\n\n\n<hr class=\"wp-block-separator has-text-color has-alpha-channel-opacity has-background is-style-wide\" style=\"background-color:#4d4d4d66;color:#4d4d4d66\"\/>\n\n\n<div id=\"metaslider-id-116\" style=\"width: 100%; margin: 0 auto;\" class=\"ml-slider-3-107-0 metaslider metaslider-flex metaslider-116 ml-slider has-dots-nav has-carousel-mode ms-theme-default\" role=\"region\" aria-label=\"Acesso R\u00e1pido\" data-height=\"155\" data-width=\"155\">\n    <div id=\"metaslider_container_116\">\n        <div id=\"metaslider_116\">\n            <ul class='slides'>\n                <li style=\"display: none; width: 100%;\" class=\"slide-120 ms-image \" aria-roledescription=\"slide\" data-date=\"2023-04-19 11:18:35\" data-filename=\"Prancheta-13-Copia-2.png\" data-slide-type=\"image\"><a href=\"https:\/\/sites.uel.br\/prorh\/calendario-administrativo\/\" target=\"_blank\" aria-label=\"View Slide Details\" class=\"metaslider_image_link\"><img loading=\"lazy\" decoding=\"async\" width=\"2022\" height=\"2023\" src=\"https:\/\/sites.uel.br\/proaf\/wp-content\/uploads\/2023\/04\/Prancheta-13-Copia-2.png\" class=\"slider-116 slide-120 msDefaultImage\" alt=\"\" rel=\"\" title=\"Calend\u00e1rio Administrativo\" srcset=\"https:\/\/sites.uel.br\/proaf\/wp-content\/uploads\/2023\/04\/Prancheta-13-Copia-2.png 2022w, https:\/\/sites.uel.br\/proaf\/wp-content\/uploads\/2023\/04\/Prancheta-13-Copia-2-300x300.png 300w, https:\/\/sites.uel.br\/proaf\/wp-content\/uploads\/2023\/04\/Prancheta-13-Copia-2-1024x1024.png 1024w, https:\/\/sites.uel.br\/proaf\/wp-content\/uploads\/2023\/04\/Prancheta-13-Copia-2-150x150.png 150w, https:\/\/sites.uel.br\/proaf\/wp-content\/uploads\/2023\/04\/Prancheta-13-Copia-2-768x768.png 768w, https:\/\/sites.uel.br\/proaf\/wp-content\/uploads\/2023\/04\/Prancheta-13-Copia-2-1536x1536.png 1536w, https:\/\/sites.uel.br\/proaf\/wp-content\/uploads\/2023\/04\/Prancheta-13-Copia-2-155x155.png 155w\" sizes=\"auto, (max-width: 2022px) 100vw, 2022px\" \/><\/a><\/li>\n                <li style=\"display: none; width: 100%;\" class=\"slide-121 ms-image \" aria-roledescription=\"slide\" data-date=\"2023-04-19 11:18:36\" data-filename=\"Prancheta-15-Copia-Copia-2.png\" data-slide-type=\"image\"><a href=\"https:\/\/sites.uel.br\/proaf\/formularios-para-download\/\" target=\"_blank\" aria-label=\"View Slide Details\" class=\"metaslider_image_link\"><img loading=\"lazy\" decoding=\"async\" width=\"2023\" height=\"2023\" src=\"https:\/\/sites.uel.br\/proaf\/wp-content\/uploads\/2023\/04\/Prancheta-15-Copia-Copia-2.png\" class=\"slider-116 slide-121 msDefaultImage\" alt=\"\" rel=\"\" title=\"Formul\u00e1rios\" srcset=\"https:\/\/sites.uel.br\/proaf\/wp-content\/uploads\/2023\/04\/Prancheta-15-Copia-Copia-2.png 2023w, https:\/\/sites.uel.br\/proaf\/wp-content\/uploads\/2023\/04\/Prancheta-15-Copia-Copia-2-300x300.png 300w, https:\/\/sites.uel.br\/proaf\/wp-content\/uploads\/2023\/04\/Prancheta-15-Copia-Copia-2-1024x1024.png 1024w, https:\/\/sites.uel.br\/proaf\/wp-content\/uploads\/2023\/04\/Prancheta-15-Copia-Copia-2-150x150.png 150w, https:\/\/sites.uel.br\/proaf\/wp-content\/uploads\/2023\/04\/Prancheta-15-Copia-Copia-2-768x768.png 768w, https:\/\/sites.uel.br\/proaf\/wp-content\/uploads\/2023\/04\/Prancheta-15-Copia-Copia-2-1536x1536.png 1536w, https:\/\/sites.uel.br\/proaf\/wp-content\/uploads\/2023\/04\/Prancheta-15-Copia-Copia-2-155x155.png 155w\" sizes=\"auto, (max-width: 2023px) 100vw, 2023px\" \/><\/a><\/li>\n                <li style=\"display: none; width: 100%;\" class=\"slide-122 ms-image \" aria-roledescription=\"slide\" data-date=\"2023-04-19 11:18:36\" data-filename=\"Prancheta-21-Copia-Copia-2.png\" data-slide-type=\"image\"><a href=\"https:\/\/sistemas.uel.br\/index2\" target=\"_self\" aria-label=\"View Slide Details\" class=\"metaslider_image_link\"><img loading=\"lazy\" decoding=\"async\" width=\"2023\" height=\"2023\" src=\"https:\/\/sites.uel.br\/proaf\/wp-content\/uploads\/2023\/04\/Prancheta-21-Copia-Copia-2.png\" class=\"slider-116 slide-122 msDefaultImage\" alt=\"\" rel=\"\" title=\"Sistemas\" srcset=\"https:\/\/sites.uel.br\/proaf\/wp-content\/uploads\/2023\/04\/Prancheta-21-Copia-Copia-2.png 2023w, https:\/\/sites.uel.br\/proaf\/wp-content\/uploads\/2023\/04\/Prancheta-21-Copia-Copia-2-300x300.png 300w, https:\/\/sites.uel.br\/proaf\/wp-content\/uploads\/2023\/04\/Prancheta-21-Copia-Copia-2-1024x1024.png 1024w, https:\/\/sites.uel.br\/proaf\/wp-content\/uploads\/2023\/04\/Prancheta-21-Copia-Copia-2-150x150.png 150w, https:\/\/sites.uel.br\/proaf\/wp-content\/uploads\/2023\/04\/Prancheta-21-Copia-Copia-2-768x768.png 768w, https:\/\/sites.uel.br\/proaf\/wp-content\/uploads\/2023\/04\/Prancheta-21-Copia-Copia-2-1536x1536.png 1536w, https:\/\/sites.uel.br\/proaf\/wp-content\/uploads\/2023\/04\/Prancheta-21-Copia-Copia-2-155x155.png 155w\" sizes=\"auto, (max-width: 2023px) 100vw, 2023px\" \/><\/a><\/li>\n                <li style=\"display: none; width: 100%;\" class=\"slide-381 ms-image \" aria-roledescription=\"slide\" data-date=\"2023-07-12 16:52:07\" data-filename=\"botao-licitacao-2.png\" data-slide-type=\"image\"><a href=\"https:\/\/sistemas.uel.br\/sicor\/public\/licitacao\/consultaLicitacoes\" target=\"_blank\" aria-label=\"View Slide Details\" class=\"metaslider_image_link\"><img loading=\"lazy\" decoding=\"async\" width=\"2023\" height=\"2023\" src=\"https:\/\/sites.uel.br\/proaf\/wp-content\/uploads\/2023\/07\/botao-licitacao-2.png\" class=\"slider-116 slide-381 msDefaultImage\" alt=\"\" rel=\"\" title=\"botao-licitacao-2\" srcset=\"https:\/\/sites.uel.br\/proaf\/wp-content\/uploads\/2023\/07\/botao-licitacao-2.png 2023w, https:\/\/sites.uel.br\/proaf\/wp-content\/uploads\/2023\/07\/botao-licitacao-2-300x300.png 300w, https:\/\/sites.uel.br\/proaf\/wp-content\/uploads\/2023\/07\/botao-licitacao-2-1024x1024.png 1024w, https:\/\/sites.uel.br\/proaf\/wp-content\/uploads\/2023\/07\/botao-licitacao-2-150x150.png 150w, https:\/\/sites.uel.br\/proaf\/wp-content\/uploads\/2023\/07\/botao-licitacao-2-768x768.png 768w, https:\/\/sites.uel.br\/proaf\/wp-content\/uploads\/2023\/07\/botao-licitacao-2-1536x1536.png 1536w\" sizes=\"auto, (max-width: 2023px) 100vw, 2023px\" \/><\/a><\/li>\n                <li style=\"display: none; width: 100%;\" class=\"slide-384 ms-image \" aria-roledescription=\"slide\" data-date=\"2023-07-12 17:16:07\" data-filename=\"botao-transparencia.png\" data-slide-type=\"image\"><a href=\"https:\/\/sistemas.uel.br\/portaltransparencia\/index\" target=\"_blank\" aria-label=\"View Slide Details\" class=\"metaslider_image_link\"><img loading=\"lazy\" decoding=\"async\" width=\"2023\" height=\"2023\" src=\"https:\/\/sites.uel.br\/proaf\/wp-content\/uploads\/2023\/07\/botao-transparencia.png\" class=\"slider-116 slide-384 msDefaultImage\" alt=\"\" rel=\"\" title=\"botao-transparencia\" srcset=\"https:\/\/sites.uel.br\/proaf\/wp-content\/uploads\/2023\/07\/botao-transparencia.png 2023w, https:\/\/sites.uel.br\/proaf\/wp-content\/uploads\/2023\/07\/botao-transparencia-300x300.png 300w, https:\/\/sites.uel.br\/proaf\/wp-content\/uploads\/2023\/07\/botao-transparencia-1024x1024.png 1024w, https:\/\/sites.uel.br\/proaf\/wp-content\/uploads\/2023\/07\/botao-transparencia-150x150.png 150w, https:\/\/sites.uel.br\/proaf\/wp-content\/uploads\/2023\/07\/botao-transparencia-768x768.png 768w, https:\/\/sites.uel.br\/proaf\/wp-content\/uploads\/2023\/07\/botao-transparencia-1536x1536.png 1536w\" sizes=\"auto, (max-width: 2023px) 100vw, 2023px\" \/><\/a><\/li>\n                <li style=\"display: none; width: 100%;\" class=\"slide-385 ms-image \" aria-roledescription=\"slide\" data-date=\"2023-07-12 17:16:07\" data-filename=\"botao-MANUAIS.png\" data-slide-type=\"image\"><a href=\"https:\/\/sites.uel.br\/proaf\/manuais-e-orientacoes\/\" target=\"_blank\" aria-label=\"View Slide Details\" class=\"metaslider_image_link\"><img loading=\"lazy\" decoding=\"async\" width=\"2023\" height=\"2023\" src=\"https:\/\/sites.uel.br\/proaf\/wp-content\/uploads\/2023\/07\/botao-MANUAIS.png\" class=\"slider-116 slide-385 msDefaultImage\" alt=\"\" rel=\"\" title=\"botao-MANUAIS\" srcset=\"https:\/\/sites.uel.br\/proaf\/wp-content\/uploads\/2023\/07\/botao-MANUAIS.png 2023w, https:\/\/sites.uel.br\/proaf\/wp-content\/uploads\/2023\/07\/botao-MANUAIS-300x300.png 300w, https:\/\/sites.uel.br\/proaf\/wp-content\/uploads\/2023\/07\/botao-MANUAIS-1024x1024.png 1024w, https:\/\/sites.uel.br\/proaf\/wp-content\/uploads\/2023\/07\/botao-MANUAIS-150x150.png 150w, https:\/\/sites.uel.br\/proaf\/wp-content\/uploads\/2023\/07\/botao-MANUAIS-768x768.png 768w, https:\/\/sites.uel.br\/proaf\/wp-content\/uploads\/2023\/07\/botao-MANUAIS-1536x1536.png 1536w\" sizes=\"auto, (max-width: 2023px) 100vw, 2023px\" \/><\/a><\/li>\n            <\/ul>\n        <\/div>\n        \n    <\/div>\n<\/div>\n<\/div>\n\n\n\n<div class=\"wp-block-columns is-layout-flex wp-container-core-columns-is-layout-9d6595d7 wp-block-columns-is-layout-flex\">\n<div class=\"wp-block-column is-layout-flow wp-block-column-is-layout-flow\" style=\"flex-basis:75%\">\n<div class=\"wp-block-uel-card\">\n<h3 class=\"wp-block-heading is-style-highlighted-heading\">PUBLICA\u00c7\u00d5ES<\/h3>\n\n\n\n<hr class=\"wp-block-separator has-text-color has-alpha-channel-opacity has-background is-style-wide\" style=\"background-color:#4d4d4d66;color:#4d4d4d66\"\/>\n\n\n\n<div style=\"height:13px\" aria-hidden=\"true\" class=\"wp-block-spacer\"><\/div>\n\n\n<div class=\"noticias-recentes\"><a class=\"noticia-padrao d-flex flex-column flex-md-row align-items-start\" href=\"https:\/\/sites.uel.br\/proaf\/sem-categoria\/2026\/03\/20\/calendario-de-requisicao-de-compras-ano-2026\/\"><article class=\"ml-0 ml-md-2 corpo-noticia-padrao\"><p class=\"antetitulo mb-0\"><\/p><p class=\"titulo mb-2\">CALEND\u00c1RIO DE REQUISI\u00c7\u00c3O DE COMPRAS \u2013 ANO 2026<\/p><p class=\"descricao\">ORIENTA\u00c7\u00d5ES \u2013 CALEND\u00c1RIO DE COMPRAS \u2013 ANO 2026 Com o objetivo de aprimorar a organiza\u00e7\u00e3o e padronizar os prazos para a abertura de processos licitat\u00f3rios no ano de 2026, disponibilizamos as DATAS-LIMITE para emiss\u00e3o e autoriza\u00e7\u00e3o das requisi\u00e7\u00f5es. Adotamos o calend\u00e1rio para: I) Aperfei\u00e7oar o fluxo dos processos licitat\u00f3rios; II) Otimizar as compras integradas entre [&hellip;]<\/p><\/article><\/a><hr class=\"mt-2 mb-2 d-none d-md-block\"><a class=\"noticia-padrao d-flex flex-column flex-md-row align-items-start\" href=\"https:\/\/sites.uel.br\/proaf\/sem-categoria\/2025\/03\/24\/material-curso-de-contratacoes-publicas-no-ambito-da-universidade-estadual-de-londrina-passo-a-passo-para-requisitantes\/\"><article class=\"ml-0 ml-md-2 corpo-noticia-padrao\"><p class=\"antetitulo mb-0\"><\/p><p class=\"titulo mb-2\">Material &#8211; Curso de Contrata\u00e7\u00f5es P\u00fablicas no \u00e2mbito da Universidade Estadual de Londrina: Passo a Passo para Requisitantes<\/p><p class=\"descricao\"><\/p><\/article><\/a><hr class=\"mt-2 mb-2 d-none d-md-block\"><a class=\"noticia-padrao d-flex flex-column flex-md-row align-items-start\" href=\"https:\/\/sites.uel.br\/proaf\/sem-categoria\/2025\/01\/29\/calendario-de-requisicao-de-compras-ano-2025\/\"><article class=\"ml-0 ml-md-2 corpo-noticia-padrao\"><p class=\"antetitulo mb-0\"><\/p><p class=\"titulo mb-2\">CALEND\u00c1RIO DE REQUISI\u00c7\u00c3O DE COMPRAS &#8211; ANO 2025<\/p><p class=\"descricao\">ORIENTA\u00c7\u00d5ES \u2013 CALEND\u00c1RIO DE COMPRAS \u2013 ANO 2025 Com o objetivo de aprimorar a organiza\u00e7\u00e3o e padronizar os prazos para a abertura de processos licitat\u00f3rios no ano de 2025, disponibilizamos as DATAS-LIMITE para emiss\u00e3o e autoriza\u00e7\u00e3o das requisi\u00e7\u00f5es. Adotamos o calend\u00e1rio para: I) Aperfei\u00e7oar o fluxo dos processos licitat\u00f3rios; II) Otimizar as compras integradas entre [&hellip;]<\/p><\/article><\/a><hr class=\"mt-2 mb-2 d-none d-md-block\"><a class=\"noticia-padrao d-flex flex-column flex-md-row align-items-start\" href=\"https:\/\/sites.uel.br\/proaf\/sem-categoria\/2024\/09\/03\/of-circ-proaf-001-2024-servicos-de-hospedagem\/\"><article class=\"ml-0 ml-md-2 corpo-noticia-padrao\"><p class=\"antetitulo mb-0\"><\/p><p class=\"titulo mb-2\">OF.CIRC.PROAF 001-2024 &#8211; Servi\u00e7os de Hospedagem<\/p><p class=\"descricao\">OF.CIRC.PROAF 001-2024 &#8211; Servi\u00e7os de Hospedagem<\/p><\/article><\/a><div class=\"clearfix\" style=\"width: 100%;\"><\/div><a href=\"https:\/\/sites.uel.br\/proaf\/posts\" class=\"mt-4 noticias-recentes_todas\">Ver mais<\/a><\/div><\/div>\n<\/div>\n\n\n\n<div class=\"wp-block-column is-layout-flow wp-block-column-is-layout-flow\" style=\"flex-basis:25%\">\n<div class=\"gcse-search\"><\/div>\n\n\n\n<div id=\"wp-block-themeisle-blocks-accordion-307e96fa\" class=\"wp-block-themeisle-blocks-accordion exclusive\"><\/div>\n\n\n\n<div id=\"wp-block-themeisle-blocks-accordion-44e19cc6\" class=\"wp-block-themeisle-blocks-accordion exclusive\"><\/div>\n\n\n\n<div class=\"wp-block-buttons is-content-justification-left is-layout-flex wp-container-core-buttons-is-layout-fdcfc74e wp-block-buttons-is-layout-flex\">\n<div class=\"wp-block-button has-custom-width wp-block-button__width-100 is-style-outline is-style-outline--1\"><a class=\"wp-block-button__link has-white-color has-text-color has-background has-medium-font-size has-custom-font-size wp-element-button\" href=\"https:\/\/sites.uel.br\/proaf\/imposto-de-renda\/\" style=\"border-radius:0px;background-color:#00753b\">Passagens \u00e1reas<\/a><\/div>\n\n\n\n<div class=\"wp-block-button has-custom-width wp-block-button__width-100 is-style-outline is-style-outline--2\"><a class=\"wp-block-button__link has-white-color has-text-color has-background has-medium-font-size has-custom-font-size wp-element-button\" href=\"https:\/\/auth-cs.identidadedigital.pr.gov.br\/centralautenticacao\/login.html?response_type=code&amp;client_id=9188905e74c28e489b44e954ec0b9bca&amp;redirect_uri=https%3A%2F%2Fwww.eprotocolo.pr.gov.br%2Fspiweb&amp;scope=null&amp;state=1695144888111&amp;urlCert=https:\/\/certauth-cs.identidadedigital.pr.gov.br&amp;dnsCidadao=https:\/\/cidadao-cs.identidadedigital.pr.gov.br\/centralcidadao&amp;loginPadrao=btnCentral&amp;labelCentral=CPF,Login%20Sentinela&amp;modulosDeAutenticacao=btnGovbr,btnSentinela,btnExpresso,btnCertificado,btnSms,btnCpf,btnEmailToken,btnSanepar,btnCentral&amp;urlLogo=https%3A%2F%2Fwww.eprotocolo.pr.gov.br%2Fspiweb%2Fimages%2Flogo_eprotocolo.png&amp;acesso=2098&amp;tokenFormat=jwt&amp;exibirLinkAutoCadastro=true&amp;exibirLinkRecuperarSenha=true&amp;exibirLinkAutoCadastroCertificado=false&amp;captcha=false\" style=\"border-radius:0px;background-color:#00753b\">e-Protocolo<\/a><\/div>\n\n\n\n<div class=\"wp-block-button has-custom-width wp-block-button__width-100 is-style-outline is-style-outline--3\"><a class=\"wp-block-button__link has-white-color has-text-color has-background has-medium-font-size has-custom-font-size wp-element-button\" href=\"https:\/\/www.gms.pr.gov.br\/gms\/consultarSancao.do?action=iniciarProcesso\" style=\"border-radius:0px;background-color:#00753b\">GMS<\/a><\/div>\n\n\n\n<div class=\"wp-block-button has-custom-width wp-block-button__width-100 is-style-outline is-style-outline--4\"><a class=\"wp-block-button__link has-white-color has-text-color has-background has-medium-font-size has-custom-font-size wp-element-button\" href=\"https:\/\/sistemas.uel.br\/portaltransparencia\/informacoesContabeis\" style=\"border-radius:0px;background-color:#00753b\" target=\"_blank\" rel=\"noreferrer noopener\">Informa\u00e7\u00f5es Cont\u00e1beis<\/a><\/div>\n\n\n\n<div class=\"wp-block-button has-custom-width wp-block-button__width-100 is-style-outline is-style-outline--5\"><a class=\"wp-block-button__link has-white-color has-text-color has-background has-medium-font-size has-custom-font-size wp-element-button\" href=\"https:\/\/sistemas.uel.br\/portaltransparencia\/licitacoesEContratos\" style=\"border-radius:0px;background-color:#00753b\" target=\"_blank\" rel=\"noreferrer noopener\">Licita\u00e7\u00f5es e Contratos<\/a><\/div>\n\n\n\n<div class=\"wp-block-button has-custom-width wp-block-button__width-100 is-style-outline is-style-outline--6\"><a class=\"wp-block-button__link has-white-color has-text-color has-background has-medium-font-size has-custom-font-size wp-element-button\" href=\"https:\/\/sites.uel.br\/proaf\/links-uteis\/\" style=\"border-radius:0px;background-color:#00753b\">Links \u00dateis<\/a><\/div>\n\n\n\n<div class=\"wp-block-button has-custom-width wp-block-button__width-100 is-style-outline is-style-outline--7\"><a class=\"wp-block-button__link has-white-color has-text-color has-background has-medium-font-size has-custom-font-size wp-element-button\" href=\"https:\/\/sites.uel.br\/proaf\/wp-content\/uploads\/2024\/03\/Manual-ETP-2a-edicao.pdf\" style=\"border-radius:0px;background-color:#00753b\">Manual ETP Digital &#8211; 2024<\/a><\/div>\n\n\n\n<div class=\"wp-block-button has-custom-width wp-block-button__width-100 is-style-outline is-style-outline--8\"><a class=\"wp-block-button__link has-white-color has-text-color has-background has-medium-font-size has-custom-font-size wp-element-button\" href=\"https:\/\/sistemas.uel.br\/portaltransparencia\/receitasEDespesas\" style=\"border-radius:0px;background-color:#00753b\">Receitas e Despesas<\/a><\/div>\n<\/div>\n\n\n\n<div style=\"height:20px\" aria-hidden=\"true\" class=\"wp-block-spacer\"><\/div>\n\n\n\n<figure class=\"wp-block-image size-large\"><a href=\"https:\/\/operobal.uel.br\/tag\/uel-contra-o-racismo\/\"><img loading=\"lazy\" decoding=\"async\" width=\"1024\" height=\"576\" src=\"https:\/\/sites.uel.br\/proaf\/wp-content\/uploads\/2023\/10\/campanha-1024x576.png\" alt=\"\" class=\"wp-image-579\" srcset=\"https:\/\/sites.uel.br\/proaf\/wp-content\/uploads\/2023\/10\/campanha-1024x576.png 1024w, https:\/\/sites.uel.br\/proaf\/wp-content\/uploads\/2023\/10\/campanha-300x169.png 300w, https:\/\/sites.uel.br\/proaf\/wp-content\/uploads\/2023\/10\/campanha-768x432.png 768w, https:\/\/sites.uel.br\/proaf\/wp-content\/uploads\/2023\/10\/campanha-1536x864.png 1536w, https:\/\/sites.uel.br\/proaf\/wp-content\/uploads\/2023\/10\/campanha-2048x1152.png 2048w\" sizes=\"auto, (max-width: 1024px) 100vw, 1024px\" \/><\/a><\/figure>\n<\/div>\n<\/div>\n","protected":false},"excerpt":{"rendered":"","protected":false},"author":2,"featured_media":0,"parent":0,"menu_order":0,"comment_status":"closed","ping_status":"closed","template":"","meta":{"_acf_changed":false,"_themeisle_gutenberg_block_has_review":false,"footnotes":""},"class_list":["post-5","page","type-page","status-publish","hentry"],"acf":[],"_links":{"self":[{"href":"https:\/\/sites.uel.br\/proaf\/wp-json\/wp\/v2\/pages\/5","targetHints":{"allow":["GET"]}}],"collection":[{"href":"https:\/\/sites.uel.br\/proaf\/wp-json\/wp\/v2\/pages"}],"about":[{"href":"https:\/\/sites.uel.br\/proaf\/wp-json\/wp\/v2\/types\/page"}],"author":[{"embeddable":true,"href":"https:\/\/sites.uel.br\/proaf\/wp-json\/wp\/v2\/users\/2"}],"replies":[{"embeddable":true,"href":"https:\/\/sites.uel.br\/proaf\/wp-json\/wp\/v2\/comments?post=5"}],"version-history":[{"count":35,"href":"https:\/\/sites.uel.br\/proaf\/wp-json\/wp\/v2\/pages\/5\/revisions"}],"predecessor-version":[{"id":975,"href":"https:\/\/sites.uel.br\/proaf\/wp-json\/wp\/v2\/pages\/5\/revisions\/975"}],"wp:attachment":[{"href":"https:\/\/sites.uel.br\/proaf\/wp-json\/wp\/v2\/media?parent=5"}],"curies":[{"name":"wp","href":"https:\/\/api.w.org\/{rel}","templated":true}]}}