{"id":48,"date":"2022-12-16T15:26:20","date_gmt":"2022-12-16T18:26:20","guid":{"rendered":"https:\/\/sites.uel.br\/proaf\/?page_id=48"},"modified":"2023-10-02T11:52:56","modified_gmt":"2023-10-02T14:52:56","slug":"legislacao","status":"publish","type":"page","link":"https:\/\/sites.uel.br\/proaf\/legislacao\/","title":{"rendered":"Legisla\u00e7\u00e3o"},"content":{"rendered":"\n<div style=\"height:20px\" aria-hidden=\"true\" class=\"wp-block-spacer\"><\/div>\n\n\n\n<div id=\"wp-block-themeisle-blocks-accordion-b649766e\" class=\"wp-block-themeisle-blocks-accordion exclusive  is-style-default\">\n<details class=\"wp-block-themeisle-blocks-accordion-item\"><summary class=\"wp-block-themeisle-blocks-accordion-item__title\"><div><strong>Leis Federais<\/strong><\/div><\/summary><div class=\"wp-block-themeisle-blocks-accordion-item__content\">\n<p><a href=\"http:\/\/www.planalto.gov.br\/ccivil_03\/_ato2019-2022\/2021\/lei\/L14133.htm\"><strong>Lei Federal n\u00ba14133\/2021, de 1\u00ba de abril de 2021<\/strong><\/a> &#8211; Lei de Licita\u00e7\u00f5es e Contratos Administrativos (NLLC- Nova Lei de Licita\u00e7\u00f5es e Contratos Administrativos).<br><strong>\u00bb<\/strong> Estabelece normas gerais de licita\u00e7\u00e3o e contrata\u00e7\u00e3o para as Administra\u00e7\u00f5es P\u00fablicas diretas, aut\u00e1rquicas e fundacionais da Uni\u00e3o, dos Estados, do Distrito Federal e dos Munic\u00edpios,<\/p>\n\n\n\n<p><a href=\"http:\/\/www.planalto.gov.br\/ccivil_03\/_ato2011-2014\/2013\/lei\/l12846.htm\"><strong>Lei Federal n\u00ba12846\/2013, de 1\u00ba de agosto de 2013 \u2013 Lei Anticorrup\u00e7\u00e3o<\/strong><\/a><br><strong>\u00bb<\/strong> Disp\u00f5e sobre a responsabiliza\u00e7\u00e3o administrativa e civil de pessoas jur\u00eddicas pela pr\u00e1tica de atos contra a administra\u00e7\u00e3o p\u00fablica, nacional ou estrangeira, e d\u00e1 outras provid\u00eancias.<\/p>\n\n\n\n<p class=\"has-medium-font-size\"><a rel=\"noreferrer noopener\" href=\"http:\/\/www.legislacao.pr.gov.br\/legislacao\/pesquisarAto.do?action=exibir&amp;codAto=149223&amp;indice=1&amp;totalRegistros=1\" target=\"_blank\"><strong>Lei Federal n\u00ba 10.520, de 17 de julho de 2002\u00a0<\/strong><\/a><br><strong>\u00bb\u00a0<\/strong>Institui, no \u00e2mbito da Uni\u00e3o, Estados, Distrito Federal e Munic\u00edpios, <strong>modalidade de licita\u00e7\u00e3o denominada preg\u00e3o<\/strong>, para aquisi\u00e7\u00e3o de bens e servi\u00e7os comuns.<\/p>\n\n\n\n<p class=\"has-medium-font-size\"><a rel=\"noreferrer noopener\" href=\"http:\/\/www.planalto.gov.br\/ccivil_03\/Leis\/L8666cons.htm\" target=\"_blank\"><strong>Lei Federal n\u00ba 8.666, de 21 de junho de 1993<\/strong><\/a><br><strong>\u00bb\u00a0<\/strong>Esta lei estabelece <strong>normas\u00a0gerais\u00a0sobre licita\u00e7\u00f5es\u00a0e\u00a0contratos administrativos<\/strong> pertinentes\u00a0a\u00a0obras, servi\u00e7os,\u00a0inclusive\u00a0de\u00a0publicidade,\u00a0compras,\u00a0aliena\u00e7\u00f5es\u00a0 e loca\u00e7\u00f5es\u00a0no\u00a0\u00e2mbito\u00a0dos\u00a0Poderes da Uni\u00e3o,\u00a0dos\u00a0 Estados,\u00a0do Distrito Federal e dos Munic\u00edpios.<\/p>\n\n\n\n<p class=\"has-medium-font-size\"><a rel=\"noreferrer noopener\" href=\"http:\/\/www.planalto.gov.br\/CCivil_03\/leis\/L4320.htm\" target=\"_blank\"><strong>Lei Federal \u00ba 4.320, de 17 de mar\u00e7o de 1964<\/strong><\/a><br><strong>\u00bb\u00a0<\/strong>Normas gerais de <strong>direito financeiro<\/strong> para elabora\u00e7\u00e3o e controle dos or\u00e7amentos e balan\u00e7os das institui\u00e7\u00f5es p\u00fablicas.<\/p>\n\n\n\n<p><a rel=\"noreferrer noopener\" href=\"http:\/\/www.planalto.gov.br\/ccivil_03\/leis\/LCP\/Lcp147.htm\" target=\"_blank\"><strong>Lei Complementar Federal n. 147\/2014, de 7 de agosto de 2014<\/strong><\/a><br><strong>\u00bb<\/strong> Altera a Lei complementar n. 123\/2006 e 8666\/1993 e d\u00e1 outras provid\u00eancias.<\/p>\n\n\n\n<p class=\"has-medium-font-size\"><strong><a rel=\"noreferrer noopener\" href=\"http:\/\/www.planalto.gov.br\/ccivil_03\/leis\/LCP\/Lcp123.htm\" target=\"_blank\">Lei Complementar Federal n\u00ba 123, de 14 de dezembro de 2006<\/a><\/strong>,&nbsp;<strong>alterada pela<\/strong>&nbsp;<strong><a rel=\"noreferrer noopener\" href=\"http:\/\/www.planalto.gov.br\/ccivil_03\/leis\/LCP\/Lcp147.htm\" target=\"_blank\">Lei Complementar Federal n\u00ba 147, de 07 de agosto de 2014<\/a><\/strong><br><strong>\u00bb&nbsp;<\/strong>Institui o Estatuto Nacional da Microempresa e da Empresa de Pequeno Porte.<\/p>\n\n\n\n<p><a rel=\"noreferrer noopener\" href=\"http:\/\/www.planalto.gov.br\/ccivil_03\/leis\/lcp\/lcp101.htm\" target=\"_blank\"><strong>Lei Complementar Federal n\u00ba 101, de 4 de maio de 2000<\/strong><\/a><br><strong>\u00bb\u00a0<\/strong>Estabelece normas de finan\u00e7as p\u00fablicas voltadas para a responsabilidade na <strong>gest\u00e3o fiscal <\/strong>e d\u00e1 outras provid\u00eancias.<\/p>\n<\/div><\/details>\n\n\n\n<details class=\"wp-block-themeisle-blocks-accordion-item\"><summary class=\"wp-block-themeisle-blocks-accordion-item__title\"><div><strong>Leis Estaduais<\/strong><\/div><\/summary><div class=\"wp-block-themeisle-blocks-accordion-item__content\">\n<p class=\"has-medium-font-size\"><a rel=\"noreferrer noopener\" href=\"http:\/\/www.legislacao.pr.gov.br\/legislacao\/listarAtosAno.do?action=exibir&amp;codAto=62479&amp;codItemAto=476511\" target=\"_blank\"><strong>Lei Estadual n\u00ba 16.949, de 24 de novembro de 2011<\/strong><\/a><br><strong>\u00bb\u00a0<\/strong>Disp\u00f5e sobre o <strong>regime de adiantamento<\/strong> previsto nas normas gerais de direito financeiro, para a cobertura de despesas que n\u00e3o possam ou convenham subordinar-se ao processo ordin\u00e1rio ou comum de aplica\u00e7\u00e3o.<\/p>\n\n\n\n<p class=\"has-medium-font-size\"><a rel=\"noreferrer noopener\" href=\"http:\/\/www.legislacao.pr.gov.br\/legislacao\/pesquisarAto.do?action=exibir&amp;codAto=12562&amp;indice=1&amp;totalRegistros=1\" target=\"_blank\"><strong>Lei Estadual n\u00ba 15.884, de 22 de julho de 2008<\/strong><\/a><br><strong>\u00bb&nbsp;<\/strong>D\u00e1 nova reda\u00e7\u00e3o aos artigos 152, 154 e 156, da Lei Estadual n\u00ba 15.608, de 16\/08\/2007.<\/p>\n\n\n\n<p class=\"has-medium-font-size\"><a rel=\"noreferrer noopener\" href=\"http:\/\/www.legislacao.pr.gov.br\/legislacao\/pesquisarAto.do?action=exibir&amp;codAto=5844&amp;indice=1&amp;totalRegistros=1\" target=\"_blank\"><strong>Lei Estadual n\u00ba 15.608, de 16 de agosto de 2007<\/strong><\/a><br><strong>\u00bb\u00a0<\/strong>Estabelece <strong>normas sobre licita\u00e7\u00f5es, contratos administrativos e conv\u00eanios<\/strong> no \u00e2mbito dos Poderes do Estado do Paran\u00e1.<\/p>\n<\/div><\/details>\n\n\n\n<details class=\"wp-block-themeisle-blocks-accordion-item\"><summary class=\"wp-block-themeisle-blocks-accordion-item__title\"><div><strong>Decretos Federais<\/strong><\/div><\/summary><div class=\"wp-block-themeisle-blocks-accordion-item__content\">\n<p class=\"has-medium-font-size\"><a rel=\"noreferrer noopener\" href=\"http:\/\/www.planalto.gov.br\/ccivil_03\/_ato2023-2026\/2023\/decreto\/D11531.htm\" target=\"_blank\"><strong>Decreto Federal n\u00ba 11.531, de 16 de maio de 2023<\/strong><\/a><br><strong>\u00bb<\/strong> Disp\u00f5e sobre <strong>conv\u00eanios e contratos<\/strong> de repasse relativos \u00e0s transfer\u00eancias de recursos da Uni\u00e3o, e sobre parcerias sem transfer\u00eancias de recursos, por meio da celebra\u00e7\u00e3o de acordos de coopera\u00e7\u00e3o t\u00e9cnica ou de acordos de ades\u00e3o.<\/p>\n\n\n\n<p><strong><a rel=\"noreferrer noopener\" href=\"http:\/\/www.planalto.gov.br\/ccivil_03\/_ato2019-2022\/2022\/Decreto\/D11317.htm\" target=\"_blank\">Decreto Federal n\u00ba 11.317\/2022, de 29 de dezembro de 2022<\/a><\/strong><br><strong>\u00bb\u00a0<\/strong>Atualiza os valores estabelecidos na Lei n. 14.133\/2021.<\/p>\n\n\n\n<p class=\"has-medium-font-size\"><strong><a rel=\"noreferrer noopener\" href=\"http:\/\/www.planalto.gov.br\/ccivil_03\/decreto\/d3555.htm\" target=\"_blank\">Decreto Federal n\u00b0 3.555, de 08 de agosto de 2000<\/a><\/strong><br><strong>\u00bb\u00a0<\/strong>Aprova o Regulamento para a modalidade de licita\u00e7\u00e3o denominada <strong>preg\u00e3o<\/strong>, para aquisi\u00e7\u00e3o de bens e servi\u00e7os comuns.<\/p>\n<\/div><\/details>\n\n\n\n<details class=\"wp-block-themeisle-blocks-accordion-item\"><summary class=\"wp-block-themeisle-blocks-accordion-item__title\"><div><strong>Decretos Estaduais\u00a0<\/strong><\/div><\/summary><div class=\"wp-block-themeisle-blocks-accordion-item__content\">\n<p><strong><a rel=\"noreferrer noopener\" href=\"https:\/\/www.legislacao.pr.gov.br\/legislacao\/pesquisarAto.do?action=exibir&amp;codAto=259084&amp;indice=1&amp;totalRegistros=1&amp;dt=24.1.2023.14.4.33.256\" target=\"_blank\">Decreto n\u00ba 10086\/202<\/a><a href=\"https:\/\/www.legislacao.pr.gov.br\/legislacao\/pesquisarAto.do?action=exibir&amp;codAto=259084&amp;indice=1&amp;totalRegistros=1&amp;dt=24.1.2023.14.4.33.256\">2, de 17 de Janeiro de 2022<\/a><\/strong><br><strong>\u00bb<\/strong> Regulamenta, no \u00e2mbito da Administra\u00e7\u00e3o P\u00fablica estadual, direta, aut\u00e1rquica e fundacional do Estado do Paran\u00e1, <strong>a\u00a0<\/strong><a rel=\"noreferrer noopener\" href=\"http:\/\/www.planalto.gov.br\/ccivil_03\/_ato2019-2022\/2021\/lei\/L14133.htm\" target=\"_blank\"><strong>Lei n\u00b0 14133\/2021<\/strong><\/a><strong>.<\/strong><\/p>\n\n\n\n<p class=\"has-medium-font-size\"><strong><a rel=\"noreferrer noopener\" href=\"http:\/\/www.legislacao.pr.gov.br\/legislacao\/pesquisarAto.do?action=exibir&amp;codAto=164645&amp;codItemAto=1023638#1023638\" target=\"_blank\">Decreto Estadual n\u00b0 5.453, de 04 de novembro de 2016<\/a><\/strong><br><strong>\u00bb\u00a0<\/strong>Regulamenta a Lei Complementar n\u00ba 104\/04, que disp\u00f5e sobre as <strong>Di\u00e1rias dos servidores<\/strong> civis e militares.<br>\u00a0<br><strong><a rel=\"noreferrer noopener\" href=\"http:\/\/www.legislacao.pr.gov.br\/legislacao\/pesquisarAto.do?action=exibir&amp;codAto=159079&amp;indice=1&amp;totalRegistros=1\" target=\"_blank\">Decreto Estadual n\u00b0 4.505, de 07 de julho de 2016<\/a><\/strong><br><strong>\u00bb<\/strong>\u00a0Disp\u00f5e sobre a exclusividade de institui\u00e7\u00e3o financeira contratada para <strong>presta\u00e7\u00e3o de servi\u00e7os <\/strong>que especifica e sobre o pagamento aos fornecedores do Estado mediante cr\u00e9dito em conta corrente banc\u00e1ria.<br><br><strong><a rel=\"noreferrer noopener\" href=\"http:\/\/www.legislacao.pr.gov.br\/legislacao\/pesquisarAto.do?action=exibir&amp;codAto=161593&amp;indice=1&amp;totalRegistros=1\" target=\"_blank\">Decreto Estadual n\u00b0 4.993, de 31 de agosto de 2016<\/a><\/strong><br><strong>\u00bb<\/strong>\u00a0Regulamenta a Lei Estadual n\u00ba 15.608, de 16 de agosto de 2007, para a elabora\u00e7\u00e3o de <strong>termos de refer\u00eancia e de contratos<\/strong> para aquisi\u00e7\u00e3o de bens e presta\u00e7\u00e3o de servi\u00e7os pela Administra\u00e7\u00e3o P\u00fablica Estadual Direta e Indireta.<\/p>\n\n\n\n<p class=\"has-medium-font-size\"><strong><a rel=\"noreferrer noopener\" href=\"http:\/\/www.legislacao.pr.gov.br\/legislacao\/pesquisarAto.do?action=exibir&amp;codAto=149223&amp;indice=1&amp;totalRegistros=1\" target=\"_blank\">Decreto Estadual n\u00b0 2.734, de 12 de novembro de 2015<\/a><\/strong><br><strong>\u00bb<\/strong>\u00a0Institui\u00e7\u00e3o de novo regulamento do Sistema de Registro de Pre\u00e7os.<br><strong><a rel=\"noreferrer noopener\" href=\"http:\/\/www.legislacao.pr.gov.br\/legislacao\/pesquisarAto.do?action=exibir&amp;codAto=147120&amp;indice=1&amp;totalRegistros=1\" target=\"_blank\"><br>Decreto Estadual n\u00b0 2.474, de 28 de setembro de 2015<\/a><\/strong><br><strong>\u00bb\u00a0<\/strong>Regulamenta o tratamento diferenciado e favorecido e o tratamento diferenciado e simplificado para as microempresas, empresas de pequeno porte, microempreendedor individual nas contrata\u00e7\u00f5es p\u00fablicas de bens, servi\u00e7os e obras.<br><br><strong><a rel=\"noreferrer noopener\" href=\"http:\/\/www.legislacao.pr.gov.br\/legislacao\/pesquisarAto.do?action=exibir&amp;codAto=136186&amp;indice=1&amp;totalRegistros=1\" target=\"_blank\">Decreto Estadual n\u00b0 446, de 06 de fevereiro de 2015<\/a><\/strong><br><strong>\u00bb\u00a0<\/strong>Estabelece normas para o deslocamento dos servidores civis e militares da Administra\u00e7\u00e3o Direta e Aut\u00e1rquica do Poder Executivo e, ainda, aqueles contratados em car\u00e1ter tempor\u00e1rio.<\/p>\n\n\n\n<p class=\"has-medium-font-size\"><strong><a rel=\"noreferrer noopener\" href=\"http:\/\/www.legislacao.pr.gov.br\/legislacao\/pesquisarAto.do?action=exibir&amp;codAto=69586&amp;indice=1&amp;totalRegistros=1\" target=\"_blank\">Decreto Estadual n\u00b0 5.006, de 22 de junho de 2012<\/a><\/strong><br><strong>\u00bb\u00a0<\/strong>Regulamenta a Lei Estadual n\u00ba 16.949\/2011 \u2013 Regime de adiantamento do \u00e2mbito do Estado do Paran\u00e1.<\/p>\n\n\n\n<p><a rel=\"noreferrer noopener\" href=\"https:\/\/www.legislacao.pr.gov.br\/legislacao\/pesquisarAto.do?action=exibir&amp;codAto=41580&amp;indice=1&amp;totalRegistros=1&amp;dt=22.7.2019.18.18.38.68\" target=\"_blank\"><strong>Decreto Estadual n\u00b0 6252\/2006<\/strong><\/a><a href=\"https:\/\/www.legislacao.pr.gov.br\/legislacao\/pesquisarAto.do?action=exibir&amp;codAto=41580&amp;indice=1&amp;totalRegistros=1&amp;dt=22.7.2019.18.18.38.68\"><strong>, de 22 de Mar\u00e7o de 2006<\/strong><\/a><\/p>\n\n\n\n<p><strong>\u00bb\u00a0<\/strong>Disp\u00f5e sobre a integra\u00e7\u00e3o de considera\u00e7\u00f5es ambientais nas licita\u00e7\u00f5es e contratos.<\/p>\n\n\n\n<p><strong><a rel=\"noreferrer noopener\" href=\"http:\/\/www.legislacao.pr.gov.br\/legislacao\/pesquisarAto.do?action=exibir&amp;codAto=40684&amp;indice=1&amp;totalRegistros=1\" target=\"_blank\">Decreto Estadual n\u00b0 3.498, de 23 de agosto de 2004<\/a><\/strong><br><strong>\u00bb\u00a0<\/strong>Regulamenta a Lei Complementar n\u00ba 104\/04, que disp\u00f5e sobre as Di\u00e1rias dos servidores civis e militares.<\/p>\n<\/div><\/details>\n\n\n\n<details class=\"wp-block-themeisle-blocks-accordion-item\"><summary class=\"wp-block-themeisle-blocks-accordion-item__title\"><div><strong>Resolu\u00e7\u00e3o SEFA\u00a0<\/strong><\/div><\/summary><div class=\"wp-block-themeisle-blocks-accordion-item__content\">\n<p><strong><a rel=\"noreferrer noopener\" href=\"http:\/\/www.uel.br\/proaf\/portal\/pages\/arquivos\/legislacao\/RESOLUCAO%201212-16-SEFA-CONTA%20B.BRASIL.pdf\" target=\"_blank\">Resolu\u00e7\u00e3o SEFA\/PR n\u00b0 1.212, de 13 de setembro de 2016<\/a><\/strong><br><strong>\u00bb<\/strong>&nbsp;Regulamenta os pagamentos e\/ou repasses a credores e&nbsp;fornecedores do Estado do Paran\u00e1, observadas as disposi\u00e7\u00f5es do&nbsp;Decreto 4.505\/2016 e do contrato 003\/2016-SEFA firmado entre o&nbsp;Estado e o Banco do Brasil S\/A para presta\u00e7\u00e3o, com exclusividade,&nbsp;de servi\u00e7os financeiros e outras aven\u00e7as.<\/p>\n\n\n\n<p><a rel=\"noreferrer noopener\" href=\"http:\/\/www.novosiaf.pr.gov.br\/2019\/07\/113\/Instrucao-Normativa-n-001-2019-DTE- SEFA.html#:~:text=RESOLVE%3A-,Art.,da%20Receita%20Federal%20(RFB)\" target=\"_blank\"><strong>Instru\u00e7\u00e3o Normativa n\u00ba 001\/2019- DTE-SEFA<\/strong><\/a><\/p>\n\n\n\n<p><a href=\"https:\/\/sites.uel.br\/proaf\/wp-content\/uploads\/2023\/07\/Resolucaosefa_10_2015.pdf\" target=\"_blank\" rel=\"noreferrer noopener\"><strong>Resolu\u00e7\u00e3o SEFA n\u00ba 010\/2015- DTE-SEFA &#8211; Elementos e Subelementos de Despesa<\/strong><\/a><\/p>\n<\/div><\/details>\n\n\n\n<details class=\"wp-block-themeisle-blocks-accordion-item\"><summary class=\"wp-block-themeisle-blocks-accordion-item__title\"><div><strong>TCE<\/strong><\/div><\/summary><div class=\"wp-block-themeisle-blocks-accordion-item__content\">\n<p><a rel=\"noreferrer noopener\" href=\"https:\/\/www1.tce.pr.gov.br\/conteudo\/resolucao-n-28-de-2-de-outubro-de- 2011\/1376\/area\/249\" target=\"_blank\"><strong>Resolu\u00e7\u00e3o n\u00b0 28\/2011, de 06 de outubro de 2011<\/strong><\/a><br>\u00bb&nbsp;Disp\u00f5e sobre a fiscaliza\u00e7\u00e3o e a presta\u00e7\u00e3o de contas ao Tribunal de Contas do Estado do Paran\u00e1 quanto \u00e0s transfer\u00eancias volunt\u00e1rias de recursos financeiros no \u00e2mbito estadual e municipal, institui o Sistema Integrado de Transfer\u00eancias \u2013 SIT.<\/p>\n<\/div><\/details>\n\n\n\n<details class=\"wp-block-themeisle-blocks-accordion-item\"><summary class=\"wp-block-themeisle-blocks-accordion-item__title\"><div><strong>Al\u00edquota IRRF<\/strong><\/div><\/summary><div class=\"wp-block-themeisle-blocks-accordion-item__content\">\n<p><a href=\"https:\/\/sites.uel.br\/proaf\/aliquotas-do-imposto-de-renda-retido-na-fonte\/\" target=\"_blank\" rel=\"noreferrer noopener\"><strong>Al\u00edquotas do Imposto de Renda Retido na Fonte<\/strong><\/a><\/p>\n<\/div><\/details>\n<\/div>\n","protected":false},"excerpt":{"rendered":"","protected":false},"author":2,"featured_media":0,"parent":0,"menu_order":0,"comment_status":"closed","ping_status":"closed","template":"","meta":{"_acf_changed":false,"_themeisle_gutenberg_block_has_review":false,"footnotes":""},"class_list":["post-48","page","type-page","status-publish","hentry"],"acf":[],"_links":{"self":[{"href":"https:\/\/sites.uel.br\/proaf\/wp-json\/wp\/v2\/pages\/48","targetHints":{"allow":["GET"]}}],"collection":[{"href":"https:\/\/sites.uel.br\/proaf\/wp-json\/wp\/v2\/pages"}],"about":[{"href":"https:\/\/sites.uel.br\/proaf\/wp-json\/wp\/v2\/types\/page"}],"author":[{"embeddable":true,"href":"https:\/\/sites.uel.br\/proaf\/wp-json\/wp\/v2\/users\/2"}],"replies":[{"embeddable":true,"href":"https:\/\/sites.uel.br\/proaf\/wp-json\/wp\/v2\/comments?post=48"}],"version-history":[{"count":15,"href":"https:\/\/sites.uel.br\/proaf\/wp-json\/wp\/v2\/pages\/48\/revisions"}],"predecessor-version":[{"id":464,"href":"https:\/\/sites.uel.br\/proaf\/wp-json\/wp\/v2\/pages\/48\/revisions\/464"}],"wp:attachment":[{"href":"https:\/\/sites.uel.br\/proaf\/wp-json\/wp\/v2\/media?parent=48"}],"curies":[{"name":"wp","href":"https:\/\/api.w.org\/{rel}","templated":true}]}}