{"id":456,"date":"2023-10-02T11:54:36","date_gmt":"2023-10-02T14:54:36","guid":{"rendered":"https:\/\/sites.uel.br\/proaf\/?page_id=456"},"modified":"2023-10-31T12:37:23","modified_gmt":"2023-10-31T15:37:23","slug":"licitacoes","status":"publish","type":"page","link":"https:\/\/sites.uel.br\/proaf\/licitacoes\/","title":{"rendered":"Licita\u00e7\u00f5es"},"content":{"rendered":"\n<p>Licita\u00e7\u00e3o \u00e9 um processo formal e legalmente regulamentado pelo qual entidades governamentais, como \u00f3rg\u00e3o p\u00fablicos, empresas estatais e autarquias, realizam as compras de bens, servi\u00e7os ou obras. <\/p>\n\n\n\n<p>O objetivo da licita\u00e7\u00e3o \u00e9 garantir a transpar\u00eancia, a concorr\u00eancia justa e a efici\u00eancia na utiliza\u00e7\u00e3o dos recursos p\u00fablicos, assegurando que as contrata\u00e7\u00f5es sejam feitas de forma imparcial e de acordo com os crit\u00e9rios preestabelecidos em Edital.<\/p>\n\n\n\n<p>A licita\u00e7\u00e3o \u00e9 um instrumento importante para garantir a efici\u00eancia e a transpar\u00eancia nas compras p\u00fablicas. Ela promove a concorr\u00eancia justa entre os participantes.<\/p>\n\n\n\n<p>Nossos processos de licita\u00e7\u00e3o, tanto aqueles que foram conclu\u00eddos quanto os que est\u00e3o em andamento, s\u00e3o devidamente publicados no Di\u00e1rio Oficial do Estado e disponibilizados no portal da transpar\u00eancia, acess\u00edvel atrav\u00e9s do seguinte link: <\/p>\n\n\n\n<div class=\"wp-block-columns is-layout-flex wp-container-core-columns-is-layout-9d6595d7 wp-block-columns-is-layout-flex\">\n<div class=\"wp-block-column is-layout-flow wp-block-column-is-layout-flow\">\n<div class=\"wp-block-buttons is-layout-flex wp-block-buttons-is-layout-flex\">\n<div class=\"wp-block-button\"><a class=\"wp-block-button__link has-cinza-claro-color has-verde-escuro-background-color has-text-color has-background wp-element-button\" href=\"https:\/\/sistemas.uel.br\/sicor\/public\/licitacao\/consultaLicitacoes\" target=\"_blank\" rel=\"noreferrer noopener\">Licita\u00e7\u00f5es <\/a><\/div>\n<\/div>\n<\/div>\n\n\n\n<div class=\"wp-block-column is-layout-flow wp-block-column-is-layout-flow\">\n<div class=\"wp-block-buttons is-layout-flex wp-block-buttons-is-layout-flex\">\n<div class=\"wp-block-button\"><a class=\"wp-block-button__link has-cinza-claro-color has-verde-escuro-background-color has-text-color has-background wp-element-button\" href=\"https:\/\/sites.uel.br\/proaf\/legislacao\/\">Legisla\u00e7\u00e3o<\/a><\/div>\n<\/div>\n<\/div>\n<\/div>\n\n\n\n<p><a rel=\"noreferrer noopener\" href=\"https:\/\/www.legislacao.pr.gov.br\/legislacao\/pesquisarAto.do?action=exibir&amp;codAto=41580&amp;indice=1&amp;totalRegistros=1&amp;dt=22.7.2019.18.18.38.68\" target=\"_blank\"><br><\/a><\/p>\n\n\n\n<p><\/p>\n\n\n\n<p><\/p>\n\n\n\n<p><\/p>\n\n\n\n<p><\/p>\n","protected":false},"excerpt":{"rendered":"<p>Licita\u00e7\u00e3o \u00e9 um processo formal e legalmente regulamentado pelo qual entidades governamentais, como \u00f3rg\u00e3o p\u00fablicos, empresas estatais e autarquias, realizam as compras de bens, servi\u00e7os ou obras. O objetivo da licita\u00e7\u00e3o \u00e9 garantir a transpar\u00eancia, a concorr\u00eancia justa e a efici\u00eancia na utiliza\u00e7\u00e3o dos recursos p\u00fablicos, assegurando que as contrata\u00e7\u00f5es sejam feitas de forma imparcial [&hellip;]<\/p>\n","protected":false},"author":13,"featured_media":0,"parent":0,"menu_order":0,"comment_status":"closed","ping_status":"closed","template":"","meta":{"_acf_changed":false,"_themeisle_gutenberg_block_has_review":false,"footnotes":""},"class_list":["post-456","page","type-page","status-publish","hentry"],"acf":[],"_links":{"self":[{"href":"https:\/\/sites.uel.br\/proaf\/wp-json\/wp\/v2\/pages\/456","targetHints":{"allow":["GET"]}}],"collection":[{"href":"https:\/\/sites.uel.br\/proaf\/wp-json\/wp\/v2\/pages"}],"about":[{"href":"https:\/\/sites.uel.br\/proaf\/wp-json\/wp\/v2\/types\/page"}],"author":[{"embeddable":true,"href":"https:\/\/sites.uel.br\/proaf\/wp-json\/wp\/v2\/users\/13"}],"replies":[{"embeddable":true,"href":"https:\/\/sites.uel.br\/proaf\/wp-json\/wp\/v2\/comments?post=456"}],"version-history":[{"count":2,"href":"https:\/\/sites.uel.br\/proaf\/wp-json\/wp\/v2\/pages\/456\/revisions"}],"predecessor-version":[{"id":578,"href":"https:\/\/sites.uel.br\/proaf\/wp-json\/wp\/v2\/pages\/456\/revisions\/578"}],"wp:attachment":[{"href":"https:\/\/sites.uel.br\/proaf\/wp-json\/wp\/v2\/media?parent=456"}],"curies":[{"name":"wp","href":"https:\/\/api.w.org\/{rel}","templated":true}]}}