{"id":44,"date":"2022-12-16T15:25:48","date_gmt":"2022-12-16T18:25:48","guid":{"rendered":"https:\/\/sites.uel.br\/proaf\/?page_id=44"},"modified":"2023-07-06T15:15:39","modified_gmt":"2023-07-06T18:15:39","slug":"convenios","status":"publish","type":"page","link":"https:\/\/sites.uel.br\/proaf\/convenios\/","title":{"rendered":"Conv\u00eanios"},"content":{"rendered":"\n<div style=\"height:20px\" aria-hidden=\"true\" class=\"wp-block-spacer\"><\/div>\n\n\n\n<h3 class=\"wp-block-heading\">Conv\u00eanios e Contratos de repasse<\/h3>\n\n\n\n<p>Conv\u00eanios s\u00e3o acordos firmados entre \u00f3rg\u00e3os p\u00fablicos ou entre \u00f3rg\u00e3os p\u00fablicos e privados para realiza\u00e7\u00e3o de atividades de interesse comum dos participantes.<\/p>\n\n\n\n<p>Conv\u00eanio\u00a0\u00e9 um instrumento que\u00a0disciplina a transfer\u00eancia de recursos p\u00fablicos\u00a0e tenha como part\u00edcipe \u00f3rg\u00e3o da Administra\u00e7\u00e3o P\u00fablica Direta, Aut\u00e1rquica ou Fundacional, Empresa P\u00fablica ou sociedade de economia mista que estejam gerindo recursos dos or\u00e7amentos Estaduais ou Federal, visando \u00e0 execu\u00e7\u00e3o de programas de trabalho, projeto\/atividade ou evento de interesse rec\u00edproco, em regime de m\u00fatua coopera\u00e7\u00e3o.<\/p>\n\n\n\n<p>Contrato de repasses &#8211; instrumento de interesse rec\u00edproco, por meio do qual a transfer\u00eancia dos recursos financeiros \u00e9 processada por interm\u00e9dio de institui\u00e7\u00e3o ou de agente financeiro oficial federal que atue como mandat\u00e1rio da Uni\u00e3o.<\/p>\n\n\n\n<div style=\"height:20px\" aria-hidden=\"true\" class=\"wp-block-spacer\"><\/div>\n\n\n\n<h3 class=\"wp-block-heading\">Controle<\/h3>\n\n\n\n<p>No ato de celebra\u00e7\u00e3o do conv\u00eanio ou do contrato de repasse, o concedente dever\u00e1 empenhar o valor total previsto no cronograma de desembolso do exerc\u00edcio da celebra\u00e7\u00e3o e registrar os valores programados para cada exerc\u00edcio subsequente, no caso de conv\u00eanio ou de contrato de repasse com vig\u00eancia plurianual, no Sistema Integrado de Administra\u00e7\u00e3o Financeira, em conta cont\u00e1bil espec\u00edfica.<\/p>\n\n\n\n<p>Todo recurso de Conv\u00eanio deve ser depositado em uma conta espec\u00edfica contendo o nome do conv\u00eanio e o n\u00famero do mesmo.<\/p>\n\n\n\n<div style=\"height:20px\" aria-hidden=\"true\" class=\"wp-block-spacer\"><\/div>\n\n\n\n<h3 class=\"wp-block-heading\">Aplica\u00e7\u00e3o no Mercado Financeiro dos Recursos de Conv\u00eanios<\/h3>\n\n\n\n<p>O valor total ou saldo de conv\u00eanios, enquanto n\u00e3o utilizados, ser\u00e3o obrigatoriamente aplicados em cadernetas de poupan\u00e7a de institui\u00e7\u00e3o financeira oficial se a previs\u00e3o de seu uso for igual ou superior a um m\u00eas, ou em fundo de aplica\u00e7\u00e3o financeira de curto prazo ou opera\u00e7\u00e3o de mercado aberto lastreada em t\u00edtulos da d\u00edvida p\u00fablica, quando a utiliza\u00e7\u00e3o dos mesmos se verificar em prazos menores de um m\u00eas, Art. 116 \u00a7 4\u00ba Lei n\u00ba 8.666\/93. Caso o valor dos rendimentos n\u00e3o seja utilizado, dever\u00e1 ser devolvido ao \u00f3rg\u00e3o repassador, n\u00e3o podendo se constituir em receita do \u00f3rg\u00e3o recebedor.<\/p>\n\n\n\n<div style=\"height:20px\" aria-hidden=\"true\" class=\"wp-block-spacer\"><\/div>\n\n\n\n<h3 class=\"wp-block-heading\">Presta\u00e7\u00e3o de Contas<\/h3>\n\n\n\n<p>A presta\u00e7\u00e3o de contas obedece a uma padroniza\u00e7\u00e3o, de conformidade com as exig\u00eancias do \u00f3rg\u00e3o repassador, elaborada e inserida na Plataforma Tranferegov.br, quando recursos da Uni\u00e3o; SIT \u2013 Sistema Integrado de Transfer\u00eancias do Portal do Tribunal de Contas do Estado do Paran\u00e1, quando recursos estaduais; ou outros sistemas e formul\u00e1rios de presta\u00e7\u00e3o de contas conforme os \u00f3rg\u00e3os concedentes. Al\u00e9m dos formul\u00e1rios exigidos, outros documentos devem ser anexados:<\/p>\n\n\n\n<div class=\"wp-block-uel-card\">\n<p>a) plano de trabalho;<\/p>\n\n\n\n<p>b) c\u00f3pia do conv\u00eanio;<\/p>\n\n\n\n<p>c) relat\u00f3rio de execu\u00e7\u00e3o f\u00edsico-financeira;<\/p>\n\n\n\n<p>d) demonstrativo da execu\u00e7\u00e3o da receita e despesa, destacando os rendimentos auferidos, quando houver aplica\u00e7\u00e3o de recursos;<\/p>\n\n\n\n<p>e) rela\u00e7\u00e3o de bens adquiridos, com o n\u00famero do cadastro patrimonial;<\/p>\n\n\n\n<p>f) rela\u00e7\u00e3o de pagamentos (nome do fornecedor, n\u00famero do documento, valor);<\/p>\n\n\n\n<p>g) c\u00f3pia do termo de aceita\u00e7\u00e3o da obra (quando for o caso);<\/p>\n\n\n\n<p>h) c\u00f3pia do despacho adjudicat\u00f3rio da licita\u00e7\u00e3o ou comprova\u00e7\u00e3o legal da dispensa e\/ou<br>inexigibilidade;<\/p>\n\n\n\n<p>i) extratos banc\u00e1rios e concilia\u00e7\u00e3o.<\/p>\n<\/div>\n\n\n\n<div style=\"height:20px\" aria-hidden=\"true\" class=\"wp-block-spacer\"><\/div>\n\n\n\n<h3 class=\"wp-block-heading\">Do Prazo de Presta\u00e7\u00e3o de Contas<\/h3>\n\n\n\n<p>A presta\u00e7\u00e3o de contas ser\u00e1 encaminhada ao \u00f3rg\u00e3o concedente at\u00e9 60 dias ap\u00f3s o prazo previsto para aplica\u00e7\u00e3o dos recursos.<\/p>\n\n\n\n<p>Os documentos comprobat\u00f3rios, notas fiscais, faturas, recibos, ser\u00e3o emitidos sempre em nome do convenente executor, devidamente identificados com o n\u00famero do conv\u00eanio.<\/p>\n\n\n\n<p>Os documentos dever\u00e3o ser mantidos em arquivos pelo per\u00edodo de 10 anos, a contar da data da aprova\u00e7\u00e3o da presta\u00e7\u00e3o de contas.<\/p>\n","protected":false},"excerpt":{"rendered":"<p>Conv\u00eanios e Contratos de repasse Conv\u00eanios s\u00e3o acordos firmados entre \u00f3rg\u00e3os p\u00fablicos ou entre \u00f3rg\u00e3os p\u00fablicos e privados para realiza\u00e7\u00e3o de atividades de interesse comum dos participantes. Conv\u00eanio\u00a0\u00e9 um instrumento que\u00a0disciplina a transfer\u00eancia de recursos p\u00fablicos\u00a0e tenha como part\u00edcipe \u00f3rg\u00e3o da Administra\u00e7\u00e3o P\u00fablica Direta, Aut\u00e1rquica ou Fundacional, Empresa P\u00fablica ou sociedade de economia mista que [&hellip;]<\/p>\n","protected":false},"author":2,"featured_media":0,"parent":0,"menu_order":0,"comment_status":"closed","ping_status":"closed","template":"","meta":{"_acf_changed":false,"_themeisle_gutenberg_block_has_review":false,"footnotes":""},"class_list":["post-44","page","type-page","status-publish","hentry"],"acf":[],"_links":{"self":[{"href":"https:\/\/sites.uel.br\/proaf\/wp-json\/wp\/v2\/pages\/44","targetHints":{"allow":["GET"]}}],"collection":[{"href":"https:\/\/sites.uel.br\/proaf\/wp-json\/wp\/v2\/pages"}],"about":[{"href":"https:\/\/sites.uel.br\/proaf\/wp-json\/wp\/v2\/types\/page"}],"author":[{"embeddable":true,"href":"https:\/\/sites.uel.br\/proaf\/wp-json\/wp\/v2\/users\/2"}],"replies":[{"embeddable":true,"href":"https:\/\/sites.uel.br\/proaf\/wp-json\/wp\/v2\/comments?post=44"}],"version-history":[{"count":7,"href":"https:\/\/sites.uel.br\/proaf\/wp-json\/wp\/v2\/pages\/44\/revisions"}],"predecessor-version":[{"id":360,"href":"https:\/\/sites.uel.br\/proaf\/wp-json\/wp\/v2\/pages\/44\/revisions\/360"}],"wp:attachment":[{"href":"https:\/\/sites.uel.br\/proaf\/wp-json\/wp\/v2\/media?parent=44"}],"curies":[{"name":"wp","href":"https:\/\/api.w.org\/{rel}","templated":true}]}}