{"id":304,"date":"2023-07-03T14:33:35","date_gmt":"2023-07-03T17:33:35","guid":{"rendered":"https:\/\/sites.uel.br\/proaf\/?page_id=304"},"modified":"2025-09-30T10:01:46","modified_gmt":"2025-09-30T13:01:46","slug":"manuais-e-orientacoes","status":"publish","type":"page","link":"https:\/\/sites.uel.br\/proaf\/manuais-e-orientacoes\/","title":{"rendered":"Manuais e Orienta\u00e7\u00f5es"},"content":{"rendered":"\n<div style=\"height:20px\" aria-hidden=\"true\" class=\"wp-block-spacer\"><\/div>\n\n\n\n<p><strong>Processos licitat\u00f3rios e contrata\u00e7\u00f5es diretas (dispensa e inexigibilidade) de bens e servi\u00e7os comuns<\/strong><\/p>\n\n\n\n<ul class=\"wp-block-list\">\n<li><a href=\"https:\/\/sites.uel.br\/proaf\/wp-content\/uploads\/2024\/05\/MANUAL-PESQUISA-DE-PRECO_versao-atualizada-curso-2.pdf\">Manual de Orienta\u00e7\u00e3o para Pesquisa de Pre\u00e7os<\/a><\/li>\n\n\n\n<li><a href=\"https:\/\/sites.uel.br\/proaf\/wp-content\/uploads\/2023\/07\/Manual-TR-Bens-Comuns.pdf\">Manual Termo de Refer\u00eancia Digital Bens Comuns<\/a><\/li>\n\n\n\n<li><a href=\"https:\/\/sites.uel.br\/proaf\/wp-content\/uploads\/2024\/03\/Manual-ETP-2a-edicao.pdf\">Manual ETP &#8211; Estudo T\u00e9cnico Preliminar Digital<\/a><\/li>\n<\/ul>\n\n\n\n<p><strong>Bens patrimoniais e invent\u00e1rio<\/strong><\/p>\n\n\n\n<ul class=\"wp-block-list\">\n<li><a href=\"https:\/\/sites.uel.br\/proaf\/wp-content\/uploads\/2023\/07\/Manual_Bens_Campus.pdf\">Manual de Normas de Controle de Bens Patrimoniais &#8211; CAMPUS<\/a><\/li>\n\n\n\n<li><a href=\"https:\/\/sites.uel.br\/proaf\/wp-content\/uploads\/2023\/07\/Manual_Bens_HU.pdf\">Manual de Normas e Controle de Bens Patrimoniais &#8211; HOSPITAL UNIVERSIT\u00c1RIO<\/a><\/li>\n\n\n\n<li><a href=\"https:\/\/sites.uel.br\/proaf\/wp-content\/uploads\/2023\/07\/ManualdoInventario_UEL_Ed2011.pdf\">Manual do Invent\u00e1rio 2011 &#8211; 4\u00aa Ed<\/a><\/li>\n\n\n\n<li><a href=\"https:\/\/sites.uel.br\/proaf\/wp-content\/uploads\/2023\/07\/MANUAL-COLETOR-DE-DADOS-REV1.pdf\" target=\"_blank\" rel=\"noreferrer noopener\">Guia R\u00e1pido de Invent\u00e1rio usando o Coletor de Dados<\/a><\/li>\n\n\n\n<li><a href=\"https:\/\/www.administracao.pr.gov.br\/sites\/default\/arquivos_restritos\/files\/documento\/2023-03\/sistema_gpm_-_telas_orientativas_-_aplicativo_coleta_de_patrimonio.pdf\" target=\"_blank\" rel=\"noreferrer noopener\">Invent\u00e1rio Patrimonial &#8211; Coleta de Plaquetas por meio de Aplicativo<\/a><\/li>\n<\/ul>\n\n\n\n<p><strong>Consulta ao e-protocolo<\/strong><\/p>\n\n\n\n<ul class=\"wp-block-list\">\n<li><a href=\"https:\/\/sites.uel.br\/eprotocolo\/\" target=\"_blank\" rel=\"noreferrer noopener\">Protocolo Digital \u2013 UEL<\/a><\/li>\n\n\n\n<li><a href=\"https:\/\/www.administracao.pr.gov.br\/eProtocolo\" target=\"_blank\" rel=\"noreferrer noopener\">e-Protocolo \u2013 D\u00favidas e Suporte<\/a><\/li>\n\n\n\n<li><a href=\"https:\/\/sites.uel.br\/proaf\/wp-content\/uploads\/2023\/07\/Diarias-e-protocolo-Versao-4.pdf\">Solicita\u00e7\u00e3o de Di\u00e1rias no SICOR &#8211; Etapas para cria\u00e7\u00e3o do Processo Digital no E-Protocolo<\/a><\/li>\n<\/ul>\n\n\n\n<p><strong>Reprografia na Web<\/strong><\/p>\n\n\n\n<ul class=\"wp-block-list\">\n<li><a href=\"https:\/\/sites.uel.br\/proaf\/wp-content\/uploads\/2025\/09\/Video-treinamento.docx\">V\u00eddeo de treinamento com minutagem<\/a><\/li>\n<\/ul>\n\n\n\n<p><\/p>\n\n\n\n<p>      <\/p>\n\n\n\n<p><\/p>\n\n\n\n<p><\/p>\n","protected":false},"excerpt":{"rendered":"<p>Processos licitat\u00f3rios e contrata\u00e7\u00f5es diretas (dispensa e inexigibilidade) de bens e servi\u00e7os comuns Bens patrimoniais e invent\u00e1rio Consulta ao e-protocolo Reprografia na Web<\/p>\n","protected":false},"author":12,"featured_media":0,"parent":0,"menu_order":0,"comment_status":"closed","ping_status":"closed","template":"","meta":{"_acf_changed":false,"_themeisle_gutenberg_block_has_review":false,"footnotes":""},"class_list":["post-304","page","type-page","status-publish","hentry"],"acf":[],"_links":{"self":[{"href":"https:\/\/sites.uel.br\/proaf\/wp-json\/wp\/v2\/pages\/304","targetHints":{"allow":["GET"]}}],"collection":[{"href":"https:\/\/sites.uel.br\/proaf\/wp-json\/wp\/v2\/pages"}],"about":[{"href":"https:\/\/sites.uel.br\/proaf\/wp-json\/wp\/v2\/types\/page"}],"author":[{"embeddable":true,"href":"https:\/\/sites.uel.br\/proaf\/wp-json\/wp\/v2\/users\/12"}],"replies":[{"embeddable":true,"href":"https:\/\/sites.uel.br\/proaf\/wp-json\/wp\/v2\/comments?post=304"}],"version-history":[{"count":26,"href":"https:\/\/sites.uel.br\/proaf\/wp-json\/wp\/v2\/pages\/304\/revisions"}],"predecessor-version":[{"id":860,"href":"https:\/\/sites.uel.br\/proaf\/wp-json\/wp\/v2\/pages\/304\/revisions\/860"}],"wp:attachment":[{"href":"https:\/\/sites.uel.br\/proaf\/wp-json\/wp\/v2\/media?parent=304"}],"curies":[{"name":"wp","href":"https:\/\/api.w.org\/{rel}","templated":true}]}}