{"id":292,"date":"2023-07-03T13:43:49","date_gmt":"2023-07-03T16:43:49","guid":{"rendered":"https:\/\/sites.uel.br\/proaf\/?page_id=292"},"modified":"2023-07-03T13:43:49","modified_gmt":"2023-07-03T16:43:49","slug":"aliquotas-do-imposto-de-renda-retido-na-fonte","status":"publish","type":"page","link":"https:\/\/sites.uel.br\/proaf\/aliquotas-do-imposto-de-renda-retido-na-fonte\/","title":{"rendered":"Al\u00edquotas do Imposto de Renda Retido na Fonte"},"content":{"rendered":"\n<p><strong>Rendimentos do Trabalho:<\/strong>\u00a07,5% a 27,5%, conforme tabela progressiva mensal abaixo reproduzida:<br>A partir do m\u00eas de abril do ano-calend\u00e1rio de 2015:<\/p>\n\n\n\n<figure class=\"wp-block-table\"><table><tbody><tr><td>&nbsp;<strong>Base de c\u00e1lculo mensal em R$<\/strong><\/td><td><strong>Al\u00edquota %<\/strong><\/td><td><strong>Parcela a deduzir do imposto em R$<\/strong><\/td><\/tr><tr><td>At\u00e9 1.903,98<\/td><td>Isento<\/td><td>&#8211;<\/td><\/tr><tr><td>De 1.903,99 at\u00e9 2.826,65<\/td><td>7,5<\/td><td>142,80<\/td><\/tr><tr><td>De 2.826,66 at\u00e9 3.751,05<\/td><td>15<\/td><td>354,80<\/td><\/tr><tr><td>De 3.751,06 at\u00e9 4.664,68<\/td><td>22,5<\/td><td>636,13<\/td><\/tr><tr><td>Acima de 4.664,68<\/td><td>27,5<\/td><td>869,36<\/td><\/tr><\/tbody><\/table><\/figure>\n\n\n\n<p><br><strong>Dedu\u00e7\u00f5es:<\/strong><\/p>\n\n\n\n<p>a) as import\u00e2ncias pagas em dinheiro a t\u00edtulo de pens\u00e3o aliment\u00edcia em face das normas do Direito de Fam\u00edlia, quando em cumprimento de decis\u00e3o judicial ou acordo homologado judicialmente, inclusive a presta\u00e7\u00e3o de alimentos provisionais.<br><br>b) a quantia de R$ 189,59 (cento e oitenta e nove reais e&nbsp;cinquenta&nbsp;e nove centavos) por dependente;<br><br>c) as contribui\u00e7\u00f5es para a Previd\u00eancia Social da Uni\u00e3o, dos Estados, do Distrito Federal e dos Munic\u00edpios;<br><br>d) as contribui\u00e7\u00f5es para entidade de previd\u00eancia complementar domiciliada no Brasil e para o Fundo de Aposentadoria Programada Individual (Fapi), cujo \u00f4nus tenha sido do contribuinte, destinadas a custear benef\u00edcios complementares assemelhados aos da Previd\u00eancia Social, cujo titular ou quotista seja trabalhador com v\u00ednculo empregat\u00edcio ou administrador e seja tamb\u00e9m contribuinte do Regime Geral de Previd\u00eancia Social;<\/p>\n\n\n\n<p><br><strong>C\u00e1lculo:<\/strong>&nbsp;feita as dedu\u00e7\u00f5es, aplique a al\u00edquota respectiva. Do resultado, subtraia a parcela a deduzir, obtendo o valor do imposto a pagar.<br><br><strong>Rendimentos de residentes no exterior:<\/strong>&nbsp;para pagamentos de rendimentos para residentes no exterior, aplique a al\u00edquota \u00fanica de 25%. N\u00e3o h\u00e1 dedu\u00e7\u00e3o.<br><br><strong>Remessas ao Exterior:<\/strong>&nbsp;25% (rendimentos do trabalho, com ou sem v\u00ednculo empregat\u00edcio, aposentadoria, pens\u00e3o por morte ou invalidez e os da presta\u00e7\u00e3o de servi\u00e7os, pagos, creditados, entregues, empregados ou remetidos a n\u00e3o-residentes) e 15% (demais rendimentos de fontes situadas no Brasil);<\/p>\n\n\n\n<p><br>Fonte:&nbsp;<a href=\"http:\/\/www.planalto.gov.br\/ccivil_03\/_Ato2011-2014\/2011\/Lei\/L12469.htm\" target=\"_blank\" rel=\"noreferrer noopener\">Lei 12.469, de 26 de agosto de&nbsp;2011.<\/a><br><br>Tabela progressiva para c\u00e1lculo de imposto de renda de ano-calend\u00e1rio de exerc\u00edcio anterior, clique&nbsp;<a href=\"http:\/\/www.receita.fazenda.gov.br\/Aliquotas\/TabProgressivaCalcMens.htm\" target=\"_blank\" rel=\"noreferrer noopener\">aqui<\/a>.<\/p>\n","protected":false},"excerpt":{"rendered":"<p>Rendimentos do Trabalho:\u00a07,5% a 27,5%, conforme tabela progressiva mensal abaixo reproduzida:A partir do m\u00eas de abril do ano-calend\u00e1rio de 2015: &nbsp;Base de c\u00e1lculo mensal em R$ Al\u00edquota % Parcela a deduzir do imposto em R$ At\u00e9 1.903,98 Isento &#8211; De 1.903,99 at\u00e9 2.826,65 7,5 142,80 De 2.826,66 at\u00e9 3.751,05 15 354,80 De 3.751,06 at\u00e9 4.664,68 [&hellip;]<\/p>\n","protected":false},"author":12,"featured_media":0,"parent":0,"menu_order":0,"comment_status":"closed","ping_status":"closed","template":"","meta":{"_acf_changed":false,"_themeisle_gutenberg_block_has_review":false,"footnotes":""},"class_list":["post-292","page","type-page","status-publish","hentry"],"acf":[],"_links":{"self":[{"href":"https:\/\/sites.uel.br\/proaf\/wp-json\/wp\/v2\/pages\/292","targetHints":{"allow":["GET"]}}],"collection":[{"href":"https:\/\/sites.uel.br\/proaf\/wp-json\/wp\/v2\/pages"}],"about":[{"href":"https:\/\/sites.uel.br\/proaf\/wp-json\/wp\/v2\/types\/page"}],"author":[{"embeddable":true,"href":"https:\/\/sites.uel.br\/proaf\/wp-json\/wp\/v2\/users\/12"}],"replies":[{"embeddable":true,"href":"https:\/\/sites.uel.br\/proaf\/wp-json\/wp\/v2\/comments?post=292"}],"version-history":[{"count":1,"href":"https:\/\/sites.uel.br\/proaf\/wp-json\/wp\/v2\/pages\/292\/revisions"}],"predecessor-version":[{"id":293,"href":"https:\/\/sites.uel.br\/proaf\/wp-json\/wp\/v2\/pages\/292\/revisions\/293"}],"wp:attachment":[{"href":"https:\/\/sites.uel.br\/proaf\/wp-json\/wp\/v2\/media?parent=292"}],"curies":[{"name":"wp","href":"https:\/\/api.w.org\/{rel}","templated":true}]}}