{"id":158,"date":"2023-05-17T14:08:31","date_gmt":"2023-05-17T17:08:31","guid":{"rendered":"https:\/\/sites.uel.br\/proaf\/?page_id=158"},"modified":"2025-01-29T11:08:04","modified_gmt":"2025-01-29T14:08:04","slug":"formularios-para-download","status":"publish","type":"page","link":"https:\/\/sites.uel.br\/proaf\/formularios-para-download\/","title":{"rendered":"Formul\u00e1rios para Download"},"content":{"rendered":"\n<div style=\"height:20px\" aria-hidden=\"true\" class=\"wp-block-spacer\"><\/div>\n\n\n\n<div id=\"wp-block-themeisle-blocks-accordion-4d762e52\" class=\"wp-block-themeisle-blocks-accordion exclusive  is-style-default\">\n<details class=\"wp-block-themeisle-blocks-accordion-item\"><summary class=\"wp-block-themeisle-blocks-accordion-item__title\"><div><strong>Adiantamentos<\/strong><\/div><\/summary><div class=\"wp-block-themeisle-blocks-accordion-item__content\">\n<p><a href=\"https:\/\/sites.uel.br\/proaf\/wp-content\/uploads\/2023\/05\/Demonstadiant.xls\">Demonstrativo de Aplica\u00e7\u00e3o de Adiantamento<\/a><\/p>\n\n\n\n<p><a href=\"https:\/\/sites.uel.br\/proaf\/wp-content\/uploads\/2023\/05\/prazoaplicadiant.xls\" target=\"_blank\" rel=\"noreferrer noopener\">C\u00e1lculo Per\u00edodo Aplica\u00e7\u00e3o\/Presta\u00e7\u00e3o de Contas<\/a><\/p>\n\n\n\n<p><a rel=\"noreferrer noopener\" href=\"https:\/\/sites.uel.br\/proaf\/wp-content\/uploads\/2023\/10\/reclassificacaodespesa.pdf\" target=\"_blank\">Modelo de Reclassifica\u00e7\u00e3o de Despesa<\/a><\/p>\n<\/div><\/details>\n\n\n\n<details class=\"wp-block-themeisle-blocks-accordion-item\"><summary class=\"wp-block-themeisle-blocks-accordion-item__title\"><div><strong>Di\u00e1rias<\/strong><\/div><\/summary><div class=\"wp-block-themeisle-blocks-accordion-item__content\">\n<p><a href=\"https:\/\/sites.uel.br\/proaf\/wp-content\/uploads\/2023\/05\/recibodetaxi.doc\" target=\"_blank\" rel=\"noreferrer noopener\">Recibo Exclusivo para Corrida de Taxi<\/a><\/p>\n\n\n\n<p>Relat\u00f3rio T\u00e9cnico de Viagem<\/p>\n<\/div><\/details>\n\n\n\n<details class=\"wp-block-themeisle-blocks-accordion-item\"><summary class=\"wp-block-themeisle-blocks-accordion-item__title\"><div><strong>Empenhos<\/strong><\/div><\/summary><div class=\"wp-block-themeisle-blocks-accordion-item__content\">\n<p><a href=\"https:\/\/sites.uel.br\/proaf\/wp-content\/uploads\/2023\/05\/pedidoestornoempenho.doc\" target=\"_blank\" rel=\"noreferrer noopener\">Pedido de Estorno de Empenho<\/a><\/p>\n<\/div><\/details>\n\n\n\n<details class=\"wp-block-themeisle-blocks-accordion-item\"><summary class=\"wp-block-themeisle-blocks-accordion-item__title\"><div><strong>Passagens, Hospedagens e Refei\u00e7\u00f5es<\/strong><\/div><\/summary><div class=\"wp-block-themeisle-blocks-accordion-item__content\">\n<p><a href=\"https:\/\/sites.uel.br\/proaf\/wp-content\/uploads\/2023\/05\/RequisicaoHospedagemCampus.doc\" target=\"_blank\" rel=\"noreferrer noopener\">Requisi\u00e7\u00e3o de Hospedagem <strong>&#8211; Campus<\/strong><\/a><\/p>\n\n\n\n<p><a href=\"https:\/\/sites.uel.br\/proaf\/wp-content\/uploads\/2023\/05\/RequisicaoHospedagemHU.doc\" target=\"_blank\" rel=\"noreferrer noopener\">Requisi\u00e7\u00e3o de Hospedagem <strong>&#8211; HU<\/strong><\/a><\/p>\n\n\n\n<p><a href=\"https:\/\/sites.uel.br\/proaf\/wp-content\/uploads\/2025\/01\/requisicao_refeicoes_convidados.doc\" target=\"_blank\" rel=\"noreferrer noopener\">Requisi\u00e7\u00e3o de Refei\u00e7\u00e3o <strong>&#8211; Convidados<\/strong><\/a><\/p>\n\n\n\n<p><a href=\"https:\/\/sites.uel.br\/proaf\/wp-content\/uploads\/2023\/07\/Reqreficoestipomarmitex-06-2017-a-06-2018.doc\" target=\"_blank\" rel=\"noreferrer noopener\">Requisi\u00e7\u00e3o de Refei\u00e7\u00e3o <strong>&#8211; Tipo Marmitex<\/strong> (vig\u00eancia 06\/2017 a 06\/2018)<\/a><\/p>\n<\/div><\/details>\n\n\n\n<details class=\"wp-block-themeisle-blocks-accordion-item\"><summary class=\"wp-block-themeisle-blocks-accordion-item__title\"><div><strong>Recibos<\/strong><\/div><\/summary><div class=\"wp-block-themeisle-blocks-accordion-item__content\">\n<p><a href=\"https:\/\/sites.uel.br\/proaf\/wp-content\/uploads\/2024\/09\/reciboI.doc\">Modelo de Recibo Para Pagamento Aut\u00f4nomo<\/a><\/p>\n\n\n\n<p><a href=\"https:\/\/sites.uel.br\/proaf\/wp-content\/uploads\/2024\/09\/recibomanual.doc\" target=\"_blank\" rel=\"noreferrer noopener\">Modelo de Recibo Manual Para Pagamento Aut\u00f4nomo<\/a><\/p>\n\n\n\n<p><a href=\"https:\/\/sites.uel.br\/proaf\/wp-content\/uploads\/2024\/09\/Recibos-para-pagamento-de-diarias-de-terceiros-II-1.doc\">Modelo de Recibos Para Pagamento de Di\u00e1rias de Terceiros <\/a><\/p>\n<\/div><\/details>\n\n\n\n<details class=\"wp-block-themeisle-blocks-accordion-item\"><summary class=\"wp-block-themeisle-blocks-accordion-item__title\"><div><strong>Requerimentos<\/strong><\/div><\/summary><div class=\"wp-block-themeisle-blocks-accordion-item__content\">\n<p><a href=\"https:\/\/sites.uel.br\/proaf\/wp-content\/uploads\/2023\/05\/Requerimento-Desconto-Servidor-Dependente-Pos-Graduacao.doc\" target=\"_blank\" rel=\"noreferrer noopener\">Requerimento de Bolsa Servidor\/Dependentes<\/a><\/p>\n\n\n\n<p><a href=\"https:\/\/sites.uel.br\/proaf\/wp-content\/uploads\/2023\/05\/req_ressarcimento_creditos_ru.doc\" target=\"_blank\" rel=\"noreferrer noopener\">Requerimento Ressarcimento Cr\u00e9ditos RU<\/a><\/p>\n\n\n\n<p><a href=\"https:\/\/sites.uel.br\/proaf\/wp-content\/uploads\/2023\/05\/RequerimentoGeral.doc\" target=\"_blank\" rel=\"noreferrer noopener\">Requerimento Geral<\/a><\/p>\n<\/div><\/details>\n\n\n\n<details class=\"wp-block-themeisle-blocks-accordion-item\"><summary class=\"wp-block-themeisle-blocks-accordion-item__title\"><div><strong>Seguro Viagem<\/strong><\/div><\/summary><div class=\"wp-block-themeisle-blocks-accordion-item__content\">\n<p><a href=\"https:\/\/sites.uel.br\/proaf\/wp-content\/uploads\/2023\/05\/Seguroviagem_royal.doc\" target=\"_blank\" rel=\"noreferrer noopener\">Comprovante de Seguro de Acidentes Pessoais\/Coletivo<\/a><\/p>\n<\/div><\/details>\n\n\n\n<details class=\"wp-block-themeisle-blocks-accordion-item\"><summary class=\"wp-block-themeisle-blocks-accordion-item__title\"><div><strong>Viagem ao Exterior<\/strong><\/div><\/summary><div class=\"wp-block-themeisle-blocks-accordion-item__content\">\n<p>A despesa para cobertura de alimenta\u00e7\u00e3o, pousada, t\u00e1xis e outras, para viagem ao exterior \u00e9 enquadrada como ajuda de custo, cujo enquadramento na classifica\u00e7\u00e3o or\u00e7ament\u00e1ria \u00e9 3390.1403. N\u00e3o h\u00e1 necessidade de comprova\u00e7\u00e3o das despesas. A comprova\u00e7\u00e3o deve ser feita com documentos que comprovem a efetiva participa\u00e7\u00e3o do servidor no evento ou por relat\u00f3rio no caso de outras atividades. O c\u00e1lculo das di\u00e1rias para o exterior \u00e9 baseado em d\u00f3lares norte-americanos, cujo valor m\u00e1ximo por dia, obedece a seguinte tabela:<\/p>\n\n\n\n<figure class=\"wp-block-table\"><table><tbody><tr><td><strong>DESTINO<\/strong><\/td><td><strong>US$\/DIA<\/strong><\/td><\/tr><tr><td>Am\u00e9rica Latina<\/td><td>130,00<\/td><\/tr><tr><td>\u00c1frica<\/td><td>187,00<\/td><\/tr><tr><td>Am\u00e9rica do Norte<\/td><td>210,00<\/td><\/tr><tr><td>Europa \/ Turquia<\/td><td>236,00<\/td><\/tr><tr><td>\u00c1sia \/ Oceania<\/td><td>257,00<\/td><\/tr><\/tbody><\/table><\/figure>\n\n\n\n<p>Para efeito de convers\u00e3o em reais, deve-se utilizar o d\u00f3lar turismo.<\/p>\n\n\n\n<p>O servidor benefici\u00e1rio dever\u00e1 dar quita\u00e7\u00e3o do valor recebido atrav\u00e9s de recibo. O servidor s\u00f3 poder\u00e1 se ausentar do pa\u00eds ap\u00f3s preenchidas as formalidades legais e autoriza\u00e7\u00e3o do Governador. Para que o processo n\u00e3o fique retido na Casa Civil por informa\u00e7\u00f5es incompletas, \u00e9 necess\u00e1rio que todos os campos do formul\u00e1rio de solicita\u00e7\u00e3o estejam preenchidos corretamente. O formul\u00e1rio de solicita\u00e7\u00e3o deve ser apresentado junto com os seguintes documentos:&nbsp;<\/p>\n\n\n\n<p>&#8211; Convite para participa\u00e7\u00e3o do evento\/atividade;&nbsp;<br>&#8211; Comprovante de inscri\u00e7\u00e3o;&nbsp;<br>&#8211; Aceita\u00e7\u00e3o para apresenta\u00e7\u00e3o de trabalho\/semin\u00e1rio;&nbsp;<br>&#8211; C\u00f3pia do trabalho a ser apresentado, quando for o caso.<\/p>\n\n\n\n<p><a href=\"https:\/\/sites.uel.br\/proaf\/wp-content\/uploads\/2023\/05\/viagemexteriorart70.doc\" target=\"_blank\" rel=\"noreferrer noopener\">Solicita\u00e7\u00e3o de Viagem ao Exterior<\/a><\/p>\n<\/div><\/details>\n\n\n\n<details class=\"wp-block-themeisle-blocks-accordion-item\"><summary class=\"wp-block-themeisle-blocks-accordion-item__title\"><div><strong>Patrim\u00f4nio<\/strong><\/div><\/summary><div class=\"wp-block-themeisle-blocks-accordion-item__content\">\n<p><strong>Termo de Doa\u00e7\u00e3o:<\/strong> <a href=\"https:\/\/sites.uel.br\/proaf\/wp-content\/uploads\/2023\/07\/Termo-doacao_Pessoa-Fisica_2022-1.doc\">Pessoa F\u00edsica<\/a> \/ <a href=\"https:\/\/sites.uel.br\/proaf\/wp-content\/uploads\/2023\/07\/Termo-doacao_Pessoa-Juridica_2022-1.doc\">Pessoa Jur\u00eddica<\/a><\/p>\n\n\n\n<p><strong>Termo de Comodato:<\/strong> <a href=\"https:\/\/sites.uel.br\/proaf\/wp-content\/uploads\/2023\/07\/TERMO-DE-COMODATO_2022-1.doc\">Minuta do Termo de Comodato<\/a><\/p>\n\n\n\n<p><strong>Cautela:<\/strong> <a href=\"https:\/\/sistemas.uel.br\/sicor\/index\" target=\"_blank\" rel=\"noreferrer noopener\">Sistema SICOR<\/a><\/p>\n\n\n\n<p><a href=\"https:\/\/sites.uel.br\/proaf\/wp-content\/uploads\/2023\/07\/Formulario-para-atualizacao-do-espaco-fisico-das-unidades-no-SICOR-excel-97-2003.xls\">Formul\u00e1rio<\/a> para inclus\u00e3o\/exclus\u00e3o\/altera\u00e7\u00e3o de c\u00f3digos e nomenclatura de localiza\u00e7\u00e3o do espa\u00e7o f\u00edsico no SICOR &#8211; Sistema Integrado de Compras e Or\u00e7amento<\/p>\n<\/div><\/details>\n\n\n\n<details class=\"wp-block-themeisle-blocks-accordion-item\"><summary class=\"wp-block-themeisle-blocks-accordion-item__title\"><div><strong>Outros Formul\u00e1rios<\/strong><\/div><\/summary><div class=\"wp-block-themeisle-blocks-accordion-item__content\">\n<p><a href=\"https:\/\/sites.uel.br\/proaf\/wp-content\/uploads\/2023\/05\/cli.xls\" target=\"_blank\" rel=\"noreferrer noopener\">CLI &#8211; Controle de Liga\u00e7\u00f5es Interurbanas<\/a><\/p>\n<\/div><\/details>\n<\/div>\n","protected":false},"excerpt":{"rendered":"","protected":false},"author":12,"featured_media":0,"parent":0,"menu_order":0,"comment_status":"closed","ping_status":"closed","template":"","meta":{"_acf_changed":false,"_themeisle_gutenberg_block_has_review":false,"footnotes":""},"class_list":["post-158","page","type-page","status-publish","hentry"],"acf":[],"_links":{"self":[{"href":"https:\/\/sites.uel.br\/proaf\/wp-json\/wp\/v2\/pages\/158","targetHints":{"allow":["GET"]}}],"collection":[{"href":"https:\/\/sites.uel.br\/proaf\/wp-json\/wp\/v2\/pages"}],"about":[{"href":"https:\/\/sites.uel.br\/proaf\/wp-json\/wp\/v2\/types\/page"}],"author":[{"embeddable":true,"href":"https:\/\/sites.uel.br\/proaf\/wp-json\/wp\/v2\/users\/12"}],"replies":[{"embeddable":true,"href":"https:\/\/sites.uel.br\/proaf\/wp-json\/wp\/v2\/comments?post=158"}],"version-history":[{"count":39,"href":"https:\/\/sites.uel.br\/proaf\/wp-json\/wp\/v2\/pages\/158\/revisions"}],"predecessor-version":[{"id":842,"href":"https:\/\/sites.uel.br\/proaf\/wp-json\/wp\/v2\/pages\/158\/revisions\/842"}],"wp:attachment":[{"href":"https:\/\/sites.uel.br\/proaf\/wp-json\/wp\/v2\/media?parent=158"}],"curies":[{"name":"wp","href":"https:\/\/api.w.org\/{rel}","templated":true}]}}