{"id":142,"date":"2023-05-17T13:34:22","date_gmt":"2023-05-17T16:34:22","guid":{"rendered":"https:\/\/sites.uel.br\/proaf\/?page_id=142"},"modified":"2024-09-23T10:07:29","modified_gmt":"2024-09-23T13:07:29","slug":"links-uteis","status":"publish","type":"page","link":"https:\/\/sites.uel.br\/proaf\/links-uteis\/","title":{"rendered":"Links \u00dateis"},"content":{"rendered":"\n<div style=\"height:20px\" aria-hidden=\"true\" class=\"wp-block-spacer\"><\/div>\n\n\n\n<div class=\"wp-block-columns is-layout-flex wp-container-core-columns-is-layout-9d6595d7 wp-block-columns-is-layout-flex\">\n<div class=\"wp-block-column is-layout-flow wp-block-column-is-layout-flow\">\n<h3 class=\"wp-block-heading\">Governo<\/h3>\n\n\n\n<p><a rel=\"noreferrer noopener\" href=\"http:\/\/www.brasil.gov.br\/\" target=\"_blank\">Governo Federal<\/a><\/p>\n\n\n\n<p><a rel=\"noreferrer noopener\" href=\"http:\/\/www.pr.gov.br\/\" target=\"_blank\">Governo do Estado do Paran\u00e1<\/a><\/p>\n\n\n\n<p><a rel=\"noreferrer noopener\" href=\"http:\/\/www.receita.fazenda.gov.br\/\" target=\"_blank\">Secretaria da Receita Federal<\/a><\/p>\n\n\n\n<p><a rel=\"noreferrer noopener\" href=\"https:\/\/www.fazenda.pr.gov.br\/\" target=\"_blank\">Secretaria da Fazenda do Paran\u00e1<\/a><\/p>\n\n\n\n<p><a rel=\"noreferrer noopener\" href=\"https:\/\/www.seti.pr.gov.br\/\" target=\"_blank\">Secretaria da Ci\u00eancia, Tec. e Ensino Superior &#8211; SETI<\/a><\/p>\n\n\n\n<p><a rel=\"noreferrer noopener\" href=\"https:\/\/www1.tce.pr.gov.br\/\" target=\"_blank\">Tribunal de Contas do Paran\u00e1<\/a><\/p>\n<\/div>\n\n\n\n<div class=\"wp-block-column is-layout-flow wp-block-column-is-layout-flow\">\n<h3 class=\"wp-block-heading\"><strong>Pesquisar CND e CRF<\/strong><\/h3>\n\n\n\n<p><a rel=\"noreferrer noopener\" href=\"https:\/\/solucoes.receita.fazenda.gov.br\/servicos\/certidaointernet\/pj\/emitir\" target=\"_blank\">Conjunta Receita Federal e INSS<\/a><\/p>\n\n\n\n<p><a href=\"http:\/\/gps.receita.fazenda.gov.br\/\">Contribui\u00e7\u00f5es Previdenci\u00e1rias<\/a><\/p>\n\n\n\n<p><a rel=\"noreferrer noopener\" href=\"https:\/\/cndt-certidao.tst.jus.br\/inicio.faces\" data-type=\"URL\" target=\"_blank\">D\u00e9bitos trabalhistas &#8211; CNDT<\/a><\/p>\n\n\n\n<p><a href=\"https:\/\/portal.londrina.pr.gov.br\/certidoes-servicos-online\/certidao-negaiva-iss-taxas-serv-online\" target=\"_blank\" rel=\"noreferrer noopener\">ISS e Taxas Prefeitura Munic. Londrina<\/a><\/p>\n\n\n\n<p><a href=\"https:\/\/www.fazenda.pr.gov.br\/servicos\/Fomento\/Documentos\/Emitir-Certidao-Negativa-Receita-Estadual-kZrX5gol\" target=\"_blank\" rel=\"noreferrer noopener\">Receita Estadual &#8211; Paran\u00e1<\/a><\/p>\n\n\n\n<p><a rel=\"noreferrer noopener\" href=\"https:\/\/consulta-crf.caixa.gov.br\/consultacrf\/pages\/consultaEmpregador.jsf\" target=\"_blank\">Regularidade FGTS<\/a><\/p>\n<\/div>\n<\/div>\n\n\n\n<div class=\"wp-block-columns is-layout-flex wp-container-core-columns-is-layout-9d6595d7 wp-block-columns-is-layout-flex\">\n<div class=\"wp-block-column is-layout-flow wp-block-column-is-layout-flow\">\n<h3 class=\"wp-block-heading\">Institui\u00e7\u00f5es conveniadas com a UEL<\/h3>\n\n\n\n<p><a href=\"http:\/\/www.anvisa.gov.br\/\" target=\"_blank\" rel=\"noreferrer noopener\">Ag\u00eancia Nacional de Vigil\u00e2ncia Sanit\u00e1ria &#8211; ANVISA<\/a><\/p>\n\n\n\n<p><a href=\"https:\/\/www.embrapa.br\/\" target=\"_blank\" rel=\"noreferrer noopener\">Empresa Bras. de Pesq. Agropecu\u00e1ria &#8211; Embrapa<\/a><\/p>\n\n\n\n<p><a rel=\"noreferrer noopener\" href=\"http:\/\/www.finep.gov.br\/\" target=\"_blank\">Financiadora de Estudos e Projetos &#8211; FINEP<\/a><\/p>\n\n\n\n<p><a href=\"http:\/\/www.seti.gov.br\/araucaria\/index.htm\">Funda\u00e7\u00e3o Arauc\u00e1ria<\/a><\/p>\n\n\n\n<p><a rel=\"noreferrer noopener\" href=\"http:\/\/www.capes.gov.br\/\" target=\"_blank\">Fund. Coord. de Aperf.&nbsp;Pessoal de N\u00edvel Superior &#8211; CAPES<\/a><\/p>\n\n\n\n<p><a href=\"http:\/\/fns.saude.gov.br\/\">Funda\u00e7\u00e3o Nacional de Sa\u00fade &#8211; FNS<\/a><\/p>\n\n\n\n<p><a href=\"http:\/\/www.seti.gov.br\/paranatecnologia\/\">Paran\u00e1 Tecnologia<\/a><\/p>\n\n\n\n<p><a href=\"http:\/\/www.mec.gov.br\/sesu\/default.shtm\">Secretaria de Educa\u00e7\u00e3o Superior &#8211; SESu<\/a><\/p>\n\n\n\n<p><a href=\"http:\/\/www.met.gov.br\/sne\/sne.htm\">Secretaria Nacional do Esporte<\/a><\/p>\n<\/div>\n\n\n\n<div class=\"wp-block-column is-layout-flow wp-block-column-is-layout-flow\">\n<h3 class=\"wp-block-heading\">Outras Pesquisas<\/h3>\n\n\n\n<p><a href=\"https:\/\/www.gov.br\/pt-br\/servicos\/consultar-cadastro-de-pessoas-fisicas\" target=\"_blank\" rel=\"noreferrer noopener\">Consulta CPF<\/a><\/p>\n\n\n\n<p><a href=\"https:\/\/solucoes.receita.fazenda.gov.br\/Servicos\/cnpjreva\/cnpjreva_solicitacao.asp\" target=\"_blank\" rel=\"noreferrer noopener\">Consulta CNPJ<\/a><\/p>\n\n\n\n<p><a href=\"https:\/\/www.nfe.fazenda.gov.br\/portal\/consultaRecaptcha.aspx?tipoConsulta=resumo&amp;tipoConteudo=7PhJ+gAVw2g=\" target=\"_blank\" rel=\"noreferrer noopener\">Autenticidade Nota Fiscal Eletr\u00f4nica<\/a><\/p>\n\n\n\n<p><a rel=\"noreferrer noopener\" href=\"https:\/\/www.notaparana.pr.gov.br\/\" target=\"_blank\">Nota fiscal eletr\u00f4nica \u2013 Paran\u00e1<\/a><\/p>\n\n\n\n<p><a href=\"https:\/\/auth-cs.identidadedigital.pr.gov.br\/centralautenticacao\/login.html?response_type=code&amp;client_id=9188905e74c28e489b44e954ec0b9bca&amp;redirect_uri=https%3A%2F%2Fwww.eprotocolo.pr.gov.br%2Fspiweb&amp;scope=null&amp;state=1688667643824&amp;urlCert=https:\/\/certauth-cs.identidadedigital.pr.gov.br&amp;dnsCidadao=https:\/\/cidadao-cs.identidadedigital.pr.gov.br\/centralcidadao&amp;loginPadrao=btnCentral&amp;labelCentral=CPF,Login%20Sentinela&amp;modulosDeAutenticacao=btnGovbr,btnSentinela,btnExpresso,btnCertificado,btnSms,btnCpf,btnEmailToken,btnSanepar,btnCentral&amp;urlLogo=https%3A%2F%2Fwww.eprotocolo.pr.gov.br%2Fspiweb%2Fimages%2Flogo_eprotocolo.png&amp;acesso=2070&amp;tokenFormat=jwt&amp;exibirLinkAutoCadastro=true&amp;exibirLinkRecuperarSenha=true&amp;exibirLinkAutoCadastroCertificado=false&amp;captcha=false\" target=\"_blank\" rel=\"noreferrer noopener\">e-Protocolo<\/a><\/p>\n\n\n\n<p><a rel=\"noreferrer noopener\" href=\"https:\/\/www.gms.pr.gov.br\/gms\/consultarSancao.do?action=iniciarProcesso\" target=\"_blank\">Gest\u00e3o de Materiais e Servi\u00e7os &#8211; GMS<\/a><\/p>\n\n\n\n<p><a href=\"https:\/\/www.sistemasweb.uel.br\/index.php?contents=system\/fin\/index.php&amp;p_pagina=cadastro_forn\">Pr\u00e9-Cadastro de Fornecedor <\/a><\/p>\n<\/div>\n<\/div>\n\n\n\n<p><\/p>\n\n\n\n<div class=\"wp-block-columns is-layout-flex wp-container-core-columns-is-layout-9d6595d7 wp-block-columns-is-layout-flex\">\n<div class=\"wp-block-column is-layout-flow wp-block-column-is-layout-flow\">\n<h3 class=\"wp-block-heading\">Bancos<\/h3>\n\n\n\n<p><a rel=\"noreferrer noopener\" href=\"http:\/\/www.itau.com.br\/\" target=\"_blank\">Banco Ita\u00fa S\/A<\/a><\/p>\n\n\n\n<p><a rel=\"noreferrer noopener\" href=\"http:\/\/www.bb.com.br\/\" target=\"_blank\">Banco do Brasil S\/A<\/a><\/p>\n\n\n\n<p><a rel=\"noreferrer noopener\" href=\"https:\/\/www.caixa.gov.br\/Paginas\/home-caixa.aspx\" target=\"_blank\">Caixa Econ\u00f4mica Federal<\/a><\/p>\n\n\n\n<p><a rel=\"noreferrer noopener\" href=\"http:\/\/www.bcb.gov.br\/\" target=\"_blank\">Banco Central do Brasil<\/a><\/p>\n<\/div>\n\n\n\n<div class=\"wp-block-column is-layout-flow wp-block-column-is-layout-flow\">\n<h3 class=\"wp-block-heading\">Publica\u00e7\u00f5es Oficiais<\/h3>\n\n\n\n<p><a href=\"https:\/\/www.imprensaoficial.pr.gov.br\/\" target=\"_blank\" rel=\"noreferrer noopener\">Di\u00e1rio Oficial do Estado &#8211; DIOE<\/a><\/p>\n\n\n\n<p><a rel=\"noreferrer noopener\" href=\"https:\/\/www.gov.br\/imprensanacional\/pt-br\" target=\"_blank\">Di\u00e1rio Oficial da Uni\u00e3o &#8211; DOU<\/a><\/p>\n<\/div>\n<\/div>\n\n\n\n<h3 class=\"wp-block-heading\">Transpar\u00eancia<\/h3>\n\n\n\n<p><a href=\"http:\/\/www.transparencia.pr.gov.br\/pte\/home;jsessionid=EqtAiVAIQITwZ9EwMGiMn_P61Ncz-OCz_7RRB0xa.ssecs75004?windowId=278\" target=\"_blank\" rel=\"noreferrer noopener\">Estado do Paran\u00e1<\/a><\/p>\n\n\n\n<p><a rel=\"noreferrer noopener\" href=\"https:\/\/sistemas.uel.br\/portaltransparencia\/index\" target=\"_blank\">Universidade Estadual de Londrina<\/a><\/p>\n","protected":false},"excerpt":{"rendered":"<p>Governo Governo Federal Governo do Estado do Paran\u00e1 Secretaria da Receita Federal Secretaria da Fazenda do Paran\u00e1 Secretaria da Ci\u00eancia, Tec. e Ensino Superior &#8211; SETI Tribunal de Contas do Paran\u00e1 Pesquisar CND e CRF Conjunta Receita Federal e INSS Contribui\u00e7\u00f5es Previdenci\u00e1rias D\u00e9bitos trabalhistas &#8211; CNDT ISS e Taxas Prefeitura Munic. Londrina Receita Estadual &#8211; [&hellip;]<\/p>\n","protected":false},"author":11,"featured_media":0,"parent":0,"menu_order":0,"comment_status":"closed","ping_status":"closed","template":"","meta":{"_acf_changed":false,"_themeisle_gutenberg_block_has_review":false,"footnotes":""},"class_list":["post-142","page","type-page","status-publish","hentry"],"acf":[],"_links":{"self":[{"href":"https:\/\/sites.uel.br\/proaf\/wp-json\/wp\/v2\/pages\/142","targetHints":{"allow":["GET"]}}],"collection":[{"href":"https:\/\/sites.uel.br\/proaf\/wp-json\/wp\/v2\/pages"}],"about":[{"href":"https:\/\/sites.uel.br\/proaf\/wp-json\/wp\/v2\/types\/page"}],"author":[{"embeddable":true,"href":"https:\/\/sites.uel.br\/proaf\/wp-json\/wp\/v2\/users\/11"}],"replies":[{"embeddable":true,"href":"https:\/\/sites.uel.br\/proaf\/wp-json\/wp\/v2\/comments?post=142"}],"version-history":[{"count":28,"href":"https:\/\/sites.uel.br\/proaf\/wp-json\/wp\/v2\/pages\/142\/revisions"}],"predecessor-version":[{"id":816,"href":"https:\/\/sites.uel.br\/proaf\/wp-json\/wp\/v2\/pages\/142\/revisions\/816"}],"wp:attachment":[{"href":"https:\/\/sites.uel.br\/proaf\/wp-json\/wp\/v2\/media?parent=142"}],"curies":[{"name":"wp","href":"https:\/\/api.w.org\/{rel}","templated":true}]}}