{"id":111,"date":"2023-03-30T15:02:15","date_gmt":"2023-03-30T18:02:15","guid":{"rendered":"https:\/\/sites.uel.br\/proaf\/?page_id=111"},"modified":"2024-06-12T12:04:55","modified_gmt":"2024-06-12T15:04:55","slug":"canais-de-atendimento","status":"publish","type":"page","link":"https:\/\/sites.uel.br\/proaf\/canais-de-atendimento\/","title":{"rendered":"Canais de Atendimento"},"content":{"rendered":"\n<div style=\"height:10px\" aria-hidden=\"true\" class=\"wp-block-spacer\"><\/div>\n\n\n\n<h2 class=\"wp-block-heading\">Atendimento Presencial<\/h2>\n\n\n\n<div class=\"wp-block-columns is-layout-flex wp-container-core-columns-is-layout-9d6595d7 wp-block-columns-is-layout-flex\">\n<div class=\"wp-block-column is-layout-flow wp-block-column-is-layout-flow\" style=\"flex-basis:350px\">\n<p><strong>Dias da semana: <\/strong><br>Segunda \u00e0 Sexta <\/p>\n\n\n\n<p><strong>Hor\u00e1rios:<\/strong><br><strong> <\/strong>08h00 \u00e0s 11h30<br>14h00 \u00e0s 17h00<\/p>\n\n\n\n<p><strong>Local:<\/strong><br>Pr\u00f3-Reitoria de Administra\u00e7\u00e3o e Finan\u00e7as (PROAF)<\/p>\n\n\n\n<p><strong>E-mail:<\/strong> <br><a href=\"mailto:proaf@uel.br\">proaf@uel.br<\/a><\/p>\n\n\n\n<p><strong>Telefone: <\/strong><br>3371 \u2013 4354<\/p>\n<\/div>\n\n\n\n<div class=\"wp-block-column is-layout-flow wp-block-column-is-layout-flow\">\n<iframe src=\"https:\/\/www.google.com\/maps\/embed?pb=!1m18!1m12!1m3!1d3663.6858245829053!2d-51.19667484600213!3d-23.327155189480752!2m3!1f0!2f0!3f0!3m2!1i1024!2i768!4f13.1!3m3!1m2!1s0x94eb5ca401f2679d%3A0xe7aacf864ba64645!2sPROAF%20-%20Pr%C3%B3-Reitoria%20de%20Administra%C3%A7%C3%A3o%20e%20Finan%C3%A7as!5e0!3m2!1spt-BR!2sbr!4v1698253335798!5m2!1spt-BR!2sbr\" width=\"600\" height=\"450\" style=\"border:0;\" allowfullscreen=\"\" loading=\"lazy\" referrerpolicy=\"no-referrer-when-downgrade\"><\/iframe>\n<\/div>\n<\/div>\n\n\n\n<h2 class=\"wp-block-heading\">Atendimento Especializado <\/h2>\n\n\n\n<h3 class=\"wp-block-heading\" style=\"font-size:25px\">Diretoria Administrativa<\/h3>\n\n\n\n<p>(43) 3371-4767 &#8211; <a href=\"mailto:butarell@uel.br\">mariaclaudia@uel.br<\/a> <\/p>\n\n\n\n<div style=\"height:20px\" aria-hidden=\"true\" class=\"wp-block-spacer\"><\/div>\n\n\n\n<div class=\"wp-block-columns is-layout-flex wp-container-core-columns-is-layout-9d6595d7 wp-block-columns-is-layout-flex\">\n<div class=\"wp-block-column is-layout-flow wp-block-column-is-layout-flow\">\n<h4 class=\"wp-block-heading\">Apoio Administrativo<\/h4>\n\n\n\n<p class=\"sem-margem\"><\/p>\n\n\n\n<p>(43) 3371-4974  <br>(43) 3371-4474<\/p>\n\n\n\n<p><\/p>\n<\/div>\n\n\n\n<div class=\"wp-block-column is-layout-flow wp-block-column-is-layout-flow\">\n<h4 class=\"wp-block-heading\">Reprografia<\/h4>\n\n\n\n<p class=\"sem-margem\"><\/p>\n\n\n\n<p class=\"sem-margem\">(43) 3371-4334<\/p>\n\n\n\n<p><\/p>\n<\/div>\n\n\n\n<div class=\"wp-block-column is-layout-flow wp-block-column-is-layout-flow\">\n<h4 class=\"wp-block-heading\">Apoio T\u00e9cnico<\/h4>\n\n\n\n<p class=\"sem-margem\"><a href=\"mailto:contratos-da@uel.br\">contratos-da@uel.br<\/a><\/p>\n\n\n\n<p class=\"sem-margem\">(43) 3371-4658<\/p>\n\n\n\n<p><\/p>\n<\/div>\n<\/div>\n\n\n\n<div class=\"wp-block-columns is-layout-flex wp-container-core-columns-is-layout-9d6595d7 wp-block-columns-is-layout-flex\">\n<div class=\"wp-block-column is-layout-flow wp-block-column-is-layout-flow\">\n<h4 class=\"wp-block-heading\">Cadastro e Patrim\u00f4nio<\/h4>\n\n\n\n<p class=\"sem-margem\">(43) 3371-4374<\/p>\n<\/div>\n\n\n\n<div class=\"wp-block-column is-layout-flow wp-block-column-is-layout-flow\">\n<h4 class=\"wp-block-heading\">Fiscaliza\u00e7\u00e3o de Patrim\u00f4nio<\/h4>\n\n\n\n<p>(43) 3371-4753<\/p>\n<\/div>\n\n\n\n<div class=\"wp-block-column is-layout-flow wp-block-column-is-layout-flow\">\n<h4 class=\"wp-block-heading\"><\/h4>\n\n\n\n<div style=\"height:20px\" aria-hidden=\"true\" class=\"wp-block-spacer\"><\/div>\n<\/div>\n<\/div>\n\n\n\n<hr class=\"wp-block-separator has-alpha-channel-opacity is-style-wide\"\/>\n\n\n\n<h3 class=\"wp-block-heading\" style=\"font-size:25px\">Diretoria Financeira<\/h3>\n\n\n\n<p>(43) 3371-4129 &#8211; <a href=\"mailto:diretoriafinanceira@uel.br\">diretoriafinanceira@uel.br<\/a><\/p>\n\n\n\n<div style=\"height:20px\" aria-hidden=\"true\" class=\"wp-block-spacer\"><\/div>\n\n\n\n<div class=\"wp-block-columns is-layout-flex wp-container-core-columns-is-layout-9d6595d7 wp-block-columns-is-layout-flex\">\n<div class=\"wp-block-column is-layout-flow wp-block-column-is-layout-flow\">\n<h4 class=\"wp-block-heading\">Controle Or\u00e7ament\u00e1rio e de Conv\u00eanios<\/h4>\n\n\n\n<p class=\"sem-margem\"><a href=\"mailto:renatojr@uel.br\">convenios@uel.br<\/a><\/p>\n\n\n\n<p class=\"sem-margem\">(43) 3371-4043<br>(43) 3371-4324<\/p>\n\n\n\n<div style=\"height:20px\" aria-hidden=\"true\" class=\"wp-block-spacer\"><\/div>\n<\/div>\n\n\n\n<div class=\"wp-block-column is-layout-flow wp-block-column-is-layout-flow\">\n<h4 class=\"wp-block-heading\">Divis\u00e3o de Contabilidade<\/h4>\n\n\n\n<p class=\"sem-margem\"><a href=\"mailto:contabilidade@uel.br\">contabilidade@uel.br<\/a><\/p>\n\n\n\n<p class=\"sem-margem\">(43) 3371-4434<\/p>\n\n\n\n<p><\/p>\n<\/div>\n\n\n\n<div class=\"wp-block-column is-layout-flow wp-block-column-is-layout-flow\">\n<h4 class=\"wp-block-heading\">Controle Financeiro de Alunos<\/h4>\n\n\n\n<p class=\"sem-margem\"><a href=\"mailto:dcfa@uel.br\">dcfa@uel.br<\/a><\/p>\n\n\n\n<p class=\"sem-margem\">(43) 3371-4344<\/p>\n\n\n\n<p><\/p>\n<\/div>\n<\/div>\n\n\n\n<div class=\"wp-block-columns is-layout-flex wp-container-core-columns-is-layout-9d6595d7 wp-block-columns-is-layout-flex\">\n<div class=\"wp-block-column is-layout-flow wp-block-column-is-layout-flow\">\n<h4 class=\"wp-block-heading\">Tesouraria<\/h4>\n\n\n\n<p class=\"sem-margem\"><a href=\"mailto:tesouraria@uel.br\">tesouraria@uel.br<\/a><\/p>\n\n\n\n<p class=\"sem-margem\">(43) 3371-4504<\/p>\n\n\n\n<p><\/p>\n\n\n\n<div style=\"height:20px\" aria-hidden=\"true\" class=\"wp-block-spacer\"><\/div>\n<\/div>\n\n\n\n<div class=\"wp-block-column is-layout-flow wp-block-column-is-layout-flow\">\n<h4 class=\"wp-block-heading\">Liq. e Proc. de Despesas<\/h4>\n\n\n\n<p class=\"sem-margem\"><a href=\"mailto:pagamento@uel.br\">pagamento@uel.br<\/a><\/p>\n\n\n\n<p class=\"sem-margem\">(43) 3371-4314<\/p>\n\n\n\n<p>(43) 3371-4128<\/p>\n\n\n\n<div style=\"height:20px\" aria-hidden=\"true\" class=\"wp-block-spacer\"><\/div>\n<\/div>\n\n\n\n<div class=\"wp-block-column is-layout-flow wp-block-column-is-layout-flow\">\n<h4 class=\"wp-block-heading\"><\/h4>\n<\/div>\n<\/div>\n\n\n\n<hr class=\"wp-block-separator has-alpha-channel-opacity is-style-wide\"\/>\n\n\n\n<h3 class=\"wp-block-heading\" style=\"font-size:25px\">Diretoria de Material<\/h3>\n\n\n\n<p>(43) 3371-4384 &#8211; <\/p>\n\n\n\n<div style=\"height:20px\" aria-hidden=\"true\" class=\"wp-block-spacer\"><\/div>\n\n\n\n<div class=\"wp-block-columns is-layout-flex wp-container-core-columns-is-layout-9d6595d7 wp-block-columns-is-layout-flex\">\n<div class=\"wp-block-column is-layout-flow wp-block-column-is-layout-flow\">\n<h4 class=\"wp-block-heading\">Almoxarifado<\/h4>\n\n\n\n<p class=\"sem-margem\"><a href=\"mailto:dmalmoxarifado@uel.br\">dmalmoxarifado@uel.br<\/a><\/p>\n\n\n\n<p class=\"sem-margem\">(43) 3371-4199<br>(43) 3371-4394<\/p>\n\n\n\n<div style=\"height:24px\" aria-hidden=\"true\" class=\"wp-block-spacer\"><\/div>\n\n\n\n<div style=\"height:30px\" aria-hidden=\"true\" class=\"wp-block-spacer\"><\/div>\n\n\n\n<p><strong>Informa\u00e7\u00f5es sobre requisi\u00e7\u00f5es de estoque<\/strong>:<br>(43) 3371-4394<br>(43) 3371- 5848<\/p>\n\n\n\n<div style=\"height:20px\" aria-hidden=\"true\" class=\"wp-block-spacer\"><\/div>\n<\/div>\n\n\n\n<div class=\"wp-block-column is-layout-flow wp-block-column-is-layout-flow\">\n<h4 class=\"wp-block-heading\">Compras para Conv\u00eanio<\/h4>\n\n\n\n<p class=\"sem-margem\"><a href=\"mailto:dm.dcc@uel.br\">dm.dcc@uel.br<\/a><\/p>\n\n\n\n<p>(43) 3371-4996<\/p>\n\n\n\n<div style=\"height:80px\" aria-hidden=\"true\" class=\"wp-block-spacer\"><\/div>\n\n\n\n<h4 class=\"wp-block-heading\">Registro de Pre\u00e7os e Gest\u00e3o de Contratos<\/h4>\n\n\n\n<p class=\"sem-margem\"><a href=\"mailto:registrodeprecos@uel.br\">registrodeprecos@uel.br<\/a><\/p>\n\n\n\n<p>(43) 3371-4195<\/p>\n<\/div>\n\n\n\n<div class=\"wp-block-column is-layout-flow wp-block-column-is-layout-flow\">\n<h4 class=\"wp-block-heading\">Licita\u00e7\u00e3o<\/h4>\n\n\n\n<p class=\"sem-margem\"><a href=\"mailto:jbos@uel.br\">dm.dl@uel.br<\/a><\/p>\n\n\n\n<p class=\"sem-margem\">(43) 3371-4404<\/p>\n\n\n\n<p><\/p>\n\n\n\n<div style=\"height:69px\" aria-hidden=\"true\" class=\"wp-block-spacer\"><\/div>\n\n\n\n<h4 class=\"wp-block-heading\">Servi\u00e7o e Apoio<\/h4>\n\n\n\n<p class=\"sem-margem\"><a href=\"mailto:dm.dsa@uel.br\">dm.dsa@uel.br<\/a><\/p>\n\n\n\n<p>(43) 3371-4742<\/p>\n<\/div>\n<\/div>\n\n\n\n<div class=\"wp-block-columns is-layout-flex wp-container-core-columns-is-layout-9d6595d7 wp-block-columns-is-layout-flex\">\n<div class=\"wp-block-column is-layout-flow wp-block-column-is-layout-flow\">\n<h4 class=\"wp-block-heading\">Suprimentos<\/h4>\n\n\n\n<p><a href=\"mailto:kaks@uel.br\">suprimentos@uel.br<\/a><br>(43) 3371-4743<\/p>\n\n\n\n<div style=\"height:20px\" aria-hidden=\"true\" class=\"wp-block-spacer\"><\/div>\n\n\n\n<div style=\"height:20px\" aria-hidden=\"true\" class=\"wp-block-spacer\"><\/div>\n\n\n\n<p><\/p>\n<\/div>\n<\/div>\n\n\n\n<p>N\u00e3o encontrou o que procurava? Acesse a p\u00e1gina da PROAF na <a href=\"https:\/\/sites.uel.br\/proplan\/lista-telefonica-da-uel\/\" target=\"_blank\" rel=\"noreferrer noopener\">Lista Telef\u00f4nica da UEL<\/a>.<\/p>\n","protected":false},"excerpt":{"rendered":"<p>Atendimento Presencial Dias da semana: Segunda \u00e0 Sexta Hor\u00e1rios: 08h00 \u00e0s 11h3014h00 \u00e0s 17h00 Local:Pr\u00f3-Reitoria de Administra\u00e7\u00e3o e Finan\u00e7as (PROAF) E-mail: proaf@uel.br Telefone: 3371 \u2013 4354 Atendimento Especializado Diretoria Administrativa (43) 3371-4767 &#8211; mariaclaudia@uel.br Apoio Administrativo (43) 3371-4974 (43) 3371-4474 Reprografia (43) 3371-4334 Apoio T\u00e9cnico contratos-da@uel.br (43) 3371-4658 Cadastro e Patrim\u00f4nio (43) 3371-4374 Fiscaliza\u00e7\u00e3o de [&hellip;]<\/p>\n","protected":false},"author":2,"featured_media":0,"parent":0,"menu_order":0,"comment_status":"closed","ping_status":"closed","template":"","meta":{"_acf_changed":false,"_themeisle_gutenberg_block_has_review":false,"footnotes":""},"class_list":["post-111","page","type-page","status-publish","hentry"],"acf":[],"_links":{"self":[{"href":"https:\/\/sites.uel.br\/proaf\/wp-json\/wp\/v2\/pages\/111","targetHints":{"allow":["GET"]}}],"collection":[{"href":"https:\/\/sites.uel.br\/proaf\/wp-json\/wp\/v2\/pages"}],"about":[{"href":"https:\/\/sites.uel.br\/proaf\/wp-json\/wp\/v2\/types\/page"}],"author":[{"embeddable":true,"href":"https:\/\/sites.uel.br\/proaf\/wp-json\/wp\/v2\/users\/2"}],"replies":[{"embeddable":true,"href":"https:\/\/sites.uel.br\/proaf\/wp-json\/wp\/v2\/comments?post=111"}],"version-history":[{"count":26,"href":"https:\/\/sites.uel.br\/proaf\/wp-json\/wp\/v2\/pages\/111\/revisions"}],"predecessor-version":[{"id":756,"href":"https:\/\/sites.uel.br\/proaf\/wp-json\/wp\/v2\/pages\/111\/revisions\/756"}],"wp:attachment":[{"href":"https:\/\/sites.uel.br\/proaf\/wp-json\/wp\/v2\/media?parent=111"}],"curies":[{"name":"wp","href":"https:\/\/api.w.org\/{rel}","templated":true}]}}