{"id":827,"date":"2025-06-12T08:39:36","date_gmt":"2025-06-12T11:39:36","guid":{"rendered":"https:\/\/sites.uel.br\/portaltransparencia\/?page_id=827"},"modified":"2025-06-12T09:06:15","modified_gmt":"2025-06-12T12:06:15","slug":"plano-de-desenvolvimento-fisico","status":"publish","type":"page","link":"https:\/\/sites.uel.br\/portaltransparencia\/plano-de-desenvolvimento-fisico\/","title":{"rendered":"Plano de Desenvolvimento F\u00edsico"},"content":{"rendered":"\n<p>A retomada do Plano de Desenvolvimento F\u00edsico (PDF) do Campus Perobal da&nbsp;UEL ocorreu em 2007 com a revis\u00e3o da proposta de 1971 desenvolvida por Bross, Dos Santos &amp; Leitner Arquitetos. Essa rean\u00e1lise foi orientada pelo trabalho que tratou da&nbsp;<a rel=\"noreferrer noopener\" href=\"https:\/\/sites.uel.br\/proplan\/wp-content\/uploads\/2023\/10\/Plano_Diretor_MAIO_07-1.pps\" target=\"_blank\">Situa\u00e7\u00e3o, Hist\u00f3rico de Planejamento e Diagn\u00f3stico do PDF<\/a>&nbsp;do Campus Perobal&nbsp;da&nbsp;UEL.&nbsp;<\/p>\n\n\n\n<p>Como consequ\u00eancia do trabalho de 2007,&nbsp; em 2010 foi publicado e aprovado o&nbsp;<a href=\"https:\/\/sites.uel.br\/proplan\/wp-content\/uploads\/2023\/10\/Plano-Diretor-2010.pdf\" target=\"_blank\" rel=\"noreferrer noopener\">Plano Diretor de Desenvolvimento F\u00edsico<\/a>, cujas diretrizes continuam a ser seguidas e aperfei\u00e7oadas pela Diretoria de Planejamento do Territ\u00f3rio e Edifica\u00e7\u00f5es \u2013 DPTE, antiga DPDF.<\/p>\n\n\n\n<p><\/p>\n","protected":false},"excerpt":{"rendered":"<p>A retomada do Plano de Desenvolvimento F\u00edsico (PDF) do Campus Perobal da&nbsp;UEL ocorreu em 2007 com a revis\u00e3o da proposta de 1971 desenvolvida por Bross, Dos Santos &amp; Leitner Arquitetos. Essa rean\u00e1lise foi orientada pelo trabalho que tratou da&nbsp;Situa\u00e7\u00e3o, Hist\u00f3rico de Planejamento e Diagn\u00f3stico do PDF&nbsp;do Campus Perobal&nbsp;da&nbsp;UEL.&nbsp; Como consequ\u00eancia do trabalho de 2007,&nbsp; em [&hellip;]<\/p>\n","protected":false},"author":6,"featured_media":0,"parent":0,"menu_order":0,"comment_status":"closed","ping_status":"closed","template":"","meta":{"footnotes":""},"class_list":["post-827","page","type-page","status-publish","hentry"],"acf":[],"_links":{"self":[{"href":"https:\/\/sites.uel.br\/portaltransparencia\/wp-json\/wp\/v2\/pages\/827","targetHints":{"allow":["GET"]}}],"collection":[{"href":"https:\/\/sites.uel.br\/portaltransparencia\/wp-json\/wp\/v2\/pages"}],"about":[{"href":"https:\/\/sites.uel.br\/portaltransparencia\/wp-json\/wp\/v2\/types\/page"}],"author":[{"embeddable":true,"href":"https:\/\/sites.uel.br\/portaltransparencia\/wp-json\/wp\/v2\/users\/6"}],"replies":[{"embeddable":true,"href":"https:\/\/sites.uel.br\/portaltransparencia\/wp-json\/wp\/v2\/comments?post=827"}],"version-history":[{"count":4,"href":"https:\/\/sites.uel.br\/portaltransparencia\/wp-json\/wp\/v2\/pages\/827\/revisions"}],"predecessor-version":[{"id":835,"href":"https:\/\/sites.uel.br\/portaltransparencia\/wp-json\/wp\/v2\/pages\/827\/revisions\/835"}],"wp:attachment":[{"href":"https:\/\/sites.uel.br\/portaltransparencia\/wp-json\/wp\/v2\/media?parent=827"}],"curies":[{"name":"wp","href":"https:\/\/api.w.org\/{rel}","templated":true}]}}