{"id":696,"date":"2025-05-05T16:12:47","date_gmt":"2025-05-05T19:12:47","guid":{"rendered":"https:\/\/sites.uel.br\/portaltransparencia\/?page_id=696"},"modified":"2026-03-11T14:48:43","modified_gmt":"2026-03-11T17:48:43","slug":"rol-de-informacoes-sigilosas","status":"publish","type":"page","link":"https:\/\/sites.uel.br\/portaltransparencia\/rol-de-informacoes-sigilosas\/","title":{"rendered":"Rol de Informa\u00e7\u00f5es Sigilosas"},"content":{"rendered":"\n<p><\/p>\n\n\n\n<p><strong>Ano &#8211; 2023<\/strong><\/p>\n\n\n\n<p>Em aten\u00e7\u00e3o aos princ\u00edpios da publicidade e efici\u00eancia, previstos no caput do art. 37 da Constitui\u00e7\u00e3o Federal e conforme o Artigo 23 da Lei 12.527\/2011 &#8211; Lei de Acesso \u00e0 Informa\u00e7\u00e3o (LAI), declaramos que n\u00e3o houve, no ano de 2023, registro de informa\u00e7\u00f5es com classifica\u00e7\u00e3o de sigilo na Universidade Estadual de Londrina.<\/p>\n\n\n\n<p><strong>Ano &#8211; 2024<\/strong><\/p>\n\n\n\n<p>Em aten\u00e7\u00e3o aos princ\u00edpios da publicidade e efici\u00eancia, previstos no caput do art. 37 da Constitui\u00e7\u00e3o Federal e conforme o Artigo 23 da Lei 12.527\/2011 &#8211; Lei de Acesso \u00e0 Informa\u00e7\u00e3o (LAI), declaramos que n\u00e3o houve, no ano de 2024, registro de informa\u00e7\u00f5es com classifica\u00e7\u00e3o de sigilo na Universidade Estadual de Londrina.<\/p>\n\n\n\n<p><strong>Ano &#8211; 2025&nbsp;<\/strong><\/p>\n\n\n\n<p>Em aten\u00e7\u00e3o aos princ\u00edpios da publicidade e efici\u00eancia, previstos no caput do art. 37 da Constitui\u00e7\u00e3o Federal e conforme o Artigo 23 da Lei 12.527\/2011 &#8211; Lei de Acesso \u00e0 Informa\u00e7\u00e3o (LAI),\u00a0declaramos que n\u00e3o houve , no ano de 2025,\u00a0registro de informa\u00e7\u00f5es com classifica\u00e7\u00e3o de sigilo na Universidade Estadual de Londrina.<\/p>\n\n\n\n<p><strong>Ano &#8211; 2026<\/strong><\/p>\n\n\n\n<p>Em aten\u00e7\u00e3o aos princ\u00edpios da publicidade e efici\u00eancia, previstos no caput do art. 37 da Constitui\u00e7\u00e3o Federal e conforme o Artigo 23 da Lei 12.527\/2011 &#8211; Lei de Acesso \u00e0 Informa\u00e7\u00e3o (LAI),&nbsp;<strong>declaramos que n\u00e3o houve at\u00e9 o momento,<\/strong>&nbsp;registro de informa\u00e7\u00f5es com classifica\u00e7\u00e3o de sigilo na Universidade Estadual de Londrina.<\/p>\n\n\n\n<p><\/p>\n","protected":false},"excerpt":{"rendered":"<p>Ano &#8211; 2023 Em aten\u00e7\u00e3o aos princ\u00edpios da publicidade e efici\u00eancia, previstos no caput do art. 37 da Constitui\u00e7\u00e3o Federal e conforme o Artigo 23 da Lei 12.527\/2011 &#8211; Lei de Acesso \u00e0 Informa\u00e7\u00e3o (LAI), declaramos que n\u00e3o houve, no ano de 2023, registro de informa\u00e7\u00f5es com classifica\u00e7\u00e3o de sigilo na Universidade Estadual de Londrina. [&hellip;]<\/p>\n","protected":false},"author":6,"featured_media":0,"parent":0,"menu_order":0,"comment_status":"closed","ping_status":"closed","template":"","meta":{"footnotes":""},"class_list":["post-696","page","type-page","status-publish","hentry"],"acf":[],"_links":{"self":[{"href":"https:\/\/sites.uel.br\/portaltransparencia\/wp-json\/wp\/v2\/pages\/696","targetHints":{"allow":["GET"]}}],"collection":[{"href":"https:\/\/sites.uel.br\/portaltransparencia\/wp-json\/wp\/v2\/pages"}],"about":[{"href":"https:\/\/sites.uel.br\/portaltransparencia\/wp-json\/wp\/v2\/types\/page"}],"author":[{"embeddable":true,"href":"https:\/\/sites.uel.br\/portaltransparencia\/wp-json\/wp\/v2\/users\/6"}],"replies":[{"embeddable":true,"href":"https:\/\/sites.uel.br\/portaltransparencia\/wp-json\/wp\/v2\/comments?post=696"}],"version-history":[{"count":7,"href":"https:\/\/sites.uel.br\/portaltransparencia\/wp-json\/wp\/v2\/pages\/696\/revisions"}],"predecessor-version":[{"id":1333,"href":"https:\/\/sites.uel.br\/portaltransparencia\/wp-json\/wp\/v2\/pages\/696\/revisions\/1333"}],"wp:attachment":[{"href":"https:\/\/sites.uel.br\/portaltransparencia\/wp-json\/wp\/v2\/media?parent=696"}],"curies":[{"name":"wp","href":"https:\/\/api.w.org\/{rel}","templated":true}]}}