{"id":219,"date":"2024-12-17T16:13:53","date_gmt":"2024-12-17T19:13:53","guid":{"rendered":"https:\/\/sites.uel.br\/portaltransparencia\/?page_id=219"},"modified":"2026-04-16T09:41:19","modified_gmt":"2026-04-16T12:41:19","slug":"estatisticas-de-pedidos-de-informacao","status":"publish","type":"page","link":"https:\/\/sites.uel.br\/portaltransparencia\/publicacao-anual\/estatisticas-de-pedidos-de-informacao\/","title":{"rendered":"Estat\u00edsticas de Pedidos de Informa\u00e7\u00e3o"},"content":{"rendered":"\n<p><strong>Ano &#8211; 2018<\/strong><\/p>\n\n\n\n<ul class=\"wp-block-list\">\n<li>17 solicita\u00e7\u00f5es recebidas por e-mail<\/li>\n\n\n\n<li>17 solicita\u00e7\u00f5es atendidas e respondidas por e-mail<\/li>\n\n\n\n<li>0 solicita\u00e7\u00f5es indeferidas<\/li>\n\n\n\n<li>0 solicita\u00e7\u00f5es pendentes<\/li>\n<\/ul>\n\n\n\n<p><strong>Ano &#8211; 2019<\/strong><\/p>\n\n\n\n<ul class=\"wp-block-list\">\n<li>24 solicita\u00e7\u00f5es recebidas por e-mail<\/li>\n\n\n\n<li>24 solicita\u00e7\u00f5es atendidas e respondidas por e-mail<\/li>\n\n\n\n<li>0 solicita\u00e7\u00f5es indeferidas<\/li>\n\n\n\n<li>0 solicita\u00e7\u00f5es pendentes<\/li>\n<\/ul>\n\n\n\n<p><strong>Ano &#8211; 2020<\/strong><\/p>\n\n\n\n<ul class=\"wp-block-list\">\n<li>20 solicita\u00e7\u00f5es recebidas por e-mail<\/li>\n\n\n\n<li>20 solicita\u00e7\u00f5es atendidas e respondidas por e-mail<\/li>\n\n\n\n<li>0 solicita\u00e7\u00f5es indeferidas<\/li>\n\n\n\n<li>0 solicita\u00e7\u00f5es pendentes<\/li>\n<\/ul>\n\n\n\n<p><strong>Ano &#8211; 2021<\/strong><\/p>\n\n\n\n<ul class=\"wp-block-list\">\n<li>21 solicita\u00e7\u00f5es recebidas por e-mail<\/li>\n\n\n\n<li>21 solicita\u00e7\u00f5es atendidas e respondidas por e-mail<\/li>\n\n\n\n<li>0 solicita\u00e7\u00f5es indeferidas<\/li>\n\n\n\n<li>0 solicita\u00e7\u00f5es pendentes<\/li>\n<\/ul>\n\n\n\n<p><strong>Ano &#8211; 2022<\/strong><\/p>\n\n\n\n<ul class=\"wp-block-list\">\n<li>15 solicita\u00e7\u00f5es recebidas por e-mail<\/li>\n\n\n\n<li>15 solicita\u00e7\u00f5es atendidas e respondidas por e-mail<\/li>\n\n\n\n<li>0 solicita\u00e7\u00f5es indeferidas<\/li>\n\n\n\n<li>0 solicita\u00e7\u00f5es pendentes<\/li>\n<\/ul>\n\n\n\n<p><strong>Ano &#8211; 2023<\/strong><\/p>\n\n\n\n<ul class=\"wp-block-list\">\n<li>29 solicita\u00e7\u00f5es recebidas por e-mail<\/li>\n\n\n\n<li>29 solicita\u00e7\u00f5es atendidas e respondidas por e-mail<\/li>\n\n\n\n<li>0 solicita\u00e7\u00f5es indeferidas<\/li>\n\n\n\n<li>0 solicita\u00e7\u00f5es pendentes<\/li>\n<\/ul>\n\n\n\n<p> <strong>Ano &#8211; 202<\/strong>4<\/p>\n\n\n\n<ul class=\"wp-block-list\">\n<li>38 solicita\u00e7\u00f5es recebidas por e-mail<\/li>\n\n\n\n<li>38 solicita\u00e7\u00f5es atendidas e respondidas por e-mail<\/li>\n\n\n\n<li>01  solicita\u00e7\u00e3o indeferida<\/li>\n\n\n\n<li>0 solicita\u00e7\u00f5es pendentes<\/li>\n<\/ul>\n\n\n\n<p><strong>Ano &#8211; 2025<\/strong><\/p>\n\n\n\n<ul class=\"wp-block-list\">\n<li>36 solicita\u00e7\u00f5es recebidas por e-mail<\/li>\n\n\n\n<li>36 solicita\u00e7\u00f5es atendidas e respondidas por e-mail<\/li>\n\n\n\n<li>0 solicita\u00e7\u00e3o indeferida<\/li>\n\n\n\n<li>0 solicita\u00e7\u00f5es pendentes<\/li>\n<\/ul>\n\n\n\n<p><\/p>\n","protected":false},"excerpt":{"rendered":"<p>Ano &#8211; 2018 Ano &#8211; 2019 Ano &#8211; 2020 Ano &#8211; 2021 Ano &#8211; 2022 Ano &#8211; 2023 Ano &#8211; 2024 Ano &#8211; 2025<\/p>\n","protected":false},"author":2,"featured_media":0,"parent":137,"menu_order":0,"comment_status":"closed","ping_status":"closed","template":"","meta":{"footnotes":""},"class_list":["post-219","page","type-page","status-publish","hentry"],"acf":[],"_links":{"self":[{"href":"https:\/\/sites.uel.br\/portaltransparencia\/wp-json\/wp\/v2\/pages\/219","targetHints":{"allow":["GET"]}}],"collection":[{"href":"https:\/\/sites.uel.br\/portaltransparencia\/wp-json\/wp\/v2\/pages"}],"about":[{"href":"https:\/\/sites.uel.br\/portaltransparencia\/wp-json\/wp\/v2\/types\/page"}],"author":[{"embeddable":true,"href":"https:\/\/sites.uel.br\/portaltransparencia\/wp-json\/wp\/v2\/users\/2"}],"replies":[{"embeddable":true,"href":"https:\/\/sites.uel.br\/portaltransparencia\/wp-json\/wp\/v2\/comments?post=219"}],"version-history":[{"count":4,"href":"https:\/\/sites.uel.br\/portaltransparencia\/wp-json\/wp\/v2\/pages\/219\/revisions"}],"predecessor-version":[{"id":1390,"href":"https:\/\/sites.uel.br\/portaltransparencia\/wp-json\/wp\/v2\/pages\/219\/revisions\/1390"}],"up":[{"embeddable":true,"href":"https:\/\/sites.uel.br\/portaltransparencia\/wp-json\/wp\/v2\/pages\/137"}],"wp:attachment":[{"href":"https:\/\/sites.uel.br\/portaltransparencia\/wp-json\/wp\/v2\/media?parent=219"}],"curies":[{"name":"wp","href":"https:\/\/api.w.org\/{rel}","templated":true}]}}