{"id":216,"date":"2024-12-17T16:12:49","date_gmt":"2024-12-17T19:12:49","guid":{"rendered":"https:\/\/sites.uel.br\/portaltransparencia\/?page_id=216"},"modified":"2026-03-11T15:00:35","modified_gmt":"2026-03-11T18:00:35","slug":"classificacao-de-documentos-por-grau-de-sigilo","status":"publish","type":"page","link":"https:\/\/sites.uel.br\/portaltransparencia\/publicacao-anual\/classificacao-de-documentos-por-grau-de-sigilo\/","title":{"rendered":"Classifica\u00e7\u00e3o de Documentos por Grau de Sigilo"},"content":{"rendered":"\n<p><strong>Ano &#8211; 2023<\/strong><\/p>\n\n\n\n<p>Em aten\u00e7\u00e3o aos princ\u00edpios da publicidade e efici\u00eancia, previstos no caput do art. 37 da Constitui\u00e7\u00e3o Federal e conforme o Artigo 23 da Lei 12.527\/2011 &#8211; Lei de Acesso \u00e0 Informa\u00e7\u00e3o (LAI), declaramos que n\u00e3o houve, no ano de 2023, registro de informa\u00e7\u00f5es com classifica\u00e7\u00e3o de sigilo na Universidade Estadual de Londrina.<\/p>\n\n\n\n<p><strong>Ano &#8211; 2024<\/strong><\/p>\n\n\n\n<p>Em aten\u00e7\u00e3o aos princ\u00edpios da publicidade e efici\u00eancia, previstos no caput do art. 37 da Constitui\u00e7\u00e3o Federal e conforme o Artigo 23 da Lei 12.527\/2011 &#8211; Lei de Acesso \u00e0 Informa\u00e7\u00e3o (LAI), declaramos que n\u00e3o houve, no ano de 2024, registro de informa\u00e7\u00f5es com classifica\u00e7\u00e3o de sigilo na Universidade Estadual de Londrina.<\/p>\n\n\n\n<p><strong><a href=\"https:\/\/www.uel.br\/portaltransparencia\/admin\/pages\/modify.php?page_id=279\">Ano &#8211; 2025<\/a><\/strong><\/p>\n\n\n\n<p>Em aten\u00e7\u00e3o aos princ\u00edpios da publicidade e efici\u00eancia, previstos no caput do art. 37 da Constitui\u00e7\u00e3o Federal e conforme o Artigo 23 da Lei 12.527\/2011 &#8211; Lei de Acesso \u00e0 Informa\u00e7\u00e3o (LAI),&nbsp;declaramos que n\u00e3o houve, no ano de 2025,&nbsp;registro de informa\u00e7\u00f5es com classifica\u00e7\u00e3o de sigilo na Universidade Estadual de Londrina.<\/p>\n\n\n\n<p><strong>Ano &#8211; 2026<\/strong><\/p>\n\n\n\n<p>Em aten\u00e7\u00e3o aos princ\u00edpios da publicidade e efici\u00eancia, previstos no caput do art. 37 da Constitui\u00e7\u00e3o Federal e conforme o Artigo 23 da Lei 12.527\/2011 &#8211; Lei de Acesso \u00e0 Informa\u00e7\u00e3o (LAI),&nbsp;declaramos que n\u00e3o houve, at\u00e9 o momento,&nbsp;registro de informa\u00e7\u00f5es com classifica\u00e7\u00e3o de sigilo na Universidade Estadual de Londrina.<\/p>\n\n\n\n<p><\/p>\n","protected":false},"excerpt":{"rendered":"<p>Ano &#8211; 2023 Em aten\u00e7\u00e3o aos princ\u00edpios da publicidade e efici\u00eancia, previstos no caput do art. 37 da Constitui\u00e7\u00e3o Federal e conforme o Artigo 23 da Lei 12.527\/2011 &#8211; Lei de Acesso \u00e0 Informa\u00e7\u00e3o (LAI), declaramos que n\u00e3o houve, no ano de 2023, registro de informa\u00e7\u00f5es com classifica\u00e7\u00e3o de sigilo na Universidade Estadual de Londrina. [&hellip;]<\/p>\n","protected":false},"author":2,"featured_media":0,"parent":137,"menu_order":0,"comment_status":"closed","ping_status":"closed","template":"","meta":{"footnotes":""},"class_list":["post-216","page","type-page","status-publish","hentry"],"acf":[],"_links":{"self":[{"href":"https:\/\/sites.uel.br\/portaltransparencia\/wp-json\/wp\/v2\/pages\/216","targetHints":{"allow":["GET"]}}],"collection":[{"href":"https:\/\/sites.uel.br\/portaltransparencia\/wp-json\/wp\/v2\/pages"}],"about":[{"href":"https:\/\/sites.uel.br\/portaltransparencia\/wp-json\/wp\/v2\/types\/page"}],"author":[{"embeddable":true,"href":"https:\/\/sites.uel.br\/portaltransparencia\/wp-json\/wp\/v2\/users\/2"}],"replies":[{"embeddable":true,"href":"https:\/\/sites.uel.br\/portaltransparencia\/wp-json\/wp\/v2\/comments?post=216"}],"version-history":[{"count":9,"href":"https:\/\/sites.uel.br\/portaltransparencia\/wp-json\/wp\/v2\/pages\/216\/revisions"}],"predecessor-version":[{"id":1340,"href":"https:\/\/sites.uel.br\/portaltransparencia\/wp-json\/wp\/v2\/pages\/216\/revisions\/1340"}],"up":[{"embeddable":true,"href":"https:\/\/sites.uel.br\/portaltransparencia\/wp-json\/wp\/v2\/pages\/137"}],"wp:attachment":[{"href":"https:\/\/sites.uel.br\/portaltransparencia\/wp-json\/wp\/v2\/media?parent=216"}],"curies":[{"name":"wp","href":"https:\/\/api.w.org\/{rel}","templated":true}]}}