{"id":214,"date":"2024-12-17T16:10:28","date_gmt":"2024-12-17T19:10:28","guid":{"rendered":"https:\/\/sites.uel.br\/portaltransparencia\/?page_id=214"},"modified":"2026-03-11T14:46:41","modified_gmt":"2026-03-11T17:46:41","slug":"rol-das-informacoes-desclassificadas-nos-ultimos-3-anos","status":"publish","type":"page","link":"https:\/\/sites.uel.br\/portaltransparencia\/publicacao-anual\/rol-das-informacoes-desclassificadas-nos-ultimos-3-anos\/","title":{"rendered":"Rol das informa\u00e7\u00f5es desclassificadas nos \u00faltimos 3 anos"},"content":{"rendered":"\n<p><strong>Ano &#8211; 2023&nbsp;<\/strong><\/p>\n\n\n\n<p>Em aten\u00e7\u00e3o aos princ\u00edpios da publicidade e efici\u00eancia, previstos no caput do art. 37 da Constitui\u00e7\u00e3o Federal, declaramos que <strong>n\u00e3o houve<\/strong>, <strong>no ano de 2023<\/strong>,<strong>registro de informa\u00e7\u00f5es com desclassifica\u00e7\u00e3o de sigilo<\/strong> na Universidade Estadual de Londrina.<\/p>\n\n\n\n<p><strong>Ano &#8211; 2024&nbsp;<\/strong><\/p>\n\n\n\n<p>Em aten\u00e7\u00e3o aos princ\u00edpios da publicidade e efici\u00eancia, previstos no caput do art. 37 da Constitui\u00e7\u00e3o Federal, declaramos que <strong>n\u00e3o houve<\/strong>, <strong>no ano de 2024, registro de informa\u00e7\u00f5es com desclassifica\u00e7\u00e3o<\/strong> <strong>de sigilo<\/strong> na Universidade Estadual de Londrina.<\/p>\n\n\n\n<p><strong>Ano &#8211; 2025<\/strong><\/p>\n\n\n\n<p>Em aten\u00e7\u00e3o aos princ\u00edpios da publicidade e efici\u00eancia, previstos no caput do art. 37 da Constitui\u00e7\u00e3o Federal, declaramos que\u00a0<strong>n\u00e3o houve,\u00a0no ano de 2025,\u00a0registro de informa\u00e7\u00f5es com desclassifica\u00e7\u00e3o\u00a0de sigilo<\/strong>\u00a0na Universidade Estadual de Londrina.<\/p>\n\n\n\n<p><strong>Ano &#8211; 2026 <\/strong><\/p>\n\n\n\n<p>Em aten\u00e7\u00e3o aos princ\u00edpios da publicidade e efici\u00eancia, previstos no caput do art. 37 da Constitui\u00e7\u00e3o Federal, declaramos que&nbsp;<strong>n\u00e3o houve<\/strong>,&nbsp;<strong>at\u00e9 o momento,&nbsp;registro de informa\u00e7\u00f5es com desclassifica\u00e7\u00e3o&nbsp;de sigilo<\/strong>&nbsp;na Universidade Estadual de Londrina.<\/p>\n\n\n\n<p><\/p>\n","protected":false},"excerpt":{"rendered":"<p>Ano &#8211; 2023&nbsp; Em aten\u00e7\u00e3o aos princ\u00edpios da publicidade e efici\u00eancia, previstos no caput do art. 37 da Constitui\u00e7\u00e3o Federal, declaramos que n\u00e3o houve, no ano de 2023,registro de informa\u00e7\u00f5es com desclassifica\u00e7\u00e3o de sigilo na Universidade Estadual de Londrina. Ano &#8211; 2024&nbsp; Em aten\u00e7\u00e3o aos princ\u00edpios da publicidade e efici\u00eancia, previstos no caput do art. [&hellip;]<\/p>\n","protected":false},"author":2,"featured_media":0,"parent":137,"menu_order":0,"comment_status":"closed","ping_status":"closed","template":"","meta":{"footnotes":""},"class_list":["post-214","page","type-page","status-publish","hentry"],"acf":[],"_links":{"self":[{"href":"https:\/\/sites.uel.br\/portaltransparencia\/wp-json\/wp\/v2\/pages\/214","targetHints":{"allow":["GET"]}}],"collection":[{"href":"https:\/\/sites.uel.br\/portaltransparencia\/wp-json\/wp\/v2\/pages"}],"about":[{"href":"https:\/\/sites.uel.br\/portaltransparencia\/wp-json\/wp\/v2\/types\/page"}],"author":[{"embeddable":true,"href":"https:\/\/sites.uel.br\/portaltransparencia\/wp-json\/wp\/v2\/users\/2"}],"replies":[{"embeddable":true,"href":"https:\/\/sites.uel.br\/portaltransparencia\/wp-json\/wp\/v2\/comments?post=214"}],"version-history":[{"count":6,"href":"https:\/\/sites.uel.br\/portaltransparencia\/wp-json\/wp\/v2\/pages\/214\/revisions"}],"predecessor-version":[{"id":1332,"href":"https:\/\/sites.uel.br\/portaltransparencia\/wp-json\/wp\/v2\/pages\/214\/revisions\/1332"}],"up":[{"embeddable":true,"href":"https:\/\/sites.uel.br\/portaltransparencia\/wp-json\/wp\/v2\/pages\/137"}],"wp:attachment":[{"href":"https:\/\/sites.uel.br\/portaltransparencia\/wp-json\/wp\/v2\/media?parent=214"}],"curies":[{"name":"wp","href":"https:\/\/api.w.org\/{rel}","templated":true}]}}