{"id":164,"date":"2024-12-17T12:40:11","date_gmt":"2024-12-17T15:40:11","guid":{"rendered":"https:\/\/sites.uel.br\/portaltransparencia\/?page_id=164"},"modified":"2025-05-14T09:59:40","modified_gmt":"2025-05-14T12:59:40","slug":"prestacao-de-contas-anual","status":"publish","type":"page","link":"https:\/\/sites.uel.br\/portaltransparencia\/prestacao-de-contas-anual\/","title":{"rendered":"Presta\u00e7\u00e3o de Contas Anual"},"content":{"rendered":"\n<p>A Universidade Estadual de Londrina (UEL) disponibiliza sua Presta\u00e7\u00e3o de Contas Anual (PCA), demonstrando seu compromisso com a transpar\u00eancia e a responsabilidade na gest\u00e3o dos recursos p\u00fablicos. Este documento essencial apresenta um panorama detalhado das atividades financeiras, or\u00e7ament\u00e1rias e patrimoniais da institui\u00e7\u00e3o ao longo de cada exerc\u00edcio fiscal. A PCA inclui informa\u00e7\u00f5es cruciais como:<\/p>\n\n\n\n<ul class=\"wp-block-list\">\n<li>Balan\u00e7os financeiros e or\u00e7ament\u00e1rios<\/li>\n\n\n\n<li>Demonstra\u00e7\u00f5es cont\u00e1beis<\/li>\n\n\n\n<li>Relat\u00f3rios de execu\u00e7\u00e3o or\u00e7ament\u00e1ria<\/li>\n\n\n\n<li>An\u00e1lise do cumprimento de metas e objetivos institucionais<\/li>\n<\/ul>\n\n\n\n<p>Para acessar as Presta\u00e7\u00f5es de Contas Anuais dos \u00faltimos anos, selecione o exerc\u00edcio desejado:<\/p>\n\n\n\n<p><a href=\"https:\/\/sites.uel.br\/portaltransparencia\/wp-content\/uploads\/INFORMACOES_CONTABEIS\/PRESTACAO_CONTAS_ANUAL\/acordao-prestacao-de-contas-2019.pdf\" target=\"_blank\" rel=\"noreferrer noopener\">2019<\/a><\/p>\n\n\n\n<p><a href=\"https:\/\/sites.uel.br\/portaltransparencia\/wp-content\/uploads\/INFORMACOES_CONTABEIS\/PRESTACAO_CONTAS_ANUAL\/Prestacao-de-Contas-2020.pdf\" target=\"_blank\" rel=\"noreferrer noopener\">2020<\/a><\/p>\n\n\n\n<p><a href=\"https:\/\/sites.uel.br\/portaltransparencia\/wp-content\/uploads\/INFORMACOES_CONTABEIS\/PRESTACAO_CONTAS_ANUAL\/Prestacao-de-Contas-2021.pdf\" target=\"_blank\" rel=\"noreferrer noopener\">2021<\/a><\/p>\n\n\n\n<p><a href=\"https:\/\/sites.uel.br\/portaltransparencia\/wp-content\/uploads\/INFORMACOES_CONTABEIS\/PRESTACAO_CONTAS_ANUAL\/Prestacao-de-Contas-2022.pdf\" target=\"_blank\" rel=\"noreferrer noopener\">2022<\/a><\/p>\n\n\n\n<p><a href=\"https:\/\/sites.uel.br\/portaltransparencia\/wp-content\/uploads\/INFORMACOES_CONTABEIS\/PRESTACAO_CONTAS_ANUAL\/Prestacao-de-Contas-2023.pdf\" target=\"_blank\" rel=\"noreferrer noopener\">2023<\/a><\/p>\n\n\n\n<p><a href=\"https:\/\/sites.uel.br\/portaltransparencia\/wp-content\/uploads\/ArquivoFinal-Prestacao-de-Contas-2024.pdf\">2024<\/a><\/p>\n\n\n\n<p><\/p>\n","protected":false},"excerpt":{"rendered":"<p>A Universidade Estadual de Londrina (UEL) disponibiliza sua Presta\u00e7\u00e3o de Contas Anual (PCA), demonstrando seu compromisso com a transpar\u00eancia e a responsabilidade na gest\u00e3o dos recursos p\u00fablicos. Este documento essencial apresenta um panorama detalhado das atividades financeiras, or\u00e7ament\u00e1rias e patrimoniais da institui\u00e7\u00e3o ao longo de cada exerc\u00edcio fiscal. A PCA inclui informa\u00e7\u00f5es cruciais como: Para [&hellip;]<\/p>\n","protected":false},"author":2,"featured_media":0,"parent":0,"menu_order":0,"comment_status":"closed","ping_status":"closed","template":"","meta":{"footnotes":""},"class_list":["post-164","page","type-page","status-publish","hentry"],"acf":[],"_links":{"self":[{"href":"https:\/\/sites.uel.br\/portaltransparencia\/wp-json\/wp\/v2\/pages\/164","targetHints":{"allow":["GET"]}}],"collection":[{"href":"https:\/\/sites.uel.br\/portaltransparencia\/wp-json\/wp\/v2\/pages"}],"about":[{"href":"https:\/\/sites.uel.br\/portaltransparencia\/wp-json\/wp\/v2\/types\/page"}],"author":[{"embeddable":true,"href":"https:\/\/sites.uel.br\/portaltransparencia\/wp-json\/wp\/v2\/users\/2"}],"replies":[{"embeddable":true,"href":"https:\/\/sites.uel.br\/portaltransparencia\/wp-json\/wp\/v2\/comments?post=164"}],"version-history":[{"count":7,"href":"https:\/\/sites.uel.br\/portaltransparencia\/wp-json\/wp\/v2\/pages\/164\/revisions"}],"predecessor-version":[{"id":710,"href":"https:\/\/sites.uel.br\/portaltransparencia\/wp-json\/wp\/v2\/pages\/164\/revisions\/710"}],"wp:attachment":[{"href":"https:\/\/sites.uel.br\/portaltransparencia\/wp-json\/wp\/v2\/media?parent=164"}],"curies":[{"name":"wp","href":"https:\/\/api.w.org\/{rel}","templated":true}]}}