{"id":160,"date":"2024-12-17T12:39:31","date_gmt":"2024-12-17T15:39:31","guid":{"rendered":"https:\/\/sites.uel.br\/portaltransparencia\/?page_id=160"},"modified":"2026-04-16T10:16:46","modified_gmt":"2026-04-16T13:16:46","slug":"contabilidade-e-balancete","status":"publish","type":"page","link":"https:\/\/sites.uel.br\/portaltransparencia\/contabilidade-e-balancete\/","title":{"rendered":"Contabilidade e Balancete"},"content":{"rendered":"\n<p>A Universidade Estadual de Londrina (UEL) disponibiliza seus balancetes trimestrais como parte de seu compromisso com a transpar\u00eancia e a presta\u00e7\u00e3o de contas \u00e0 comunidade acad\u00eamica e ao p\u00fablico em geral. Estes documentos oferecem uma vis\u00e3o detalhada da situa\u00e7\u00e3o financeira da institui\u00e7\u00e3o, incluindo receitas, despesas e saldos cont\u00e1beis.Os balancetes s\u00e3o organizados por ano e trimestre, permitindo um acompanhamento cronol\u00f3gico das finan\u00e7as da universidade. Cada documento apresenta informa\u00e7\u00f5es como:<\/p>\n\n\n\n<ul class=\"wp-block-list\">\n<li>C\u00f3digos e descri\u00e7\u00f5es das contas cont\u00e1beis<\/li>\n\n\n\n<li>Saldos anteriores<\/li>\n\n\n\n<li>Movimenta\u00e7\u00f5es de d\u00e9bito e cr\u00e9dito<\/li>\n\n\n\n<li>Saldos atuais<\/li>\n<\/ul>\n\n\n\n<p>Estes registros s\u00e3o essenciais para compreender a gest\u00e3o financeira da UEL e sua evolu\u00e7\u00e3o ao longo do tempo.<br>Selecione o per\u00edodo desejado para visualizar o balancete correspondente em PDF:<\/p>\n\n\n\n<ul class=\"wp-block-list\">\n<li><strong>2021<\/strong><\/li>\n<\/ul>\n\n\n\n<ul class=\"wp-block-list\">\n<li><a href=\"https:\/\/sites.uel.br\/portaltransparencia\/wp-content\/uploads\/INFORMACOES_CONTABEIS\/BALANCETE\/2021\/BALANCETE-2021-2T.pdf\">Balancete 1\u00ba Trimestre\/2021&nbsp;<\/a><\/li>\n\n\n\n<li><a href=\"https:\/\/sites.uel.br\/portaltransparencia\/wp-content\/uploads\/INFORMACOES_CONTABEIS\/BALANCETE\/2021\/BALANCETE-2021-1T.pdf\">Balancete 2\u00ba Trimestre\/2021<\/a><\/li>\n\n\n\n<li><a href=\"https:\/\/sites.uel.br\/portaltransparencia\/wp-content\/uploads\/INFORMACOES_CONTABEIS\/BALANCETE\/2021\/BALANCETE-2021-3T.pdf\">Balancete 3\u00b0 Trimestre\/2021<\/a><\/li>\n\n\n\n<li><a href=\"https:\/\/sites.uel.br\/portaltransparencia\/wp-content\/uploads\/INFORMACOES_CONTABEIS\/BALANCETE\/2021\/BALANCETE-2021-4T.pdf\">Balancete 4\u00ba Trimestre\/2021<\/a><\/li>\n\n\n\n<li><strong>2022<\/strong><\/li>\n\n\n\n<li><a href=\"https:\/\/sites.uel.br\/portaltransparencia\/wp-content\/uploads\/INFORMACOES_CONTABEIS\/BALANCETE\/2022\/BALANCETE-2022-1T.pdf\">Balancete 1\u00ba Trimestre\/2022<\/a><\/li>\n\n\n\n<li><a href=\"https:\/\/sites.uel.br\/portaltransparencia\/wp-content\/uploads\/INFORMACOES_CONTABEIS\/BALANCETE\/2022\/BALANCETE-2022-2T.pdf\">Balancete 2\u00ba Trimestre\/2022<\/a><\/li>\n\n\n\n<li><a href=\"https:\/\/sites.uel.br\/portaltransparencia\/wp-content\/uploads\/INFORMACOES_CONTABEIS\/BALANCETE\/2022\/BALANCETE-2022-3T.pdf\">Balancete 3\u00ba Trimestre\/2022&nbsp;<\/a><\/li>\n\n\n\n<li><a href=\"https:\/\/sites.uel.br\/portaltransparencia\/wp-content\/uploads\/INFORMACOES_CONTABEIS\/BALANCETE\/2022\/BALANCETE-2022-4T.pdf\">Balancete 4\u00ba Trimestre\/2022&nbsp;<\/a><\/li>\n\n\n\n<li><strong>2023<\/strong><\/li>\n\n\n\n<li><a href=\"https:\/\/sites.uel.br\/portaltransparencia\/wp-content\/uploads\/INFORMACOES_CONTABEIS\/BALANCETE\/2023\/BALANCETE-2023-1T.pdf\">Balancete 1\u00ba Trimestre\/2023&nbsp;<\/a><\/li>\n\n\n\n<li><a href=\"https:\/\/sites.uel.br\/portaltransparencia\/wp-content\/uploads\/INFORMACOES_CONTABEIS\/BALANCETE\/2023\/BALANCETE-2023-2T.pdf\">Balancete 2\u00ba Trimestre\/2023<\/a>&nbsp;<a href=\"http:\/\/www.uel.br\/portaltransparencia\/pages\/arquivos\/Balancete\/2023%20Balancete%201ordm%20Trimestre-2023.pdf\"><\/a><\/li>\n\n\n\n<li><a href=\"https:\/\/sites.uel.br\/portaltransparencia\/wp-content\/uploads\/INFORMACOES_CONTABEIS\/BALANCETE\/2023\/BALANCETE-2023-3T.pdf\">Balancete 3\u00ba Trimestre\/2023<\/a><a href=\"http:\/\/www.uel.br\/portaltransparencia\/pages\/arquivos\/Balancete\/2023%20Balancete%201ordm%20Trimestre-2023.pdf\"><\/a><\/li>\n\n\n\n<li><a href=\"https:\/\/sites.uel.br\/portaltransparencia\/wp-content\/uploads\/INFORMACOES_CONTABEIS\/BALANCETE\/2023\/BALANCETE-2023-4T.pdf\">Balancete 4\u00ba Trimestre\/2023<\/a><\/li>\n\n\n\n<li><strong>2024<\/strong><a href=\"http:\/\/www.uel.br\/portaltransparencia\/pages\/arquivos\/Balancete\/2023%20Balancete%201ordm%20Trimestre-2023.pdf\"><\/a><\/li>\n\n\n\n<li><a href=\"https:\/\/sites.uel.br\/portaltransparencia\/wp-content\/uploads\/INFORMACOES_CONTABEIS\/BALANCETE\/2024\/BALANCETE-2024-1T.pdf\">Balancete 1\u00ba Trimestre\/2024<\/a><a href=\"http:\/\/www.uel.br\/portaltransparencia\/pages\/arquivos\/Balancete\/2023%20Balancete%201ordm%20Trimestre-2023.pdf\"><\/a><\/li>\n\n\n\n<li><a href=\"https:\/\/sites.uel.br\/portaltransparencia\/wp-content\/uploads\/INFORMACOES_CONTABEIS\/BALANCETE\/2024\/BALANCETE-2024-2T.pdf\">Balancete 2\u00ba Trimestre\/2024<\/a><a href=\"http:\/\/www.uel.br\/portaltransparencia\/pages\/arquivos\/Balancete\/2023%20Balancete%201ordm%20Trimestre-2023.pdf\"><\/a><\/li>\n\n\n\n<li><a href=\"https:\/\/sites.uel.br\/portaltransparencia\/wp-content\/uploads\/INFORMACOES_CONTABEIS\/BALANCETE\/2024\/BALANCETE-2024-3T.pdf\">Balancete 3\u00ba Trimestre\/2024<\/a><\/li>\n\n\n\n<li><a href=\"https:\/\/www.uel.br\/portaltransparencia\/pages\/arquivos\/Balancete\/Balancete%20dez%202024.pdf\" data-type=\"link\" data-id=\"https:\/\/www.uel.br\/portaltransparencia\/pages\/arquivos\/Balancete\/Balancete%20dez%202024.pdf\">Balancete 4\u00ba Trimestre\/2024<\/a><\/li>\n\n\n\n<li><strong>2025<\/strong><\/li>\n\n\n\n<li><a href=\"https:\/\/sites.uel.br\/portaltransparencia\/wp-content\/uploads\/Balancete-1Tri-2025.pdf\">Balancete 1\u00ba Trimestre\/2025<\/a><\/li>\n\n\n\n<li><a href=\"https:\/\/sites.uel.br\/portaltransparencia\/wp-content\/uploads\/Balancete-2-Tri-2025.pdf\">Balancete 2\u00ba Trimestre\/2025<\/a><\/li>\n\n\n\n<li><a href=\"https:\/\/sites.uel.br\/portaltransparencia\/wp-content\/uploads\/Balancete-3-tri-2025.pdf\">Balancete 3\u00ba Trimestre\/2025<\/a><\/li>\n\n\n\n<li><a href=\"https:\/\/sites.uel.br\/portaltransparencia\/wp-content\/uploads\/Balancete-4o-Trimestre-2025.pdf\">Balancete 4\u00ba Trimestre\/2025<\/a><\/li>\n\n\n\n<li><strong>2026<\/strong><\/li>\n\n\n\n<li><a href=\"https:\/\/sites.uel.br\/portaltransparencia\/wp-content\/uploads\/Balancete_2001_20Tri_202026.pdf\">Balancete do 1\u00ba Trimestre\/2026<\/a><\/li>\n\n\n\n<li><\/li>\n<\/ul>\n\n\n\n<p><\/p>\n\n\n\n<p><\/p>\n\n\n\n<p><\/p>\n","protected":false},"excerpt":{"rendered":"<p>A Universidade Estadual de Londrina (UEL) disponibiliza seus balancetes trimestrais como parte de seu compromisso com a transpar\u00eancia e a presta\u00e7\u00e3o de contas \u00e0 comunidade acad\u00eamica e ao p\u00fablico em geral. Estes documentos oferecem uma vis\u00e3o detalhada da situa\u00e7\u00e3o financeira da institui\u00e7\u00e3o, incluindo receitas, despesas e saldos cont\u00e1beis.Os balancetes s\u00e3o organizados por ano e trimestre, [&hellip;]<\/p>\n","protected":false},"author":2,"featured_media":0,"parent":0,"menu_order":0,"comment_status":"closed","ping_status":"closed","template":"","meta":{"footnotes":""},"class_list":["post-160","page","type-page","status-publish","hentry"],"acf":[],"_links":{"self":[{"href":"https:\/\/sites.uel.br\/portaltransparencia\/wp-json\/wp\/v2\/pages\/160","targetHints":{"allow":["GET"]}}],"collection":[{"href":"https:\/\/sites.uel.br\/portaltransparencia\/wp-json\/wp\/v2\/pages"}],"about":[{"href":"https:\/\/sites.uel.br\/portaltransparencia\/wp-json\/wp\/v2\/types\/page"}],"author":[{"embeddable":true,"href":"https:\/\/sites.uel.br\/portaltransparencia\/wp-json\/wp\/v2\/users\/2"}],"replies":[{"embeddable":true,"href":"https:\/\/sites.uel.br\/portaltransparencia\/wp-json\/wp\/v2\/comments?post=160"}],"version-history":[{"count":17,"href":"https:\/\/sites.uel.br\/portaltransparencia\/wp-json\/wp\/v2\/pages\/160\/revisions"}],"predecessor-version":[{"id":1395,"href":"https:\/\/sites.uel.br\/portaltransparencia\/wp-json\/wp\/v2\/pages\/160\/revisions\/1395"}],"wp:attachment":[{"href":"https:\/\/sites.uel.br\/portaltransparencia\/wp-json\/wp\/v2\/media?parent=160"}],"curies":[{"name":"wp","href":"https:\/\/api.w.org\/{rel}","templated":true}]}}