{"id":158,"date":"2024-12-17T12:39:15","date_gmt":"2024-12-17T15:39:15","guid":{"rendered":"https:\/\/sites.uel.br\/portaltransparencia\/?page_id=158"},"modified":"2025-01-07T15:48:29","modified_gmt":"2025-01-07T18:48:29","slug":"bens-patrimoniais-imoveis","status":"publish","type":"page","link":"https:\/\/sites.uel.br\/portaltransparencia\/bens-patrimoniais-imoveis\/","title":{"rendered":"Bens Patrimoniais Im\u00f3veis"},"content":{"rendered":"\n<p>A Universidade Estadual de Londrina (UEL) disponibiliza informa\u00e7\u00f5es detalhadas sobre seus bens patrimoniais im\u00f3veis, demonstrando transpar\u00eancia na gest\u00e3o de seus ativos. Esses dados s\u00e3o essenciais para compreender a infraestrutura da universidade e o uso eficiente dos recursos p\u00fablicos. Para acessar as rela\u00e7\u00f5es atualizadas dos bens im\u00f3veis da UEL, utilize os links abaixo:<\/p>\n\n\n\n<ul class=\"wp-block-list\">\n<li><a href=\"https:\/\/sites.uel.br\/portaltransparencia\/wp-content\/uploads\/INFORMACOES_CONTABEIS\/BENS_PATRIMONIAIS_IMOVEIS\/Bens-Imoveis-Campus-UEL-HURNP-Unidades-Externas-dez-2024.pdf\" target=\"_blank\" rel=\"noreferrer noopener\">Rela\u00e7\u00e3o de Bens Im\u00f3veis &#8211; Campus UEL, HURNP e Unidades Externas (Dezembro 2024)<\/a><\/li>\n\n\n\n<li><a href=\"https:\/\/sites.uel.br\/portaltransparencia\/wp-content\/uploads\/INFORMACOES_CONTABEIS\/BENS_PATRIMONIAIS_IMOVEIS\/UEL-e-HURNP-GPI-RelatorioProcessado-09-2022.pdf\" target=\"_blank\" rel=\"noreferrer noopener\">Relat\u00f3rio de Bens Im\u00f3veis &#8211; UEL e HURNP (2022-2023)<\/a><\/li>\n<\/ul>\n\n\n\n<p>Esses documentos cont\u00eam informa\u00e7\u00f5es detalhadas sobre:<\/p>\n\n\n\n<ul class=\"wp-block-list\">\n<li>Identifica\u00e7\u00e3o dos im\u00f3veis<\/li>\n\n\n\n<li>Localiza\u00e7\u00e3o<\/li>\n\n\n\n<li>\u00c1rea ocupada<\/li>\n\n\n\n<li>Avalia\u00e7\u00e3o do im\u00f3vel<\/li>\n\n\n\n<li>Valor depreciado<\/li>\n\n\n\n<li>Valor l\u00edquido atual<\/li>\n<\/ul>\n\n\n\n<p>A consulta a esses relat\u00f3rios permite uma vis\u00e3o abrangente do patrim\u00f4nio imobili\u00e1rio da UEL, incluindo o campus principal, o Hospital Universit\u00e1rio Regional do Norte do Paran\u00e1 (HURNP) e outras unidades externas.<\/p>\n","protected":false},"excerpt":{"rendered":"<p>A Universidade Estadual de Londrina (UEL) disponibiliza informa\u00e7\u00f5es detalhadas sobre seus bens patrimoniais im\u00f3veis, demonstrando transpar\u00eancia na gest\u00e3o de seus ativos. Esses dados s\u00e3o essenciais para compreender a infraestrutura da universidade e o uso eficiente dos recursos p\u00fablicos. Para acessar as rela\u00e7\u00f5es atualizadas dos bens im\u00f3veis da UEL, utilize os links abaixo: Esses documentos cont\u00eam [&hellip;]<\/p>\n","protected":false},"author":2,"featured_media":0,"parent":0,"menu_order":0,"comment_status":"closed","ping_status":"closed","template":"","meta":{"footnotes":""},"class_list":["post-158","page","type-page","status-publish","hentry"],"acf":[],"_links":{"self":[{"href":"https:\/\/sites.uel.br\/portaltransparencia\/wp-json\/wp\/v2\/pages\/158","targetHints":{"allow":["GET"]}}],"collection":[{"href":"https:\/\/sites.uel.br\/portaltransparencia\/wp-json\/wp\/v2\/pages"}],"about":[{"href":"https:\/\/sites.uel.br\/portaltransparencia\/wp-json\/wp\/v2\/types\/page"}],"author":[{"embeddable":true,"href":"https:\/\/sites.uel.br\/portaltransparencia\/wp-json\/wp\/v2\/users\/2"}],"replies":[{"embeddable":true,"href":"https:\/\/sites.uel.br\/portaltransparencia\/wp-json\/wp\/v2\/comments?post=158"}],"version-history":[{"count":3,"href":"https:\/\/sites.uel.br\/portaltransparencia\/wp-json\/wp\/v2\/pages\/158\/revisions"}],"predecessor-version":[{"id":459,"href":"https:\/\/sites.uel.br\/portaltransparencia\/wp-json\/wp\/v2\/pages\/158\/revisions\/459"}],"wp:attachment":[{"href":"https:\/\/sites.uel.br\/portaltransparencia\/wp-json\/wp\/v2\/media?parent=158"}],"curies":[{"name":"wp","href":"https:\/\/api.w.org\/{rel}","templated":true}]}}