{"id":156,"date":"2024-12-17T12:38:46","date_gmt":"2024-12-17T15:38:46","guid":{"rendered":"https:\/\/sites.uel.br\/portaltransparencia\/?page_id=156"},"modified":"2026-04-13T11:17:52","modified_gmt":"2026-04-13T14:17:52","slug":"obras-em-andamento","status":"publish","type":"page","link":"https:\/\/sites.uel.br\/portaltransparencia\/obras-em-andamento\/","title":{"rendered":"Obras em Andamento"},"content":{"rendered":"\n<p>A Universidade Estadual de Londrina (UEL) mant\u00e9m um compromisso transparente com a comunidade acad\u00eamica e sociedade em geral, proporcionando acompanhamento detalhado de suas obras de infraestrutura. Nesta se\u00e7\u00e3o, voc\u00ea encontrar\u00e1 relat\u00f3rios mensais que documentam o progresso, investimentos e desenvolvimento das interven\u00e7\u00f5es arquitet\u00f4nicas e de engenharia em nosso campus.<\/p>\n\n\n\n<p>Selecione abaixo o m\u00eas e ano desejado para visualizar o relat\u00f3rio completo de acompanhamento de obras:<\/p>\n\n\n\n<p><a href=\"https:\/\/sites.uel.br\/portaltransparencia\/wp-content\/uploads\/LICITACOES_CONTRATOS\/OBRAS_ANDAMENTO\/2021\/1-PORTAL-TRANSPARENCIA-OBRAS-EM-ANDAMENTO-JAN-10-01-2021.pdf\">Para acessar as informa\u00e7\u00f5es (janeiro de 2021), clique aqui<a href=\"https:\/\/www.uel.br\/portaltransparencia\/pages\/arquivos\/Obras\/Obras%202021\/1%20-%20PORTAL%20TRANSPARENCIA%20OBRAS%20EM%20ANDAMENTO%20-%20JAN%20-%2010-01-2021.pdf\" target=\"_blank\" rel=\"noreferrer noopener\"><\/a><\/a><\/p>\n\n\n\n<p><a href=\"https:\/\/sites.uel.br\/portaltransparencia\/wp-content\/uploads\/LICITACOES_CONTRATOS\/OBRAS_ANDAMENTO\/2021\/2-PORTAL-TRANSPARENCIA-OBRAS-EM-ANDAMENTO-FEV-10-02-2021.pdf\">Para acessar as informa\u00e7\u00f5es (fevereiro de 2021), clique aqui<a href=\"https:\/\/www.uel.br\/portaltransparencia\/pages\/arquivos\/Obras\/Obras%202021\/2%20-%20PORTAL%20TRANSPARENCIA%20OBRAS%20EM%20ANDAMENTO%20-%20FEV%20-%2010-02-2021.pdf\" target=\"_blank\" rel=\"noreferrer noopener\"><\/a><\/a><\/p>\n\n\n\n<p>Para acessar as informa\u00e7\u00f5es (mar\u00e7o de 2021), clique aqui&nbsp;<\/p>\n\n\n\n<p><a href=\"https:\/\/sites.uel.br\/portaltransparencia\/wp-content\/uploads\/LICITACOES_CONTRATOS\/OBRAS_ANDAMENTO\/2021\/4-PORTAL-TRANSPARENCIA-OBRAS-EM-ANDAMENTO-ABRIL-10-04-2021.pdf\">Para acessar as informa\u00e7\u00f5es (abril de 2021), clique aqui<a href=\"https:\/\/www.uel.br\/portaltransparencia\/pages\/arquivos\/Obras\/Obras%202021\/4%20-%20PORTAL%20TRANSPARENCIA%20OBRAS%20EM%20ANDAMENTO%20-%20ABRIL%20-%2010-04-2021.pdf\" target=\"_blank\" rel=\"noreferrer noopener\"><\/a><\/a><\/p>\n\n\n\n<p><a href=\"https:\/\/sites.uel.br\/portaltransparencia\/wp-content\/uploads\/LICITACOES_CONTRATOS\/OBRAS_ANDAMENTO\/2021\/5-PORTAL-TRANSPARENCIA-OBRAS-EM-ANDAMENTO-MAIO-10-05-2021.pdf\" target=\"_blank\" rel=\"noreferrer noopener\">Para acessar as informa\u00e7\u00f5es (maio de 2021), clique aqui<\/a><\/p>\n\n\n\n<p><a href=\"https:\/\/sites.uel.br\/portaltransparencia\/wp-content\/uploads\/LICITACOES_CONTRATOS\/OBRAS_ANDAMENTO\/2021\/6-PORTAL-TRANSPARENCIA-OBRAS-EM-ANDAMENTO-JUNHO-14-06-2021.pdf\" target=\"_blank\" rel=\"noreferrer noopener\">Para acessar as informa\u00e7\u00f5es (junho de 2021), clique aqui<\/a><\/p>\n\n\n\n<p><a href=\"https:\/\/sites.uel.br\/portaltransparencia\/wp-content\/uploads\/LICITACOES_CONTRATOS\/OBRAS_ANDAMENTO\/2021\/7-PORTAL-TRANSPARENCIA-OBRAS-EM-ANDAMENTO-JULHO-12-07-2021.pdf\" target=\"_blank\" rel=\"noreferrer noopener\">Para acessar as informa\u00e7\u00f5es (julho de 2021), clique aqui<\/a><\/p>\n\n\n\n<p>Para acessar as informa\u00e7\u00f5es (agosto de 2021), clique aqui<\/p>\n\n\n\n<p><a href=\"https:\/\/sites.uel.br\/portaltransparencia\/wp-content\/uploads\/LICITACOES_CONTRATOS\/OBRAS_ANDAMENTO\/2021\/9-PORTAL-TRANSPARENCIA-OBRAS-EM-ANDAMENTO-SETEMBRO-12-09-2021.pdf\" target=\"_blank\" rel=\"noreferrer noopener\">Para acessar as informa\u00e7\u00f5es (setembro de 2021), clique aqui<\/a><\/p>\n\n\n\n<p><a href=\"https:\/\/sites.uel.br\/portaltransparencia\/wp-content\/uploads\/LICITACOES_CONTRATOS\/OBRAS_ANDAMENTO\/2021\/10-PORTAL-TRANSPARENCIA-OBRAS-EM-ANDAMENTO-OUT-12-10-2021.pdf\" target=\"_blank\" rel=\"noreferrer noopener\">Para acessar as informa\u00e7\u00f5es (outubro de 2021), clique aqui<\/a><\/p>\n\n\n\n<p><a href=\"https:\/\/sites.uel.br\/portaltransparencia\/wp-content\/uploads\/LICITACOES_CONTRATOS\/OBRAS_ANDAMENTO\/2021\/11-PORTAL-TRANSPARENCIA-OBRAS-EM-ANDAMENTO-NOV-10-11-2021.pdf\" target=\"_blank\" rel=\"noreferrer noopener\">Para acessar as informa\u00e7\u00f5es (novembro de 2021), clique aqui<\/a><\/p>\n\n\n\n<p><a href=\"https:\/\/sites.uel.br\/portaltransparencia\/wp-content\/uploads\/LICITACOES_CONTRATOS\/OBRAS_ANDAMENTO\/2021\/12-PORTAL-TRANSPARENCIA-OBRAS-EM-ANDAMENTO-DEZEMBRO-09-12-2021.pdf\" target=\"_blank\" rel=\"noreferrer noopener\">Para acessar as informa\u00e7\u00f5es (dezembro de 2021), clique aqui<\/a><\/p>\n\n\n\n<p><a href=\"https:\/\/sites.uel.br\/portaltransparencia\/wp-content\/uploads\/LICITACOES_CONTRATOS\/OBRAS_ANDAMENTO\/2022\/1-PORTAL-TRANSPARENCIA-OBRAS-EM-ANDAMENTO-JAN-09-02-2022.pdf\" target=\"_blank\" rel=\"noreferrer noopener\">Para acessar as informa\u00e7\u00f5es (janeiro de 2022), clique aqui<\/a><\/p>\n\n\n\n<p><a href=\"https:\/\/sites.uel.br\/portaltransparencia\/wp-content\/uploads\/LICITACOES_CONTRATOS\/OBRAS_ANDAMENTO\/2022\/2-PORTAL-TRANSPARENCIA-OBRAS-EM-ANDAMENTO-FEVEREIRO-09-03-2022.pdf\" target=\"_blank\" rel=\"noreferrer noopener\">Para acessar as informa\u00e7\u00f5es (fevereiro de 2022), clique aqui&nbsp;<\/a><\/p>\n\n\n\n<p><a href=\"https:\/\/sites.uel.br\/portaltransparencia\/wp-content\/uploads\/LICITACOES_CONTRATOS\/OBRAS_ANDAMENTO\/2022\/3-PORTAL-TRANSPARENCIA-OBRAS-EM-ANDAMENTO-MARCO-08-05-2022.pdf\" target=\"_blank\" rel=\"noreferrer noopener\">Para acessar as informa\u00e7\u00f5es (mar\u00e7o de 2022), clique aqui<\/a><\/p>\n\n\n\n<p><a href=\"https:\/\/sites.uel.br\/portaltransparencia\/wp-content\/uploads\/LICITACOES_CONTRATOS\/OBRAS_ANDAMENTO\/2022\/4-PORTAL-TRANSPARENCIA-OBRAS-EM-ANDAMENTO-ABRIL-10-06-2022-2.pdf\" target=\"_blank\" rel=\"noreferrer noopener\">Para acessar as informa\u00e7\u00f5es (abril de 2022), clique aqui<\/a><\/p>\n\n\n\n<p><a href=\"https:\/\/sites.uel.br\/portaltransparencia\/wp-content\/uploads\/LICITACOES_CONTRATOS\/OBRAS_ANDAMENTO\/2022\/5-PORTAL-TRANSPARENCIA-OBRAS-EM-ANDAMENTO-MAIO-10-06-2022.pdf\" target=\"_blank\" rel=\"noreferrer noopener\">Para acessar as informa\u00e7\u00f5es (maio de 2022), clique aqui<\/a><\/p>\n\n\n\n<p>Para acessar as informa\u00e7\u00f5es (junho de 2022), clique aqui<\/p>\n\n\n\n<p><a href=\"https:\/\/sites.uel.br\/portaltransparencia\/wp-content\/uploads\/LICITACOES_CONTRATOS\/OBRAS_ANDAMENTO\/2022\/7-PORTAL-TRANSPARENCIA-OBRAS-EM-ANDAMENTO-JULHO-08-08-2022-2.pdf\" target=\"_blank\" rel=\"noreferrer noopener\">Para acessar as informa\u00e7\u00f5es (julho de 2022), clique aqui<\/a><\/p>\n\n\n\n<p><a href=\"https:\/\/sites.uel.br\/portaltransparencia\/wp-content\/uploads\/LICITACOES_CONTRATOS\/OBRAS_ANDAMENTO\/2022\/8-PORTAL-TRANSPARENCIA-OBRAS-EM-ANDAMENTO-AGOSTO-08-09-2022.pdf\" target=\"_blank\" rel=\"noreferrer noopener\">Para acessar as informa\u00e7\u00f5es (agosto de 2022), clique aqui<\/a><\/p>\n\n\n\n<p><a href=\"https:\/\/sites.uel.br\/portaltransparencia\/wp-content\/uploads\/LICITACOES_CONTRATOS\/OBRAS_ANDAMENTO\/2022\/9-PORTAL-TRANSPARENCIA-OBRAS-EM-ANDAMENTO-SETEMBRO-10-10-2022.pdf\" target=\"_blank\" rel=\"noreferrer noopener\">Para acessar as informa\u00e7\u00f5es (setembro de 2022), clique aqui<\/a><\/p>\n\n\n\n<p><a href=\"https:\/\/sites.uel.br\/portaltransparencia\/wp-content\/uploads\/LICITACOES_CONTRATOS\/OBRAS_ANDAMENTO\/2022\/10-PORTAL-TRANSPARENCIA-OBRAS-EM-ANDAMENTO-OUTUBRO-10-11-2022.pdf\" target=\"_blank\" rel=\"noreferrer noopener\">Para acessar as informa\u00e7\u00f5es (outubro de 2022), clique aqui<\/a><\/p>\n\n\n\n<p><a href=\"https:\/\/sites.uel.br\/portaltransparencia\/wp-content\/uploads\/LICITACOES_CONTRATOS\/OBRAS_ANDAMENTO\/2022\/11-PORTAL-TRANSPARENCIA-OBRAS-EM-ANDAMENTO-NOVEMBRO-08-12-2022.pdf\" target=\"_blank\" rel=\"noreferrer noopener\">Para acessar as informa\u00e7\u00f5es (novembro de 2022), clique aqui<\/a><\/p>\n\n\n\n<p><a href=\"https:\/\/sites.uel.br\/portaltransparencia\/wp-content\/uploads\/LICITACOES_CONTRATOS\/OBRAS_ANDAMENTO\/2022\/12-PORTAL-TRANSPARENCIA-OBRAS-EM-ANDAMENTO-DEZEMBRO-2022.pdf\" target=\"_blank\" rel=\"noreferrer noopener\">Para acessar as informa\u00e7\u00f5es (dezembro de 2022), clique aqui<\/a><\/p>\n\n\n\n<p><a href=\"https:\/\/sites.uel.br\/portaltransparencia\/wp-content\/uploads\/LICITACOES_CONTRATOS\/OBRAS_ANDAMENTO\/2023\/1-PORTAL-TRANSPARENCIA-OBRAS-EM-ANDAMENTO-JANEIRO-08-02-2023.pdf\" target=\"_blank\" rel=\"noreferrer noopener\">Para acessar as informa\u00e7\u00f5es (janeiro de 2023), clique aqui<\/a><\/p>\n\n\n\n<p><a href=\"https:\/\/sites.uel.br\/portaltransparencia\/wp-content\/uploads\/LICITACOES_CONTRATOS\/OBRAS_ANDAMENTO\/2023\/2-PORTAL-TRANSPARENCIA-OBRAS-EM-ANDAMENTO-FEVEREIRO-07-03-2023.pdf\" target=\"_blank\" rel=\"noreferrer noopener\">Para acessar as informa\u00e7\u00f5es (fevereiro de 2023), clique aqui<\/a><a href=\"https:\/\/www.uel.br\/portaltransparencia\/pages\/arquivos\/Obras\/Obras%202023\/2%20-%20PORTAL%20TRANSPARENCIA%20OBRAS%20EM%20ANDAMENTO%20-%20FEVEREIRO%20-%2007-03-2023.pdf\" target=\"_blank\" rel=\"noreferrer noopener\"> &nbsp;<\/a><\/p>\n\n\n\n<p><a href=\"https:\/\/sites.uel.br\/portaltransparencia\/wp-content\/uploads\/LICITACOES_CONTRATOS\/OBRAS_ANDAMENTO\/2023\/3-PORTAL-TRANSPARENCIA-OBRAS-EM-ANDAMENTO-MARCO-11-04-2023.pdf\" target=\"_blank\" rel=\"noreferrer noopener\">Para acessar as informa\u00e7\u00f5es (mar\u00e7o de 2023), clique aqui<\/a> <a href=\"https:\/\/www.uel.br\/portaltransparencia\/pages\/arquivos\/Obras\/Obras%202023\/3%20-%20PORTAL%20TRANSPARENCIA%20OBRAS%20EM%20ANDAMENTO%20-%20MARCO%20-%2011-04-2023.pdf\" target=\"_blank\" rel=\"noreferrer noopener\"><\/a><\/p>\n\n\n\n<p><a href=\"https:\/\/sites.uel.br\/portaltransparencia\/wp-content\/uploads\/LICITACOES_CONTRATOS\/OBRAS_ANDAMENTO\/2023\/4-PORTAL-TRANSPARENCIA-OBRAS-EM-ANDAMENTO-ABRIL-08-05-2023.pdf\">Para acessar as informa\u00e7\u00f5es (abril de 2023), clique aqui<\/a><a href=\"https:\/\/www.uel.br\/portaltransparencia\/pages\/arquivos\/Obras\/Obras%202023\/4%20-%20PORTAL%20TRANSPARENCIA%20OBRAS%20EM%20ANDAMENTO%20-%20ABRIL%20-%2008-05-2023.pdf\" target=\"_blank\" rel=\"noreferrer noopener\">&nbsp;<\/a><\/p>\n\n\n\n<p>Para acessar as informa\u00e7\u00f5es (maio de 2023), clique aqui<a href=\"https:\/\/www.uel.br\/portaltransparencia\/pages\/arquivos\/Obras\/Obras%202023\/5%20-%20PORTAL%20TRANSPARENCIA%20OBRAS%20EM%20ANDAMENTO%20-%20MAIO%20-%2005-06-2023.pdf\" target=\"_blank\" rel=\"noreferrer noopener\"><\/a><\/p>\n\n\n\n<p><a href=\"https:\/\/sites.uel.br\/portaltransparencia\/wp-content\/uploads\/LICITACOES_CONTRATOS\/OBRAS_ANDAMENTO\/2023\/6-PORTAL-TRANSPARENCIA-OBRAS-EM-ANDAMENTO-JUNHO-05-07-2023.pdf\">Para acessar as informa\u00e7\u00f5es (junho de 2023), clique aqui<\/a>&nbsp;&nbsp;<a href=\"https:\/\/www.uel.br\/portaltransparencia\/pages\/arquivos\/Obras\/Obras%202023\/6%20-%20PORTAL%20TRANSPARENCIA%20OBRAS%20EM%20ANDAMENTO%20-%20JUNHO%20-%2005-07-2023.pdf\" target=\"_blank\" rel=\"noreferrer noopener\"><\/a>&nbsp;<\/p>\n\n\n\n<p><a href=\"https:\/\/sites.uel.br\/portaltransparencia\/wp-content\/uploads\/LICITACOES_CONTRATOS\/OBRAS_ANDAMENTO\/2023\/7-PORTAL-TRANSPARENCIA-OBRAS-EM-ANDAMENTO-JULHO-08-08-2023.pdf\">Para acessar as informa\u00e7\u00f5es (julho de 2023), clique aqui<\/a><\/p>\n\n\n\n<p><a href=\"https:\/\/sites.uel.br\/portaltransparencia\/wp-content\/uploads\/LICITACOES_CONTRATOS\/OBRAS_ANDAMENTO\/2023\/8-PORTAL-TRANSPARENCIA-OBRAS-EM-ANDAMENTO-AGOSTO-05-09-2023.pdf\">Para acessar as informa\u00e7\u00f5es (agosto de 2023), clique aqui<\/a>&nbsp;<a href=\"https:\/\/www.uel.br\/portaltransparencia\/pages\/arquivos\/Obras\/Obras%202023\/8%20-%20PORTAL%20TRANSPARENCIA%20OBRAS%20EM%20ANDAMENTO%20-%20AGOSTO%20-%2005-09-2023.pdf\" target=\"_blank\" rel=\"noreferrer noopener\"><\/a><\/p>\n\n\n\n<p><a href=\"https:\/\/sites.uel.br\/portaltransparencia\/wp-content\/uploads\/LICITACOES_CONTRATOS\/OBRAS_ANDAMENTO\/2023\/9-PORTAL-TRANSPARENCIA-OBRAS-EM-ANDAMENTO-SETEMBRO-05-10-2023.pdf\">Para acessar as informa\u00e7\u00f5es (setembro de 2023), clique aqui&nbsp;<\/a><a href=\"https:\/\/www.uel.br\/portaltransparencia\/pages\/arquivos\/Obras\/Obras%202023\/9%20-%20PORTAL%20TRANSPARENCIA%20OBRAS%20EM%20ANDAMENTO%20-%20SETEMBRO%20-%2005-10-2023.pdf\" target=\"_blank\" rel=\"noreferrer noopener\"><\/a><\/p>\n\n\n\n<p><a href=\"https:\/\/sites.uel.br\/portaltransparencia\/wp-content\/uploads\/LICITACOES_CONTRATOS\/OBRAS_ANDAMENTO\/2023\/10-PORTAL-TRANSPARENCIA-OBRAS-EM-ANDAMENTO-OUT-10-11-2023.pdf\">Para acessar as informa\u00e7\u00f5es (outubro de 2023), clique aqui<\/a>&nbsp;<a href=\"https:\/\/www.uel.br\/portaltransparencia\/pages\/arquivos\/Obras\/Obras%202023\/10%20-%20PORTAL%20TRANSPARENCIA%20OBRAS%20EM%20ANDAMENTO%20-%20OUT%20-%2010-11-2023.pdf\" target=\"_blank\" rel=\"noreferrer noopener\"><\/a>&nbsp;<\/p>\n\n\n\n<p><a href=\"https:\/\/sites.uel.br\/portaltransparencia\/wp-content\/uploads\/LICITACOES_CONTRATOS\/OBRAS_ANDAMENTO\/2023\/11-PORTAL-TRANSPARENCIA-OBRAS-EM-ANDAMENTO-NOV-07-12-2023.pdf\">Para acessar as informa\u00e7\u00f5es (novembro de 2023), clique aqui<\/a>&nbsp;<a href=\"https:\/\/www.uel.br\/portaltransparencia\/pages\/arquivos\/Obras\/Obras%202023\/11%20-%20PORTAL%20TRANSPARENCIA%20OBRAS%20EM%20ANDAMENTO%20-%20NOV%20-%2007-12-2023.pdf\" target=\"_blank\" rel=\"noreferrer noopener\"><\/a><\/p>\n\n\n\n<p><a href=\"https:\/\/sites.uel.br\/portaltransparencia\/wp-content\/uploads\/LICITACOES_CONTRATOS\/OBRAS_ANDAMENTO\/2023\/12-PORTAL-TRANSPARENCIA-OBRAS-EM-ANDAMENTO-DEZ-23-01-2023.pdf\" target=\"_blank\" rel=\"noreferrer noopener\">Para acessar as informa\u00e7\u00f5es (dezembro de 2023), clique aqui&nbsp;&nbsp;&nbsp;<\/a><\/p>\n\n\n\n<p><a href=\"https:\/\/sites.uel.br\/portaltransparencia\/wp-content\/uploads\/LICITACOES_CONTRATOS\/OBRAS_ANDAMENTO\/2024\/1-PORTAL-TRANSPARENCIA-OBRAS-EM-ANDAMENTO-JAN-08-02-2024.pdf\" target=\"_blank\" rel=\"noreferrer noopener\">Para acessar as informa\u00e7\u00f5es (janeiro de 2024), clique aqui&nbsp;&nbsp;<\/a><\/p>\n\n\n\n<p><a href=\"https:\/\/sites.uel.br\/portaltransparencia\/wp-content\/uploads\/LICITACOES_CONTRATOS\/OBRAS_ANDAMENTO\/2024\/02-PORTAL-TRANSPARENCIA-OBRAS-EM-ANDAMENTO-FEV-05-03-2024.pdf\" target=\"_blank\" rel=\"noreferrer noopener\">Para acessar as informa\u00e7\u00f5es (fevereiro de 2024), clique aqui&nbsp;<\/a><\/p>\n\n\n\n<p><a href=\"https:\/\/sites.uel.br\/portaltransparencia\/wp-content\/uploads\/LICITACOES_CONTRATOS\/OBRAS_ANDAMENTO\/2024\/03-PORTAL-TRANSPARENCIA-OBRAS-EM-ANDAMENTO-MAR-10-04-2024-1.pdf\" target=\"_blank\" rel=\"noreferrer noopener\">Para acessar as informa\u00e7\u00f5es (mar\u00e7o de 2024), clique aqui<\/a><\/p>\n\n\n\n<p><a href=\"https:\/\/sites.uel.br\/portaltransparencia\/wp-content\/uploads\/LICITACOES_CONTRATOS\/OBRAS_ANDAMENTO\/2024\/04-PORTAL-TRANSPARENCIA-OBRAS-EM-ANDAMENTO-ABR-07-05-2024-1.pdf\">Para acessar as informa\u00e7\u00f5es (abril de 2024), clique aqui<\/a><\/p>\n\n\n\n<p><a href=\"https:\/\/sites.uel.br\/portaltransparencia\/wp-content\/uploads\/LICITACOES_CONTRATOS\/OBRAS_ANDAMENTO\/2024\/05-PORTAL-TRANSPARENCIA-OBRAS-EM-ANDAMENTO-MAI-11-06-2024.pdf\">Para acessar as informa\u00e7\u00f5es (maio de 2024), clique aqui<\/a><\/p>\n\n\n\n<p><a href=\"https:\/\/sites.uel.br\/portaltransparencia\/wp-content\/uploads\/LICITACOES_CONTRATOS\/OBRAS_ANDAMENTO\/2024\/06-PORTAL-TRANSPARENCIA-OBRAS-EM-ANDAMENTO-JUN-09-07-2024.pdf\">Para acessar as informa\u00e7\u00f5es (junho de 2024), clique aqui<\/a><\/p>\n\n\n\n<p><a href=\"https:\/\/sites.uel.br\/portaltransparencia\/wp-content\/uploads\/LICITACOES_CONTRATOS\/OBRAS_ANDAMENTO\/2024\/07-PORTAL-TRANSPARENCIA-OBRAS-EM-ANDAMENTO-JUL-12-08-2024-1.pdf\">Para acessar as informa\u00e7\u00f5es (julho de 2024), clique aqui<\/a>&nbsp;<a href=\"https:\/\/www.uel.br\/portaltransparencia\/pages\/arquivos\/Obras\/Obras%202024\/07%20-%20PORTAL%20TRANSPARENCIA%20OBRAS%20EM%20ANDAMENTO%20-%20JUL%20-%2012-08-2024%20(1).pdf\" target=\"_blank\" rel=\"noreferrer noopener\"><\/a><\/p>\n\n\n\n<p><a href=\"https:\/\/sites.uel.br\/portaltransparencia\/wp-content\/uploads\/LICITACOES_CONTRATOS\/OBRAS_ANDAMENTO\/2024\/08-PORTAL-TRANSPARENCIA-OBRAS-EM-ANDAMENTO-AGO-06-09-2024.pdf\">Para acessar as informa\u00e7\u00f5es (agosto de 2024), clique aqui<\/a><\/p>\n\n\n\n<p><a href=\"https:\/\/sites.uel.br\/portaltransparencia\/wp-content\/uploads\/LICITACOES_CONTRATOS\/OBRAS_ANDAMENTO\/2024\/09-PORTAL-TRANSPARENCIA-OBRAS-EM-ANDAMENTO-SET-08-10-2024.pdf\">Para acessar as informa\u00e7\u00f5es (setembro de 2024), clique aqui<\/a><\/p>\n\n\n\n<p><a href=\"https:\/\/sites.uel.br\/portaltransparencia\/wp-content\/uploads\/LICITACOES_CONTRATOS\/OBRAS_ANDAMENTO\/2024\/10-PORTAL-TRANSPARENCIA-OBRAS-EM-ANDAMENTO-OUT-14-11-2024.pdf\">Para acessar as informa\u00e7\u00f5es (outubro de 2024), clique aqui<\/a><\/p>\n\n\n\n<p><a href=\"https:\/\/www.uel.br\/portaltransparencia\/pages\/arquivos\/Obras\/Obras%202024\/11%20-%20PORTAL%20TRANSPARENCIA%20OBRAS%20EM%20ANDAMENTO%20-%20NOV%20-%2013-12-2024%20(1).pdf\">Para acessar as informa\u00e7\u00f5es (novembro de 2024), acesse aqui<\/a><\/p>\n\n\n\n<p><a href=\"https:\/\/www.uel.br\/portaltransparencia\/pages\/arquivos\/Obras\/Obras%202024\/12%20-%20PORTAL%20TRANSPARENCIA%20OBRAS%20EM%20ANDAMENTO%20-%20NOV%20-%2014-01-2025.pdf\">Para acessar as informa\u00e7\u00f5es (dezembro de 2024), acesse aqui<\/a><\/p>\n\n\n\n<p><a href=\"https:\/\/sites.uel.br\/portaltransparencia\/wp-content\/uploads\/01-PORTAL-TRANSPARENCIA-OBRAS-EM-ANDAMENTO-JAN-14-02-2025.pdf\">Para acessar as informa\u00e7\u00f5es (janeiro de 2025), acesse aqui<\/a><\/p>\n\n\n\n<p><a href=\"https:\/\/sites.uel.br\/portaltransparencia\/wp-content\/uploads\/02-PORTAL-TRANSPARENCIA-OBRAS-EM-ANDAMENTO-FEV-14-03-2025.pdf\">Para acessar as informa\u00e7\u00f5es (fevereiro de 2025), clique aqui<\/a><\/p>\n\n\n\n<p><a href=\"https:\/\/sites.uel.br\/portaltransparencia\/wp-content\/uploads\/03-PORTAL-TRANSPARENCIA-OBRAS-EM-ANDAMENTO-MAR-2025.pdf\">Para acessar as informa\u00e7\u00f5es (mar\u00e7o de 2025), clique aqui<\/a><\/p>\n\n\n\n<p><a href=\"https:\/\/sites.uel.br\/portaltransparencia\/wp-content\/uploads\/04-PORTAL-TRANSPARENCIA-OBRAS-EM-ANDAMENTO-ABR-2025.pdf\">Para acessar as informa\u00e7\u00f5es (abril de 2025), clique aqui<\/a><\/p>\n\n\n\n<p><a href=\"https:\/\/sites.uel.br\/portaltransparencia\/wp-content\/uploads\/05-PORTAL-TRANSPARENCIA-OBRAS-EM-ANDAMENTO-MAI-2025-1.pdf\">Para acessar as informa\u00e7\u00f5es (maio de 2025), clique aqui<\/a><\/p>\n\n\n\n<p><a href=\"https:\/\/sites.uel.br\/portaltransparencia\/wp-content\/uploads\/06-PORTAL-TRANSPARENCIA-OBRAS-EM-ANDAMENTO-JUN-2025.pdf\">Para acessar as informa\u00e7\u00f5es (junho de 2025), clique aqui<\/a><\/p>\n\n\n\n<p><a href=\"https:\/\/sites.uel.br\/portaltransparencia\/wp-content\/uploads\/07-PORTAL-TRANSPARENCIA-OBRAS-EM-ANDAMENTO-JULHO-2025-1-1.pdf\">Para acessar as informa\u00e7\u00f5es (julho de 2025), clique aqui<\/a><\/p>\n\n\n\n<p><a href=\"https:\/\/sites.uel.br\/portaltransparencia\/wp-content\/uploads\/08-PORTAL-TRANSPARENCIA-OBRAS-EM-ANDAMENTO-Agosto-2025.pdf\">Para acessar as informa\u00e7\u00f5es (agosto de 2025), clique aqui<\/a><\/p>\n\n\n\n<p><a href=\"https:\/\/sites.uel.br\/portaltransparencia\/wp-content\/uploads\/09-PORTAL-TRANSPARENCIA-OBRAS-EM-ANDAMENTO-Setembro-2025.pdf\">Para acessar as informa\u00e7\u00f5es (setembro de 2025), clique aqui<\/a><\/p>\n\n\n\n<p><a href=\"https:\/\/sites.uel.br\/portaltransparencia\/wp-content\/uploads\/10-PORTAL-TRANSPARENCIA-OBRAS-EM-ANDAMENTO-Outubro-2025.pdf\">Para acessar as informa\u00e7\u00f5es (outubro de 2025), clique aqui<\/a><\/p>\n\n\n\n<p><a href=\"https:\/\/sites.uel.br\/portaltransparencia\/wp-content\/uploads\/11-PORTAL-TRANSPARENCIA-OBRAS-EM-ANDAMENTO-Novembro-2025.pdf\">Para acessar as informa\u00e7\u00f5es (novembro de 2025), clique aqui<\/a><\/p>\n\n\n\n<p><a href=\"https:\/\/sites.uel.br\/portaltransparencia\/wp-content\/uploads\/12-PORTAL-TRANSPARENCIA-OBRAS-EM-ANDAMENTO-Dezembro-2025-1.pdf\">Para acessar as informa\u00e7\u00f5es (dezembro de 2025), clique aqui<\/a><\/p>\n\n\n\n<p><a href=\"https:\/\/sites.uel.br\/portaltransparencia\/wp-content\/uploads\/01-PORTAL-TRANSPARENCIA-OBRAS-EM-ANDAMENTO-Janeiro-2026-3.pdf\">Para acessar as informa\u00e7\u00f5es (janeiro de 2026), clique aqui<\/a><\/p>\n\n\n\n<p><a href=\"https:\/\/sites.uel.br\/portaltransparencia\/wp-content\/uploads\/02-PORTAL-TRANSPARENCIA-OBRAS-EM-ANDAMENTO-fevereiro-2026.pdf\">Para acessar as informa\u00e7\u00f5es (fevereiro de 2026), clique aqui<\/a><\/p>\n\n\n\n<p><a href=\"https:\/\/sites.uel.br\/portaltransparencia\/wp-content\/uploads\/03-PORTAL-TRANSPARENCIA-OBRAS-EM-ANDAMENTO-marco-2026.pdf\">Para acessar as informa\u00e7\u00f5es (mar\u00e7o de 2026), clique aqui<\/a><\/p>\n\n\n\n<p><\/p>\n\n\n\n<p><\/p>\n","protected":false},"excerpt":{"rendered":"<p>A Universidade Estadual de Londrina (UEL) mant\u00e9m um compromisso transparente com a comunidade acad\u00eamica e sociedade em geral, proporcionando acompanhamento detalhado de suas obras de infraestrutura. Nesta se\u00e7\u00e3o, voc\u00ea encontrar\u00e1 relat\u00f3rios mensais que documentam o progresso, investimentos e desenvolvimento das interven\u00e7\u00f5es arquitet\u00f4nicas e de engenharia em nosso campus. Selecione abaixo o m\u00eas e ano desejado [&hellip;]<\/p>\n","protected":false},"author":2,"featured_media":0,"parent":0,"menu_order":0,"comment_status":"closed","ping_status":"closed","template":"","meta":{"footnotes":""},"class_list":["post-156","page","type-page","status-publish","hentry"],"acf":[],"_links":{"self":[{"href":"https:\/\/sites.uel.br\/portaltransparencia\/wp-json\/wp\/v2\/pages\/156","targetHints":{"allow":["GET"]}}],"collection":[{"href":"https:\/\/sites.uel.br\/portaltransparencia\/wp-json\/wp\/v2\/pages"}],"about":[{"href":"https:\/\/sites.uel.br\/portaltransparencia\/wp-json\/wp\/v2\/types\/page"}],"author":[{"embeddable":true,"href":"https:\/\/sites.uel.br\/portaltransparencia\/wp-json\/wp\/v2\/users\/2"}],"replies":[{"embeddable":true,"href":"https:\/\/sites.uel.br\/portaltransparencia\/wp-json\/wp\/v2\/comments?post=156"}],"version-history":[{"count":37,"href":"https:\/\/sites.uel.br\/portaltransparencia\/wp-json\/wp\/v2\/pages\/156\/revisions"}],"predecessor-version":[{"id":1381,"href":"https:\/\/sites.uel.br\/portaltransparencia\/wp-json\/wp\/v2\/pages\/156\/revisions\/1381"}],"wp:attachment":[{"href":"https:\/\/sites.uel.br\/portaltransparencia\/wp-json\/wp\/v2\/media?parent=156"}],"curies":[{"name":"wp","href":"https:\/\/api.w.org\/{rel}","templated":true}]}}