{"id":154,"date":"2024-12-17T12:38:28","date_gmt":"2024-12-17T15:38:28","guid":{"rendered":"https:\/\/sites.uel.br\/portaltransparencia\/?page_id=154"},"modified":"2025-07-23T09:39:24","modified_gmt":"2025-07-23T12:39:24","slug":"covid-19","status":"publish","type":"page","link":"https:\/\/sites.uel.br\/portaltransparencia\/covid-19\/","title":{"rendered":"Despesas Relacionadas ao Enfrentamento da COVID-19"},"content":{"rendered":"\n<p>O Hospital Universit\u00e1rio da UEL disponibilizou mensalmente uma tabela detalhada com informa\u00e7\u00f5es sobre as compras realizadas para o combate \u00e0 pandemia de COVID-19. Esta iniciativa reflete o compromisso da institui\u00e7\u00e3o com a transpar\u00eancia na gest\u00e3o dos recursos p\u00fablicos.<\/p>\n\n\n\n<h2 class=\"wp-block-heading\">Caracter\u00edsticas do Relat\u00f3rio:<\/h2>\n\n\n\n<ul class=\"wp-block-list\">\n<li>Elabora\u00e7\u00e3o mensal pela Diretoria Administrativa do Hospital Universit\u00e1rio<\/li>\n\n\n\n<li>Formato PDF para melhor visualiza\u00e7\u00e3o dos dados extensos<\/li>\n\n\n\n<li>Possibilidade de amplia\u00e7\u00e3o para an\u00e1lise detalhada das informa\u00e7\u00f5es<\/li>\n<\/ul>\n\n\n\n<h2 class=\"wp-block-heading\">Autoria:<\/h2>\n\n\n\n<p>Soraia Martinez da Silva Carmo &#8211; Agente Universit\u00e1ria, Diretoria Administrativa do Hospital Universit\u00e1rio<\/p>\n\n\n\n<h2 class=\"wp-block-heading\">Acesso aos Relat\u00f3rios:<\/h2>\n\n\n\n<p>Selecione o m\u00eas desejado para visualizar o relat\u00f3rio correspondente:<\/p>\n\n\n\n<ul class=\"wp-block-list\">\n<li>Maio\/2022 &#8211; N\u00e3o foram efetivadas novas despesas especificamente para o enfrentamento da COVID-19 desde ent\u00e3o.<\/li>\n\n\n\n<li><a href=\"https:\/\/sites.uel.br\/portaltransparencia\/wp-content\/uploads\/LICITACOES_CONTRATOS\/DESPESAS-COVID-19\/2022\/TABELA-DE-COMPRAS-BENS-E-SERVICOS-COVID19-ABRIL-2022.pdf\">Abril\/2022<\/a><\/li>\n\n\n\n<li><a href=\"https:\/\/sites.uel.br\/portaltransparencia\/wp-content\/uploads\/LICITACOES_CONTRATOS\/DESPESAS-COVID-19\/2022\/TABELA-DE-COMPRAS-BENS-E-SERVICOS-COVID19-MARCO-2022.pdf\">Mar\u00e7o\/2022<\/a><\/li>\n\n\n\n<li><a href=\"https:\/\/sites.uel.br\/portaltransparencia\/wp-content\/uploads\/LICITACOES_CONTRATOS\/DESPESAS-COVID-19\/2022\/TABELA-DE-COMPRAS-BENS-E-SERVICOS-COVID19-fevereiro-2022.pdf\">Fevereiro\/2022<\/a><\/li>\n\n\n\n<li><a href=\"https:\/\/sites.uel.br\/portaltransparencia\/wp-content\/uploads\/LICITACOES_CONTRATOS\/DESPESAS-COVID-19\/2022\/TABELA-DE-COMPRAS-BENS-E-SERVICOS-COVID19-JANEIRO-2022.pdf\">Janeiro\/2022<\/a><\/li>\n\n\n\n<li><a href=\"https:\/\/sites.uel.br\/portaltransparencia\/wp-content\/uploads\/LICITACOES_CONTRATOS\/DESPESAS-COVID-19\/2021\/TABELA-DE-COMPRAS-BENS-E-SERVICOS-COVID19-dezembro-2021.pdf\">Dezembro\/2021<\/a><\/li>\n\n\n\n<li><a href=\"https:\/\/sites.uel.br\/portaltransparencia\/wp-content\/uploads\/LICITACOES_CONTRATOS\/DESPESAS-COVID-19\/2021\/TABELA-DE-COMPRAS-BENS-E-SERVICOS-COVID19-novembro-2021.pdf\">Novembro\/2021<\/a><\/li>\n\n\n\n<li><a href=\"https:\/\/sites.uel.br\/portaltransparencia\/wp-content\/uploads\/LICITACOES_CONTRATOS\/DESPESAS-COVID-19\/2021\/TABELA-DE-COMPRAS-BENS-E-SERVICOS-COVID19-outubro-2021.pdf\">Outubro\/2021<\/a><\/li>\n\n\n\n<li><a href=\"https:\/\/sites.uel.br\/portaltransparencia\/wp-content\/uploads\/LICITACOES_CONTRATOS\/DESPESAS-COVID-19\/2021\/COMPRAS-RELACIONADAS-AO-ENFRENTAMENTO-A-COVID-19-SETEMBRO-2021.pdf\">Setembro\/2021<\/a><\/li>\n\n\n\n<li><a href=\"https:\/\/sites.uel.br\/portaltransparencia\/wp-content\/uploads\/LICITACOES_CONTRATOS\/DESPESAS-COVID-19\/2021\/COMPRAS-RELACIONADAS-AO-ENFRENTAMENTO-A-COVID-19-AGOSTO-2021.pdf\">Agosto\/2021<\/a><\/li>\n\n\n\n<li><a href=\"https:\/\/sites.uel.br\/portaltransparencia\/wp-content\/uploads\/LICITACOES_CONTRATOS\/DESPESAS-COVID-19\/2021\/COMPRAS-RELACIONADAS-AO-ENFRENTAMENTO-A-COVID-19-JULHO-2021.pdf\">Julho\/2021<\/a><\/li>\n\n\n\n<li><a href=\"https:\/\/sites.uel.br\/portaltransparencia\/wp-content\/uploads\/LICITACOES_CONTRATOS\/DESPESAS-COVID-19\/2021\/TABELA-DE-COMPRAS-BENS-E-SERVICOS-COVID19-JUNHO-2021.pdf\">Junho\/2021<\/a><\/li>\n\n\n\n<li><a href=\"https:\/\/sites.uel.br\/portaltransparencia\/wp-content\/uploads\/LICITACOES_CONTRATOS\/DESPESAS-COVID-19\/2021\/TABELA-DE-COMPRAS-BENS-E-SERVICOS-COVID19-MAIO_2021.pdf\">Maio\/2021<\/a><\/li>\n\n\n\n<li><a href=\"https:\/\/sites.uel.br\/portaltransparencia\/wp-content\/uploads\/LICITACOES_CONTRATOS\/DESPESAS-COVID-19\/2021\/TABELA-DE-COMPRAS-BENS-E-SERVICOS-COVID19-ABRIL_2021.pdf\">Abril\/2021<\/a><\/li>\n\n\n\n<li><a href=\"https:\/\/sites.uel.br\/portaltransparencia\/wp-content\/uploads\/LICITACOES_CONTRATOS\/DESPESAS-COVID-19\/2021\/COMPRAS-RELACIONADAS-AO-ENFRENTAMENTO-A-COVID-19-MARCO-2021.pdf\">Mar\u00e7o\/2021<\/a><\/li>\n\n\n\n<li><a href=\"https:\/\/sites.uel.br\/portaltransparencia\/wp-content\/uploads\/LICITACOES_CONTRATOS\/DESPESAS-COVID-19\/2021\/COMPRAS-RELACIONADAS-AO-ENFRENTAMENTO-A-COVID-19-FEVEREIRO-2021.pdf\">Fevereiro\/2021<\/a><\/li>\n\n\n\n<li><a href=\"https:\/\/sites.uel.br\/portaltransparencia\/wp-content\/uploads\/LICITACOES_CONTRATOS\/DESPESAS-COVID-19\/2021\/COMPRAS-RELACIONADAS-AO-ENFRENTAMENTO-A-COVID-19-JANEIRO-2021.pdf\">Janeiro\/2021<\/a><\/li>\n\n\n\n<li><a href=\"https:\/\/sites.uel.br\/portaltransparencia\/wp-content\/uploads\/LICITACOES_CONTRATOS\/DESPESAS-COVID-19\/2020\/COMPRAS-RELACIONADAS-AO-ENFRENTAMENTO-A-COVID-19-DEZEMBRO-2020.pdf\">Dezembro\/2020<\/a><\/li>\n\n\n\n<li><a href=\"https:\/\/sites.uel.br\/portaltransparencia\/wp-content\/uploads\/LICITACOES_CONTRATOS\/DESPESAS-COVID-19\/2020\/COMPRAS-RELACIONADAS-AO-ENFRENTAMENTO-A-COVID-19-NOVEMBRO-2020.pdf\">Novembro\/2020<\/a><\/li>\n\n\n\n<li><a href=\"https:\/\/sites.uel.br\/portaltransparencia\/wp-content\/uploads\/LICITACOES_CONTRATOS\/DESPESAS-COVID-19\/2020\/COMPRAS-RELACIONADAS-AO-ENFRENTAMENTO-A-COVID-19-OUTUBRO-2020.pdf\">Outubro\/2020<\/a><\/li>\n\n\n\n<li><a href=\"https:\/\/sites.uel.br\/portaltransparencia\/wp-content\/uploads\/LICITACOES_CONTRATOS\/DESPESAS-COVID-19\/2020\/COMPRAS-RELACIONADAS-AO-ENFRENTAMENTO-A-COVID-19-SETEMBRO-2020.pdf\">Setembro\/2020<\/a><\/li>\n\n\n\n<li><a href=\"https:\/\/sites.uel.br\/portaltransparencia\/wp-content\/uploads\/LICITACOES_CONTRATOS\/DESPESAS-COVID-19\/2020\/TABELA-DE-COMPRAS-BENS-E-SERVICOS-COVID19-agosto-2020.pdf\">Agosto\/2020<\/a><\/li>\n\n\n\n<li><a href=\"https:\/\/sites.uel.br\/portaltransparencia\/wp-content\/uploads\/LICITACOES_CONTRATOS\/DESPESAS-COVID-19\/2020\/TABELA-DE-COMPRAS-BENS-E-SERVICOS-COVID19-julho-2020.pdf\">Julho\/2020<\/a><\/li>\n\n\n\n<li><a href=\"https:\/\/sites.uel.br\/portaltransparencia\/wp-content\/uploads\/LICITACOES_CONTRATOS\/DESPESAS-COVID-19\/2020\/TABELA-DE-COMPRAS-BENS-E-SERVICOS-COVID19-junho-2020.pdf\">Junho\/2020<\/a><\/li>\n\n\n\n<li><a href=\"https:\/\/sites.uel.br\/portaltransparencia\/wp-content\/uploads\/LICITACOES_CONTRATOS\/DESPESAS-COVID-19\/2020\/TABELA-DE-COMPRAS-BENS-E-SERVICOS-COVID19-maio-2020.pdf\">Maio\/2020<\/a><\/li>\n\n\n\n<li><a href=\"https:\/\/sites.uel.br\/portaltransparencia\/wp-content\/uploads\/LICITACOES_CONTRATOS\/DESPESAS-COVID-19\/2020\/TABELA-DE-COMPRAS-BENS-E-SERVICOS-COVID19-marco-e-abril-2020.pdf\">Mar\u00e7o e Abril\/2020<\/a><\/li>\n<\/ul>\n","protected":false},"excerpt":{"rendered":"<p>O Hospital Universit\u00e1rio da UEL disponibilizou mensalmente uma tabela detalhada com informa\u00e7\u00f5es sobre as compras realizadas para o combate \u00e0 pandemia de COVID-19. Esta iniciativa reflete o compromisso da institui\u00e7\u00e3o com a transpar\u00eancia na gest\u00e3o dos recursos p\u00fablicos. Caracter\u00edsticas do Relat\u00f3rio: Autoria: Soraia Martinez da Silva Carmo &#8211; Agente Universit\u00e1ria, Diretoria Administrativa do Hospital Universit\u00e1rio [&hellip;]<\/p>\n","protected":false},"author":2,"featured_media":0,"parent":0,"menu_order":0,"comment_status":"closed","ping_status":"closed","template":"","meta":{"footnotes":""},"class_list":["post-154","page","type-page","status-publish","hentry"],"acf":[],"_links":{"self":[{"href":"https:\/\/sites.uel.br\/portaltransparencia\/wp-json\/wp\/v2\/pages\/154","targetHints":{"allow":["GET"]}}],"collection":[{"href":"https:\/\/sites.uel.br\/portaltransparencia\/wp-json\/wp\/v2\/pages"}],"about":[{"href":"https:\/\/sites.uel.br\/portaltransparencia\/wp-json\/wp\/v2\/types\/page"}],"author":[{"embeddable":true,"href":"https:\/\/sites.uel.br\/portaltransparencia\/wp-json\/wp\/v2\/users\/2"}],"replies":[{"embeddable":true,"href":"https:\/\/sites.uel.br\/portaltransparencia\/wp-json\/wp\/v2\/comments?post=154"}],"version-history":[{"count":7,"href":"https:\/\/sites.uel.br\/portaltransparencia\/wp-json\/wp\/v2\/pages\/154\/revisions"}],"predecessor-version":[{"id":1018,"href":"https:\/\/sites.uel.br\/portaltransparencia\/wp-json\/wp\/v2\/pages\/154\/revisions\/1018"}],"wp:attachment":[{"href":"https:\/\/sites.uel.br\/portaltransparencia\/wp-json\/wp\/v2\/media?parent=154"}],"curies":[{"name":"wp","href":"https:\/\/api.w.org\/{rel}","templated":true}]}}