{"id":152,"date":"2024-12-17T12:38:11","date_gmt":"2024-12-17T15:38:11","guid":{"rendered":"https:\/\/sites.uel.br\/portaltransparencia\/?page_id=152"},"modified":"2024-12-17T16:53:26","modified_gmt":"2024-12-17T19:53:26","slug":"servidores-em-disponibilidade","status":"publish","type":"page","link":"https:\/\/sites.uel.br\/portaltransparencia\/servidores-em-disponibilidade\/","title":{"rendered":"Servidores em Disponibilidade"},"content":{"rendered":"\n<p>Servidores de outros \u00f3rg\u00e3os \u00e0 disposi\u00e7\u00e3o da UEL:<\/p>\n\n\n\n<figure class=\"wp-block-table\"><table class=\"has-fixed-layout\"><tbody><tr><td><strong>N\u00ba<\/strong><\/td><td><strong>SERVIDOR<\/strong><\/td><td><strong>ORIGEM<\/strong><\/td><td><strong>CARGO<\/strong><\/td><td><strong>PROCESSO<\/strong><\/td><td><strong>DATA&nbsp;<\/strong><\/td><\/tr><tr><td>1<\/td><td>Adriana da Silva Vinholi Rampazo<\/td><td>UNESPAR<\/td><td>Professor Adjunto<\/td><td>PORTARIA 774\/2017<\/td><td>16\/08\/2017<\/td><\/tr><tr><td>2<\/td><td>Jefferson Olivatto da Silva<\/td><td>UNICENTRO<\/td><td>Professor Adjunto<\/td><td>PORTARIA 298\/2018<\/td><td>19\/11\/2018<\/td><\/tr><tr><td>3<\/td><td>Juliano Tadeu Vilela de Resende<\/td><td>UNICENTRO<\/td><td>Professor Associado<\/td><td>PORTARIA 397\/2018<\/td><td>01\/01\/2019<\/td><\/tr><tr><td>4<\/td><td>Larissa Bobroff Daros<\/td><td>UNICENTRO<\/td><td>Professor Adjunto<\/td><td>PORTARIA 1410\/2015<\/td><td>19\/08\/2015<\/td><\/tr><\/tbody><\/table><\/figure>\n\n\n\n<p>Servidores da UEL \u00e0 disposi\u00e7\u00e3o em outros \u00f3rg\u00e3os:<\/p>\n\n\n\n<figure class=\"wp-block-table\"><table class=\"has-fixed-layout\"><tbody><tr><td>N\u00ba<\/td><td>SERVIDOR<\/td><td>DESTINO<\/td><td>DATA<\/td><td>\u00d4NUS UEL<\/td><td>CENTRO LOTA\u00c7\u00c3O<\/td><td>LOTA\u00c7\u00c3O<\/td><td>CARGO<\/td><td>REMUNERA\u00c7\u00c3O<\/td><\/tr><tr><td>1<\/td><td>Antonio Carlos Dourado<\/td><td>Instituto Paranaense de Ci\u00eancia do Esporte<\/td><td>20\/02\/2019<\/td><td>COM<\/td><td>CEFE-DES<\/td><td>Departamento de Ciencias do Esporte<\/td><td>Professor Associado A<\/td><td>R$ 17.815,88<\/td><\/tr><tr><td>2<\/td><td>Ana Lucia Nascimento Fonseca<\/td><td>Secretaria de Estado da Sa\u00fade do Paran\u00e1<\/td><td>05\/04\/2011<\/td><td>COM<\/td><td>HU-DE-DMI<\/td><td>Divis\u00e3o Materno-Infantil<\/td><td>Enfermeiro<\/td><td>R$ 15.214,34<\/td><\/tr><tr><td>3<\/td><td>Juliane Martens Weingartner<\/td><td>TEATRO GUA\u00cdRA<\/td><td>16\/05\/2003<\/td><td>COM<\/td><td>CC-DM-SMO<\/td><td>Setor de M\u00fasica Orquestral<\/td><td>Instrumentista Musical<\/td><td>R$ 7.584,66<\/td><\/tr><tr><td>4<\/td><td>Viviane Aparecida Eloy Sangiorgi<\/td><td>Secretaria de Estado da Ci\u00eancia,Tecnologia e Ensino Superior<\/td><td>26\/09\/2011<\/td><td>COM<\/td><td>CC-DT<\/td><td>Divis\u00e3o de Artes C\u00eanicas<\/td><td>T\u00e9cnico Administrativo<\/td><td>R$ 4.916,28<\/td><\/tr><\/tbody><\/table><\/figure>\n","protected":false},"excerpt":{"rendered":"<p>Servidores de outros \u00f3rg\u00e3os \u00e0 disposi\u00e7\u00e3o da UEL: N\u00ba SERVIDOR ORIGEM CARGO PROCESSO DATA&nbsp; 1 Adriana da Silva Vinholi Rampazo UNESPAR Professor Adjunto PORTARIA 774\/2017 16\/08\/2017 2 Jefferson Olivatto da Silva UNICENTRO Professor Adjunto PORTARIA 298\/2018 19\/11\/2018 3 Juliano Tadeu Vilela de Resende UNICENTRO Professor Associado PORTARIA 397\/2018 01\/01\/2019 4 Larissa Bobroff Daros UNICENTRO Professor [&hellip;]<\/p>\n","protected":false},"author":2,"featured_media":0,"parent":0,"menu_order":0,"comment_status":"closed","ping_status":"closed","template":"","meta":{"footnotes":""},"class_list":["post-152","page","type-page","status-publish","hentry"],"acf":[],"_links":{"self":[{"href":"https:\/\/sites.uel.br\/portaltransparencia\/wp-json\/wp\/v2\/pages\/152","targetHints":{"allow":["GET"]}}],"collection":[{"href":"https:\/\/sites.uel.br\/portaltransparencia\/wp-json\/wp\/v2\/pages"}],"about":[{"href":"https:\/\/sites.uel.br\/portaltransparencia\/wp-json\/wp\/v2\/types\/page"}],"author":[{"embeddable":true,"href":"https:\/\/sites.uel.br\/portaltransparencia\/wp-json\/wp\/v2\/users\/2"}],"replies":[{"embeddable":true,"href":"https:\/\/sites.uel.br\/portaltransparencia\/wp-json\/wp\/v2\/comments?post=152"}],"version-history":[{"count":4,"href":"https:\/\/sites.uel.br\/portaltransparencia\/wp-json\/wp\/v2\/pages\/152\/revisions"}],"predecessor-version":[{"id":270,"href":"https:\/\/sites.uel.br\/portaltransparencia\/wp-json\/wp\/v2\/pages\/152\/revisions\/270"}],"wp:attachment":[{"href":"https:\/\/sites.uel.br\/portaltransparencia\/wp-json\/wp\/v2\/media?parent=152"}],"curies":[{"name":"wp","href":"https:\/\/api.w.org\/{rel}","templated":true}]}}