{"id":150,"date":"2024-12-17T12:37:02","date_gmt":"2024-12-17T15:37:02","guid":{"rendered":"https:\/\/sites.uel.br\/portaltransparencia\/?page_id=150"},"modified":"2026-04-14T08:26:57","modified_gmt":"2026-04-14T11:26:57","slug":"quadro-de-pessoal","status":"publish","type":"page","link":"https:\/\/sites.uel.br\/portaltransparencia\/quadro-de-pessoal\/","title":{"rendered":"Quadro de Pessoal"},"content":{"rendered":"\n<p><strong>Agentes Universit\u00e1rios<\/strong><\/p>\n\n\n\n<ul class=\"wp-block-list\">\n<li><a href=\"https:\/\/www.uel.br\/portaltransparencia\/pages\/arquivos\/Quadro%20de%20pessoal%20da%20UEL\/rpt_QTDE_tecnicos_projeto_atividade.pdf\">Quadro de Vagas &#8211; Agentes Universit\u00e1rios<\/a><\/li>\n<\/ul>\n\n\n\n<p><strong>Docentes&nbsp;<\/strong><\/p>\n\n\n\n<ul class=\"wp-block-list\">\n<li><a href=\"https:\/\/www.uel.br\/portaltransparencia\/pages\/arquivos\/Quadro%20de%20pessoal%20da%20UEL\/Docentes%202025%20rpt_QTDE_docentes_classe.pdf\" target=\"_blank\" rel=\"noreferrer noopener\">Quadro de Vagas &#8211; Docentes<\/a><\/li>\n<\/ul>\n\n\n\n<p><strong>Terceirizados Campus Universit\u00e1rio<\/strong><\/p>\n\n\n\n<ul class=\"wp-block-list\">\n<li><a href=\"https:\/\/sites.uel.br\/portaltransparencia\/wp-content\/uploads\/RECURSOS_HUMANOS\/QUADRO_PESSOAL\/2023\/LISTA-DE-TERCEIRIZADOS-UEL-2023.pdf\">Quadro de Terceirizados em 2023<\/a><\/li>\n\n\n\n<li><a href=\"https:\/\/www.uel.br\/portaltransparencia\/pages\/arquivos\/Quadro%20de%20pessoal%20da%20UEL\/Terceirizados%20Campus%20Universitario\/Campus%20Terceirizados%20Abril%20ate%20Dezembro%202024.pdf\">Quadro de Terceirizados em 2024<\/a><\/li>\n\n\n\n<li><a href=\"https:\/\/sites.uel.br\/portaltransparencia\/wp-content\/uploads\/Novo-Campus-Terceirizados-Jan_Dez-2025.pdf\">Quadro de Terceirizados em 2025<\/a><\/li>\n\n\n\n<li><a href=\"https:\/\/sites.uel.br\/portaltransparencia\/wp-content\/uploads\/Terceirizados-Campus-Jan_Marco-2026.pdf\">Quadro de Terceirizados em 2026<\/a><\/li>\n<\/ul>\n\n\n\n<p><strong>Estagi\u00e1rios Campus Universit\u00e1rio<\/strong><\/p>\n\n\n\n<ul class=\"wp-block-list\">\n<li>&nbsp;<a href=\"https:\/\/sites.uel.br\/portaltransparencia\/wp-content\/uploads\/RECURSOS_HUMANOS\/QUADRO_PESSOAL\/2023\/LISTA-DE-ESTAGIARIOS-UEL-2023.pdf\">Quadro de Estagi\u00e1rios em 2023<\/a><\/li>\n\n\n\n<li>&nbsp;<a href=\"https:\/\/www.uel.br\/portaltransparencia\/pages\/arquivos\/Estagiarios%20Campus\/Campus%20estagiarios%20Marco%20ate%20dezembro%20de%202024.pdf\">Quadro de Estagi\u00e1rios em 2024<\/a><\/li>\n\n\n\n<li><a href=\"https:\/\/sites.uel.br\/portaltransparencia\/wp-content\/uploads\/Campus-Estagiarios-Jan_Dez-2025.pdf\">Quadro de Estagi\u00e1rios em 2025<\/a><\/li>\n\n\n\n<li><a href=\"https:\/\/sites.uel.br\/portaltransparencia\/wp-content\/uploads\/Estagiarios-Campus-Jan_Mar-2026.pdf\">Quadro de Estagi\u00e1rios em 2026<\/a><\/li>\n<\/ul>\n\n\n\n<p><strong>Terceirizados Hospital Universit\u00e1rio<\/strong><\/p>\n\n\n\n<ul class=\"wp-block-list\">\n<li><a href=\"https:\/\/sites.uel.br\/portaltransparencia\/wp-content\/uploads\/Terceirizados-HU-2023-1.pdf\">Quadro de terceirizados em 2023<\/a><\/li>\n<\/ul>\n\n\n\n<p><\/p>\n\n\n\n<ul class=\"wp-block-list\">\n<li><a href=\"https:\/\/sites.uel.br\/portaltransparencia\/wp-content\/uploads\/HU-Terceirizados-2024.pdf\">Quadro de Terceirizados em 2024<\/a><\/li>\n<\/ul>\n\n\n\n<p><\/p>\n\n\n\n<ul class=\"wp-block-list\">\n<li><a href=\"https:\/\/sites.uel.br\/portaltransparencia\/wp-content\/uploads\/HU-Terceirizados-Jan_Dez-2025.pdf\">Quadro de terceirizados em 2025<\/a><\/li>\n\n\n\n<li><a href=\"https:\/\/sites.uel.br\/portaltransparencia\/wp-content\/uploads\/Terceirizados-HU-Jan_2026.pdf\">Quadro de terceirizados em 2026<\/a><\/li>\n<\/ul>\n\n\n\n<p><\/p>\n\n\n\n<p><strong>Chamamento P\u00fablico Hospital Universit\u00e1rio<\/strong><\/p>\n\n\n\n<ul class=\"wp-block-list\">\n<li><a href=\"https:\/\/sites.uel.br\/portaltransparencia\/wp-content\/uploads\/HU-Relacao-de-Credenciados-Chamamento-Publico-pagos-06-2023-1.pdf\">Quadro do Chamamento P\u00fablico em 2023<\/a><\/li>\n\n\n\n<li><a href=\"https:\/\/sites.uel.br\/portaltransparencia\/wp-content\/uploads\/HU-Chamamento-Publico-Marco-ate-Dezembro-2024.pdf\">Quadro do Chamamento P\u00fablico em 2024<\/a><\/li>\n\n\n\n<li><a href=\"https:\/\/sites.uel.br\/portaltransparencia\/wp-content\/uploads\/HU-Chamamento-Publico-Jan_Dez-2025.pdf\">Quadro do Chamamento P\u00fablico em 2025<\/a><\/li>\n\n\n\n<li><a href=\"https:\/\/sites.uel.br\/portaltransparencia\/wp-content\/uploads\/Credenciados-Chamamento-Publico-Janeiro-2026.pdf\">Quadro do Chamamento P\u00fablico em 2026<\/a><\/li>\n<\/ul>\n\n\n\n<p><\/p>\n\n\n\n<p><strong>Estagi\u00e1rios Hospital Universit\u00e1rio<\/strong><\/p>\n\n\n\n<ul class=\"wp-block-list\">\n<li><a href=\"https:\/\/sites.uel.br\/portaltransparencia\/wp-content\/uploads\/RECURSOS_HUMANOS\/QUADRO_PESSOAL\/2023\/HU-Relacao-de-Estagiarios-2023.pdf\">Quadro de Estagi\u00e1rios em 2023<\/a><\/li>\n\n\n\n<li><a href=\"https:\/\/sites.uel.br\/portaltransparencia\/wp-content\/uploads\/RECURSOS_HUMANOS\/QUADRO_PESSOAL\/2024\/HU_Estagiarios-Abr-ate-Nov-2024.pdf\">Quadro de Estagi\u00e1rios em 2024<\/a><\/li>\n\n\n\n<li><a href=\"https:\/\/sites.uel.br\/portaltransparencia\/wp-content\/uploads\/HU-Estagiarios-Jan_Dez-2025.pdf\">Quadro de Estagi\u00e1rios em 2025<\/a><\/li>\n\n\n\n<li><a href=\"https:\/\/sites.uel.br\/portaltransparencia\/wp-content\/uploads\/Estagiarios-HU-Janeiro-2026.pdf\">Quadro de Estagi\u00e1rios em 2026<\/a><\/li>\n<\/ul>\n","protected":false},"excerpt":{"rendered":"<p>Agentes Universit\u00e1rios Docentes&nbsp; Terceirizados Campus Universit\u00e1rio Estagi\u00e1rios Campus Universit\u00e1rio Terceirizados Hospital Universit\u00e1rio Chamamento P\u00fablico Hospital Universit\u00e1rio Estagi\u00e1rios Hospital Universit\u00e1rio<\/p>\n","protected":false},"author":2,"featured_media":0,"parent":0,"menu_order":0,"comment_status":"closed","ping_status":"closed","template":"","meta":{"footnotes":""},"class_list":["post-150","page","type-page","status-publish","hentry"],"acf":[],"_links":{"self":[{"href":"https:\/\/sites.uel.br\/portaltransparencia\/wp-json\/wp\/v2\/pages\/150","targetHints":{"allow":["GET"]}}],"collection":[{"href":"https:\/\/sites.uel.br\/portaltransparencia\/wp-json\/wp\/v2\/pages"}],"about":[{"href":"https:\/\/sites.uel.br\/portaltransparencia\/wp-json\/wp\/v2\/types\/page"}],"author":[{"embeddable":true,"href":"https:\/\/sites.uel.br\/portaltransparencia\/wp-json\/wp\/v2\/users\/2"}],"replies":[{"embeddable":true,"href":"https:\/\/sites.uel.br\/portaltransparencia\/wp-json\/wp\/v2\/comments?post=150"}],"version-history":[{"count":116,"href":"https:\/\/sites.uel.br\/portaltransparencia\/wp-json\/wp\/v2\/pages\/150\/revisions"}],"predecessor-version":[{"id":1387,"href":"https:\/\/sites.uel.br\/portaltransparencia\/wp-json\/wp\/v2\/pages\/150\/revisions\/1387"}],"wp:attachment":[{"href":"https:\/\/sites.uel.br\/portaltransparencia\/wp-json\/wp\/v2\/media?parent=150"}],"curies":[{"name":"wp","href":"https:\/\/api.w.org\/{rel}","templated":true}]}}