{"id":1398,"date":"2026-04-23T09:24:36","date_gmt":"2026-04-23T12:24:36","guid":{"rendered":"https:\/\/sites.uel.br\/portaltransparencia\/?page_id=1398"},"modified":"2026-04-23T10:19:03","modified_gmt":"2026-04-23T13:19:03","slug":"lei-geral-das-universidades-lgu","status":"publish","type":"page","link":"https:\/\/sites.uel.br\/portaltransparencia\/lei-geral-das-universidades-lgu\/","title":{"rendered":"Lei Geral das Universidades &#8211; LGU"},"content":{"rendered":"\n<p><strong>Artigo N\u00ba 64<\/strong><\/p>\n\n\n\n<p><a href=\"https:\/\/sites.uel.br\/proplan\/uel-em-dados\/\">Informa\u00e7\u00f5es gerais sobre os docentes, agentes universit\u00e1rios e estudantes<\/a><\/p>\n\n\n\n<p><a href=\"https:\/\/sistemas.uel.br\/portaltransparencia\/rh\/qntvDocentes\">Quantitativo de docentes efetivos e tempor\u00e1rios; respectivos regimes de trabalho e carga hor\u00e1ria.<\/a><\/p>\n\n\n\n<p><a href=\"https:\/\/sistemas.uel.br\/portaltransparencia\/rh\/qntvAgentesUniversitarios\">Quantitativo de agentes universit\u00e1rios de n\u00edvel superior, n\u00edvel m\u00e9dio e n\u00edvel operacional<\/a><\/p>\n\n\n\n<p><a href=\"https:\/\/sistemas.uel.br\/portaltransparencia\/rh\/docentesPlantonistas\">Informa\u00e7\u00f5es sobre gratifica\u00e7\u00e3o ao Plant\u00e3o Docente GPD, GPS e RPS<\/a><\/p>\n\n\n\n<p><a href=\"https:\/\/www.transparencia.pr.gov.br\/pte\/pessoal\/relacao-servidores?windowId=e31\">Informa\u00e7\u00f5es mais espec\u00edficas sobre os docentes e servidores<\/a><\/p>\n\n\n\n<p><a href=\"https:\/\/sistemas.uel.br\/ords\/r\/dsrh\/atos-oficiais\/anato02\">Portarias<\/a><\/p>\n\n\n\n<p><\/p>\n","protected":false},"excerpt":{"rendered":"<p>Artigo N\u00ba 64 Informa\u00e7\u00f5es gerais sobre os docentes, agentes universit\u00e1rios e estudantes Quantitativo de docentes efetivos e tempor\u00e1rios; respectivos regimes de trabalho e carga hor\u00e1ria. Quantitativo de agentes universit\u00e1rios de n\u00edvel superior, n\u00edvel m\u00e9dio e n\u00edvel operacional Informa\u00e7\u00f5es sobre gratifica\u00e7\u00e3o ao Plant\u00e3o Docente GPD, GPS e RPS Informa\u00e7\u00f5es mais espec\u00edficas sobre os docentes e servidores [&hellip;]<\/p>\n","protected":false},"author":6,"featured_media":0,"parent":0,"menu_order":0,"comment_status":"closed","ping_status":"closed","template":"","meta":{"footnotes":""},"class_list":["post-1398","page","type-page","status-publish","hentry"],"acf":[],"_links":{"self":[{"href":"https:\/\/sites.uel.br\/portaltransparencia\/wp-json\/wp\/v2\/pages\/1398","targetHints":{"allow":["GET"]}}],"collection":[{"href":"https:\/\/sites.uel.br\/portaltransparencia\/wp-json\/wp\/v2\/pages"}],"about":[{"href":"https:\/\/sites.uel.br\/portaltransparencia\/wp-json\/wp\/v2\/types\/page"}],"author":[{"embeddable":true,"href":"https:\/\/sites.uel.br\/portaltransparencia\/wp-json\/wp\/v2\/users\/6"}],"replies":[{"embeddable":true,"href":"https:\/\/sites.uel.br\/portaltransparencia\/wp-json\/wp\/v2\/comments?post=1398"}],"version-history":[{"count":10,"href":"https:\/\/sites.uel.br\/portaltransparencia\/wp-json\/wp\/v2\/pages\/1398\/revisions"}],"predecessor-version":[{"id":1411,"href":"https:\/\/sites.uel.br\/portaltransparencia\/wp-json\/wp\/v2\/pages\/1398\/revisions\/1411"}],"wp:attachment":[{"href":"https:\/\/sites.uel.br\/portaltransparencia\/wp-json\/wp\/v2\/media?parent=1398"}],"curies":[{"name":"wp","href":"https:\/\/api.w.org\/{rel}","templated":true}]}}