{"id":139,"date":"2024-12-17T12:32:53","date_gmt":"2024-12-17T15:32:53","guid":{"rendered":"https:\/\/sites.uel.br\/portaltransparencia\/?page_id=139"},"modified":"2024-12-17T16:16:23","modified_gmt":"2024-12-17T19:16:23","slug":"sobre-o-portal","status":"publish","type":"page","link":"https:\/\/sites.uel.br\/portaltransparencia\/sobre-o-portal\/","title":{"rendered":"Sobre o Portal"},"content":{"rendered":"\n<p>O Portal de Transpar\u00eancia da Universidade Estadual de Londrina (UEL) \u00e9 uma ferramenta essencial que garante ao cidad\u00e3o o direito de acompanhar:<\/p>\n\n\n\n<ul class=\"wp-block-list\">\n<li>Gastos p\u00fablicos<\/li>\n\n\n\n<li>Desenvolvimento de projetos<\/li>\n\n\n\n<li>Cumprimento de objetivos e metas da universidade<\/li>\n<\/ul>\n\n\n\n<p>Este portal reflete o compromisso da UEL com a transpar\u00eancia e a gest\u00e3o democr\u00e1tica.<\/p>\n\n\n\n<h2 class=\"wp-block-heading\">Lei de Acesso \u00e0 Informa\u00e7\u00e3o<\/h2>\n\n\n\n<p>A Lei n\u00ba 12.527, sancionada em 18 de novembro de 2011 e regulamentada pelo Decreto n\u00b0 8020 de 16 de abril de 2013, estabelece:<\/p>\n\n\n\n<ol class=\"wp-block-list\">\n<li>Regulamenta\u00e7\u00e3o do direito constitucional de acesso \u00e0s informa\u00e7\u00f5es p\u00fablicas<\/li>\n\n\n\n<li>Aplicabilidade aos tr\u00eas Poderes da Uni\u00e3o, Estados, Distrito Federal e Munic\u00edpios<\/li>\n<\/ol>\n\n\n\n<p><strong>Import\u00e2ncia da Lei:<\/strong><\/p>\n\n\n\n<ul class=\"wp-block-list\">\n<li>Consolida a democracia brasileira<\/li>\n\n\n\n<li>Auxilia na preven\u00e7\u00e3o da corrup\u00e7\u00e3o<\/li>\n\n\n\n<li>Promove maior participa\u00e7\u00e3o popular<\/li>\n\n\n\n<li>Permite controle social das a\u00e7\u00f5es governamentais<\/li>\n\n\n\n<li>Contribui para a melhoria da gest\u00e3o p\u00fablica<\/li>\n<\/ul>\n\n\n\n<p><strong>Base Constitucional:<\/strong><\/p>\n\n\n\n<ul class=\"wp-block-list\">\n<li>Artigo 5\u00ba, inciso XXXIII: Direito de receber informa\u00e7\u00f5es dos \u00f3rg\u00e3os p\u00fablicos<\/li>\n\n\n\n<li>Artigo 5\u00ba, inciso XIV: Acesso \u00e0 informa\u00e7\u00e3o<\/li>\n\n\n\n<li>Artigo 37, \u00a7 3\u00ba, inciso II: Acesso a registros administrativos e informa\u00e7\u00f5es sobre atos de governo<\/li>\n\n\n\n<li>Artigo 216, \u00a7 2\u00ba: Gest\u00e3o da documenta\u00e7\u00e3o governamental<\/li>\n<\/ul>\n\n\n\n<p>A Lei de Acesso \u00e0 Informa\u00e7\u00e3o estabelece requisitos m\u00ednimos para a divulga\u00e7\u00e3o de informa\u00e7\u00f5es p\u00fablicas e procedimentos para facilitar e agilizar o acesso por qualquer pessoa, fortalecendo a transpar\u00eancia na administra\u00e7\u00e3o p\u00fablica.<\/p>\n","protected":false},"excerpt":{"rendered":"<p>O Portal de Transpar\u00eancia da Universidade Estadual de Londrina (UEL) \u00e9 uma ferramenta essencial que garante ao cidad\u00e3o o direito de acompanhar: Este portal reflete o compromisso da UEL com a transpar\u00eancia e a gest\u00e3o democr\u00e1tica. Lei de Acesso \u00e0 Informa\u00e7\u00e3o A Lei n\u00ba 12.527, sancionada em 18 de novembro de 2011 e regulamentada pelo [&hellip;]<\/p>\n","protected":false},"author":2,"featured_media":0,"parent":0,"menu_order":0,"comment_status":"closed","ping_status":"closed","template":"","meta":{"footnotes":""},"class_list":["post-139","page","type-page","status-publish","hentry"],"acf":[],"_links":{"self":[{"href":"https:\/\/sites.uel.br\/portaltransparencia\/wp-json\/wp\/v2\/pages\/139","targetHints":{"allow":["GET"]}}],"collection":[{"href":"https:\/\/sites.uel.br\/portaltransparencia\/wp-json\/wp\/v2\/pages"}],"about":[{"href":"https:\/\/sites.uel.br\/portaltransparencia\/wp-json\/wp\/v2\/types\/page"}],"author":[{"embeddable":true,"href":"https:\/\/sites.uel.br\/portaltransparencia\/wp-json\/wp\/v2\/users\/2"}],"replies":[{"embeddable":true,"href":"https:\/\/sites.uel.br\/portaltransparencia\/wp-json\/wp\/v2\/comments?post=139"}],"version-history":[{"count":2,"href":"https:\/\/sites.uel.br\/portaltransparencia\/wp-json\/wp\/v2\/pages\/139\/revisions"}],"predecessor-version":[{"id":223,"href":"https:\/\/sites.uel.br\/portaltransparencia\/wp-json\/wp\/v2\/pages\/139\/revisions\/223"}],"wp:attachment":[{"href":"https:\/\/sites.uel.br\/portaltransparencia\/wp-json\/wp\/v2\/media?parent=139"}],"curies":[{"name":"wp","href":"https:\/\/api.w.org\/{rel}","templated":true}]}}