{"id":137,"date":"2024-12-17T12:32:39","date_gmt":"2024-12-17T15:32:39","guid":{"rendered":"https:\/\/sites.uel.br\/portaltransparencia\/?page_id=137"},"modified":"2024-12-17T16:14:53","modified_gmt":"2024-12-17T19:14:53","slug":"publicacao-anual","status":"publish","type":"page","link":"https:\/\/sites.uel.br\/portaltransparencia\/publicacao-anual\/","title":{"rendered":"Publica\u00e7\u00e3o Anual"},"content":{"rendered":"\n<p>A Universidade Estadual de Londrina (UEL) disponibiliza informa\u00e7\u00f5es importantes sobre a gest\u00e3o de dados e transpar\u00eancia institucional. Estes dados incluem:<\/p>\n\n\n\n<ul class=\"wp-block-list\">\n<li>Informa\u00e7\u00f5es desclassificadas nos \u00faltimos doze meses<\/li>\n\n\n\n<li>Documentos classificados por grau de sigilo<\/li>\n\n\n\n<li>Estat\u00edsticas sobre pedidos de informa\u00e7\u00e3o<\/li>\n<\/ul>\n\n\n\n<p>Estes relat\u00f3rios demonstram o compromisso da UEL com o direito constitucional de acesso \u00e0 informa\u00e7\u00e3o e a transpar\u00eancia administrativa.<\/p>\n\n\n\n<p>Para acessar os dados detalhados, utilize os links abaixo:<\/p>\n\n\n\n<ol class=\"wp-block-list\">\n<li><a href=\"https:\/\/sites.uel.br\/portaltransparencia\/publicacao-anual\/rol-das-informacoes-desclassificadas-nos-ultimos-3-anos\/\" target=\"_blank\" rel=\"noreferrer noopener\">Rol das informa\u00e7\u00f5es desclassificadas nos \u00faltimos 3 anos<\/a><\/li>\n\n\n\n<li><a href=\"https:\/\/sites.uel.br\/portaltransparencia\/publicacao-anual\/classificacao-de-documentos-por-grau-de-sigilo\/\" target=\"_blank\" rel=\"noreferrer noopener\">Rol de documentos classificados em cada grau de sigilo, com identifica\u00e7\u00e3o para refer\u00eancia futura, nos \u00faltimos 3 anos<\/a><\/li>\n\n\n\n<li><a href=\"https:\/\/sites.uel.br\/portaltransparencia\/publicacao-anual\/estatisticas-de-pedidos-de-informacao\/\" target=\"_blank\" rel=\"noreferrer noopener\">Relat\u00f3rio estat\u00edstico com a quantidade de pedidos de informa\u00e7\u00e3o recebidos, atendidos e indeferidos, com informa\u00e7\u00f5es gen\u00e9ricas sobre as solicita\u00e7\u00f5es, nos \u00faltimos 3 anos<\/a><\/li>\n<\/ol>\n\n\n\n<p>Estes recursos permitem que a comunidade acad\u00eamica e o p\u00fablico em geral acompanhem as a\u00e7\u00f5es da universidade em rela\u00e7\u00e3o \u00e0 gest\u00e3o da informa\u00e7\u00e3o e transpar\u00eancia.<\/p>\n","protected":false},"excerpt":{"rendered":"<p>A Universidade Estadual de Londrina (UEL) disponibiliza informa\u00e7\u00f5es importantes sobre a gest\u00e3o de dados e transpar\u00eancia institucional. Estes dados incluem: Estes relat\u00f3rios demonstram o compromisso da UEL com o direito constitucional de acesso \u00e0 informa\u00e7\u00e3o e a transpar\u00eancia administrativa. Para acessar os dados detalhados, utilize os links abaixo: Estes recursos permitem que a comunidade acad\u00eamica [&hellip;]<\/p>\n","protected":false},"author":2,"featured_media":0,"parent":0,"menu_order":0,"comment_status":"closed","ping_status":"closed","template":"","meta":{"footnotes":""},"class_list":["post-137","page","type-page","status-publish","hentry"],"acf":[],"_links":{"self":[{"href":"https:\/\/sites.uel.br\/portaltransparencia\/wp-json\/wp\/v2\/pages\/137","targetHints":{"allow":["GET"]}}],"collection":[{"href":"https:\/\/sites.uel.br\/portaltransparencia\/wp-json\/wp\/v2\/pages"}],"about":[{"href":"https:\/\/sites.uel.br\/portaltransparencia\/wp-json\/wp\/v2\/types\/page"}],"author":[{"embeddable":true,"href":"https:\/\/sites.uel.br\/portaltransparencia\/wp-json\/wp\/v2\/users\/2"}],"replies":[{"embeddable":true,"href":"https:\/\/sites.uel.br\/portaltransparencia\/wp-json\/wp\/v2\/comments?post=137"}],"version-history":[{"count":4,"href":"https:\/\/sites.uel.br\/portaltransparencia\/wp-json\/wp\/v2\/pages\/137\/revisions"}],"predecessor-version":[{"id":222,"href":"https:\/\/sites.uel.br\/portaltransparencia\/wp-json\/wp\/v2\/pages\/137\/revisions\/222"}],"wp:attachment":[{"href":"https:\/\/sites.uel.br\/portaltransparencia\/wp-json\/wp\/v2\/media?parent=137"}],"curies":[{"name":"wp","href":"https:\/\/api.w.org\/{rel}","templated":true}]}}