{"id":133,"date":"2024-12-17T12:29:48","date_gmt":"2024-12-17T15:29:48","guid":{"rendered":"https:\/\/sites.uel.br\/portaltransparencia\/?page_id=133"},"modified":"2024-12-17T16:03:31","modified_gmt":"2024-12-17T19:03:31","slug":"tramitacao-de-processos","status":"publish","type":"page","link":"https:\/\/sites.uel.br\/portaltransparencia\/tramitacao-de-processos\/","title":{"rendered":"Tramita\u00e7\u00e3o de Processos"},"content":{"rendered":"\n<p>A Universidade Estadual de Londrina (UEL) utiliza um sistema eletr\u00f4nico de protocolo para gerenciar a tramita\u00e7\u00e3o de documentos, formul\u00e1rios internos e projetos. Este sistema, conhecido como eProtocolo, \u00e9 uma plataforma integrada do Governo do Estado do Paran\u00e1 que modernizou o processo de controle e acompanhamento documental na institui\u00e7\u00e3o.<\/p>\n\n\n\n<p>A Divis\u00e3o de Protocolo e Comunica\u00e7\u00e3o \u00e9 o \u00f3rg\u00e3o respons\u00e1vel pela gest\u00e3o deste sistema, desempenhando as seguintes fun\u00e7\u00f5es principais:<\/p>\n\n\n\n<ol class=\"wp-block-list\">\n<li>Recebimento e registro de documentos no sistema eProtocolo<\/li>\n\n\n\n<li>Classifica\u00e7\u00e3o e distribui\u00e7\u00e3o de documentos<\/li>\n\n\n\n<li>Acompanhamento do fluxo documental<\/li>\n\n\n\n<li>Encaminhamento de correspond\u00eancias internas e externas<\/li>\n\n\n\n<li>Fornecimento de informa\u00e7\u00f5es sobre o tr\u00e2mite dos documentos<\/li>\n<\/ol>\n\n\n\n<p>Para utilizar o Sistema de Protocolo Integrado (eProtocolo), acesse o link: <a href=\"https:\/\/sites.uel.br\/eprotocolo\/\" target=\"_blank\" rel=\"noreferrer noopener\">sites.uel.br\/eprotocolo\/<\/a><\/p>\n\n\n\n<p>Neste portal, voc\u00ea encontrar\u00e1 instru\u00e7\u00f5es detalhadas sobre como:<\/p>\n\n\n\n<ul class=\"wp-block-list\">\n<li>Iniciar um novo processo<\/li>\n\n\n\n<li>Acompanhar a tramita\u00e7\u00e3o de documentos<\/li>\n\n\n\n<li>Consultar processos existentes<\/li>\n\n\n\n<li>Adicionar documentos a processos em andamento<\/li>\n<\/ul>\n\n\n\n<p>O uso do eProtocolo proporciona maior efici\u00eancia, transpar\u00eancia e agilidade na gest\u00e3o documental da UEL, permitindo que servidores, docentes e alunos acompanhem seus processos de forma r\u00e1pida e segura.Para mais informa\u00e7\u00f5es ou assist\u00eancia, entre em contato com a Divis\u00e3o de Protocolo e Comunica\u00e7\u00e3o.<\/p>\n","protected":false},"excerpt":{"rendered":"<p>A Universidade Estadual de Londrina (UEL) utiliza um sistema eletr\u00f4nico de protocolo para gerenciar a tramita\u00e7\u00e3o de documentos, formul\u00e1rios internos e projetos. Este sistema, conhecido como eProtocolo, \u00e9 uma plataforma integrada do Governo do Estado do Paran\u00e1 que modernizou o processo de controle e acompanhamento documental na institui\u00e7\u00e3o. A Divis\u00e3o de Protocolo e Comunica\u00e7\u00e3o \u00e9 [&hellip;]<\/p>\n","protected":false},"author":2,"featured_media":0,"parent":0,"menu_order":0,"comment_status":"closed","ping_status":"closed","template":"","meta":{"footnotes":""},"class_list":["post-133","page","type-page","status-publish","hentry"],"acf":[],"_links":{"self":[{"href":"https:\/\/sites.uel.br\/portaltransparencia\/wp-json\/wp\/v2\/pages\/133","targetHints":{"allow":["GET"]}}],"collection":[{"href":"https:\/\/sites.uel.br\/portaltransparencia\/wp-json\/wp\/v2\/pages"}],"about":[{"href":"https:\/\/sites.uel.br\/portaltransparencia\/wp-json\/wp\/v2\/types\/page"}],"author":[{"embeddable":true,"href":"https:\/\/sites.uel.br\/portaltransparencia\/wp-json\/wp\/v2\/users\/2"}],"replies":[{"embeddable":true,"href":"https:\/\/sites.uel.br\/portaltransparencia\/wp-json\/wp\/v2\/comments?post=133"}],"version-history":[{"count":2,"href":"https:\/\/sites.uel.br\/portaltransparencia\/wp-json\/wp\/v2\/pages\/133\/revisions"}],"predecessor-version":[{"id":211,"href":"https:\/\/sites.uel.br\/portaltransparencia\/wp-json\/wp\/v2\/pages\/133\/revisions\/211"}],"wp:attachment":[{"href":"https:\/\/sites.uel.br\/portaltransparencia\/wp-json\/wp\/v2\/media?parent=133"}],"curies":[{"name":"wp","href":"https:\/\/api.w.org\/{rel}","templated":true}]}}