{"id":131,"date":"2024-12-17T12:29:05","date_gmt":"2024-12-17T15:29:05","guid":{"rendered":"https:\/\/sites.uel.br\/portaltransparencia\/?page_id=131"},"modified":"2024-12-17T15:58:46","modified_gmt":"2024-12-17T18:58:46","slug":"horarios-de-atendimento","status":"publish","type":"page","link":"https:\/\/sites.uel.br\/portaltransparencia\/horarios-de-atendimento\/","title":{"rendered":"Hor\u00e1rios de Atendimento"},"content":{"rendered":"\n<figure class=\"wp-block-table\"><table class=\"has-fixed-layout\"><tbody><tr><td>\u00d3rg\u00e3os<\/td><td>Hor\u00e1rios de Atendimento<\/td><\/tr><tr><td>Gabinete da Reitoria (GR)<\/td><td>8h00 \u00e0s 12h00 e das 14h00 \u00e0s 18h00, de segunda a sexta-feira.<\/td><\/tr><tr><td>Secretaria Geral dos \u00d3rg\u00e3os Colegiados Superiores (SGOCS)<\/td><td>8h00 \u00e0s 12h00 e das 14h00 \u00e0s 18h00, de segunda a sexta-feira.<\/td><\/tr><tr><td>Ouvidoria<\/td><td>8h00 \u00e0s 12h00 e das 14h00 \u00e0s 18h00, de segunda a sexta-feira.<\/td><\/tr><tr><td>Assessoria Jur\u00eddica<\/td><td>8h00 \u00e0s 12h00 e das 14h00 \u00e0s 18h00, de segunda a sexta-feira.<\/td><\/tr><tr><td>Prefeitura do Campus Universit\u00e1rio (PCU)<\/td><td>Diretoria de Servi\u00e7os: &#8211; Divis\u00e3o de Seguran\u00e7a: RTT 12 x 36. &#8211; Divis\u00e3o de Zeladoria: 6h00 \u00e0s 11h00 e das 12h00 \u00e0s 15h00. &#8211; Divis\u00e3o de Jardinagem: 7h00 \u00e0s 11h00 e das 12h00 \u00e0s 16h00. &#8211; Divis\u00e3o de Transportes: 8h00 \u00e0s 12h00 e das 14h00 \u00e0s 18h00, com hor\u00e1rio diferenciado quando em viagens. &#8211; Setor Administrativo: 8h00 \u00e0s 12h00 e das 14h00 \u00e0s 18h00 horas. Diretoria de Equipamentos: &#8211; Divis\u00e3o de Teleinform\u00e1tica: 8h00 \u00e0s 12h00 e das 14h00 \u00e0s 18h00 horas, com atendimento emergencial. &#8211; Setor Administrativo: 8h00 \u00e0s 12h00 e das 14h00 \u00e0s 18h00 horas. Diretoria e Projetos, Obras e Manuten\u00e7\u00e3o: &#8211; Divis\u00e3o de Manuten\u00e7\u00e3o: 8h00 \u00e0s 12h00 e das 14h00 \u00e0s 18h00 horas,&nbsp;com atendimento emergencial do setor de el\u00e9trica e hidr\u00e1ulica. &#8211; Setor Administrativo: 8h00 \u00e0s 12h00 e das 14h00 \u00e0s 18h00 horas. Secretaria Executiva: &#8211; Setor Administrativo: 8:00 \u00e0s 12:00 e das 14:00 \u00e0s 18:00 horas<\/td><\/tr><tr><td>Vice-Reitoria<\/td><td>8h00 \u00e0s 12h00 e das 14h00 \u00e0s 18h00, de segunda a sexta-feira.<\/td><\/tr><tr><td>COORDENADORIAS<\/td><td>&nbsp;<\/td><\/tr><tr><td>Coordenadoria de &nbsp;Comunica\u00e7\u00e3o (COM)<\/td><td>8h00 \u00e0s 12h00 e das 14h00 \u00e0s 18h00, de segunda a sexta-feira.<\/td><\/tr><tr><td>Coordenadoria de Processos Seletivos (COPS)<\/td><td>8h00 \u00e0s 12h00 e das 14h00 \u00e0s 18h00, de segunda a sexta-feira.<\/td><\/tr><tr><td>ASSESSORIAS<\/td><td>&nbsp;<\/td><\/tr><tr><td>Assessoria&nbsp; de Auditoria Interna<\/td><td>Unidade Campus Universit\u00e1rio &#8211; 8h00 \u00e0s 12h00 &#8211; 13h00 \u00e0s 17h00. Unidade Hospital Universit\u00e1rio &#8211; 8h00 \u00e0s 12h00 &#8211; 13h00 \u00e0s 17h00.<\/td><\/tr><tr><td>Assessoria de Rela\u00e7\u00f5es Internacionais (ARI)<\/td><td>8h00 \u00e0s 12h00 e das 14h00 \u00e0s 18h00, de segunda a sexta-feira.<\/td><\/tr><tr><td>Assessoria de Tecnologia da Informa\u00e7\u00e3o (ATI)<\/td><td>8h00 \u00e0s 12h00 e das 14h00 \u00e0s 18h00, de segunda a sexta-feira.<\/td><\/tr><tr><td>Assessoria de Controle Interno<\/td><td>8h00 \u00e0s 12h00 e das 14h00 \u00e0s 18h00, de segunda a sexta-feira.<\/td><\/tr><tr><td>Assessoria da Transpar\u00eancia<\/td><td>8h00 \u00e0s 12h00 e das 14h00 \u00e0s 18h00, de segunda a sexta-feira.<\/td><\/tr><tr><td>PR\u00d3\u2013REITORIAS<\/td><td>&nbsp;<\/td><\/tr><tr><td>Pr\u00f3-Reitoria de Assuntos de Administra\u00e7\u00e3o e Finan\u00e7as (PROAF)<\/td><td>Secretaria Executiva e atendimento ao p\u00fablico (interno\/externo): 8h00 \u00e0s 12h00 e das 14h00 \u00e0s 18h00, de segunda a sexta-feira.<\/td><\/tr><tr><td>Pr\u00f3-Reitoria de Extens\u00e3o (PROEX)<\/td><td>Expediente administrativo: 8h00 \u00e0s 12h00 e das 14h00 \u00e0s 18h00, de segunda a sexta-feira. Atendimento ao p\u00fablico (interno\/externo): 8h00 \u00e0s 11h30 e das 14h00 \u00e0s 17h00, de segunda a sexta-feira.<\/td><\/tr><tr><td>Pr\u00f3-Reitoria de Gradua\u00e7\u00e3o (PROGRAD)<\/td><td>Expediente administrativo: 8h00 \u00e0s 12h00 e das 14h00 \u00e0s 18h00, de segunda a sexta-feira. &nbsp; Atendimento ao p\u00fablico (externo): Segunda, quarta e sexta-feira: 8h00 \u00e0s 11h30 e das 14h00 \u00e0s 19h30 Ter\u00e7a e quinta-feira: 8h00 \u00e0s 11h30 e das 14h00 \u00e0s 17h30<\/td><\/tr><tr><td>Pr\u00f3-Reitoria de Planejamento (PROPLAN)<\/td><td>8h00 \u00e0s 12h00 e das 14h00 \u00e0s 18h00, de segunda a sexta-feira.<\/td><\/tr><tr><td>Pr\u00f3-Reitoria de Pesquisa e P\u00f3s-Gradua\u00e7\u00e3o (PROPPG)<\/td><td>Expediente administrativo: 8h00 \u00e0s 12h00 e das 14h00 \u00e0s 18h00, de segunda a sexta-feira. Atendimento ao p\u00fablico (interno\/externo): 8h00 \u00e0s 11h30 e das 14h00 \u00e0s 17h00, de segunda a sexta-feira.<\/td><\/tr><tr><td>Pr\u00f3-Reitoria de Recursos Humanos (PRORH)<\/td><td>Expediente administrativo: 8h00 \u00e0s 12h00 e das 14h00 \u00e0s 18h00, de segunda a sexta-feira. Atendimento ao p\u00fablico (interno\/externo): 8h00 \u00e0s 11:30 e das 14h00 \u00e0s 17h00, de segunda a sexta-feira.<\/td><\/tr><tr><td>\u00d3RG\u00c3OS DE APOIO<\/td><td>&nbsp;<\/td><\/tr><tr><td>Laborat\u00f3rio de Tecnologia Educacional (LABTED)<\/td><td>8h00 \u00e0s 12h00, das 14h00 \u00e0s 18h00 e das 19h00 \u00e0s 23h00, de segunda a sexta-feira.<\/td><\/tr><tr><td>Servi\u00e7o de Bem Estar \u00e0 Comunidade (SEBEC)<\/td><td>Secretaria: 8h00 \u00e0s 12h00 e das 14h00 \u00e0s 18h00, de segunda a sexta-feira. Restaurante Universit\u00e1rio (RU): 11h00 \u00e0s 14h00 (atendimento para almo\u00e7o) 17h30 \u00e0s 19h30 (atendimento para jantar) 7:00 \u00e0s 21:00 horas (hor\u00e1rio dos servidores em sistema de escala) Moradia Estudantil: 8:00 \u00e0s 12:00 horas e das 14:00 \u00e0s 18:00 horas<\/td><\/tr><tr><td>Editora<\/td><td>8h00 \u00e0s 12h00 e das 14h00 \u00e0s 18h00, de segunda a sexta-feira.<\/td><\/tr><tr><td>SAUEL<\/td><td>Divis\u00e3o de Protocolo e Comunica\u00e7\u00e3o: 8h00 \u00e0s 12h00 e das 14h00 \u00e0s 18h00 Divis\u00e3o de Arquivo Permanente: 8h00 \u00e0s 12h00 e das 13h30 \u00e0s 17h30 Divis\u00e3o de Arquivo Intermedi\u00e1rio: 8h00 \u00e0s 12h00 e das 13h30 \u00e0s 17h30 Divis\u00e3o de Apoio Tecnol\u00f3gico: 8h00 \u00e0s 12h00 e das 13h30 \u00e0s 17h30 Dire\u00e7\u00e3o e Secretaria Geral: 8h00 \u00e0s 12h00 e das 14h00 \u00e0s 18h00<\/td><\/tr><tr><td>Ag\u00eancia de Inova\u00e7\u00e3o Tecnol\u00f3gica (AINTEC)<\/td><td>8h00 \u00e0s 12h00 e das 14h00 \u00e0s 18h00, de segunda a sexta-feira<\/td><\/tr><tr><td>Biblioteca Central (BC)<\/td><td><strong>BIBLIOTECA CENTRAL<\/strong> Segunda a sexta-feira &#8211; 8h00 \u00e0s 22h00 <strong>BIBLIOTECA SETORIAL DE CI\u00caNCIAS HUMANAS (BS\/CH)<\/strong> Segunda a sexta-feira &#8211; 8h00 \u00e0s&nbsp;22h00 <strong>BIBLIOTECA SETORIAL DO CENTRO DE CI\u00caNCIAS DA SA\u00daDE (BS\/CCS)<\/strong> Segunda a sexta-feira &#8211;&nbsp;8h00 \u00e0s 18h00 <strong>BIBLIOTECA SETORIAL DO ESCRIT\u00d3RIO DE APLICA\u00c7\u00c3O E ASSUNTOS JUR\u00cdDICOS&nbsp;(BS\/EAAJ)<\/strong> Segunda a quinta-feira &#8211; 8h00 \u00e0s 12h00 e das 13h30 \u00e0s 17h30 Sextas-feiras &#8211;&nbsp;8h00 \u00e0s 12h00 e das 13h30 \u00e0s 17h00 &nbsp; <strong>*Nos per\u00edodos de f\u00e9rias letivas as Bibliotecas atendem em hor\u00e1rios<\/strong><strong>diferenciados, divulgados em datas pr\u00f3ximas.<\/strong> &nbsp; &nbsp;<\/td><\/tr><tr><td>\u00d3RG\u00c3OS SUPLEMENTARES<\/td><td>&nbsp;<\/td><\/tr><tr><td>Col\u00e9gio de Aplica\u00e7\u00e3o<\/td><td>Col\u00e9gio de Aplica\u00e7\u00e3o &#8211; Centro 7h00 \u00e0s 22h50 &#8211; secretaria (ininterrupto) 7h30 \u00e0s 12h00 &#8211; aula manh\u00e3 13h15 \u00e0s 17h40 &#8211; aula tarde 18h35 \u00e0s 22h50 &#8211; aula noite Col\u00e9gio de Aplica\u00e7\u00e3o &#8211; Campus 7h30 \u00e0s 11h30 \/ 13h30 \u00e0s 17h30 &#8211; secretaria 8h00 \u00e0s 12h00 &#8211; aula manh\u00e3 13h30 \u00e0s 17h30 &#8211; aula tarde Centro de Educa\u00e7\u00e3o Infantil &#8211; Campus 7h15 \u00e0s 18h00 &#8211; integral 7h15 \u00e0s 12h00 &#8211; manh\u00e3 13h30 \u00e0s 18h00 &#8211; tarde Centro de Educa\u00e7\u00e3o Infantil &#8211; HU 6h45 \u00e0s 18h15 &#8211; integral 6h45 \u00e0s 13h30 &#8211; manh\u00e3 12h00 \u00e0s 18h15 &#8211; tarde Obs.: Nos dois CEI&#8217;s o atendimento da secretaria \u00e9 ininterrupto<\/td><\/tr><tr><td>Casa de Cultura<\/td><td>DIRETORIA\/SECRETARIA &#8211; 8h00 \u00e0s 12h00 e das 14h00 \u00e0s 18h00, de segunda a sexta-feira Divis\u00e3o de Artes C\u00eanicas: 8h00 \u00e0s 12h00 e das 14h00 \u00e0s 18h00 19h00 \u00e0s 23h00, de segunda a sexta-feira e nos s\u00e1bados e domingos, para realiza\u00e7\u00e3o de ensaios, aulas do curso de Artes C\u00eanicas e apresenta\u00e7\u00f5es de espet\u00e1culos. Sempre com autoriza\u00e7\u00e3o da chefia imediata. &nbsp; Divis\u00e3o de Artes Pl\u00e1sticas: 08h00 \u00e0s 12h00 e das 14h00 \u00e0s 18h00 19h \u00e0s 23h, de segunda a sexta-feira e nos s\u00e1bados,&nbsp; &nbsp; esporadicamente, para atendimento \u00e0s escolas da educa\u00e7\u00e3o b\u00e1sica e artistas convidados para realiza\u00e7\u00e3o de oficinas e curadoria. &nbsp; CINEMA E V\u00cdDEO \u2013 Cine Com-Tour\/ UEL: CINEMA: Domingo a domingo inclusive feriados &#8211; 15h00 \u00e0s 18h00 e das 19h00 \u00e0s 23h00. Ensaios da Osuel: Segunda a sexta-feira &#8211; 8h00 \u00e0s 12h00. &nbsp; Divis\u00e3o de M\u00fasica: 8h00 \u00e0s 12h00, das 13h00 \u00e0s 18h00, das 18h00 \u00e0s 21h00 e aos s\u00e1bados das 12h00 \u00e0s 16h00. &nbsp;<\/td><\/tr><tr><td>Cl\u00ednica de Especialidades Infantis (BEBE CL\u00cdNICA)<\/td><td>7h30 \u00e0s 11h30 e das 13h30 \u00e0s 17h30, de segunda a sexta-feira.<\/td><\/tr><tr><td>Cl\u00ednica Psicol\u00f3gica (CP)<\/td><td>Segunda, ter\u00e7a e quarta-feira \u2013 8h00 \u00e0s 21h00 e quinta e sexta-feira \u2013 8h00 \u00e0s 18h00. &nbsp;<\/td><\/tr><tr><td>Cl\u00ednica Odontol\u00f3gica Universit\u00e1ria (COU)<\/td><td>PSO &#8211; Pronto Socorro Odontol\u00f3gico: 24 horas\/365 dias no ano ininterrupto Agendamento: 08h00 \u00e0s 12h00 e das 13h00 \u00e0s 17h00 CEO &#8211; Centro de Especialidades Odontol\u00f3gicas:&nbsp;Plant\u00f5es de 6 horas: 07h00 \u00e0s 13h00 e das 13h00 \u00e0s 19h00 Secretaria (setores administrativos) 08h00 \u00e0s 12h00 e das 14h00 \u00e0s 18h00 Atendimento ambulatorial (gradua\u00e7\u00e3o e p\u00f3s-gradua\u00e7\u00e3o) 08h00 \u00e0s 12h00 e das 14h00 \u00e0s 18h00<\/td><\/tr><tr><td>Escrit\u00f3rio de Aplica\u00e7\u00e3o de Assuntos Jur\u00eddicos (EAAJ)<\/td><td>Segunda a quinta-feira: 07h30 \u00e0s 12h00 e das 13h30 \u00e0s 17h30 Sexta-feira: 07h30 \u00e0s 12h00 e das 13h00 \u00e0s 17h00<\/td><\/tr><tr><td>Fazenda Escola<\/td><td>Segunda a sexta-feira &#8211;&nbsp;8h00 \u00e0s 12h00 e das 13h00 \u00e0s 17h00 Finais de semana, recessos e feriados t\u00eam expediente somente na Divis\u00e3o de Produ\u00e7\u00e3o Vegetal (Horta) e Divis\u00e3o de Produ\u00e7\u00e3o Animal (Granjas) no mesmo hor\u00e1rio<\/td><\/tr><tr><td>Hospital Universit\u00e1rio (HU)<\/td><td>24 horas, todos os dias da semana, inclusive final de semana e feriados<\/td><\/tr><tr><td>Ambulat\u00f3rio de Especialidades do Hospital Universit\u00e1rio (AEHU)<\/td><td>7h00 \u00e0s 19h00 de segunda a sexta-feira<\/td><\/tr><tr><td>Hospital Veterin\u00e1rio (HV)<\/td><td>24 horas, todos os dias da semana, inclusive final de semana e feriados<\/td><\/tr><tr><td>&nbsp;<\/td><td>&nbsp;<\/td><\/tr><tr><td>Laborat\u00f3rio de Medicamentos (LM)<\/td><td>8h00 \u00e0s 12h00 e das 13h00 \u00e0s 17h00 de segunda a sexta-feira. &nbsp;<\/td><\/tr><tr><td>Museu Padre Carlos Weiss<\/td><td>Parte administrativa e t\u00e9cnica, atendimento de pesquisadores, estagi\u00e1rios e afins:<br>de segunda a sexta-feira, das 08h00 \u00e0s 12h00 e das 14h00 \u00e0s 18h00 Visita\u00e7\u00e3o do p\u00fablico \u00e0s exposi\u00e7\u00f5es e eventos: de ter\u00e7a a sexta-feira, das 09h00 \u00e0s 11h30 e da 14h30 \u00e0s 17h30. Aos s\u00e1bados e domingos: das 09h00 \u00e0s 11h30 e das 13h30 \u00e0s 17h00<\/td><\/tr><tr><td>Museu de Ci\u00eancia e Tecnologia de Londrina<\/td><td>Segunda a sexta-feira, das 8 \u00e0s 12h e das 14 \u00e0s 18h. Por\u00e9m, para atendimento \u00e0s escolas, os hor\u00e1rios s\u00e3o: segunda e quarta-feira, das 15h. \u00e0s 17h30&nbsp; e ter\u00e7a e sexta-feira, das 9h \u00e0s 11h30. Em algumas quintas-feiras fazemos atendimentos em outras cidades no hor\u00e1rio de 7h as 17h, sem interrup\u00e7\u00e3o. Esporadicamente, atendemos no Observat\u00f3rio, no hor\u00e1rio das 20h \u00e0s 23h.<\/td><\/tr><tr><td>R\u00e1dio FM UEL<\/td><td>Funciona com programa\u00e7\u00e3o no ar 24 horas Atendimento ao p\u00fablico das 8h00 \u00e0s 12h00 e das 14h00 \u00e0s 18h00 de segunda a sexta-feira<\/td><\/tr><tr><td>Televis\u00e3o Cultural e Educativa<\/td><td>Diariamente das 8h \u00e0s 12h e das 14h \u00e0s 18h<\/td><\/tr><tr><td>CENTROS DE ESTUDOS<\/td><td>&nbsp;<\/td><\/tr><tr><td>Centro de Ci\u00eancias Agr\u00e1rias (CCA)<\/td><td>GABINETE DO DIRETOR Secretaria Geral: 7:30 \u00e0s 12:00 hs e 13:30 \u00e0s 17:30 hs Secretaria de Colegiados: 7:30 \u00e0s 12:00 hs e 13:30 \u00e0s 17:00 hs Revista Semina Agr\u00e1rias: 7:30 \u00e0s 12:00 hs e 13:30 \u00e0s 17:00 hs&nbsp; Setor de Zeladoria: 6:30 \u00e0s 11:00 hs e 12:00 \u00e0s 15:30 hs &nbsp; DEPARTAMENTO DE AGRONOMIA Secretaria do Departamento: 8:00 \u00e0s 12:00hs e 13:30 \u00e0s 17:30hs Secretaria P\u00f3s-gradua\u00e7\u00e3o Agronomia: 8:00 \u00e0s 12:00hs e 13:00 \u00e0s 17:00hs Laborat\u00f3rio de Entomologia: 8:00 \u00e0s 12:00hs e 13:00 \u00e0s 17:00hs Laborat\u00f3rio de Fitopatologia: 8:00 \u00e0s 12:00hs e 13:00 \u00e0s 17:00hs Laborat\u00f3rio de Fitotecnia\/Orquid\u00e1rio: 8:00 \u00e0s 12:00hs e 13:00 \u00e0s 17:00hs Laborat\u00f3rio de Solos: 8:00 \u00e0s 12:00hs e 13:00 \u00e0s 17:00hs Laborat\u00f3rio de Estudo de Ra\u00edzes: 8:00 \u00e0s 12:00hs e 13:00 \u00e0s 17:00hs Lab.de Ecologia da Paisagem: (sem funcion\u00e1rio no setor) \u00c1rea de Produ\u00e7\u00e3o Vegetal\/Estufas: 8:00 \u00e0s 12:00hs e 13:00 \u00e0s 17:00hs &nbsp;Obs: a) \u00c1rea de Produ\u00e7\u00e3o Vegetal possui escala de revezamento nos finais de semana e feriados, devido aos experimentos de pesquisa; &nbsp;&nbsp;&nbsp;&nbsp;&nbsp;&nbsp;&nbsp;&nbsp; b) Os t\u00e9cnicos dos laborat\u00f3rios tamb\u00e9m realizam atividades externas no campo e Fazenda Escola e por quest\u00e3o de seguran\u00e7a, quando necess\u00e1rio, os laborat\u00f3rios permanecem fechados no per\u00edodo de tais atividades. &nbsp; DEPARTAMENTO DE CI\u00caNCIA E TECNOLOGIA DE ALIMENTOS Secretaria do Departamento: 8:00 \u00e0s 12:00hs&nbsp; e 13:00 \u00e0s 17:00hs&nbsp; Secret. P\u00f3s-gradua\u00e7\u00e3o em Ci\u00eancia Alimentos: 8:00 \u00e0s 12:00hs&nbsp; e 13:00 \u00e0s 17:00hs Todos os Laborat\u00f3rios de Ci\u00eancia Alimentos: 8:00 \u00e0s 12:00hs e 13:00 \u00e0s 17:00hs &nbsp; DEPARTAMENTO DE CL\u00cdNICAS VETERIN\u00c1RIAS Secretaria do Departamento: 8:00 \u00e0s 12:00hs&nbsp; e 13:00 \u00e0s 17:00hs Laborat\u00f3rio de Reprodu\u00e7\u00e3o Animal: 8:00 \u00e0s 12:00hs&nbsp; e 14:00 \u00e0s 18:00hs DEPARTAMENTO DE MEDICINA VETERIN\u00c1RIA PREVENTIVA Secretaria do Departamento: 8:00 \u00e0s 12:00hs&nbsp; e 14:00 \u00e0s 18:00hs Laborat\u00f3rio de Bacteriologia: 8:00 \u00e0s 12:00hs&nbsp; e 14:00 \u00e0s 18:00hs Laborat\u00f3rio de Inspe\u00e7\u00e3o de Leite e Derivados: 8:00 \u00e0s 12:00hs&nbsp; e 14:00 \u00e0s 18:00hs Laborat\u00f3rio de Leptospirose: 8:00 \u00e0s 12:00hs &nbsp;e 14:00 \u00e0s 18:00hs Laborat\u00f3rio de Medicina Avi\u00e1ria: 8:00 \u00e0s 12:00hs&nbsp; e 14:00 \u00e0s 18:00hs Laborat\u00f3rio de Micologia: 8:00 \u00e0s 12:00hs&nbsp; e 14:00 \u00e0s 18:00hs Laborat\u00f3rio de Parasitologia Veterin\u00e1ria: 8:00 \u00e0s 12:00hs&nbsp; e 14:00 \u00e0s 18:00hs Laborat\u00f3rio de Patologia Animal: 8:00 \u00e0s 12:00hs&nbsp; e 14:00 \u00e0s 18:00hs Laborat\u00f3rio de Protozoologia: 8:00 \u00e0s 12:00hs&nbsp; e 14:00 \u00e0s 18:00hs Laborat\u00f3rio de Toxicologia Veterin\u00e1ria: 8:00 \u00e0s 12:00hs&nbsp; e 14:00 \u00e0s 18:00hs Laborat\u00f3rio de Virologia Animal: 8:00 \u00e0s 12:00hs&nbsp; e 14:00 \u00e0s 18:00hs Laborat\u00f3rio de Zoonoses e Sa\u00fade P\u00fablica: 8:00 \u00e0s 12:00hs&nbsp; e 14:00 \u00e0s 18:00hs Laborat\u00f3rio de Patologia Cl\u00ednica : funcionamento regime 24 horas Obs: Todos os Laborat\u00f3rios de Medicina Veterin\u00e1ria funcionam em regime de plant\u00e3o nos intervalos de almo\u00e7o e ap\u00f3s \u00e0s 18:00hs. &nbsp;DEPARTAMENTO DE ZOOTECNIA Secretaria do Departamento: 8:00 \u00e0s 12:00hs e 13:30 \u00e0s 17:30hs Laborat\u00f3rio de Nutri\u00e7\u00e3o Animal: 8:00 \u00e0s 12:00hs e 14:00 \u00e0s 18:00hs &nbsp;<\/td><\/tr><tr><td>Centro de Ci\u00eancias Biol\u00f3gicas (CCB)<\/td><td>Das 08h00 \u00e0s 12h00 e das 14h00 \u00e0s 18h00 de segunda a sexta-feira<\/td><\/tr><tr><td>Centro de Ci\u00eancias Exatas (CCE) &nbsp; &nbsp;<\/td><td>LOCAL 1\u00ba HOR\u00c1RIO 2\u00ba HOR\u00c1RIO 3\u00ba HOR\u00c1RIO Secretaria Geral 08h &#8211; 12h 14h -18h &#8211; Secretaria de P\u00f3s-Gradua\u00e7\u00e3o 08h &#8211; 12h 13h -18h 19h &#8211; 23h Secretaria de Apoio Acad\u00eamico 08h &#8211; 12h 13h -18h 19h &#8211; 23h Mecanografia &#8211; 13h -18h 19h &#8211; 22h Secretaria do Depto. de Computa\u00e7\u00e3o 08h &#8211; 12h 14h -18h &#8211; Secretaria do Depto. de Bioq. Biotecn. 08h &#8211; 12h 14h -18h &#8211; Secretaria do Depto. de Estat\u00edstica 08h &#8211; 12h 14h -18h &#8211; Secretaria do Depto. de F\u00edsica 08h &#8211; 12h 14h -18h 19h &#8211; 23h Secretaria do Depto. de Geoci\u00eancias 08h &#8211; 12h 14h -18h &#8211; Secretaria do Depto. de Matem\u00e1tica 08h &#8211; 12h 13h -17h &#8211; Secretaria do Depto. de Qu\u00edmica 08h &#8211; 12h 13h -17h &#8211;<\/td><\/tr><tr><td>Centro de Letras e Ci\u00eancias Humanas (CLCH) &nbsp; &nbsp;<\/td><td>SETOR HOR\u00c1RIO DE FUNCIONAMENTO Secretaria Geral do Centro Matutino: 8 \u00e0s 12h Vespertino: 13 \u00e0s 18h Noturno: 19 as 23h Secretaria de P\u00f3s-Gradua\u00e7\u00e3o Stricto Sensu Matutino: 8 \u00e0s 12h (atendimento interno) Vespertino: 13h30 \u00e0s 17h30 (atendimento ao p\u00fablico) Noturno: n\u00e3o tem expediente Secretaria de P\u00f3s-Gradua\u00e7\u00e3o Lato Sensu Matutino: n\u00e3o tem expediente Vespertino: 14 \u00e0s 18h Noturno: 19 as 23h Departamento de Letras Estrangeiras Modernas Matutino: 10 \u00e0s 12h Vespertino: 13 \u00e0s 18h Noturno: 19 as 22h Departamento de Letras Vern\u00e1culas e Cl\u00e1ssicas Matutino: n\u00e3o tem expediente Vespertino: 13 \u00e0s 18h Noturno: 19 as 22h Departamento de Filosofia Matutino: 8 \u00e0s 12h Vespertino: 13 \u00e0s 18h Noturno: 19 as 23h Departamento de Ci\u00eancias Sociais Matutino: n\u00e3o tem expediente Vespertino: 14 \u00e0s 18h Noturno: 19 as 23h Departamento de Hist\u00f3ria Matutino: 8 \u00e0s 12h Vespertino: 13 \u00e0s 18h Noturno: 19 as 23h Centro de Documenta\u00e7\u00e3o e Pesquisa Hist\u00f3rica Matutino: 8 \u00e0s 12h Vespertino: 13 \u00e0s 18h Noturno: 19 as 23h Laborat\u00f3rio de L\u00ednguas Matutino: 8h30 \u00e0s 12h30 Vespertino: 14h30 \u00e0s 18h Noturno: n\u00e3o tem expediente<\/td><\/tr><tr><td>Centro de Ci\u00eancias da Sa\u00fade (CCS)<\/td><td>&nbsp;<strong>Atividades Acad\u00eamicas:<\/strong> &nbsp;&#8211;&nbsp; Segunda \u00e0 sexta: 07h \u00e0s 21h. &nbsp;&#8211;&nbsp; S\u00e1bado: 07h \u00e0s13h. &nbsp;&#8211;&nbsp; Entrega das chaves das salas de aulas: 7h30 \u00e0s 12hs e das&nbsp;&nbsp;13:30h&nbsp;&nbsp;\u00e0s 17h. <strong>&nbsp;<u>Hor\u00e1rio de Atendimento ao P\u00fablico:<\/u><\/strong> &nbsp;&#8211;&nbsp; Secretaria Geral: 8h \u00e0s 12hs e das 14h \u00e0s 17h. &nbsp;&#8211;&nbsp; Secretarias dos departamentos localizados no CCS: 8h \u00e0s 12hs e das 14h \u00e0s 17h.&nbsp;&#8211;&nbsp; Secretaria dos Departamentos de Odontologia localizados na COU: 8h \u00e0s 12hs e das 13h30 \u00e0s&nbsp; 17h. &nbsp;<strong>Hor\u00e1rio de Funcionamento dos Laborat\u00f3rios de Ensino:<\/strong> Laborat\u00f3rio de T\u00e9cnicas Cir\u00fargicas: das 8h \u00e0s 12hs e das 13h \u00e0s 17h. LITE &#8211; Laborat\u00f3rio interdisciplinar de T\u00e9cnicas de Enfermagem: das 8h \u00e0s 12hs e das 13h \u00e0s 17h. Laborat\u00f3rio de Ci\u00eancias Farmac\u00eauticas 1 ,2, e 3: das 8h \u00e0s 12hs e das 13h \u00e0s 17h. &nbsp; Laborat\u00f3rio de Ensino de Fisioterapia 1, 2 e 3: das 8h \u00e0s 18:30h. &nbsp;<\/td><\/tr><tr><td>Centro de Educa\u00e7\u00e3o, Comunica\u00e7\u00e3o e Artes (CECA)<\/td><td>Segunda a sexta-feira &nbsp; Secretaria Geral: 7h30 \u00e0s 12h00, 14h00 \u00e0s 18h00 e 19h00 \u00e0s 23h00 &nbsp; Departamentos: &nbsp; Comunica\u00e7\u00e3o e Arte Visual 8h00 \u00e0s 12h00, 14h00 \u00e0s 18h00 e 19h00 \u00e0s 23h00 &nbsp; Departamentos: Design e M\u00fasica e Teatro 8h00 \u00e0s 12h00 e 13h30 \u00e0s 17h30&nbsp; &nbsp; Departamento Ci\u00eancia da Informa\u00e7\u00e3o: 14h00 \u00e0s 18h00 e 19h00 \u00e0s 23h00 &nbsp; Departamento de Educa\u00e7\u00e3o: 8h00 \u00e0s 12h00, 14h00 \u00e0s 18h00 e 19h00 \u00e0s 23h00 &nbsp; &nbsp; &nbsp; Mestrados: Comunica\u00e7\u00e3o: 14h00 \u00e0s 18h00 \/ 19h00 \u00e0s 23h00 Ci\u00eancia da Informa\u00e7\u00e3o: 10h00 \u00e0s 12h00 \/ 14h00 \u00e0s 18h00 Educa\u00e7\u00e3o: atendimento conforme a disponibilidade da Coordena\u00e7\u00e3o do Programa, considerando que recentemente o secret\u00e1rio aposentou &nbsp;<\/td><\/tr><tr><td>Centro de Educa\u00e7\u00e3o F\u00edsica (CEFE)<\/td><td>8h00 \u00e0s 12h00 e das 13h00 \u00e0s 23h00 de segunda a sexta-feira<\/td><\/tr><tr><td>Centro de Estudos Sociais Aplicados (CESA)<\/td><td>Secretaria Geral \u2013 Segunda a sexta-feira 8:00 \u00e0s 12:00, das 14:00 \u00e0s 18:00 e das 19:00 \u00e0s 23:00 horas &nbsp; Secretaria dos Cursos de P\u00f3s-Gradua\u00e7\u00e3o Lato Sensu \/ Cursos de Especializa\u00e7\u00e3o Segunda a quinta-feira: 8:00 \u00e0s 12:00 das 14:00 \u00e0s 18:00 Sexta-feira: 8:00 \u00e0s 12:00 das 14:00 \u00e0s 23:00 horas &nbsp; Secretaria dos Cursos de P\u00f3s-Gradua\u00e7\u00e3o Stricto Sensu \/ Cursos de Mestrado e Doutorado Segunda a sexta-feira &#8211; 8:00 \u00e0s 12:00 e das 14:00 \u00e0s 18:00 horas &nbsp; Secretaria dos Colegiados dos Cursos de Gradua\u00e7\u00e3o&nbsp; Segunda, ter\u00e7a, quinta e sexta-feira &#8211; 8:00 \u00e0s 12:00 das 14:00 \u00e0s 18:00 e das 19:00 \u00e0s 23:00 horas Quarta-feira &#8211; 8:00 \u00e0s 12:00 das 14:00 \u00e0s 18:00 horas &nbsp; Laborat\u00f3rios de Inform\u00e1tica: Segunda a sexta-feira &#8211; 8:00 \u00e0s 12:00 das 14:00 \u00e0s 18:00 horas e das 18h30 \u00e0s 22h30 &nbsp; Departamento de Administra\u00e7\u00e3o: Segunda a sexta-feira &#8211; 8:00 \u00e0s 12:00 das 14:00 \u00e0s 18:00 e das 18:30 \u00e0s 22h30 &nbsp; Departamento de Ci\u00eancias Cont\u00e1beis: Segunda a sexta-feira &#8211; 8:00 \u00e0s 12:00 e das 18:30 \u00e0s 22h30min &nbsp; Departamento de Economia: Segunda a sexta-feira &#8211; 8:00 \u00e0s 12:00 das 14:00 \u00e0s 18:00 e das 19:00 \u00e0s 21:30 &nbsp; Departamento de Direito Privado: Segunda a sexta-feira &#8211; 8:00 \u00e0s 12:00 e das 18h30 \u00e0s 22h30 &nbsp; Departamento de Direito P\u00fablico: Segunda a sexta-feira &#8211; 8:00 \u00e0s 12:00 e das 18h30 \u00e0s 22h30 &nbsp; Departamento de Servi\u00e7o Social: Segunda a sexta-feira &#8211;&nbsp; 7:30 \u00e0s 12:00, das 13:30 \u00e0s 17:00 e das 18:30 \u00e0s 22:30<\/td><\/tr><tr><td>Centro de Tecnologia e Urbanismo (CTU)<\/td><td>Secretaria geral, dos colegiados e de departamentos: 8:00\/12:00 &#8211; 14:00\/18:00 Laborat\u00f3rios: 8:00\/12:00 &#8211; 14:00\/18:00 Secretaria p\u00f3s-gradua\u00e7\u00e3o: 7:30\/11:30 &#8211; 13:30\/17:30<\/td><\/tr><\/tbody><\/table><\/figure>\n\n\n\n<p>Conte\u00fado atualizado em: 27\/02\/2024 \u00e0s 10h00.<\/p>\n","protected":false},"excerpt":{"rendered":"<p>\u00d3rg\u00e3os Hor\u00e1rios de Atendimento Gabinete da Reitoria (GR) 8h00 \u00e0s 12h00 e das 14h00 \u00e0s 18h00, de segunda a sexta-feira. Secretaria Geral dos \u00d3rg\u00e3os Colegiados Superiores (SGOCS) 8h00 \u00e0s 12h00 e das 14h00 \u00e0s 18h00, de segunda a sexta-feira. Ouvidoria 8h00 \u00e0s 12h00 e das 14h00 \u00e0s 18h00, de segunda a sexta-feira. Assessoria Jur\u00eddica 8h00 [&hellip;]<\/p>\n","protected":false},"author":2,"featured_media":0,"parent":0,"menu_order":0,"comment_status":"closed","ping_status":"closed","template":"","meta":{"footnotes":""},"class_list":["post-131","page","type-page","status-publish","hentry"],"acf":[],"_links":{"self":[{"href":"https:\/\/sites.uel.br\/portaltransparencia\/wp-json\/wp\/v2\/pages\/131","targetHints":{"allow":["GET"]}}],"collection":[{"href":"https:\/\/sites.uel.br\/portaltransparencia\/wp-json\/wp\/v2\/pages"}],"about":[{"href":"https:\/\/sites.uel.br\/portaltransparencia\/wp-json\/wp\/v2\/types\/page"}],"author":[{"embeddable":true,"href":"https:\/\/sites.uel.br\/portaltransparencia\/wp-json\/wp\/v2\/users\/2"}],"replies":[{"embeddable":true,"href":"https:\/\/sites.uel.br\/portaltransparencia\/wp-json\/wp\/v2\/comments?post=131"}],"version-history":[{"count":2,"href":"https:\/\/sites.uel.br\/portaltransparencia\/wp-json\/wp\/v2\/pages\/131\/revisions"}],"predecessor-version":[{"id":210,"href":"https:\/\/sites.uel.br\/portaltransparencia\/wp-json\/wp\/v2\/pages\/131\/revisions\/210"}],"wp:attachment":[{"href":"https:\/\/sites.uel.br\/portaltransparencia\/wp-json\/wp\/v2\/media?parent=131"}],"curies":[{"name":"wp","href":"https:\/\/api.w.org\/{rel}","templated":true}]}}