{"id":129,"date":"2024-12-17T12:28:45","date_gmt":"2024-12-17T15:28:45","guid":{"rendered":"https:\/\/sites.uel.br\/portaltransparencia\/?page_id=129"},"modified":"2024-12-17T15:54:59","modified_gmt":"2024-12-17T18:54:59","slug":"fale-conosco","status":"publish","type":"page","link":"https:\/\/sites.uel.br\/portaltransparencia\/fale-conosco\/","title":{"rendered":"Fale Conosco"},"content":{"rendered":"\n<p>Participe do aprimoramento cont\u00ednuo da Universidade Estadual de Londrina (UEL). Envie suas cr\u00edticas, sugest\u00f5es ou solicite informa\u00e7\u00f5es adicionais sobre os dados apresentados no portal de transpar\u00eancia da institui\u00e7\u00e3o. Para um atendimento eficaz, por favor, forne\u00e7a:<\/p>\n\n\n\n<ul class=\"wp-block-list\">\n<li>Nome completo<\/li>\n\n\n\n<li>Endere\u00e7o para correspond\u00eancia<\/li>\n\n\n\n<li>Descri\u00e7\u00e3o clara da sua d\u00favida ou solicita\u00e7\u00e3o<\/li>\n\n\n\n<li>T\u00f3picos espec\u00edficos de seu interesse<\/li>\n<\/ul>\n\n\n\n<p>Voc\u00ea pode enviar sua solicita\u00e7\u00e3o por e-mail ou presencialmente:<\/p>\n\n\n\n<p><strong>E-mail:<\/strong> <a href=\"mailto:portaltransparencia@uel.br\" target=\"_blank\" rel=\"noreferrer noopener\">portaltransparencia@uel.br<\/a><\/p>\n\n\n\n<p><strong>Atendimento presencial:<\/strong><\/p>\n\n\n\n<ul class=\"wp-block-list\">\n<li>Local: Sala do Portal da Transpar\u00eancia, Gabinete da Reitoria<\/li>\n\n\n\n<li>Hor\u00e1rio: Segunda a sexta-feira, das 8h \u00e0s 12h e das 14h \u00e0s 18h<\/li>\n<\/ul>\n\n\n\n<p><strong>Contato:<\/strong><\/p>\n\n\n\n<ul class=\"wp-block-list\">\n<li>Respons\u00e1vel: Prof. Dr. D\u00e9cio Sabbatini Barbosa<\/li>\n\n\n\n<li>Telefone: (43) 3371-5615<\/li>\n<\/ul>\n\n\n\n<p>O acompanhamento da sua solicita\u00e7\u00e3o ser\u00e1 feito atrav\u00e9s do mesmo sistema utilizado para o envio inicial.Sua participa\u00e7\u00e3o \u00e9 fundamental para o cont\u00ednuo aperfei\u00e7oamento dos servi\u00e7os oferecidos pela UEL.<\/p>\n","protected":false},"excerpt":{"rendered":"<p>Participe do aprimoramento cont\u00ednuo da Universidade Estadual de Londrina (UEL). Envie suas cr\u00edticas, sugest\u00f5es ou solicite informa\u00e7\u00f5es adicionais sobre os dados apresentados no portal de transpar\u00eancia da institui\u00e7\u00e3o. Para um atendimento eficaz, por favor, forne\u00e7a: Voc\u00ea pode enviar sua solicita\u00e7\u00e3o por e-mail ou presencialmente: E-mail: portaltransparencia@uel.br Atendimento presencial: Contato: O acompanhamento da sua solicita\u00e7\u00e3o ser\u00e1 [&hellip;]<\/p>\n","protected":false},"author":2,"featured_media":0,"parent":0,"menu_order":0,"comment_status":"closed","ping_status":"closed","template":"","meta":{"footnotes":""},"class_list":["post-129","page","type-page","status-publish","hentry"],"acf":[],"_links":{"self":[{"href":"https:\/\/sites.uel.br\/portaltransparencia\/wp-json\/wp\/v2\/pages\/129","targetHints":{"allow":["GET"]}}],"collection":[{"href":"https:\/\/sites.uel.br\/portaltransparencia\/wp-json\/wp\/v2\/pages"}],"about":[{"href":"https:\/\/sites.uel.br\/portaltransparencia\/wp-json\/wp\/v2\/types\/page"}],"author":[{"embeddable":true,"href":"https:\/\/sites.uel.br\/portaltransparencia\/wp-json\/wp\/v2\/users\/2"}],"replies":[{"embeddable":true,"href":"https:\/\/sites.uel.br\/portaltransparencia\/wp-json\/wp\/v2\/comments?post=129"}],"version-history":[{"count":2,"href":"https:\/\/sites.uel.br\/portaltransparencia\/wp-json\/wp\/v2\/pages\/129\/revisions"}],"predecessor-version":[{"id":209,"href":"https:\/\/sites.uel.br\/portaltransparencia\/wp-json\/wp\/v2\/pages\/129\/revisions\/209"}],"wp:attachment":[{"href":"https:\/\/sites.uel.br\/portaltransparencia\/wp-json\/wp\/v2\/media?parent=129"}],"curies":[{"name":"wp","href":"https:\/\/api.w.org\/{rel}","templated":true}]}}