{"id":127,"date":"2024-12-17T12:28:21","date_gmt":"2024-12-17T15:28:21","guid":{"rendered":"https:\/\/sites.uel.br\/portaltransparencia\/?page_id=127"},"modified":"2024-12-18T16:09:12","modified_gmt":"2024-12-18T19:09:12","slug":"doacoes-recebidas-covid-19","status":"publish","type":"page","link":"https:\/\/sites.uel.br\/portaltransparencia\/doacoes-recebidas-covid-19\/","title":{"rendered":"Doa\u00e7\u00f5es Recebidas COVID-19"},"content":{"rendered":"\n<p>A fim de dar cumprimento ao Decreto Estadual 5551, de 31\/08\/2020 e \u00e0 Resolu\u00e7\u00e3o CGE 25\/2021, de 14\/04\/2021, publicamos abaixo documentos relacionados \u00e0s doa\u00e7\u00f5es recebidas em 2021:<\/p>\n\n\n\n<p>DOA\u00c7\u00c3O n\u00ba 01\/2021: OX\u00cdMETROS<\/p>\n\n\n\n<ol class=\"wp-block-list\">\n<li>Nome do Doador: Autarquia Municipal de Sa\u00fade de Londrina;<\/li>\n\n\n\n<li>CNPJ do Doador: 78.638.707\/0001-15<\/li>\n\n\n\n<li>Objeto da Doa\u00e7\u00e3o: 50 ox\u00edmetros e 50 pilhas;<\/li>\n\n\n\n<li>Data de Assinatura do Termo de Doa\u00e7\u00e3o: 20\/05\/2021;<\/li>\n\n\n\n<li>Vig\u00eancia da Doa\u00e7\u00e3o: Definitiva;<\/li>\n\n\n\n<li>Valor Estimado da Doa\u00e7\u00e3o: 50 aparelhos mais as 50 pilhas &#8211; R$ 5.519,00;<\/li>\n\n\n\n<li>Data da Publica\u00e7\u00e3o do extrato do Termo de Doa\u00e7\u00e3o no Di\u00e1rio Oficial do Estado: 09\/08\/2021.<\/li>\n<\/ol>\n\n\n\n<p>Anexos:<\/p>\n\n\n\n<ul class=\"wp-block-list\">\n<li><a href=\"https:\/\/sites.uel.br\/portaltransparencia\/wp-content\/uploads\/ACESSO_INFORMACAO\/DOACOES_RECEBIDAS_COVID\/TERMO-DE-DOACAO-AMS-E-HU.pdf\" target=\"_blank\" rel=\"noreferrer noopener\">Termo de doa\u00e7\u00e3o<\/a><\/li>\n\n\n\n<li><a href=\"https:\/\/sites.uel.br\/portaltransparencia\/wp-content\/uploads\/ACESSO_INFORMACAO\/DOACOES_RECEBIDAS_COVID\/TERMO-DE-RETIRADA-EQUIP.pdf\" target=\"_blank\" rel=\"noreferrer noopener\">Termo de retirada<\/a><\/li>\n\n\n\n<li><a href=\"https:\/\/sites.uel.br\/portaltransparencia\/wp-content\/uploads\/ACESSO_INFORMACAO\/DOACOES_RECEBIDAS_COVID\/RECEBIMENTO-DOS-BENS.pdf\" target=\"_blank\" rel=\"noreferrer noopener\">Recebimento dos bens<\/a><\/li>\n\n\n\n<li><a href=\"https:\/\/sites.uel.br\/portaltransparencia\/wp-content\/uploads\/ACESSO_INFORMACAO\/DOACOES_RECEBIDAS_COVID\/DIOE-DOACAO-COVID.pdf\" target=\"_blank\" rel=\"noreferrer noopener\">Publica\u00e7\u00e3o no DIOE<\/a><\/li>\n<\/ul>\n","protected":false},"excerpt":{"rendered":"<p>A fim de dar cumprimento ao Decreto Estadual 5551, de 31\/08\/2020 e \u00e0 Resolu\u00e7\u00e3o CGE 25\/2021, de 14\/04\/2021, publicamos abaixo documentos relacionados \u00e0s doa\u00e7\u00f5es recebidas em 2021: DOA\u00c7\u00c3O n\u00ba 01\/2021: OX\u00cdMETROS Anexos:<\/p>\n","protected":false},"author":2,"featured_media":0,"parent":0,"menu_order":0,"comment_status":"closed","ping_status":"closed","template":"","meta":{"footnotes":""},"class_list":["post-127","page","type-page","status-publish","hentry"],"acf":[],"_links":{"self":[{"href":"https:\/\/sites.uel.br\/portaltransparencia\/wp-json\/wp\/v2\/pages\/127","targetHints":{"allow":["GET"]}}],"collection":[{"href":"https:\/\/sites.uel.br\/portaltransparencia\/wp-json\/wp\/v2\/pages"}],"about":[{"href":"https:\/\/sites.uel.br\/portaltransparencia\/wp-json\/wp\/v2\/types\/page"}],"author":[{"embeddable":true,"href":"https:\/\/sites.uel.br\/portaltransparencia\/wp-json\/wp\/v2\/users\/2"}],"replies":[{"embeddable":true,"href":"https:\/\/sites.uel.br\/portaltransparencia\/wp-json\/wp\/v2\/comments?post=127"}],"version-history":[{"count":3,"href":"https:\/\/sites.uel.br\/portaltransparencia\/wp-json\/wp\/v2\/pages\/127\/revisions"}],"predecessor-version":[{"id":633,"href":"https:\/\/sites.uel.br\/portaltransparencia\/wp-json\/wp\/v2\/pages\/127\/revisions\/633"}],"wp:attachment":[{"href":"https:\/\/sites.uel.br\/portaltransparencia\/wp-json\/wp\/v2\/media?parent=127"}],"curies":[{"name":"wp","href":"https:\/\/api.w.org\/{rel}","templated":true}]}}