{"id":114,"date":"2024-12-17T12:19:55","date_gmt":"2024-12-17T15:19:55","guid":{"rendered":"https:\/\/sites.uel.br\/portaltransparencia\/?page_id=114"},"modified":"2025-01-07T15:27:28","modified_gmt":"2025-01-07T18:27:28","slug":"legislacoes-do-estado-do-parana","status":"publish","type":"page","link":"https:\/\/sites.uel.br\/portaltransparencia\/legislacoes-do-estado-do-parana\/","title":{"rendered":"Legisla\u00e7\u00f5es do Estado do Paran\u00e1"},"content":{"rendered":"\n<p>A Universidade Estadual de Londrina (UEL), como institui\u00e7\u00e3o p\u00fablica, opera em conformidade com as leis e regulamenta\u00e7\u00f5es do Estado do Paran\u00e1. Para facilitar o acesso \u00e0 informa\u00e7\u00e3o e promover a transpar\u00eancia, disponibilizamos links diretos para as principais fontes de legisla\u00e7\u00e3o estadual:<\/p>\n\n\n\n<ol class=\"wp-block-list\">\n<li><a href=\"https:\/\/www.legislacao.pr.gov.br\/legislacao\/pesquisarAto.do?action=iniciarProcesso&amp;retiraLista=true&amp;site=1\" target=\"_blank\" rel=\"noreferrer noopener\">Atos Administrativos<\/a>\n<ul class=\"wp-block-list\">\n<li>Acesse decretos, portarias, resolu\u00e7\u00f5es e outros atos administrativos relevantes para a gest\u00e3o p\u00fablica estadual.<\/li>\n<\/ul>\n<\/li>\n\n\n\n<li><a href=\"https:\/\/www.legislacao.pr.gov.br\/legislacao\/entradaSite.do?action=iniciarProcesso\" target=\"_blank\" rel=\"noreferrer noopener\">Legisla\u00e7\u00e3o Estadual<\/a>\n<ul class=\"wp-block-list\">\n<li>Consulte leis, estatutos e c\u00f3digos que regem o funcionamento das institui\u00e7\u00f5es p\u00fablicas no Paran\u00e1.<\/li>\n<\/ul>\n<\/li>\n<\/ol>\n\n\n\n<p>Estes recursos s\u00e3o essenciais para compreender o marco legal que orienta as atividades da UEL e de outras entidades p\u00fablicas no estado. Recomendamos a consulta regular destas fontes para se manter atualizado sobre as normas vigentes.<\/p>\n","protected":false},"excerpt":{"rendered":"<p>A Universidade Estadual de Londrina (UEL), como institui\u00e7\u00e3o p\u00fablica, opera em conformidade com as leis e regulamenta\u00e7\u00f5es do Estado do Paran\u00e1. Para facilitar o acesso \u00e0 informa\u00e7\u00e3o e promover a transpar\u00eancia, disponibilizamos links diretos para as principais fontes de legisla\u00e7\u00e3o estadual: Estes recursos s\u00e3o essenciais para compreender o marco legal que orienta as atividades da [&hellip;]<\/p>\n","protected":false},"author":2,"featured_media":0,"parent":0,"menu_order":0,"comment_status":"closed","ping_status":"closed","template":"","meta":{"footnotes":""},"class_list":["post-114","page","type-page","status-publish","hentry"],"acf":[],"_links":{"self":[{"href":"https:\/\/sites.uel.br\/portaltransparencia\/wp-json\/wp\/v2\/pages\/114","targetHints":{"allow":["GET"]}}],"collection":[{"href":"https:\/\/sites.uel.br\/portaltransparencia\/wp-json\/wp\/v2\/pages"}],"about":[{"href":"https:\/\/sites.uel.br\/portaltransparencia\/wp-json\/wp\/v2\/types\/page"}],"author":[{"embeddable":true,"href":"https:\/\/sites.uel.br\/portaltransparencia\/wp-json\/wp\/v2\/users\/2"}],"replies":[{"embeddable":true,"href":"https:\/\/sites.uel.br\/portaltransparencia\/wp-json\/wp\/v2\/comments?post=114"}],"version-history":[{"count":3,"href":"https:\/\/sites.uel.br\/portaltransparencia\/wp-json\/wp\/v2\/pages\/114\/revisions"}],"predecessor-version":[{"id":457,"href":"https:\/\/sites.uel.br\/portaltransparencia\/wp-json\/wp\/v2\/pages\/114\/revisions\/457"}],"wp:attachment":[{"href":"https:\/\/sites.uel.br\/portaltransparencia\/wp-json\/wp\/v2\/media?parent=114"}],"curies":[{"name":"wp","href":"https:\/\/api.w.org\/{rel}","templated":true}]}}