{"id":1095,"date":"2025-10-17T14:37:16","date_gmt":"2025-10-17T17:37:16","guid":{"rendered":"https:\/\/sites.uel.br\/portaltransparencia\/?page_id=1095"},"modified":"2025-10-17T15:06:46","modified_gmt":"2025-10-17T18:06:46","slug":"doacoes-associacao-londrina-unida-pelo-hospital-universitario-luhu","status":"publish","type":"page","link":"https:\/\/sites.uel.br\/portaltransparencia\/doacoes-associacao-londrina-unida-pelo-hospital-universitario-luhu\/","title":{"rendered":"Doa\u00e7\u00f5es Associa\u00e7\u00e3o Londrina Unida pelo Hospital Universit\u00e1rio &#8211; LUHU"},"content":{"rendered":"\n<p>De acordo com a Resolu\u00e7\u00e3o CA N\u00ba 085\/2023 que disciplina o recebimento de doa\u00e7\u00f5es no \u00e2mbito da Universidade Estadual de Londrina, seguem as informa\u00e7\u00f5es:<\/p>\n\n\n\n<p><a href=\"https:\/\/sites.uel.br\/portaltransparencia\/wp-content\/uploads\/Resolucao-de-doacaoes-852023.pdf\">Resolu\u00e7\u00e3o CA N\u00ba 085\/2023<\/a><\/p>\n\n\n\n<p><a href=\"https:\/\/sites.uel.br\/portaltransparencia\/wp-content\/uploads\/Processo_23.641.738-7_1-completo.pdf\">Ano 2025<\/a><\/p>\n\n\n\n<p><\/p>\n","protected":false},"excerpt":{"rendered":"<p>De acordo com a Resolu\u00e7\u00e3o CA N\u00ba 085\/2023 que disciplina o recebimento de doa\u00e7\u00f5es no \u00e2mbito da Universidade Estadual de Londrina, seguem as informa\u00e7\u00f5es: Resolu\u00e7\u00e3o CA N\u00ba 085\/2023 Ano 2025<\/p>\n","protected":false},"author":6,"featured_media":0,"parent":0,"menu_order":0,"comment_status":"closed","ping_status":"closed","template":"","meta":{"footnotes":""},"class_list":["post-1095","page","type-page","status-publish","hentry"],"acf":[],"_links":{"self":[{"href":"https:\/\/sites.uel.br\/portaltransparencia\/wp-json\/wp\/v2\/pages\/1095","targetHints":{"allow":["GET"]}}],"collection":[{"href":"https:\/\/sites.uel.br\/portaltransparencia\/wp-json\/wp\/v2\/pages"}],"about":[{"href":"https:\/\/sites.uel.br\/portaltransparencia\/wp-json\/wp\/v2\/types\/page"}],"author":[{"embeddable":true,"href":"https:\/\/sites.uel.br\/portaltransparencia\/wp-json\/wp\/v2\/users\/6"}],"replies":[{"embeddable":true,"href":"https:\/\/sites.uel.br\/portaltransparencia\/wp-json\/wp\/v2\/comments?post=1095"}],"version-history":[{"count":9,"href":"https:\/\/sites.uel.br\/portaltransparencia\/wp-json\/wp\/v2\/pages\/1095\/revisions"}],"predecessor-version":[{"id":1113,"href":"https:\/\/sites.uel.br\/portaltransparencia\/wp-json\/wp\/v2\/pages\/1095\/revisions\/1113"}],"wp:attachment":[{"href":"https:\/\/sites.uel.br\/portaltransparencia\/wp-json\/wp\/v2\/media?parent=1095"}],"curies":[{"name":"wp","href":"https:\/\/api.w.org\/{rel}","templated":true}]}}