{"id":30,"date":"2024-08-26T18:18:52","date_gmt":"2024-08-26T21:18:52","guid":{"rendered":"https:\/\/sites.uel.br\/portal-do-egresso\/?page_id=30"},"modified":"2025-07-30T17:42:13","modified_gmt":"2025-07-30T20:42:13","slug":"30-2","status":"publish","type":"page","link":"https:\/\/sites.uel.br\/portal-do-egresso\/","title":{"rendered":""},"content":{"rendered":"\n<div class=\"alignnormal\"><div id=\"metaslider-id-256\" style=\"width: 100%; margin: 0 auto;\" class=\"ml-slider-3-91-0 metaslider metaslider-flex metaslider-256 ml-slider ms-theme-default nav-hidden\" role=\"region\" aria-roledescription=\"Slideshow\" aria-label=\"New Slideshow\">\n    <div id=\"metaslider_container_256\">\n        <div id=\"metaslider_256\">\n            <ul class='slides'>\n                <li style=\"display: none; width: 100%;\" class=\"slide-258 ms-image \" aria-roledescription=\"slide\" aria-label=\"slide-258\"><img decoding=\"async\" src=\"https:\/\/sites.uel.br\/portal-do-egresso\/wp-content\/uploads\/2025\/07\/letreiro-amo-uel.png\" width=\"1800\" alt=\"\" class=\"slider-256 slide-258\" title=\"letreiro-amo-uel\" \/><\/li>\n                <li style=\"display: none; width: 100%;\" class=\"slide-257 ms-image \" aria-roledescription=\"slide\" aria-label=\"slide-257\"><img decoding=\"async\" src=\"https:\/\/sites.uel.br\/portal-do-egresso\/wp-content\/uploads\/2025\/07\/colacao-uel.jpg\" width=\"1800\" alt=\"\" class=\"slider-256 slide-257\" title=\"colacao-uel\" \/><\/li>\n            <\/ul>\n        <\/div>\n        \n    <\/div>\n<\/div><\/div>\n\n\n\n<h3 class=\"wp-block-heading has-text-align-center has-large-font-size\"><strong>Somos mais de 100 mil egressos da UEL!<\/strong><\/h3>\n\n\n\n<div style=\"height:45px\" aria-hidden=\"true\" class=\"wp-block-spacer\"><\/div>\n\n\n\n<div class=\"wp-block-uel-card\">\n<h3 class=\"wp-block-heading is-style-highlighted-heading\">ACESSO R\u00c1PIDO<\/h3>\n\n\n\n<hr class=\"wp-block-separator has-text-color has-cinza-color has-css-opacity has-cinza-background-color has-background is-style-wide\"\/>\n\n\n\n<div class=\"alignnormal\"><div id=\"metaslider-id-98\" style=\"width: 100%; margin: 0 auto;\" class=\"ml-slider-3-91-0 metaslider metaslider-flex metaslider-98 ml-slider ms-theme-default nav-hidden nav-hidden\" role=\"region\" aria-roledescription=\"Slideshow\" aria-label=\"Acesso r\u00e1pido\">\n    <div id=\"metaslider_container_98\">\n        <div id=\"metaslider_98\">\n            <ul class='slides'>\n                <li style=\"display: none; width: 100%;\" class=\"slide-103 ms-image \" aria-roledescription=\"slide\" aria-label=\"slide-103\"><a href=\"https:\/\/portal.uel.br\/eventos\/\" target=\"_self\" class=\"metaslider_image_link\"><img loading=\"lazy\" decoding=\"async\" src=\"https:\/\/sites.uel.br\/portal-do-egresso\/wp-content\/uploads\/2024\/11\/Eventos-155x155.png\" height=\"155\" width=\"155\" alt=\"\" class=\"slider-98 slide-103\" title=\"Eventos\" \/><\/a><\/li>\n                <li style=\"display: none; width: 100%;\" class=\"slide-106 ms-image \" aria-roledescription=\"slide\" aria-label=\"slide-106\"><a href=\"https:\/\/www.sistemasweb.uel.br\/index.php?contents=system\/insc\/index.php&amp;pagina=view\/acesso\/AcessoInscricao.php\" target=\"_self\" class=\"metaslider_image_link\"><img loading=\"lazy\" decoding=\"async\" src=\"https:\/\/sites.uel.br\/portal-do-egresso\/wp-content\/uploads\/2024\/11\/Certificados-155x155.png\" height=\"155\" width=\"155\" alt=\"\" class=\"slider-98 slide-106\" title=\"Certificados\" \/><\/a><\/li>\n                <li style=\"display: none; width: 100%;\" class=\"slide-167 ms-image \" aria-roledescription=\"slide\" aria-label=\"slide-167\"><a href=\"https:\/\/sites.uel.br\/prograd\/cursos-de-graduacao-da-uel\/\" target=\"_self\" class=\"metaslider_image_link\"><img loading=\"lazy\" decoding=\"async\" src=\"https:\/\/sites.uel.br\/portal-do-egresso\/wp-content\/uploads\/2024\/12\/Graduacao-155x155.png\" height=\"155\" width=\"155\" alt=\"\" class=\"slider-98 slide-167\" title=\"Graduac\u0327ao\" \/><\/a><\/li>\n                <li style=\"display: none; width: 100%;\" class=\"slide-104 ms-image \" aria-roledescription=\"slide\" aria-label=\"slide-104\"><a href=\"https:\/\/sites.uel.br\/proppg\/pos-graduacao\/\" target=\"_self\" class=\"metaslider_image_link\"><img loading=\"lazy\" decoding=\"async\" src=\"https:\/\/sites.uel.br\/portal-do-egresso\/wp-content\/uploads\/2024\/11\/Pos-155x155.png\" height=\"155\" width=\"155\" alt=\"\" class=\"slider-98 slide-104\" title=\"Pos\" \/><\/a><\/li>\n                <li style=\"display: none; width: 100%;\" class=\"slide-166 ms-image \" aria-roledescription=\"slide\" aria-label=\"slide-166\"><img loading=\"lazy\" decoding=\"async\" src=\"https:\/\/sites.uel.br\/portal-do-egresso\/wp-content\/uploads\/2024\/12\/Politica-155x155.png\" height=\"155\" width=\"155\" alt=\"\" class=\"slider-98 slide-166\" title=\"Politica\" \/><\/li>\n                <li style=\"display: none; width: 100%;\" class=\"slide-168 ms-image \" aria-roledescription=\"slide\" aria-label=\"slide-168\"><img loading=\"lazy\" decoding=\"async\" src=\"https:\/\/sites.uel.br\/portal-do-egresso\/wp-content\/uploads\/2024\/12\/Questinario-155x155.png\" height=\"155\" width=\"155\" alt=\"\" class=\"slider-98 slide-168\" title=\"Questinario\" \/><\/li>\n            <\/ul>\n        <\/div>\n        \n    <\/div>\n<\/div><\/div>\n<\/div>\n\n\n\n<div class=\"wp-block-uel-card\">\n<h3 class=\"wp-block-heading is-style-highlighted-heading\">ESTAT\u00cdSTICA DOS EGRESSOS<\/h3>\n\n\n\n<hr class=\"wp-block-separator has-text-color has-cinza-color has-css-opacity has-cinza-background-color has-background is-style-wide\"\/>\n\n\n\n<div class=\"wp-block-columns is-layout-flex wp-container-core-columns-is-layout-9d6595d7 wp-block-columns-is-layout-flex\">\n<div class=\"wp-block-column is-layout-flow wp-block-column-is-layout-flow\">\n<figure class=\"wp-block-image size-full\"><img loading=\"lazy\" decoding=\"async\" width=\"1500\" height=\"1000\" src=\"https:\/\/sites.uel.br\/portal-do-egresso\/wp-content\/uploads\/2025\/07\/egressos-graduacao-uel-1.png\" alt=\"\" class=\"wp-image-247\" srcset=\"https:\/\/sites.uel.br\/portal-do-egresso\/wp-content\/uploads\/2025\/07\/egressos-graduacao-uel-1.png 1500w, https:\/\/sites.uel.br\/portal-do-egresso\/wp-content\/uploads\/2025\/07\/egressos-graduacao-uel-1-300x200.png 300w, https:\/\/sites.uel.br\/portal-do-egresso\/wp-content\/uploads\/2025\/07\/egressos-graduacao-uel-1-1024x683.png 1024w, https:\/\/sites.uel.br\/portal-do-egresso\/wp-content\/uploads\/2025\/07\/egressos-graduacao-uel-1-768x512.png 768w\" sizes=\"auto, (max-width: 1500px) 100vw, 1500px\" \/><\/figure>\n<\/div>\n\n\n\n<div class=\"wp-block-column is-layout-flow wp-block-column-is-layout-flow\">\n<figure class=\"wp-block-image size-full\"><img loading=\"lazy\" decoding=\"async\" width=\"1500\" height=\"1000\" src=\"https:\/\/sites.uel.br\/portal-do-egresso\/wp-content\/uploads\/2025\/07\/egressos-pos-uel-1.png\" alt=\"\" class=\"wp-image-248\" srcset=\"https:\/\/sites.uel.br\/portal-do-egresso\/wp-content\/uploads\/2025\/07\/egressos-pos-uel-1.png 1500w, https:\/\/sites.uel.br\/portal-do-egresso\/wp-content\/uploads\/2025\/07\/egressos-pos-uel-1-300x200.png 300w, https:\/\/sites.uel.br\/portal-do-egresso\/wp-content\/uploads\/2025\/07\/egressos-pos-uel-1-1024x683.png 1024w, https:\/\/sites.uel.br\/portal-do-egresso\/wp-content\/uploads\/2025\/07\/egressos-pos-uel-1-768x512.png 768w\" sizes=\"auto, (max-width: 1500px) 100vw, 1500px\" \/><\/figure>\n<\/div>\n<\/div>\n<\/div>\n\n\n\n<div style=\"height:25px\" aria-hidden=\"true\" class=\"wp-block-spacer\"><\/div>\n\n\n\n<div class=\"wp-block-uel-card\">\n<h3 class=\"wp-block-heading is-style-highlighted-heading\">RANKINGS SOBRE A UEL<\/h3>\n\n\n\n<hr class=\"wp-block-separator has-text-color has-cinza-color has-css-opacity has-cinza-background-color has-background is-style-wide\"\/>\n\n\n\n<div class=\"wp-block-columns is-layout-flex wp-container-core-columns-is-layout-9d6595d7 wp-block-columns-is-layout-flex\">\n<div class=\"wp-block-column is-layout-flow wp-block-column-is-layout-flow\">\n<figure class=\"wp-block-image size-full\"><img loading=\"lazy\" decoding=\"async\" width=\"658\" height=\"298\" src=\"https:\/\/sites.uel.br\/portal-do-egresso\/wp-content\/uploads\/2025\/07\/ranking-egresso.png\" alt=\"\" class=\"wp-image-250\" srcset=\"https:\/\/sites.uel.br\/portal-do-egresso\/wp-content\/uploads\/2025\/07\/ranking-egresso.png 658w, https:\/\/sites.uel.br\/portal-do-egresso\/wp-content\/uploads\/2025\/07\/ranking-egresso-300x136.png 300w\" sizes=\"auto, (max-width: 658px) 100vw, 658px\" \/><\/figure>\n<\/div>\n\n\n\n<div class=\"wp-block-column is-layout-flow wp-block-column-is-layout-flow\">\n<figure class=\"wp-block-image size-full\"><img loading=\"lazy\" decoding=\"async\" width=\"658\" height=\"298\" src=\"https:\/\/sites.uel.br\/portal-do-egresso\/wp-content\/uploads\/2025\/07\/ranking-egresso-uel.png\" alt=\"\" class=\"wp-image-251\" srcset=\"https:\/\/sites.uel.br\/portal-do-egresso\/wp-content\/uploads\/2025\/07\/ranking-egresso-uel.png 658w, https:\/\/sites.uel.br\/portal-do-egresso\/wp-content\/uploads\/2025\/07\/ranking-egresso-uel-300x136.png 300w\" sizes=\"auto, (max-width: 658px) 100vw, 658px\" \/><\/figure>\n<\/div>\n<\/div>\n<\/div>\n\n\n\n<div style=\"height:25px\" aria-hidden=\"true\" class=\"wp-block-spacer\"><\/div>\n\n\n\n<div class=\"wp-block-columns is-layout-flex wp-container-core-columns-is-layout-9d6595d7 wp-block-columns-is-layout-flex\">\n<div class=\"wp-block-column is-layout-flow wp-block-column-is-layout-flow\" style=\"flex-basis:66.66%\">\n<div class=\"wp-block-uel-card\">\n<h3 class=\"wp-block-heading is-style-highlighted-heading\">NOT\u00cdCIAS<\/h3>\n\n\n\n<hr class=\"wp-block-separator has-text-color has-cinza-color has-css-opacity has-cinza-background-color has-background is-style-wide\"\/>\n\n\n\n                <div class=\"feed-noticias-perobal alm-listing alm-ajax alm-has-transition\" id=\"feed-noticias-perobal-egresso,ranking,pos-graduacao\"><a class=\"noticia-padrao d-flex flex-column flex-md-row align-items-start\" href=\"https:\/\/operobal.uel.br\/pos-graduacao\/2026\/04\/14\/mestranda-pesquisa-os-desafios-do-aleitamento-materno-para-mulheres-indigenas\/\">\n                                                    <img decoding=\"async\" class=\"lazy entered loaded\" src=\"https:\/\/operobal.uel.br\/wp-content\/uploads\/2026\/04\/WhatsApp-Image-2026-04-10-at-07.47.02-e1775832686979.jpeg\"\/>    \n                                                    <article class=\"ml-0 ml-md-4 corpo-noticia-padrao\">\n                                                        <p class=\"antetitulo mb-0\">Abril Ind\u00edgena<\/p>\n                                                        <p class=\"titulo mb-2\">Mestranda pesquisa os desafios do aleitamento materno para mulheres ind\u00edgenas<\/p>\n                                                        <p class=\"descricao\">Enfermeira na Terra Ind\u00edgena em que reside, Kunh\u00e3 Nimboweradju busca aprimorar as a\u00e7\u00f5es de sa\u00fade voltadas aos povos origin\u00e1rios e incentivar pr\u00e1ticas humanizadas<\/p>\n                                                    <\/article>\n                                                <\/a><hr class=\"mt-4 mb-4 d-none d-md-block\"><a class=\"noticia-padrao d-flex flex-column flex-md-row align-items-start\" href=\"https:\/\/operobal.uel.br\/cca\/2026\/04\/14\/uel-e-sociedade-rural-impulsionam-o-futuro-da-equideocultura-na-expolondrina\/\">\n                                                    <img decoding=\"async\" class=\"lazy entered loaded\" src=\"https:\/\/operobal.uel.br\/wp-content\/uploads\/2026\/04\/Expo2026_13-04_Henrique-Campinha_7o-Simposio-de-Equicultura-19.jpg.jpeg\"\/>    \n                                                    <article class=\"ml-0 ml-md-4 corpo-noticia-padrao\">\n                                                        <p class=\"antetitulo mb-0\">Evento T\u00e9cnico<\/p>\n                                                        <p class=\"titulo mb-2\">UEL e Sociedade Rural impulsionam o futuro da equideocultura na ExpoLondrina<\/p>\n                                                        <p class=\"descricao\">Simp\u00f3sio promovido em parceria com a SRP consolida papel da Feira no desenvolvimento t\u00e9cnico e pr\u00e1tico do setor. <\/p>\n                                                    <\/article>\n                                                <\/a><hr class=\"mt-4 mb-4 d-none d-md-block\"><a class=\"noticia-padrao d-flex flex-column flex-md-row align-items-start\" href=\"https:\/\/operobal.uel.br\/ccb\/2026\/04\/07\/curativo-que-identifica-tipo-sanguineo-em-minutos-passa-por-testes-finais\/\">\n                                                    <img decoding=\"async\" class=\"lazy entered loaded\" src=\"https:\/\/operobal.uel.br\/wp-content\/uploads\/2026\/04\/curativo2.jpg\"\/>    \n                                                    <article class=\"ml-0 ml-md-4 corpo-noticia-padrao\">\n                                                        <p class=\"antetitulo mb-0\">Inova\u00e7\u00e3o<\/p>\n                                                        <p class=\"titulo mb-2\">Curativo que identifica tipo sangu\u00edneo em minutos passa por testes finais<\/p>\n                                                        <p class=\"descricao\">Projeto desenvolvido por pesquisadores da UEL prop\u00f5e uma solu\u00e7\u00e3o inovadora que pode transformar atendimentos de emerg\u00eancia.<\/p>\n                                                    <\/article>\n                                                <\/a><hr class=\"mt-4 mb-4 d-none d-md-block\"><a class=\"noticia-padrao d-flex flex-column flex-md-row align-items-start\" href=\"https:\/\/operobal.uel.br\/ultimas\/2026\/04\/06\/professores-da-uel-recepcionam-comitiva-de-profissionais-dos-estados-unidos\/\">\n                                                    <img decoding=\"async\" class=\"lazy entered loaded\" src=\"https:\/\/operobal.uel.br\/wp-content\/uploads\/2026\/04\/comitiva-americanos-1.jpg\"\/>    \n                                                    <article class=\"ml-0 ml-md-4 corpo-noticia-padrao\">\n                                                        <p class=\"antetitulo mb-0\">Visita Internacional<\/p>\n                                                        <p class=\"titulo mb-2\">Professores da UEL recepcionam comitiva de profissionais dos Estados Unidos<\/p>\n                                                        <p class=\"descricao\">Visita \u00e9 considerada uma a\u00e7\u00e3o de internacionaliza\u00e7\u00e3o envolvendo membros da comunidade universit\u00e1ria.<\/p>\n                                                    <\/article>\n                                                <\/a><hr class=\"mt-4 mb-4 d-none d-md-block\"><a class=\"noticia-padrao d-flex flex-column flex-md-row align-items-start\" href=\"https:\/\/operobal.uel.br\/pos-graduacao\/2026\/04\/06\/uel-abre-periodo-de-isencao-para-inscricoes-em-cursos-de-mestrado-e-doutorado\/\">\n                                                    <img decoding=\"async\" class=\"lazy entered loaded\" src=\"https:\/\/operobal.uel.br\/wp-content\/uploads\/2023\/12\/campus-uel-aerea.jpeg\"\/>    \n                                                    <article class=\"ml-0 ml-md-4 corpo-noticia-padrao\">\n                                                        <p class=\"antetitulo mb-0\">P\u00f3s-Gradua\u00e7\u00e3o<\/p>\n                                                        <p class=\"titulo mb-2\">Aberto per\u00edodo de isen\u00e7\u00e3o para inscri\u00e7\u00f5es em cursos de Mestrado e Doutorado<\/p>\n                                                        <p class=\"descricao\">Interessados podem pedir a gratuidade do valor de R$ 162,00 entre segunda (6) e ter\u00e7a-feira (7); confira a lista de cursos ofertando vagas<\/p>\n                                                    <\/article>\n                                                <\/a><\/div><button id=\"feed-noticias-perobal-load-moreegresso,ranking,pos-graduacao\" type=\"button\" class=\"feed-noticias-button\" data-endpoint=\"https:\/\/operobal.uel.br\/wp-json\/wp-perobal\/v1\/posts\/tags\/egresso,ranking,pos-graduacao?numberposts=50\" data-ppp=\"5\" data-pages=\"5\">Leia mais<\/button><\/div>\n<\/div>\n\n\n\n<div class=\"wp-block-column is-layout-flow wp-block-column-is-layout-flow\" style=\"flex-basis:33.33%\"><form role=\"search\" method=\"get\" action=\"https:\/\/sites.uel.br\/portal-do-egresso\/\" class=\"wp-block-search__button-outside wp-block-search__icon-button wp-block-search\"    ><label class=\"wp-block-search__label screen-reader-text\" for=\"wp-block-search__input-1\" >Pesquisar<\/label><div class=\"wp-block-search__inside-wrapper\" ><input class=\"wp-block-search__input\" id=\"wp-block-search__input-1\" placeholder=\"\" value=\"\" type=\"search\" name=\"s\" required \/><button aria-label=\"Pesquisar\" class=\"wp-block-search__button has-icon wp-element-button\" type=\"submit\" ><svg class=\"search-icon\" viewBox=\"0 0 24 24\" width=\"24\" height=\"24\">\n\t\t\t\t\t<path d=\"M13 5c-3.3 0-6 2.7-6 6 0 1.4.5 2.7 1.3 3.7l-3.8 3.8 1.1 1.1 3.8-3.8c1 .8 2.3 1.3 3.7 1.3 3.3 0 6-2.7 6-6S16.3 5 13 5zm0 10.5c-2.5 0-4.5-2-4.5-4.5s2-4.5 4.5-4.5 4.5 2 4.5 4.5-2 4.5-4.5 4.5z\"><\/path>\n\t\t\t\t<\/svg><\/button><\/div><\/form>\n\n\n<div style=\"height:25px\" aria-hidden=\"true\" class=\"wp-block-spacer\"><\/div>\n\n\n\n<div class=\"wp-block-buttons is-layout-flex wp-block-buttons-is-layout-flex\">\n<div class=\"wp-block-button\"><a class=\"wp-block-button__link has-text-color has-background has-link-color wp-element-button\" href=\"https:\/\/sites.uel.br\/proplan\/uel-em-dados\/\" style=\"border-radius:0px;color:#ffffff;background-color:#00753b\">UEL em Dados<\/a><\/div>\n\n\n\n<div class=\"wp-block-button\"><a class=\"wp-block-button__link has-text-color has-background has-link-color wp-element-button\" href=\"https:\/\/sites.uel.br\/proplan\/centro-em-dados\/\" style=\"border-radius:0px;color:#ffffff;background-color:#00753b\">Centro em Dados<\/a><\/div>\n\n\n\n<div class=\"wp-block-button\"><a class=\"wp-block-button__link has-text-color has-background has-link-color wp-element-button\" href=\"https:\/\/sites.uel.br\/portal-do-egresso\/perguntas-frequentes\/\" style=\"border-radius:0px;color:#ffffff;background-color:#00753b\">Perguntas Frequentes<\/a><\/div>\n<\/div>\n<\/div>\n<\/div>\n\n\n\n<div class=\"wp-block-uel-card\">\n<h3 class=\"wp-block-heading is-style-highlighted-heading\">PRODU\u00c7\u00c3O AUDIOVISUAL<\/h3>\n\n\n\n<hr class=\"wp-block-separator has-text-color has-cinza-color has-css-opacity has-cinza-background-color has-background is-style-wide\"\/>\n\n\n\n<div class=\"wp-block-columns is-layout-flex wp-container-core-columns-is-layout-9d6595d7 wp-block-columns-is-layout-flex\">\n<div class=\"wp-block-column is-layout-flow wp-block-column-is-layout-flow\">\n<figure class=\"wp-block-embed is-type-video is-provider-youtube wp-block-embed-youtube wp-embed-aspect-16-9 wp-has-aspect-ratio\"><div class=\"wp-block-embed__wrapper\">\n<iframe loading=\"lazy\" title=\"V\u00eddeo Institucional - UEL - Portugu\u00eas\/Legenda\/Libras\" width=\"500\" height=\"281\" src=\"https:\/\/www.youtube.com\/embed\/dPsctr58qGU?feature=oembed\" frameborder=\"0\" allow=\"accelerometer; autoplay; clipboard-write; encrypted-media; gyroscope; picture-in-picture; web-share\" referrerpolicy=\"strict-origin-when-cross-origin\" allowfullscreen><\/iframe>\n<\/div><\/figure>\n<\/div>\n\n\n\n<div class=\"wp-block-column is-layout-flow wp-block-column-is-layout-flow\">\n<figure class=\"wp-block-embed is-type-video is-provider-youtube wp-block-embed-youtube wp-embed-aspect-16-9 wp-has-aspect-ratio\"><div class=\"wp-block-embed__wrapper\">\n<iframe loading=\"lazy\" title=\"Universidade Viva - Servi\u00e7os Odontol\u00f3gicos\" width=\"500\" height=\"281\" src=\"https:\/\/www.youtube.com\/embed\/c_7MjKaDk78?list=PLDZ6BN2nohiXzq-RnAcZjChIquYhgyF4x\" frameborder=\"0\" allow=\"accelerometer; autoplay; clipboard-write; encrypted-media; gyroscope; picture-in-picture; web-share\" referrerpolicy=\"strict-origin-when-cross-origin\" allowfullscreen><\/iframe>\n<\/div><\/figure>\n<\/div>\n\n\n\n<div class=\"wp-block-column is-layout-flow wp-block-column-is-layout-flow\">\n<figure class=\"wp-block-embed is-type-video is-provider-youtube wp-block-embed-youtube wp-embed-aspect-16-9 wp-has-aspect-ratio\"><div class=\"wp-block-embed__wrapper\">\n<iframe loading=\"lazy\" title=\"Especial - Licenciaturas UEL\" width=\"500\" height=\"281\" src=\"https:\/\/www.youtube.com\/embed\/vX8btbr5caY?start=2&#038;feature=oembed\" frameborder=\"0\" allow=\"accelerometer; autoplay; clipboard-write; encrypted-media; gyroscope; picture-in-picture; web-share\" referrerpolicy=\"strict-origin-when-cross-origin\" allowfullscreen><\/iframe>\n<\/div><\/figure>\n<\/div>\n<\/div>\n\n\n\n<p>\u25b6\ufe0f <a href=\"https:\/\/radio.uel.br\/noticias\/serie-prata-da-casa\/2022\/11\/09\">S\u00e9rie \u2018Pratas da Casa \u2013 Ex-alunos da UEL e suas experi\u00eancias inspiradoras\u2019<\/a><\/p>\n\n\n\n<p>\u25b6\ufe0f <a href=\"https:\/\/radio.uel.br\/programas\/serie-divulga-ciencia\" target=\"_blank\" rel=\"noreferrer noopener\">S\u00e9rie \u2018Divulga Ci\u00eancia\u2019, reflex\u00f5es sobre como \u00e9 ser pesquisador no Brasil e o impacto da ci\u00eancia na vida das pessoas<\/a><\/p>\n\n\n\n<p>\u25b6\ufe0f <a href=\"https:\/\/radio.uel.br\/playlist\/programa-especial\/serie-vozes-de-egressos-e-egressas-cotistas-existir-e-resistir-20-anos-de-implantacao-da-politica-de-cotas-raciais-na-uel\/2024\/12\/09\">S\u00e9rie \u2018Vozes de Egressos e Egressas Cotistas: existir e resistir \u2013 20 anos de implanta\u00e7\u00e3o da pol\u00edtica de cotas raciais na UEL\u2019<\/a><\/p>\n<\/div>\n","protected":false},"excerpt":{"rendered":"<p>Somos mais de 100 mil egressos da UEL!<\/p>\n","protected":false},"author":8,"featured_media":0,"parent":0,"menu_order":0,"comment_status":"closed","ping_status":"closed","template":"","meta":{"_acf_changed":false,"_themeisle_gutenberg_block_has_review":false,"footnotes":""},"class_list":["post-30","page","type-page","status-publish","hentry"],"acf":[],"_links":{"self":[{"href":"https:\/\/sites.uel.br\/portal-do-egresso\/wp-json\/wp\/v2\/pages\/30","targetHints":{"allow":["GET"]}}],"collection":[{"href":"https:\/\/sites.uel.br\/portal-do-egresso\/wp-json\/wp\/v2\/pages"}],"about":[{"href":"https:\/\/sites.uel.br\/portal-do-egresso\/wp-json\/wp\/v2\/types\/page"}],"author":[{"embeddable":true,"href":"https:\/\/sites.uel.br\/portal-do-egresso\/wp-json\/wp\/v2\/users\/8"}],"replies":[{"embeddable":true,"href":"https:\/\/sites.uel.br\/portal-do-egresso\/wp-json\/wp\/v2\/comments?post=30"}],"version-history":[{"count":68,"href":"https:\/\/sites.uel.br\/portal-do-egresso\/wp-json\/wp\/v2\/pages\/30\/revisions"}],"predecessor-version":[{"id":269,"href":"https:\/\/sites.uel.br\/portal-do-egresso\/wp-json\/wp\/v2\/pages\/30\/revisions\/269"}],"wp:attachment":[{"href":"https:\/\/sites.uel.br\/portal-do-egresso\/wp-json\/wp\/v2\/media?parent=30"}],"curies":[{"name":"wp","href":"https:\/\/api.w.org\/{rel}","templated":true}]}}