{"id":280,"date":"2025-08-11T13:56:46","date_gmt":"2025-08-11T16:56:46","guid":{"rendered":"https:\/\/sites.uel.br\/portal-do-egresso\/?page_id=280"},"modified":"2025-08-11T13:57:21","modified_gmt":"2025-08-11T16:57:21","slug":"comissao-da-politica","status":"publish","type":"page","link":"https:\/\/sites.uel.br\/portal-do-egresso\/comissao-da-politica\/","title":{"rendered":"Comiss\u00e3o da Pol\u00edtica"},"content":{"rendered":"\n<p>A Comiss\u00e3o para elabora\u00e7\u00e3o da Pol\u00edtica Institucional de Acompanhamento dos Egressos iniciou as atividades em agosto de 2024.<\/p>\n\n\n\n<div data-wp-interactive=\"core\/file\" class=\"wp-block-file\"><object data-wp-bind--hidden=\"!state.hasPdfPreview\" hidden class=\"wp-block-file__embed\" data=\"https:\/\/sites.uel.br\/portal-do-egresso\/wp-content\/uploads\/2025\/08\/0561.pdf\" type=\"application\/pdf\" style=\"width:100%;height:600px\" aria-label=\"Incorporar PDF\"><\/object><a href=\"https:\/\/sites.uel.br\/portal-do-egresso\/wp-content\/uploads\/2025\/08\/0561.pdf\" class=\"wp-block-file__button wp-element-button\" download>Baixar<\/a><\/div>\n\n\n\n<p><\/p>\n","protected":false},"excerpt":{"rendered":"<p>A Comiss\u00e3o para elabora\u00e7\u00e3o da Pol\u00edtica Institucional de Acompanhamento dos Egressos iniciou as atividades em agosto de 2024.<\/p>\n","protected":false},"author":8,"featured_media":0,"parent":0,"menu_order":0,"comment_status":"closed","ping_status":"closed","template":"","meta":{"_acf_changed":false,"_themeisle_gutenberg_block_has_review":false,"footnotes":""},"class_list":["post-280","page","type-page","status-publish","hentry"],"acf":[],"_links":{"self":[{"href":"https:\/\/sites.uel.br\/portal-do-egresso\/wp-json\/wp\/v2\/pages\/280","targetHints":{"allow":["GET"]}}],"collection":[{"href":"https:\/\/sites.uel.br\/portal-do-egresso\/wp-json\/wp\/v2\/pages"}],"about":[{"href":"https:\/\/sites.uel.br\/portal-do-egresso\/wp-json\/wp\/v2\/types\/page"}],"author":[{"embeddable":true,"href":"https:\/\/sites.uel.br\/portal-do-egresso\/wp-json\/wp\/v2\/users\/8"}],"replies":[{"embeddable":true,"href":"https:\/\/sites.uel.br\/portal-do-egresso\/wp-json\/wp\/v2\/comments?post=280"}],"version-history":[{"count":2,"href":"https:\/\/sites.uel.br\/portal-do-egresso\/wp-json\/wp\/v2\/pages\/280\/revisions"}],"predecessor-version":[{"id":283,"href":"https:\/\/sites.uel.br\/portal-do-egresso\/wp-json\/wp\/v2\/pages\/280\/revisions\/283"}],"wp:attachment":[{"href":"https:\/\/sites.uel.br\/portal-do-egresso\/wp-json\/wp\/v2\/media?parent=280"}],"curies":[{"name":"wp","href":"https:\/\/api.w.org\/{rel}","templated":true}]}}