{"id":25,"date":"2024-08-26T17:57:03","date_gmt":"2024-08-26T20:57:03","guid":{"rendered":"https:\/\/sites.uel.br\/portal-do-egresso\/?page_id=25"},"modified":"2025-08-11T13:35:08","modified_gmt":"2025-08-11T16:35:08","slug":"canais-de-atendimento","status":"publish","type":"page","link":"https:\/\/sites.uel.br\/portal-do-egresso\/canais-de-atendimento\/","title":{"rendered":"Canais de atendimento"},"content":{"rendered":"\n<h2 class=\"wp-block-heading\">Pr\u00f3-reitorias<\/h2>\n\n\n\n<div style=\"height:20px\" aria-hidden=\"true\" class=\"wp-block-spacer\"><\/div>\n\n\n\n<div class=\"wp-block-columns is-layout-flex wp-container-core-columns-is-layout-9d6595d7 wp-block-columns-is-layout-flex\">\n<div class=\"wp-block-column is-layout-flow wp-block-column-is-layout-flow\">\n<h4 class=\"wp-block-heading\"><a href=\"https:\/\/sites.uel.br\/prograd\">Pr\u00f3-Reitoria de Gradua\u00e7\u00e3o (PROGRAD)<\/a><\/h4>\n\n\n\n<p class=\"sem-margem\">(43) 3371-4483<br>(43) 3371-4333<\/p>\n<\/div>\n\n\n\n<div class=\"wp-block-column is-layout-flow wp-block-column-is-layout-flow\">\n<h4 class=\"wp-block-heading\"><a href=\"https:\/\/sites.uel.br\/proppg\/\">Pr\u00f3-Reitoria de Pesquisa e P\u00f3s-gradua\u00e7\u00e3o (PROPPG)<\/a><\/h4>\n\n\n\n<p class=\"sem-margem\">(43) 3371-4503<br>(43) 3371-4110<\/p>\n<\/div>\n\n\n\n<div class=\"wp-block-column is-layout-flow wp-block-column-is-layout-flow\">\n<h4 class=\"wp-block-heading\"><a href=\"https:\/\/sites.uel.br\/proex\">Pr\u00f3-Reitoria de Extens\u00e3o, Cultura e Sociedade (PROEX)<\/a><\/h4>\n\n\n\n<p class=\"sem-margem\">(43) 3371-4512<br>(43) 3371-4402<\/p>\n<\/div>\n<\/div>\n\n\n\n<h2 class=\"wp-block-heading\">Centros de Estudos<\/h2>\n\n\n\n<div style=\"height:20px\" aria-hidden=\"true\" class=\"wp-block-spacer\"><\/div>\n\n\n\n<div class=\"wp-block-columns is-layout-flex wp-container-core-columns-is-layout-9d6595d7 wp-block-columns-is-layout-flex\">\n<div class=\"wp-block-column is-layout-flow wp-block-column-is-layout-flow\">\n<h4 class=\"wp-block-heading\"><a href=\"https:\/\/sites.uel.br\/cca\/\">Centro de Ci\u00eancias Agr\u00e1rias (CCA)<\/a><\/h4>\n\n\n\n<p class=\"sem-margem\">cca@uel.br<\/p>\n\n\n\n<p class=\"sem-margem\">(43) 3371-4435<br><\/p>\n\n\n\n<div style=\"height:20px\" aria-hidden=\"true\" class=\"wp-block-spacer\"><\/div>\n<\/div>\n\n\n\n<div class=\"wp-block-column is-layout-flow wp-block-column-is-layout-flow\">\n<h4 class=\"wp-block-heading\"><a href=\"https:\/\/sites.uel.br\/ccb\">Centro de Ci\u00eancias Biol\u00f3gicas (CCB)<\/a><\/h4>\n\n\n\n<p class=\"sem-margem\">ccb@uel.br<\/p>\n\n\n\n<p class=\"sem-margem\">(43) 3371-4207<\/p>\n<\/div>\n\n\n\n<div class=\"wp-block-column is-layout-flow wp-block-column-is-layout-flow\">\n<h4 class=\"wp-block-heading\"><a href=\"https:\/\/sites.uel.br\/cce\">Centro de Ci\u00eancias Exatas (CCE)<\/a><\/h4>\n\n\n\n<p class=\"sem-margem\">cce@uel.br<\/p>\n\n\n\n<p class=\"sem-margem\">(43) 3371-4161<\/p>\n<\/div>\n<\/div>\n\n\n\n<div class=\"wp-block-columns is-layout-flex wp-container-core-columns-is-layout-9d6595d7 wp-block-columns-is-layout-flex\">\n<div class=\"wp-block-column is-layout-flow wp-block-column-is-layout-flow\">\n<h4 class=\"wp-block-heading\"><a href=\"https:\/\/sites.uel.br\/ccs\">Centro de Ci\u00eancias da Sa\u00fade (CCS)<\/a><\/h4>\n\n\n\n<p class=\"sem-margem\">ccs@uel.br<\/p>\n\n\n\n<p class=\"sem-margem\">(43) 3371-2332<br><\/p>\n\n\n\n<div style=\"height:20px\" aria-hidden=\"true\" class=\"wp-block-spacer\"><\/div>\n<\/div>\n\n\n\n<div class=\"wp-block-column is-layout-flow wp-block-column-is-layout-flow\">\n<h4 class=\"wp-block-heading\"><a href=\"https:\/\/sites.uel.br\/ceca\">Centro de Educa\u00e7\u00e3o, Comunica\u00e7\u00e3o e Artes (CECA)<\/a><\/h4>\n\n\n\n<p class=\"sem-margem\">ceca@uel.br<\/p>\n\n\n\n<p class=\"sem-margem\">(43) 3371-4318<\/p>\n<\/div>\n\n\n\n<div class=\"wp-block-column is-layout-flow wp-block-column-is-layout-flow\">\n<h4 class=\"wp-block-heading\"><a href=\"https:\/\/sites.uel.br\/cefe\">Centro de Educa\u00e7\u00e3o F\u00edsica e Esporte (CEFE)<\/a><\/h4>\n\n\n\n<p class=\"sem-margem\">cefd@uel.br<\/p>\n\n\n\n<p class=\"sem-margem\">(43) 3371-4228<\/p>\n<\/div>\n<\/div>\n\n\n\n<div class=\"wp-block-columns is-layout-flex wp-container-core-columns-is-layout-9d6595d7 wp-block-columns-is-layout-flex\">\n<div class=\"wp-block-column is-layout-flow wp-block-column-is-layout-flow\">\n<h4 class=\"wp-block-heading\"><a href=\"https:\/\/sites.uel.br\/cesa\">Centro de Estudos Sociais Aplicados (CESA)<\/a><\/h4>\n\n\n\n<p class=\"sem-margem\">cesasec@uel.br<\/p>\n\n\n\n<p class=\"sem-margem\">(43) 3371-4225<\/p>\n\n\n\n<div style=\"height:20px\" aria-hidden=\"true\" class=\"wp-block-spacer\"><\/div>\n<\/div>\n\n\n\n<div class=\"wp-block-column is-layout-flow wp-block-column-is-layout-flow\">\n<h4 class=\"wp-block-heading\"><a href=\"https:\/\/sites.uel.br\/clch\">Centro de Letras e Ci\u00eancias Humanas (CLCH)<\/a><\/h4>\n\n\n\n<p class=\"sem-margem\">cchadm@uel.br<\/p>\n\n\n\n<p class=\"sem-margem\">(43) 3371-4418<\/p>\n<\/div>\n\n\n\n<div class=\"wp-block-column is-layout-flow wp-block-column-is-layout-flow\">\n<h4 class=\"wp-block-heading\"><a href=\"https:\/\/sites.uel.br\/ctu\">Centro de Tecnologia e Urbanismo (CTU)<\/a><\/h4>\n\n\n\n<p class=\"sem-margem\">ctu@uel.br<\/p>\n\n\n\n<p class=\"sem-margem\">(43) 3371-4525<\/p>\n<\/div>\n<\/div>\n\n\n\n<h2 class=\"wp-block-heading\">\u00d3rg\u00e3os Suplementares<\/h2>\n\n\n\n<div class=\"wp-block-columns is-layout-flex wp-container-core-columns-is-layout-9d6595d7 wp-block-columns-is-layout-flex\">\n<div class=\"wp-block-column is-layout-flow wp-block-column-is-layout-flow\">\n<h4 class=\"wp-block-heading\"><a href=\"https:\/\/sites.uel.br\/hu-londrina\/\" target=\"_blank\" rel=\"noreferrer noopener\">Hospital Universit\u00e1rio (HU)<\/a><\/h4>\n\n\n\n<p class=\"sem-margem\">(43) 3371-2239<\/p>\n\n\n\n<div style=\"height:20px\" aria-hidden=\"true\" class=\"wp-block-spacer\"><\/div>\n<\/div>\n\n\n\n<div class=\"wp-block-column is-layout-flow wp-block-column-is-layout-flow\">\n<h4 class=\"wp-block-heading\">Cl\u00ednica Odontol\u00f3gica (COU)<\/h4>\n\n\n\n<p class=\"sem-margem\">cou@uel.br<\/p>\n\n\n\n<p class=\"sem-margem\">(43) 3371-6702<\/p>\n<\/div>\n\n\n\n<div class=\"wp-block-column is-layout-flow wp-block-column-is-layout-flow\">\n<h4 class=\"wp-block-heading\">Hospital Veterin\u00e1rio (HV)<\/h4>\n\n\n\n<p class=\"sem-margem\">direcaohv@uel.br<\/p>\n\n\n\n<p class=\"sem-margem\">(43) 3371-4269<\/p>\n<\/div>\n<\/div>\n\n\n\n<div class=\"wp-block-columns is-layout-flex wp-container-core-columns-is-layout-9d6595d7 wp-block-columns-is-layout-flex\">\n<div class=\"wp-block-column is-layout-flow wp-block-column-is-layout-flow\">\n<h4 class=\"wp-block-heading\"><a href=\"https:\/\/sites.uel.br\/eaaj\/\" target=\"_blank\" rel=\"noreferrer noopener\">Escrit\u00f3rio de Aplica\u00e7\u00e3o de Assuntos Jur\u00eddicos (EAAJ)<\/a><\/h4>\n\n\n\n<p class=\"sem-margem\">eaajur@uel.br<\/p>\n\n\n\n<p class=\"sem-margem\">(43) 3371-5188<\/p>\n\n\n\n<div style=\"height:20px\" aria-hidden=\"true\" class=\"wp-block-spacer\"><\/div>\n<\/div>\n\n\n\n<div class=\"wp-block-column is-layout-flow wp-block-column-is-layout-flow\">\n<h4 class=\"wp-block-heading\"><a href=\"https:\/\/sites.uel.br\/museu\/\" target=\"_blank\" rel=\"noreferrer noopener\">Museu Hist\u00f3rico de Londrina (MHL)<\/a><\/h4>\n\n\n\n<p class=\"sem-margem\">museu@uel.br<\/p>\n\n\n\n<p class=\"sem-margem\">(43) 3323-0082<\/p>\n\n\n\n<p class=\"sem-margem\"><\/p>\n\n\n\n<p><\/p>\n<\/div>\n\n\n\n<div class=\"wp-block-column is-layout-flow wp-block-column-is-layout-flow\">\n<h4 class=\"wp-block-heading\">Casa de Cultura<\/h4>\n\n\n\n<p class=\"sem-margem\">ccultura@uel.br<\/p>\n\n\n\n<p class=\"sem-margem\">(43) 3322-0913<\/p>\n\n\n\n<p><\/p>\n<\/div>\n<\/div>\n\n\n\n<p>N\u00e3o encontrou o que procurava? Acesse a <a href=\"https:\/\/sites.uel.br\/proplan\/lista-telefonica-da-uel\/\" target=\"_blank\" rel=\"noreferrer noopener\">Lista Telef\u00f4nica da UEL<\/a>.<\/p>\n","protected":false},"excerpt":{"rendered":"<p>Pr\u00f3-reitorias Pr\u00f3-Reitoria de Gradua\u00e7\u00e3o (PROGRAD) (43) 3371-4483(43) 3371-4333 Pr\u00f3-Reitoria de Pesquisa e P\u00f3s-gradua\u00e7\u00e3o (PROPPG) (43) 3371-4503(43) 3371-4110 Pr\u00f3-Reitoria de Extens\u00e3o, Cultura e Sociedade (PROEX) (43) 3371-4512(43) 3371-4402 Centros de Estudos Centro de Ci\u00eancias Agr\u00e1rias (CCA) cca@uel.br (43) 3371-4435 Centro de Ci\u00eancias Biol\u00f3gicas (CCB) ccb@uel.br (43) 3371-4207 Centro de Ci\u00eancias Exatas (CCE) cce@uel.br (43) 3371-4161 Centro [&hellip;]<\/p>\n","protected":false},"author":8,"featured_media":0,"parent":0,"menu_order":0,"comment_status":"closed","ping_status":"closed","template":"","meta":{"_acf_changed":false,"_themeisle_gutenberg_block_has_review":false,"footnotes":""},"class_list":["post-25","page","type-page","status-publish","hentry"],"acf":[],"_links":{"self":[{"href":"https:\/\/sites.uel.br\/portal-do-egresso\/wp-json\/wp\/v2\/pages\/25","targetHints":{"allow":["GET"]}}],"collection":[{"href":"https:\/\/sites.uel.br\/portal-do-egresso\/wp-json\/wp\/v2\/pages"}],"about":[{"href":"https:\/\/sites.uel.br\/portal-do-egresso\/wp-json\/wp\/v2\/types\/page"}],"author":[{"embeddable":true,"href":"https:\/\/sites.uel.br\/portal-do-egresso\/wp-json\/wp\/v2\/users\/8"}],"replies":[{"embeddable":true,"href":"https:\/\/sites.uel.br\/portal-do-egresso\/wp-json\/wp\/v2\/comments?post=25"}],"version-history":[{"count":17,"href":"https:\/\/sites.uel.br\/portal-do-egresso\/wp-json\/wp\/v2\/pages\/25\/revisions"}],"predecessor-version":[{"id":274,"href":"https:\/\/sites.uel.br\/portal-do-egresso\/wp-json\/wp\/v2\/pages\/25\/revisions\/274"}],"wp:attachment":[{"href":"https:\/\/sites.uel.br\/portal-do-egresso\/wp-json\/wp\/v2\/media?parent=25"}],"curies":[{"name":"wp","href":"https:\/\/api.w.org\/{rel}","templated":true}]}}