{"id":16,"date":"2024-08-26T17:54:51","date_gmt":"2024-08-26T20:54:51","guid":{"rendered":"https:\/\/sites.uel.br\/portal-do-egresso\/?page_id=16"},"modified":"2025-08-11T13:54:40","modified_gmt":"2025-08-11T16:54:40","slug":"apresentacao","status":"publish","type":"page","link":"https:\/\/sites.uel.br\/portal-do-egresso\/apresentacao\/","title":{"rendered":"Apresenta\u00e7\u00e3o"},"content":{"rendered":"\n<p><strong>Bem-vindo(a) ao Portal do Egresso!<\/strong><\/p>\n\n\n\n<p>O Portal do Egresso \u00e9 uma iniciativa da Universidade Estadual de Londrina que oferece um canal permanente de comunica\u00e7\u00e3o e di\u00e1logo com nossos ex-alunos. Mais do que um espa\u00e7o de contato, \u00e9 uma plataforma de reciprocidade, onde reconhecemos que o fortalecimento do relacionamento entre a UEL e seus egressos \u00e9 essencial para superar desafios e construir novas oportunidades.<\/p>\n\n\n\n<p>Por meio deste portal, acompanhamos as trajet\u00f3rias profissionais e pessoais daqueles que passaram pela nossa universidade, reafirmando que o sucesso dos nossos egressos \u00e9 tamb\u00e9m o sucesso da UEL.<\/p>\n\n\n\n<p>Ser UEL \u00e9 pertencer a uma hist\u00f3ria que vai al\u00e9m do diploma da gradua\u00e7\u00e3o e da p\u00f3s-gradua\u00e7\u00e3o. \u00c9 carregar consigo valores, conhecimentos e experi\u00eancias que transformam vidas e contribuem para o desenvolvimento social, econ\u00f4mico, pol\u00edtico e cultural do Paran\u00e1 e do Brasil.<\/p>\n\n\n\n<p>Nossa miss\u00e3o reafirma o compromisso com a indissociabilidade entre ensino, pesquisa e extens\u00e3o, promovendo a igualdade de acesso, o pluralismo de ideias e a forma\u00e7\u00e3o de cidad\u00e3os e profissionais com compet\u00eancia t\u00e9cnica e human\u00edstica, guiados pelos valores da liberdade, igualdade e justi\u00e7a social.<\/p>\n\n\n\n<p>Sabemos que a universidade \u00e9 uma realidade din\u00e2mica e em constante transforma\u00e7\u00e3o. Por isso, contamos com a participa\u00e7\u00e3o ativa dos nossos egressos para que, juntos, continuemos construindo e renovando o legado do \u201cSer UEL\u201d \u2014 um compromisso que ultrapassa o tempo da forma\u00e7\u00e3o acad\u00eamica e acompanha toda a vida profissional e cidad\u00e3.<\/p>\n","protected":false},"excerpt":{"rendered":"<p>Bem-vindo(a) ao Portal do Egresso! O Portal do Egresso \u00e9 uma iniciativa da Universidade Estadual de Londrina que oferece um canal permanente de comunica\u00e7\u00e3o e di\u00e1logo com nossos ex-alunos. Mais do que um espa\u00e7o de contato, \u00e9 uma plataforma de reciprocidade, onde reconhecemos que o fortalecimento do relacionamento entre a UEL e seus egressos \u00e9 [&hellip;]<\/p>\n","protected":false},"author":8,"featured_media":0,"parent":0,"menu_order":0,"comment_status":"closed","ping_status":"closed","template":"","meta":{"_acf_changed":false,"_themeisle_gutenberg_block_has_review":false,"footnotes":""},"class_list":["post-16","page","type-page","status-publish","hentry"],"acf":[],"_links":{"self":[{"href":"https:\/\/sites.uel.br\/portal-do-egresso\/wp-json\/wp\/v2\/pages\/16","targetHints":{"allow":["GET"]}}],"collection":[{"href":"https:\/\/sites.uel.br\/portal-do-egresso\/wp-json\/wp\/v2\/pages"}],"about":[{"href":"https:\/\/sites.uel.br\/portal-do-egresso\/wp-json\/wp\/v2\/types\/page"}],"author":[{"embeddable":true,"href":"https:\/\/sites.uel.br\/portal-do-egresso\/wp-json\/wp\/v2\/users\/8"}],"replies":[{"embeddable":true,"href":"https:\/\/sites.uel.br\/portal-do-egresso\/wp-json\/wp\/v2\/comments?post=16"}],"version-history":[{"count":3,"href":"https:\/\/sites.uel.br\/portal-do-egresso\/wp-json\/wp\/v2\/pages\/16\/revisions"}],"predecessor-version":[{"id":279,"href":"https:\/\/sites.uel.br\/portal-do-egresso\/wp-json\/wp\/v2\/pages\/16\/revisions\/279"}],"wp:attachment":[{"href":"https:\/\/sites.uel.br\/portal-do-egresso\/wp-json\/wp\/v2\/media?parent=16"}],"curies":[{"name":"wp","href":"https:\/\/api.w.org\/{rel}","templated":true}]}}