{"id":156,"date":"2024-12-12T16:41:27","date_gmt":"2024-12-12T19:41:27","guid":{"rendered":"https:\/\/sites.uel.br\/portal-do-egresso\/?page_id=156"},"modified":"2025-08-11T13:41:14","modified_gmt":"2025-08-11T16:41:14","slug":"perguntas-frequentes","status":"publish","type":"page","link":"https:\/\/sites.uel.br\/portal-do-egresso\/perguntas-frequentes\/","title":{"rendered":"Perguntas frequentes"},"content":{"rendered":"\n<div id=\"wp-block-themeisle-blocks-accordion-ea8be05b\" class=\"wp-block-themeisle-blocks-accordion exclusive\">\n<details class=\"wp-block-themeisle-blocks-accordion-item\"><summary class=\"wp-block-themeisle-blocks-accordion-item__title\"><div><strong>O diploma da gradua\u00e7\u00e3o \u00e9 entregue em formato f\u00edsico ou digital?<\/strong><\/div><\/summary><div class=\"wp-block-themeisle-blocks-accordion-item__content\">\n<p>O diploma da Universidade \u00e9 entregue apenas em formato digital. Para mais informa\u00e7\u00f5es, entre em contato com a Divis\u00e3o de Diplomas da Pr\u00f3-Reitoria de Gradua\u00e7\u00e3o (PROGRAD) pelo e-mail <a href=\"mailto:diplomas@uel.br\">diplomas@uel.br<\/a>, pelo telefone (43) 3371-4443 ou pelo <a href=\"https:\/\/wa.me\/4333714383\" target=\"_blank\" rel=\"noreferrer noopener\">WhatsApp (43) 3371-4383<\/a>.<\/p>\n<\/div><\/details>\n\n\n\n<details class=\"wp-block-themeisle-blocks-accordion-item\"><summary class=\"wp-block-themeisle-blocks-accordion-item__title\"><div><strong>Onde o diploma fica dispon\u00edvel ap\u00f3s a cola\u00e7\u00e3o de grau?<\/strong><\/div><\/summary><div class=\"wp-block-themeisle-blocks-accordion-item__content\">\n<p>O diploma digital de gradua\u00e7\u00e3o fica dispon\u00edvel para download no <a href=\"https:\/\/sistemas.uel.br\/portaldoestudante\/index\">Portal do Estudante de Gradua\u00e7\u00e3o<\/a> assim que for emitido pela PROGRAD. O egresso recebe uma notifica\u00e7\u00e3o por e-mail, informando a disponibilidade do documento. Para mais informa\u00e7\u00f5es, entre em contato com a Divis\u00e3o de Diplomas da Pr\u00f3-Reitoria de Gradua\u00e7\u00e3o (PROGRAD) pelo e-mail <a href=\"mailto:diplomas@uel.br\">diplomas@uel.br<\/a>, pelo telefone (43) 3371-4443 ou pelo <a href=\"https:\/\/wa.me\/4333714383\">WhatsApp (43) 3371-4383<\/a>.<\/p>\n<\/div><\/details>\n\n\n\n<details class=\"wp-block-themeisle-blocks-accordion-item\"><summary class=\"wp-block-themeisle-blocks-accordion-item__title\"><div><strong>Como verificar a autenticidade do documento?<\/strong><\/div><\/summary><div class=\"wp-block-themeisle-blocks-accordion-item__content\">\n<p>O diploma digital cont\u00e9m um c\u00f3digo QR que re\u00fane as assinaturas das autoridades da Universidade. Ao escanear esse c\u00f3digo, \u00e9 poss\u00edvel validar a autenticidade do documento. Para mais informa\u00e7\u00f5es, entre em contato com a Divis\u00e3o de Diplomas da Pr\u00f3-Reitoria de Gradua\u00e7\u00e3o (PROGRAD) pelo e-mail <a href=\"mailto:diplomas@uel.br\">diplomas@uel.br<\/a>, pelo telefone (43) 3371-4443 ou pelo <a href=\"https:\/\/wa.me\/4333714383\">WhatsApp (43) 3371-4383<\/a>.<\/p>\n<\/div><\/details>\n\n\n\n<details class=\"wp-block-themeisle-blocks-accordion-item\"><summary class=\"wp-block-themeisle-blocks-accordion-item__title\"><div><strong>Quanto tempo leva para o diploma ficar pronto?\u00a0<\/strong><\/div><\/summary><div class=\"wp-block-themeisle-blocks-accordion-item__content\">\n<p>O diploma digital de gradua\u00e7\u00e3o leva em torno de uma semana para ficar pronto. Para mais informa\u00e7\u00f5es, entre em contato com a Divis\u00e3o de Diplomas da Pr\u00f3-Reitoria de Gradua\u00e7\u00e3o (PROGRAD) pelo e-mail <a href=\"mailto:diplomas@uel.br\">diplomas@uel.br<\/a>, pelo telefone (43) 3371-4443 ou pelo <a href=\"https:\/\/wa.me\/4333714383\">WhatsApp (43) 3371-4383<\/a>.<\/p>\n<\/div><\/details>\n\n\n\n<details class=\"wp-block-themeisle-blocks-accordion-item\"><summary class=\"wp-block-themeisle-blocks-accordion-item__title\"><div><strong>H\u00e1 algum custo para a emiss\u00e3o do diploma?\u00a0<\/strong><\/div><\/summary><div class=\"wp-block-themeisle-blocks-accordion-item__content\">\n<p>N\u00e3o h\u00e1 custo para a emiss\u00e3o da primeira via do diploma digital. Para mais informa\u00e7\u00f5es, entre em contato com a divis\u00e3o de diplomas da Pr\u00f3-Reitoria de Gradua\u00e7\u00e3o (PROGRAD) pelo e-mail <a href=\"mailto:diplomas@uel.br\">diplomas@uel.br<\/a>, pelo telefone (43) 3371-4443 ou pelo <a href=\"https:\/\/wa.me\/4333714383\">WhatsApp (43) 3371-4383<\/a>.<\/p>\n<\/div><\/details>\n\n\n\n<details class=\"wp-block-themeisle-blocks-accordion-item\"><summary class=\"wp-block-themeisle-blocks-accordion-item__title\"><div><strong>Como posso solicitar a segunda via do diploma?<\/strong><\/div><\/summary><div class=\"wp-block-themeisle-blocks-accordion-item__content\">\n<p>Os procedimentos para solicitar a 2\u00aa via do diploma s\u00e3o os seguintes:<\/p>\n\n\n\n<ol class=\"wp-block-list\">\n<li>Declarar o extravio do diploma em documento com firma reconhecida, em documento fornecido no <a href=\"https:\/\/sites.uel.br\/prograd\/estudante\/diplomas\/\">site da PROGRAD<\/a>, cancelando a 1\u00aa via e solicitando a 2\u00aa via;<\/li>\n\n\n\n<li>Anexar ao processo uma c\u00f3pia leg\u00edvel do documento de identifica\u00e7\u00e3o: RG ou novo documento de identidade;<\/li>\n\n\n\n<li>Em caso de altera\u00e7\u00e3o de nome, incluir a nova certid\u00e3o de nascimento ou casamento no processo.<\/li>\n<\/ol>\n\n\n\n<p>Todos os documentos dever\u00e3o ser inseridos no <a href=\"https:\/\/auth-cs.identidadedigital.pr.gov.br\/centralautenticacao\/login.html?response_type=code&amp;client_id=9188905e74c28e489b44e954ec0b9bca&amp;redirect_uri=https%3A%2F%2Fwww.eprotocolo.pr.gov.br%2Fspiweb&amp;scope=null&amp;state=1734011023015&amp;urlCert=https:\/\/certauth-cs.identidadedigital.pr.gov.br&amp;dnsCidadao=https:\/\/cidadao-cs.identidadedigital.pr.gov.br\/centralcidadao&amp;loginPadrao=btnCentral&amp;labelCentral=CPF&amp;modulosDeAutenticacao=btnGovbr,btnExpresso,btnCertificado,btnSms,btnCpf,btnEmailToken,btnSanepar,btnCentral&amp;urlLogo=https%3A%2F%2Fwww.eprotocolo.pr.gov.br%2Fspiweb%2Fimages%2Flogo_eprotocolo.png&amp;acesso=2100&amp;tokenFormat=jwt&amp;exibirLinkAutoCadastro=true&amp;exibirLinkRecuperarSenha=true&amp;exibirLinkAutoCadastroCertificado=false&amp;captcha=false\">sistema E-Protocolo<\/a>. Ap\u00f3s a inclus\u00e3o, ser\u00e1 emitido o boleto banc\u00e1rio para pagamento, no valor de R$158,00 (cento e cinquenta e oito reais). A retirada do diploma ser\u00e1 realizada por meio do Portal do Estudante de Gradua\u00e7\u00e3o.<\/p>\n\n\n\n<p>Para mais informa\u00e7\u00f5es, entre em contato com a divis\u00e3o de diplomas da Pr\u00f3-Reitoria de Gradua\u00e7\u00e3o (PROGRAD) pelo e-mail <a href=\"mailto:diplomas@uel.br\">diplomas@uel.br<\/a>, pelo telefone (43) 3371-4443 ou pelo <a href=\"https:\/\/wa.me\/4333714383\">WhatsApp (43) 3371-4383<\/a>.<\/p>\n<\/div><\/details>\n\n\n\n<details class=\"wp-block-themeisle-blocks-accordion-item\"><summary class=\"wp-block-themeisle-blocks-accordion-item__title\"><div><strong>\u00c9 poss\u00edvel ingressar na Universidade como portador de diploma?<\/strong><\/div><\/summary><div class=\"wp-block-themeisle-blocks-accordion-item__content\">\n<p>Sim. As vagas remanescentes do Processo Seletivo Vestibular poder\u00e3o ser disponibilizadas para portadores de diploma de curso superior. Ser\u00e3o consideradas remanescentes as vagas em cursos e turnos que n\u00e3o tenham candidatos classificados no processo seletivo correspondente. As regras e condi\u00e7\u00f5es para a sele\u00e7\u00e3o desses candidatos s\u00e3o divulgadas em edital espec\u00edfico no <a href=\"https:\/\/www.cops.uel.br\/\">site da Coordenadoria de Processos Seletivos (COPS)<\/a>. Para mais informa\u00e7\u00f5es, entre em contato com a COPS pelo e-mail <a href=\"mailto:cops@uel.br\">cops@uel.br<\/a>.<\/p>\n<\/div><\/details>\n\n\n\n<details class=\"wp-block-themeisle-blocks-accordion-item\"><summary class=\"wp-block-themeisle-blocks-accordion-item__title\"><div><strong>Quais cursos de p\u00f3s-gradua\u00e7\u00e3o a UEL oferece?<\/strong><\/div><\/summary><div class=\"wp-block-themeisle-blocks-accordion-item__content\">\n<p>A Universidade oferece cursos de Mestrado, Mestrado Profissional, Doutorado, Especializa\u00e7\u00e3o e Resid\u00eancias. Para conhecer os cursos dispon\u00edveis, acesse o <a href=\"https:\/\/sites.uel.br\/proppg\/inscricoes\/\">site da Pr\u00f3-Reitoria de Pesquisa e P\u00f3s-Gradua\u00e7\u00e3o (PROPPG)<\/a>. Para mais informa\u00e7\u00f5es, entre em contato com a Diretoria de P\u00f3s-Gradua\u00e7\u00e3o pelo e-mail <a href=\"mailto:proppgdpg@uel.br\">proppgdpg@uel.br<\/a> ou pelo telefone (43) 3371-4531.<\/p>\n<\/div><\/details>\n\n\n\n<details class=\"wp-block-themeisle-blocks-accordion-item\"><summary class=\"wp-block-themeisle-blocks-accordion-item__title\"><div><strong>Como ingressar nos programas de p\u00f3s-gradua\u00e7\u00e3o que a universidade oferece?<\/strong><\/div><\/summary><div class=\"wp-block-themeisle-blocks-accordion-item__content\">\n<p>Para se inscrever nos cursos de p\u00f3s-gradua\u00e7\u00e3o dispon\u00edveis, verifique os editais publicados no<a href=\"https:\/\/sites.uel.br\/proppg\/inscricoes\/\"> site da Pr\u00f3-Reitoria de Pesquisa e P\u00f3s-Gradua\u00e7\u00e3o (PROPPG)<\/a>. Para mais informa\u00e7\u00f5es, entre em contato com a Diretoria de P\u00f3s-Gradua\u00e7\u00e3o pelo e-mail <a href=\"mailto:proppgdpg@uel.br\">proppgdpg@uel.br<\/a> ou pelo telefone (43) 3371-4531.<\/p>\n<\/div><\/details>\n\n\n\n<details class=\"wp-block-themeisle-blocks-accordion-item\"><summary class=\"wp-block-themeisle-blocks-accordion-item__title\"><div><strong>Como posso me manter informado sobre as novidades da universidade?<\/strong><\/div><\/summary><div class=\"wp-block-themeisle-blocks-accordion-item__content\">\n<p>Para se manter atualizado das novidades da Universidade Estadual de Londrina, acompanhe o nosso <a href=\"https:\/\/operobal.uel.br\/\">portal de not\u00edcias \u201cO Perobal\u201d<\/a>, nossas <a href=\"https:\/\/linktr.ee\/ueloficial\">Redes Sociais<\/a> ou participe do no nosso canal de transmiss\u00e3o para egressos no <a href=\"https:\/\/linktr.ee\/ueloficial\">WhatsApp.<\/a>&nbsp;<\/p>\n<\/div><\/details>\n<\/div>\n","protected":false},"excerpt":{"rendered":"","protected":false},"author":8,"featured_media":0,"parent":0,"menu_order":0,"comment_status":"closed","ping_status":"closed","template":"","meta":{"_acf_changed":false,"_themeisle_gutenberg_block_has_review":false,"footnotes":""},"class_list":["post-156","page","type-page","status-publish","hentry"],"acf":[],"_links":{"self":[{"href":"https:\/\/sites.uel.br\/portal-do-egresso\/wp-json\/wp\/v2\/pages\/156","targetHints":{"allow":["GET"]}}],"collection":[{"href":"https:\/\/sites.uel.br\/portal-do-egresso\/wp-json\/wp\/v2\/pages"}],"about":[{"href":"https:\/\/sites.uel.br\/portal-do-egresso\/wp-json\/wp\/v2\/types\/page"}],"author":[{"embeddable":true,"href":"https:\/\/sites.uel.br\/portal-do-egresso\/wp-json\/wp\/v2\/users\/8"}],"replies":[{"embeddable":true,"href":"https:\/\/sites.uel.br\/portal-do-egresso\/wp-json\/wp\/v2\/comments?post=156"}],"version-history":[{"count":6,"href":"https:\/\/sites.uel.br\/portal-do-egresso\/wp-json\/wp\/v2\/pages\/156\/revisions"}],"predecessor-version":[{"id":277,"href":"https:\/\/sites.uel.br\/portal-do-egresso\/wp-json\/wp\/v2\/pages\/156\/revisions\/277"}],"wp:attachment":[{"href":"https:\/\/sites.uel.br\/portal-do-egresso\/wp-json\/wp\/v2\/media?parent=156"}],"curies":[{"name":"wp","href":"https:\/\/api.w.org\/{rel}","templated":true}]}}