{"id":75,"date":"2023-12-05T15:22:35","date_gmt":"2023-12-05T18:22:35","guid":{"rendered":"https:\/\/sites.uel.br\/planetario\/?page_id=75"},"modified":"2024-02-05T10:13:36","modified_gmt":"2024-02-05T13:13:36","slug":"localizacao","status":"publish","type":"page","link":"https:\/\/sites.uel.br\/planetario\/localizacao\/","title":{"rendered":"Localiza\u00e7\u00e3o"},"content":{"rendered":"\n<figure class=\"wp-block-image size-full is-resized\"><img loading=\"lazy\" decoding=\"async\" width=\"886\" height=\"664\" src=\"https:\/\/sites.uel.br\/planetario\/wp-content\/uploads\/2024\/02\/image-12.png\" alt=\"\" class=\"wp-image-108\" style=\"width:1063px;height:auto\" srcset=\"https:\/\/sites.uel.br\/planetario\/wp-content\/uploads\/2024\/02\/image-12.png 886w, https:\/\/sites.uel.br\/planetario\/wp-content\/uploads\/2024\/02\/image-12-300x225.png 300w, https:\/\/sites.uel.br\/planetario\/wp-content\/uploads\/2024\/02\/image-12-768x576.png 768w\" sizes=\"auto, (max-width: 886px) 100vw, 886px\" \/><\/figure>\n\n\n\n<figure class=\"wp-block-image size-full is-resized\"><img loading=\"lazy\" decoding=\"async\" width=\"886\" height=\"664\" src=\"https:\/\/sites.uel.br\/planetario\/wp-content\/uploads\/2024\/02\/image-13.png\" alt=\"\" class=\"wp-image-109\" style=\"width:1063px;height:auto\" srcset=\"https:\/\/sites.uel.br\/planetario\/wp-content\/uploads\/2024\/02\/image-13.png 886w, https:\/\/sites.uel.br\/planetario\/wp-content\/uploads\/2024\/02\/image-13-300x225.png 300w, https:\/\/sites.uel.br\/planetario\/wp-content\/uploads\/2024\/02\/image-13-768x576.png 768w\" sizes=\"auto, (max-width: 886px) 100vw, 886px\" \/><\/figure>\n\n\n\n<p><strong>Nosso Endere\u00e7o:<\/strong> Rua Benjamin Constant, n\u00famero 800 &#8211; Centro. O Planet\u00e1rio de Londrina est\u00e1 localizado ao lado do Centro Municipal de Educa\u00e7\u00e3o Infantil Val\u00e9ria Veronesi (Super Creche) e do Museu Hist\u00f3rico Padre Carlos Weis. Para chegar ao Planet\u00e1rio a partir do centro da cidade, des\u00e7a a rua Rio de Janeiro em sentido ao Museu at\u00e9 o final da rua (cruzamento com a Benjamin Constant), voce ver\u00e1 uma &#8220;viela&#8221; entre o Museu e a Super Creche. O acesso ao Planet\u00e1rio se d\u00e1 por essa viela.<\/p>\n","protected":false},"excerpt":{"rendered":"<p>Nosso Endere\u00e7o: Rua Benjamin Constant, n\u00famero 800 &#8211; Centro. O Planet\u00e1rio de Londrina est\u00e1 localizado ao lado do Centro Municipal de Educa\u00e7\u00e3o Infantil Val\u00e9ria Veronesi (Super Creche) e do Museu Hist\u00f3rico Padre Carlos Weis. Para chegar ao Planet\u00e1rio a partir do centro da cidade, des\u00e7a a rua Rio de Janeiro em sentido ao Museu at\u00e9 [&hellip;]<\/p>\n","protected":false},"author":9,"featured_media":0,"parent":0,"menu_order":0,"comment_status":"closed","ping_status":"closed","template":"","meta":{"footnotes":""},"class_list":["post-75","page","type-page","status-publish","hentry"],"acf":[],"_links":{"self":[{"href":"https:\/\/sites.uel.br\/planetario\/wp-json\/wp\/v2\/pages\/75","targetHints":{"allow":["GET"]}}],"collection":[{"href":"https:\/\/sites.uel.br\/planetario\/wp-json\/wp\/v2\/pages"}],"about":[{"href":"https:\/\/sites.uel.br\/planetario\/wp-json\/wp\/v2\/types\/page"}],"author":[{"embeddable":true,"href":"https:\/\/sites.uel.br\/planetario\/wp-json\/wp\/v2\/users\/9"}],"replies":[{"embeddable":true,"href":"https:\/\/sites.uel.br\/planetario\/wp-json\/wp\/v2\/comments?post=75"}],"version-history":[{"count":2,"href":"https:\/\/sites.uel.br\/planetario\/wp-json\/wp\/v2\/pages\/75\/revisions"}],"predecessor-version":[{"id":110,"href":"https:\/\/sites.uel.br\/planetario\/wp-json\/wp\/v2\/pages\/75\/revisions\/110"}],"wp:attachment":[{"href":"https:\/\/sites.uel.br\/planetario\/wp-json\/wp\/v2\/media?parent=75"}],"curies":[{"name":"wp","href":"https:\/\/api.w.org\/{rel}","templated":true}]}}