{"id":2,"date":"2021-03-21T23:36:11","date_gmt":"2021-03-22T02:36:11","guid":{"rendered":"https:\/\/sites.uel.br\/planetario\/?page_id=2"},"modified":"2025-02-17T08:57:20","modified_gmt":"2025-02-17T11:57:20","slug":"pagina-exemplo","status":"publish","type":"page","link":"https:\/\/sites.uel.br\/planetario\/","title":{"rendered":""},"content":{"rendered":"\n<p class=\"has-text-align-center\"><strong><mark style=\"background-color:#ff0000;color:#ffffff\" class=\"has-inline-color\">As \u00faltimas chuvas de Londrina danificaram partes da estrutura do Planet\u00e1rio, impedindo o atendimento, portanto o agendamento est\u00e1 suspenso por tempo indeterminado.<\/mark><\/strong><\/p>\n\n\n\n<figure class=\"wp-block-image size-full is-resized\"><img loading=\"lazy\" decoding=\"async\" width=\"886\" height=\"664\" src=\"https:\/\/sites.uel.br\/planetario\/wp-content\/uploads\/2023\/11\/image-2.png\" alt=\"\" class=\"wp-image-68\" style=\"width:1060px;height:auto\" srcset=\"https:\/\/sites.uel.br\/planetario\/wp-content\/uploads\/2023\/11\/image-2.png 886w, https:\/\/sites.uel.br\/planetario\/wp-content\/uploads\/2023\/11\/image-2-300x225.png 300w, https:\/\/sites.uel.br\/planetario\/wp-content\/uploads\/2023\/11\/image-2-768x576.png 768w\" sizes=\"auto, (max-width: 886px) 100vw, 886px\" \/><\/figure>\n\n\n\n<p><\/p>\n","protected":false},"excerpt":{"rendered":"<p>As \u00faltimas chuvas de Londrina danificaram partes da estrutura do Planet\u00e1rio, impedindo o atendimento, portanto o agendamento est\u00e1 suspenso por tempo indeterminado.<\/p>\n","protected":false},"author":1,"featured_media":0,"parent":0,"menu_order":0,"comment_status":"closed","ping_status":"open","template":"","meta":{"footnotes":""},"class_list":["post-2","page","type-page","status-publish","hentry"],"acf":[],"_links":{"self":[{"href":"https:\/\/sites.uel.br\/planetario\/wp-json\/wp\/v2\/pages\/2","targetHints":{"allow":["GET"]}}],"collection":[{"href":"https:\/\/sites.uel.br\/planetario\/wp-json\/wp\/v2\/pages"}],"about":[{"href":"https:\/\/sites.uel.br\/planetario\/wp-json\/wp\/v2\/types\/page"}],"author":[{"embeddable":true,"href":"https:\/\/sites.uel.br\/planetario\/wp-json\/wp\/v2\/users\/1"}],"replies":[{"embeddable":true,"href":"https:\/\/sites.uel.br\/planetario\/wp-json\/wp\/v2\/comments?post=2"}],"version-history":[{"count":32,"href":"https:\/\/sites.uel.br\/planetario\/wp-json\/wp\/v2\/pages\/2\/revisions"}],"predecessor-version":[{"id":223,"href":"https:\/\/sites.uel.br\/planetario\/wp-json\/wp\/v2\/pages\/2\/revisions\/223"}],"wp:attachment":[{"href":"https:\/\/sites.uel.br\/planetario\/wp-json\/wp\/v2\/media?parent=2"}],"curies":[{"name":"wp","href":"https:\/\/api.w.org\/{rel}","templated":true}]}}