{"id":11,"date":"2023-07-24T16:34:13","date_gmt":"2023-07-24T19:34:13","guid":{"rendered":"https:\/\/sites.uel.br\/planetario\/posts\/"},"modified":"2025-08-18T16:03:15","modified_gmt":"2025-08-18T19:03:15","slug":"historia","status":"publish","type":"page","link":"https:\/\/sites.uel.br\/planetario\/historia\/","title":{"rendered":"O Planet\u00e1rio"},"content":{"rendered":"\n<figure class=\"wp-block-image size-full is-resized\"><img loading=\"lazy\" decoding=\"async\" width=\"886\" height=\"664\" src=\"https:\/\/sites.uel.br\/planetario\/wp-content\/uploads\/2023\/11\/image.png\" alt=\"\" class=\"wp-image-52\" style=\"width:1061px;height:auto\" srcset=\"https:\/\/sites.uel.br\/planetario\/wp-content\/uploads\/2023\/11\/image.png 886w, https:\/\/sites.uel.br\/planetario\/wp-content\/uploads\/2023\/11\/image-300x225.png 300w, https:\/\/sites.uel.br\/planetario\/wp-content\/uploads\/2023\/11\/image-768x576.png 768w\" sizes=\"auto, (max-width: 886px) 100vw, 886px\" \/><\/figure>\n\n\n\n<p class=\"has-text-align-left\">O Projeto Planet\u00e1rio de Londrina, \u00e9 um projeto de Extens\u00e3o da Universidade Estadual de Londrina, e foi inicialmente idealizado pelos professores Cleiton Joni Benetti Lattari e Rute Helena Trevisan.<br><br>Ele faz parte do Museu de Ci\u00eancia e Tecnologia da UEL, que \u00e9 constitu\u00eddo por tr\u00eas grandes setores: o Centro de Ci\u00eancias, o Observat\u00f3rio e o Planet\u00e1rio, cuja implanta\u00e7\u00e3o foi realizada mediante conv\u00eanio firmado entre Vitae, Universidade Estadual de Londrina e Itedes, em 15 de dezembro de 2003, sob coordena\u00e7\u00e3o do Prof. Dr. S\u00e9rgio Mello de Arruda.<br><br>Seu pr\u00e9dio foi constru\u00eddo no centro da cidade de Londrina, pela Prefeitura Municipal de Londrina, em 1992, passando por uma reforma em 2005. Trata-se de uma constru\u00e7\u00e3o de alvenaria, com 232 metros quadrados e di\u00e2metro de 16 m; teto abobadado, com 6,10 m de altura. A sala de proje\u00e7\u00e3o tem 8 metros de di\u00e2metro e capacidade para 43 expectadores por sess\u00e3o.<\/p>\n\n\n\n<p class=\"has-text-align-left\">O Planet\u00e1rio de Londrina foi inaugurado no dia 01 de junho de 2007, \u00e0s 10:00 Hrs da manh\u00e3. Destacamos a presen\u00e7a do Prefeito de Londrina Sr. Nedson Micheleti, o Vice-Governador do Estado o Sr. Orlando Pessutti, o Reitor da UEL o Sr. Wilmar Mar\u00e7al, v\u00e1rios outros convidados especiais e o p\u00fablico em geral. Ap\u00f3s a cerim\u00f4nia e o descerramento da placa inaugural, os convidados puderam assistir uma pequena sess\u00e3o preparada especialmente para esta data e ainda conhecer as instala\u00e7\u00f5es do planet\u00e1rio.<br><br>O projetor de estrelas do Planet\u00e1rio de Londrina, \u00e9 um modelo BS 3200a, fabricado pela Gambato \u2013 Costruzione per Astronomia. \u00c9 um projetor \u00f3ptico-mec\u00e2nico que simula o c\u00e9u vis\u00edvel de qualquer ponto sobre a superf\u00edcie da Terra e em qualquer data, com precis\u00e3o. \u00c9 um espa\u00e7o de experi\u00eancias que re\u00fanem n\u00e3o apenas o conhecimento j\u00e1 adquirido, mas que despertam para o novo e nos colocam frente a frente com o Universo.<\/p>\n\n\n\n<figure class=\"wp-block-image size-full is-resized\"><img loading=\"lazy\" decoding=\"async\" width=\"886\" height=\"664\" src=\"https:\/\/sites.uel.br\/planetario\/wp-content\/uploads\/2023\/11\/image-1.png\" alt=\"\" class=\"wp-image-55\" style=\"width:1061px;height:auto\" srcset=\"https:\/\/sites.uel.br\/planetario\/wp-content\/uploads\/2023\/11\/image-1.png 886w, https:\/\/sites.uel.br\/planetario\/wp-content\/uploads\/2023\/11\/image-1-300x225.png 300w, https:\/\/sites.uel.br\/planetario\/wp-content\/uploads\/2023\/11\/image-1-768x576.png 768w\" sizes=\"auto, (max-width: 886px) 100vw, 886px\" \/><\/figure>\n\n\n\n<p><\/p>\n","protected":false},"excerpt":{"rendered":"<p>O Projeto Planet\u00e1rio de Londrina, \u00e9 um projeto de Extens\u00e3o da Universidade Estadual de Londrina, e foi inicialmente idealizado pelos professores Cleiton Joni Benetti Lattari e Rute Helena Trevisan. Ele faz parte do Museu de Ci\u00eancia e Tecnologia da UEL, que \u00e9 constitu\u00eddo por tr\u00eas grandes setores: o Centro de Ci\u00eancias, o Observat\u00f3rio e o [&hellip;]<\/p>\n","protected":false},"author":1,"featured_media":0,"parent":0,"menu_order":0,"comment_status":"close","ping_status":"close","template":"","meta":{"footnotes":""},"class_list":["post-11","page","type-page","status-publish","hentry"],"acf":[],"_links":{"self":[{"href":"https:\/\/sites.uel.br\/planetario\/wp-json\/wp\/v2\/pages\/11","targetHints":{"allow":["GET"]}}],"collection":[{"href":"https:\/\/sites.uel.br\/planetario\/wp-json\/wp\/v2\/pages"}],"about":[{"href":"https:\/\/sites.uel.br\/planetario\/wp-json\/wp\/v2\/types\/page"}],"author":[{"embeddable":true,"href":"https:\/\/sites.uel.br\/planetario\/wp-json\/wp\/v2\/users\/1"}],"replies":[{"embeddable":true,"href":"https:\/\/sites.uel.br\/planetario\/wp-json\/wp\/v2\/comments?post=11"}],"version-history":[{"count":5,"href":"https:\/\/sites.uel.br\/planetario\/wp-json\/wp\/v2\/pages\/11\/revisions"}],"predecessor-version":[{"id":225,"href":"https:\/\/sites.uel.br\/planetario\/wp-json\/wp\/v2\/pages\/11\/revisions\/225"}],"wp:attachment":[{"href":"https:\/\/sites.uel.br\/planetario\/wp-json\/wp\/v2\/media?parent=11"}],"curies":[{"name":"wp","href":"https:\/\/api.w.org\/{rel}","templated":true}]}}