{"id":33,"date":"2026-02-12T14:28:35","date_gmt":"2026-02-12T17:28:35","guid":{"rendered":"https:\/\/sites.uel.br\/pibid\/?page_id=33"},"modified":"2026-02-16T11:43:22","modified_gmt":"2026-02-16T14:43:22","slug":"coordenacao","status":"publish","type":"page","link":"https:\/\/sites.uel.br\/pibid\/coordenacao\/","title":{"rendered":"Equipe"},"content":{"rendered":"\n<hr class=\"wp-block-separator has-text-color has-verde-escuro-color has-alpha-channel-opacity has-verde-escuro-background-color has-background is-style-wide\" \/>\n\n\n\n<figure class=\"wp-block-table is-style-stripes has-small-font-size\"><table><tbody><tr><td><strong>Gest\u00e3o Institucional<\/strong><\/td><td><\/td><td><\/td><\/tr><tr><td>Coordenador Institucional<\/td><td>MARCELO ALVES DE CARVALHO<\/td><td><a href=\"mailto:pibid@uel.br\">pibid@uel.br<\/a><\/td><\/tr><tr><td>Coordenadora de \u00c1rea de Gest\u00e3o<\/td><td>PAMELA EMANUELI ALVES FERREIRA<\/td><td><a href=\"mailto:silicz@uel.br\">pam@uel.br<\/a><\/td><\/tr><tr><td>Coordenador de \u00c1rea de Gest\u00e3o<\/td><td>VLADIMIR MOREIRA<\/td><td><a href=\"mailto:peresbi@yahoo.com.br\">prof.vladimir@uel.br<\/a><\/td><\/tr><tr><td><strong>Subprojetos<\/strong><\/td><td><\/td><td><\/td><\/tr><tr><td>ALFABETIZA\u00c7\u00c3O<\/td><td>CASSIANA MAGALH\u00c3ES<\/td><td><a href=\"mailto:cassiana@uel.br\">cassiana@uel.br<\/a><\/td><\/tr><tr><td>ALFABETIZA\u00c7\u00c3O<\/td><td>GREICE FERREIRA DA SILVA<\/td><td><a href=\"mailto:greice@uel.br\">greice@uel.br<\/a><\/td><\/tr><tr><td>ALFABETIZA\u00c7\u00c3O<\/td><td>ROVILSON JOS\u00c9 DA SILVA<\/td><td><a href=\"mailto:rovilson@uel.br\">rovilson@uel.br<\/a><\/td><\/tr><tr><td>ARTES VISUAIS<\/td><td>JULIANO REIS SIQUEIRA<\/td><td><a href=\"mailto:juliano@uel.br\">juliano@uel.br<\/a><\/td><\/tr><tr><td>ARTES VISUAIS<\/td><td>RENAN DOS SANTOS SILVA<\/td><td><a href=\"mailto:renanstos@uol.com.br\">renanstos@uol.com.br<\/a><\/td><\/tr><tr><td>BIOLOGIA<\/td><td>TANIA APARECIDA DA SILVA<\/td><td><a href=\"mailto:taniaklein@uel.br\">taniaklein@uel.br<\/a><\/td><\/tr><tr><td>BIOLOGIA<\/td><td>VIRGINIA IARA DE ANDRADE MAISTRO<\/td><td><a href=\"mailto:virginiamaistro@yahoo.com.br\">virginiamaistro@uel.br<\/a><\/td><\/tr><tr><td>CI\u00caNCIAS SOCIAIS<\/td><td>ADRIANA DE F\u00c1TIMA FERREIRA<\/td><td><a href=\"mailto:adriana@uel.br\">adriana@uel.br<\/a><\/td><\/tr><tr><td>CI\u00caNCIAS SOCIAIS<\/td><td>RENATA SCHLUMBERGER SCHEVISBISKI<\/td><td><a href=\"mailto:renatass@uel.br\">renatass@uel.br<\/a><\/td><\/tr><tr><td>EDUCA\u00c7\u00c3O F\u00cdSICA<\/td><td>GISELE FRANCO DE LIMA SANTOS<\/td><td><a href=\"mailto:giselesantos@uel.br\">giselesantos@uel.br<\/a><\/td><\/tr><tr><td>EDUCA\u00c7\u00c3O F\u00cdSICA<\/td><td>\u00c2NGELA PEREIRA TEIXEIRA VICTORIA PALMA<\/td><td><a href=\"mailto:angpalma@uel.br\">angpalma@uel.br<\/a><\/td><\/tr><tr><td>FILOSOFIA<\/td><td>EDER SOARES SANTOS<\/td><td><a href=\"mailto:edersan@uel.br\">edersan@uel.br<\/a><\/td><\/tr><tr><td>F\u00cdSICA<\/td><td>GUSTAVO IACHEL<\/td><td><a href=\"mailto:iachel@uel.br\">iachel@uel.br<\/a><\/td><\/tr><tr><td>GEOGRAFIA<\/td><td>ELOIZA CRISTIANE TORRES<\/td><td><a href=\"mailto:elotorres@uel.br\">elotorres@uel.br<\/a><\/td><\/tr><tr><td>GEOGRAFIA<\/td><td>PATR\u00cdCIA FERNANDES PAULA SHINOBU<\/td><td><a href=\"mailto:pfpaula@uel.br\">pfpaula@uel.br<\/a><\/td><\/tr><tr><td>HIST\u00d3RIA<\/td><td>ANDR\u00c9 LOPES FERREIRA<\/td><td><a href=\"mailto:alfamerica@uel.br\">alfamerica@uel.br<\/a><\/td><\/tr><tr><td>HIST\u00d3RIA<\/td><td>ROG\u00c9RIO IVANO<\/td><td><a href=\"mailto:hiwano@uel.br\">hiwano@uel.br<\/a><\/td><\/tr><tr><td>HIST\u00d3RIA<\/td><td>ANA HELOISA MOLINA<\/td><td><a href=\"mailto:ahmolina@uel.br\">ahmolina@uel.br<\/a><\/td><\/tr><tr><td>INTERDISCIPLINAR (F\u00cdSICA-QU\u00cdMICA)<\/td><td>IRIN\u00c9A DE LOURDES BATISTA<\/td><td><a href=\"mailto:irinea@uel.br\">irinea@uel.br<\/a><\/td><\/tr><tr><td>LETRAS-ESPANHOL<\/td><td>JEFFERSON JANU\u00c1RIO DOS SANTOS<\/td><td>j<a href=\"mailto:effersonsantos@uel.br\">effersonsantos@uel.br<\/a><\/td><\/tr><tr><td>LETRAS-INGL\u00caS<\/td><td>MARLUCE FAGOTTI DE PAIVA<\/td><td><a href=\"mailto:marluce@uel.br\">marluce@uel.br<\/a><\/td><\/tr><tr><td>LETRAS-PORTUGU\u00caS<\/td><td>N\u00daBIO DELANNE FERRAZ MAFRA<\/td><td><a href=\"mailto:nubio@uel.br\">nubio@uel.br<\/a><\/td><\/tr><tr><td>LETRAS-PORTUGU\u00caS<\/td><td>SHEILA OLIVEIRA LIMA<\/td><td><a href=\"mailto:sheilaol@uol.com.br\">sheilalima@uel.br<\/a><\/td><\/tr><tr><td>MATEM\u00c1TICA<\/td><td>MAGNA NATALIA MARIN PIRES<\/td><td><a href=\"mailto:magna@uel.br\">magna@uel.br<\/a><\/td><\/tr><tr><td>MATEM\u00c1TICA<\/td><td>SANDRA MALTA BARBOSA<\/td><td><a href=\"mailto:sbarbosa@uel.br\">sbarbosa@uel.br<\/a><\/td><\/tr><tr><td>M\u00daSICA<\/td><td>HELENA ESTER MUNARI NICOLAU LOUREIRO<\/td><td><a href=\"mailto:hloureiro@uel.br\">hloureiro@uel.br<\/a><\/td><\/tr><tr><td>PEDAGOGIA<\/td><td>MARIANA VAITIEKUNAS PIZARRO IACHEL<\/td><td><a href=\"mailto:marianavpz@uel.br\">marianavpz@uel.br<\/a><\/td><\/tr><tr><td>PEDAGOGIA<\/td><td>MARTA SILENE FERREIRA BARROS<\/td><td><a href=\"mailto:mbarros@uel.br\">mbarros@uel.br<\/a><\/td><\/tr><tr><td>PEDAGOGIA<\/td><td>ZULEIKA APARECIDA CLARO PIASSA<\/td><td><a href=\"mailto:zuleikapiassa@uel.br\">zuleikapiassa@uel.br<\/a><\/td><\/tr><tr><td>QU\u00cdMICA<\/td><td>MARCELO MAIA CIRINO<\/td><td><a href=\"mailto:mmcirino@uel.br\">mmcirino@uel.br<\/a><\/td><\/tr><\/tbody><\/table><\/figure>\n\n\n\n<p><\/p>\n","protected":false},"excerpt":{"rendered":"<p>Gest\u00e3o Institucional Coordenador Institucional MARCELO ALVES DE CARVALHO pibid@uel.br Coordenadora de \u00c1rea de Gest\u00e3o PAMELA EMANUELI ALVES FERREIRA pam@uel.br Coordenador de \u00c1rea de Gest\u00e3o VLADIMIR MOREIRA prof.vladimir@uel.br Subprojetos ALFABETIZA\u00c7\u00c3O CASSIANA MAGALH\u00c3ES cassiana@uel.br ALFABETIZA\u00c7\u00c3O GREICE FERREIRA DA SILVA greice@uel.br ALFABETIZA\u00c7\u00c3O ROVILSON JOS\u00c9 DA SILVA rovilson@uel.br ARTES VISUAIS JULIANO REIS SIQUEIRA juliano@uel.br ARTES VISUAIS RENAN DOS SANTOS [&hellip;]<\/p>\n","protected":false},"author":6,"featured_media":0,"parent":0,"menu_order":0,"comment_status":"closed","ping_status":"closed","template":"","meta":{"_acf_changed":false,"footnotes":""},"class_list":["post-33","page","type-page","status-publish","hentry"],"acf":[],"_links":{"self":[{"href":"https:\/\/sites.uel.br\/pibid\/wp-json\/wp\/v2\/pages\/33","targetHints":{"allow":["GET"]}}],"collection":[{"href":"https:\/\/sites.uel.br\/pibid\/wp-json\/wp\/v2\/pages"}],"about":[{"href":"https:\/\/sites.uel.br\/pibid\/wp-json\/wp\/v2\/types\/page"}],"author":[{"embeddable":true,"href":"https:\/\/sites.uel.br\/pibid\/wp-json\/wp\/v2\/users\/6"}],"replies":[{"embeddable":true,"href":"https:\/\/sites.uel.br\/pibid\/wp-json\/wp\/v2\/comments?post=33"}],"version-history":[{"count":9,"href":"https:\/\/sites.uel.br\/pibid\/wp-json\/wp\/v2\/pages\/33\/revisions"}],"predecessor-version":[{"id":96,"href":"https:\/\/sites.uel.br\/pibid\/wp-json\/wp\/v2\/pages\/33\/revisions\/96"}],"wp:attachment":[{"href":"https:\/\/sites.uel.br\/pibid\/wp-json\/wp\/v2\/media?parent=33"}],"curies":[{"name":"wp","href":"https:\/\/api.w.org\/{rel}","templated":true}]}}