{"id":26,"date":"2026-02-12T14:21:40","date_gmt":"2026-02-12T17:21:40","guid":{"rendered":"https:\/\/sites.uel.br\/pibid\/?page_id=26"},"modified":"2026-02-13T10:07:40","modified_gmt":"2026-02-13T13:07:40","slug":"atividades","status":"publish","type":"page","link":"https:\/\/sites.uel.br\/pibid\/atividades\/","title":{"rendered":"Atividades"},"content":{"rendered":"\n<hr class=\"wp-block-separator has-text-color has-verde-escuro-color has-alpha-channel-opacity has-verde-escuro-background-color has-background is-style-wide\"\/>\n\n\n\n<p><strong>O PIBID\/UEL desenvolve as seguintes atividades:<\/strong><\/p>\n\n\n\n<p>(i) atividades formativas, que visam complementar a forma\u00e7\u00e3o acad\u00eamica dos bolsistas e supervisores por meio da realiza\u00e7\u00e3o de cursos, semin\u00e1rios, discuss\u00e3o de textos, prepara\u00e7\u00e3o de experimentos, etc., em conte\u00fados espec\u00edficos;<\/p>\n\n\n\n<p>(ii) atividades desenvolvidas na escola, tais como grupos de estudo, montagem de exposi\u00e7\u00f5es, produ\u00e7\u00e3o de aulas diferenciadas, realiza\u00e7\u00e3o de palestras, oficinas, aulas tem\u00e1ticas, atividades n\u00e3o formais, jornadas, mini-cursos, aulas de refor\u00e7o, atendimentos a alunos com necessidades especiais, visuais e com transtornos leves de aprendizagem, etc.<\/p>\n\n\n\n<p>(iii) produ\u00e7\u00e3o de materiais did\u00e1ticos diversos, como experimentos, jogos, posters, banners, unidades de aprendizagem, textos, livros;<\/p>\n\n\n\n<p>(iv) realiza\u00e7\u00e3o de atividades de pesquisa em ensino e forma\u00e7\u00e3o de professores. Temos 15 mestrados e doutorados em andamento;<\/p>\n\n\n\n<p>(v) realiza\u00e7\u00e3o e participa\u00e7\u00e3o em eventos locais, regionais e nacionais; publica\u00e7\u00e3o de blogs, etc.<\/p>\n","protected":false},"excerpt":{"rendered":"<p>O PIBID\/UEL desenvolve as seguintes atividades: (i) atividades formativas, que visam complementar a forma\u00e7\u00e3o acad\u00eamica dos bolsistas e supervisores por meio da realiza\u00e7\u00e3o de cursos, semin\u00e1rios, discuss\u00e3o de textos, prepara\u00e7\u00e3o de experimentos, etc., em conte\u00fados espec\u00edficos; (ii) atividades desenvolvidas na escola, tais como grupos de estudo, montagem de exposi\u00e7\u00f5es, produ\u00e7\u00e3o de aulas diferenciadas, realiza\u00e7\u00e3o de [&hellip;]<\/p>\n","protected":false},"author":6,"featured_media":0,"parent":0,"menu_order":0,"comment_status":"closed","ping_status":"closed","template":"","meta":{"_acf_changed":false,"footnotes":""},"class_list":["post-26","page","type-page","status-publish","hentry"],"acf":[],"_links":{"self":[{"href":"https:\/\/sites.uel.br\/pibid\/wp-json\/wp\/v2\/pages\/26","targetHints":{"allow":["GET"]}}],"collection":[{"href":"https:\/\/sites.uel.br\/pibid\/wp-json\/wp\/v2\/pages"}],"about":[{"href":"https:\/\/sites.uel.br\/pibid\/wp-json\/wp\/v2\/types\/page"}],"author":[{"embeddable":true,"href":"https:\/\/sites.uel.br\/pibid\/wp-json\/wp\/v2\/users\/6"}],"replies":[{"embeddable":true,"href":"https:\/\/sites.uel.br\/pibid\/wp-json\/wp\/v2\/comments?post=26"}],"version-history":[{"count":4,"href":"https:\/\/sites.uel.br\/pibid\/wp-json\/wp\/v2\/pages\/26\/revisions"}],"predecessor-version":[{"id":82,"href":"https:\/\/sites.uel.br\/pibid\/wp-json\/wp\/v2\/pages\/26\/revisions\/82"}],"wp:attachment":[{"href":"https:\/\/sites.uel.br\/pibid\/wp-json\/wp\/v2\/media?parent=26"}],"curies":[{"name":"wp","href":"https:\/\/api.w.org\/{rel}","templated":true}]}}