{"id":23,"date":"2026-02-12T14:20:10","date_gmt":"2026-02-12T17:20:10","guid":{"rendered":"https:\/\/sites.uel.br\/pibid\/?page_id=23"},"modified":"2026-02-12T15:31:54","modified_gmt":"2026-02-12T18:31:54","slug":"caracteristicas","status":"publish","type":"page","link":"https:\/\/sites.uel.br\/pibid\/caracteristicas\/","title":{"rendered":"Caracter\u00edsticas"},"content":{"rendered":"\n<hr class=\"wp-block-separator has-text-color has-verde-escuro-color has-alpha-channel-opacity has-verde-escuro-background-color has-background is-style-wide\"\/>\n\n\n\n<p>Os projetos institucionais devem contemplar a inicia\u00e7\u00e3o \u00e0 doc\u00eancia e a forma\u00e7\u00e3o pr\u00e1tica para o exerc\u00edcio do magist\u00e9rio no sistema p\u00fablico de Educa\u00e7\u00e3o B\u00e1sica.<\/p>\n\n\n\n<p>Somente poder\u00e3o candidatar-se \u00e0 bolsa do PIBID alunos regularmente matriculados nos cursos de licenciatura das institui\u00e7\u00f5es objeto de cada edital.<\/p>\n\n\n\n<p>As atividades dos projetos devem, obrigatoriamente, prever a inser\u00e7\u00e3o dos alunos bolsistas nas escolas dos sistemas p\u00fablicos de Educa\u00e7\u00e3o B\u00e1sica.<\/p>\n\n\n\n<p><br><strong>Co-forma\u00e7\u00e3o \u2013 o diferencial do projeto<\/strong><\/p>\n\n\n\n<p>O PIBID procura incentivar que os projetos tenham atividades desenvolvidas diretamente nas escolas conveniadas, envolvendo os seus&nbsp;<strong><u>professores como co-formadores&nbsp;<\/u><\/strong>dos futuros docentes e tornando-os protagonistas nos processos de forma\u00e7\u00e3o inicial para o magist\u00e9rio<\/p>\n","protected":false},"excerpt":{"rendered":"<p>Os projetos institucionais devem contemplar a inicia\u00e7\u00e3o \u00e0 doc\u00eancia e a forma\u00e7\u00e3o pr\u00e1tica para o exerc\u00edcio do magist\u00e9rio no sistema p\u00fablico de Educa\u00e7\u00e3o B\u00e1sica. Somente poder\u00e3o candidatar-se \u00e0 bolsa do PIBID alunos regularmente matriculados nos cursos de licenciatura das institui\u00e7\u00f5es objeto de cada edital. As atividades dos projetos devem, obrigatoriamente, prever a inser\u00e7\u00e3o dos alunos [&hellip;]<\/p>\n","protected":false},"author":6,"featured_media":0,"parent":0,"menu_order":0,"comment_status":"closed","ping_status":"closed","template":"","meta":{"_acf_changed":false,"footnotes":""},"class_list":["post-23","page","type-page","status-publish","hentry"],"acf":[],"_links":{"self":[{"href":"https:\/\/sites.uel.br\/pibid\/wp-json\/wp\/v2\/pages\/23","targetHints":{"allow":["GET"]}}],"collection":[{"href":"https:\/\/sites.uel.br\/pibid\/wp-json\/wp\/v2\/pages"}],"about":[{"href":"https:\/\/sites.uel.br\/pibid\/wp-json\/wp\/v2\/types\/page"}],"author":[{"embeddable":true,"href":"https:\/\/sites.uel.br\/pibid\/wp-json\/wp\/v2\/users\/6"}],"replies":[{"embeddable":true,"href":"https:\/\/sites.uel.br\/pibid\/wp-json\/wp\/v2\/comments?post=23"}],"version-history":[{"count":3,"href":"https:\/\/sites.uel.br\/pibid\/wp-json\/wp\/v2\/pages\/23\/revisions"}],"predecessor-version":[{"id":70,"href":"https:\/\/sites.uel.br\/pibid\/wp-json\/wp\/v2\/pages\/23\/revisions\/70"}],"wp:attachment":[{"href":"https:\/\/sites.uel.br\/pibid\/wp-json\/wp\/v2\/media?parent=23"}],"curies":[{"name":"wp","href":"https:\/\/api.w.org\/{rel}","templated":true}]}}