{"id":19,"date":"2026-02-12T14:17:55","date_gmt":"2026-02-12T17:17:55","guid":{"rendered":"https:\/\/sites.uel.br\/pibid\/?page_id=19"},"modified":"2026-03-18T15:08:10","modified_gmt":"2026-03-18T18:08:10","slug":"objetivos","status":"publish","type":"page","link":"https:\/\/sites.uel.br\/pibid\/objetivos\/","title":{"rendered":"Pibid UEL (edi\u00e7\u00e3o 2024)"},"content":{"rendered":"\n<hr class=\"wp-block-separator has-text-color has-verde-escuro-color has-alpha-channel-opacity has-verde-escuro-background-color has-background is-style-wide\" \/>\n\n\n\n<h2 class=\"wp-block-heading\">Configura\u00e7\u00e3o<\/h2>\n\n\n\n<p>Seguindo as regras da CAPES, cada subprojeto \u00e9 composto por pelo menos 1 NID (N\u00facleo de Inicia\u00e7\u00e3o \u00e0 Doc\u00eancia) com a seguinte organiza\u00e7\u00e3o: 1 coordenador(a) de \u00e1rea, 3 supervisores(as) e 24 estudantes bolsistas de licenciatura. Quantitativos de NIDs por subprojetos do Pibid UEL (edi\u00e7\u00e3o 2024):<\/p>\n\n\n\n<figure class=\"wp-block-table is-style-stripes\"><table class=\"has-fixed-layout\"><tbody><tr><td class=\"has-text-align-center\" data-align=\"center\"><strong>Subprojetos<\/strong><\/td><td class=\"has-text-align-center\" data-align=\"center\"><strong>Quantitativo de NIDs<\/strong><\/td><\/tr><tr><td class=\"has-text-align-center\" data-align=\"center\">Alfabetiza\u00e7\u00e3o<\/td><td class=\"has-text-align-center\" data-align=\"center\">3<\/td><\/tr><tr><td class=\"has-text-align-center\" data-align=\"center\">Artes Visuais<\/td><td class=\"has-text-align-center\" data-align=\"center\">2<\/td><\/tr><tr><td class=\"has-text-align-center\" data-align=\"center\">Biologia<\/td><td class=\"has-text-align-center\" data-align=\"center\">2<\/td><\/tr><tr><td class=\"has-text-align-center\" data-align=\"center\">Ci\u00eancias Sociais<\/td><td class=\"has-text-align-center\" data-align=\"center\">2<\/td><\/tr><tr><td class=\"has-text-align-center\" data-align=\"center\">Educa\u00e7\u00e3o F\u00edsica<\/td><td class=\"has-text-align-center\" data-align=\"center\">2<\/td><\/tr><tr><td class=\"has-text-align-center\" data-align=\"center\">Filosofia<\/td><td class=\"has-text-align-center\" data-align=\"center\">1<\/td><\/tr><tr><td class=\"has-text-align-center\" data-align=\"center\">F\u00edsica<\/td><td class=\"has-text-align-center\" data-align=\"center\">1<\/td><\/tr><tr><td class=\"has-text-align-center\" data-align=\"center\">Geografia<\/td><td class=\"has-text-align-center\" data-align=\"center\">2<\/td><\/tr><tr><td class=\"has-text-align-center\" data-align=\"center\">Hist\u00f3ria<\/td><td class=\"has-text-align-center\" data-align=\"center\">3<\/td><\/tr><tr><td class=\"has-text-align-center\" data-align=\"center\">Interdisciplinar (F\u00edsica-Qu\u00edmica)<\/td><td class=\"has-text-align-center\" data-align=\"center\">1<\/td><\/tr><tr><td class=\"has-text-align-center\" data-align=\"center\">Letras Espanhol<\/td><td class=\"has-text-align-center\" data-align=\"center\">1<\/td><\/tr><tr><td class=\"has-text-align-center\" data-align=\"center\">Letras Ingl\u00eas<\/td><td class=\"has-text-align-center\" data-align=\"center\">1<\/td><\/tr><tr><td class=\"has-text-align-center\" data-align=\"center\">Letras Portugu\u00eas<\/td><td class=\"has-text-align-center\" data-align=\"center\">2<\/td><\/tr><tr><td class=\"has-text-align-center\" data-align=\"center\">Matem\u00e1tica<\/td><td class=\"has-text-align-center\" data-align=\"center\">2<\/td><\/tr><tr><td class=\"has-text-align-center\" data-align=\"center\">M\u00fasica<\/td><td class=\"has-text-align-center\" data-align=\"center\">1<\/td><\/tr><tr><td class=\"has-text-align-center\" data-align=\"center\">Pedagogia<\/td><td class=\"has-text-align-center\" data-align=\"center\">3<\/td><\/tr><tr><td class=\"has-text-align-center\" data-align=\"center\">Qu\u00edmica<\/td><td class=\"has-text-align-center\" data-align=\"center\">1<\/td><\/tr><tr><td class=\"has-text-align-center\" data-align=\"center\"><strong><mark style=\"background-color:#f0f0ef\" class=\"has-inline-color has-verde-escuro-color\">Total Geral de NIDs:<\/mark><\/strong><\/td><td class=\"has-text-align-center\" data-align=\"center\">30<\/td><\/tr><\/tbody><\/table><\/figure>\n\n\n\n<div class=\"wp-block-group\"><div class=\"wp-block-group__inner-container is-layout-constrained wp-block-group-is-layout-constrained\">\n\n\n\n\n<p><\/p>\n\n\n\n<p><\/p>\n\n\n\n<h2 class=\"wp-block-heading\"><strong>Dimens\u00e3o (em n\u00famero de bolsas):<\/strong><\/h2>\n\n\n\n<figure class=\"wp-block-table is-style-stripes\"><table class=\"has-fixed-layout\"><tbody><tr><td class=\"has-text-align-center\" data-align=\"center\"><strong><mark style=\"background-color:#f0f0ef\" class=\"has-inline-color has-cinza-escuro-color\">Categoria:<\/mark><\/strong><\/td><td class=\"has-text-align-center\" data-align=\"center\"><strong>N\u00famero de Bolsas:<\/strong><\/td><\/tr><tr><td class=\"has-text-align-center\" data-align=\"center\">Estudante (licenciatura):<\/td><td class=\"has-text-align-center\" data-align=\"center\">720<\/td><\/tr><tr><td class=\"has-text-align-center\" data-align=\"center\">Supervis\u00e3o (professor(a) da escola): <\/td><td class=\"has-text-align-center\" data-align=\"center\">90<\/td><\/tr><tr><td class=\"has-text-align-center\" data-align=\"center\">Coordena\u00e7\u00e3o de \u00c1rea:<\/td><td class=\"has-text-align-center\" data-align=\"center\">30<\/td><\/tr><tr><td class=\"has-text-align-center\" data-align=\"center\">Coordena\u00e7\u00e3o de Gest\u00e3o:<\/td><td class=\"has-text-align-center\" data-align=\"center\">2<\/td><\/tr><tr><td class=\"has-text-align-center\" data-align=\"center\">Coordena\u00e7\u00e3o Institucional:<\/td><td class=\"has-text-align-center\" data-align=\"center\">1<\/td><\/tr><tr><td class=\"has-text-align-center\" data-align=\"center\"><strong>Total Geral de Bolsas:<\/strong><\/td><td class=\"has-text-align-center\" data-align=\"center\"><strong>843<\/strong><\/td><\/tr><\/tbody><\/table><\/figure>\n<\/div><\/div>\n\n\n\n\n\n<h2 class=\"wp-block-heading\">Recursos Financeiros:<\/h2>\n\n\n\n<figure class=\"wp-block-table is-style-stripes\"><table class=\"has-fixed-layout\"><tbody><tr><td class=\"has-text-align-center\" data-align=\"center\">Bolsa Estudante:<\/td><td class=\"has-text-align-center\" data-align=\"center\">720<\/td><td class=\"has-text-align-center\" data-align=\"center\">R$ 700,00<\/td><td class=\"has-text-align-center\" data-align=\"center\">R$ 504.000,00<\/td><\/tr><tr><td class=\"has-text-align-center\" data-align=\"center\">Bolsa Supervisor:<\/td><td class=\"has-text-align-center\" data-align=\"center\">90<\/td><td class=\"has-text-align-center\" data-align=\"center\">R$ 1.100,00<\/td><td class=\"has-text-align-center\" data-align=\"center\">R$ 99.000,00<\/td><\/tr><tr><td class=\"has-text-align-center\" data-align=\"center\">Bolsa C.A:<\/td><td class=\"has-text-align-center\" data-align=\"center\">30<\/td><td class=\"has-text-align-center\" data-align=\"center\">R$ 2.000,00<\/td><td class=\"has-text-align-center\" data-align=\"center\">R$ 60.000,00<\/td><\/tr><tr><td class=\"has-text-align-center\" data-align=\"center\">Bolsa C.G.:<\/td><td class=\"has-text-align-center\" data-align=\"center\">2<\/td><td class=\"has-text-align-center\" data-align=\"center\">R$ 2.100,00<\/td><td class=\"has-text-align-center\" data-align=\"center\">R$ 4.000,00<\/td><\/tr><tr><td class=\"has-text-align-center\" data-align=\"center\">Bolsa C.I.:<\/td><td class=\"has-text-align-center\" data-align=\"center\">1<\/td><td class=\"has-text-align-center\" data-align=\"center\">R$ 2.100,00<\/td><td class=\"has-text-align-center\" data-align=\"center\">R$ 2.100,00<\/td><\/tr><tr><td class=\"has-text-align-center\" data-align=\"center\"><\/td><td class=\"has-text-align-center\" data-align=\"center\"><\/td><td class=\"has-text-align-center\" data-align=\"center\"><strong>RECURSOS MENSAL:<\/strong><\/td><td class=\"has-text-align-center\" data-align=\"center\"><strong>R$ 669.100,00<\/strong><\/td><\/tr><\/tbody><\/table><\/figure>\n\n\n\n<div class=\"wp-block-columns is-layout-flex wp-container-core-columns-is-layout-9d6595d7 wp-block-columns-is-layout-flex\">\n<div class=\"wp-block-column is-layout-flow wp-block-column-is-layout-flow\" style=\"flex-basis:100%\">\n<p><\/p>\n<\/div>\n<\/div>\n\n\n\n<figure class=\"wp-block-table is-style-stripes\"><table class=\"has-fixed-layout\"><tbody><tr><td class=\"has-text-align-center\" data-align=\"center\"><strong>RECURSO GERAL<\/strong> (24 MESES) (nov. 2024 a outubro 2026)<\/td><\/tr><tr><td class=\"has-text-align-center\" data-align=\"center\"><strong>R$ 16.058.400,00<\/strong><\/td><\/tr><\/tbody><\/table><\/figure>\n\n\n\n<p><\/p>\n","protected":false},"excerpt":{"rendered":"<p>Configura\u00e7\u00e3o Seguindo as regras da CAPES, cada subprojeto \u00e9 composto por pelo menos 1 NID (N\u00facleo de Inicia\u00e7\u00e3o \u00e0 Doc\u00eancia) com a seguinte organiza\u00e7\u00e3o: 1 coordenador(a) de \u00e1rea, 3 supervisores(as) e 24 estudantes bolsistas de licenciatura. Quantitativos de NIDs por subprojetos do Pibid UEL (edi\u00e7\u00e3o 2024): Subprojetos Quantitativo de NIDs Alfabetiza\u00e7\u00e3o 3 Artes Visuais 2 [&hellip;]<\/p>\n","protected":false},"author":6,"featured_media":0,"parent":0,"menu_order":0,"comment_status":"closed","ping_status":"closed","template":"","meta":{"_acf_changed":false,"footnotes":""},"class_list":["post-19","page","type-page","status-publish","hentry"],"acf":[],"_links":{"self":[{"href":"https:\/\/sites.uel.br\/pibid\/wp-json\/wp\/v2\/pages\/19","targetHints":{"allow":["GET"]}}],"collection":[{"href":"https:\/\/sites.uel.br\/pibid\/wp-json\/wp\/v2\/pages"}],"about":[{"href":"https:\/\/sites.uel.br\/pibid\/wp-json\/wp\/v2\/types\/page"}],"author":[{"embeddable":true,"href":"https:\/\/sites.uel.br\/pibid\/wp-json\/wp\/v2\/users\/6"}],"replies":[{"embeddable":true,"href":"https:\/\/sites.uel.br\/pibid\/wp-json\/wp\/v2\/comments?post=19"}],"version-history":[{"count":29,"href":"https:\/\/sites.uel.br\/pibid\/wp-json\/wp\/v2\/pages\/19\/revisions"}],"predecessor-version":[{"id":193,"href":"https:\/\/sites.uel.br\/pibid\/wp-json\/wp\/v2\/pages\/19\/revisions\/193"}],"wp:attachment":[{"href":"https:\/\/sites.uel.br\/pibid\/wp-json\/wp\/v2\/media?parent=19"}],"curies":[{"name":"wp","href":"https:\/\/api.w.org\/{rel}","templated":true}]}}