{"id":65,"date":"2023-11-25T14:50:56","date_gmt":"2023-11-25T17:50:56","guid":{"rendered":"https:\/\/sites.uel.br\/petef\/?page_id=65"},"modified":"2024-10-01T00:03:23","modified_gmt":"2024-10-01T03:03:23","slug":"eventos","status":"publish","type":"page","link":"https:\/\/sites.uel.br\/petef\/eventos\/","title":{"rendered":"Eventos"},"content":{"rendered":"\n<p><\/p>\n\n\n\n<div class=\"wp-block-columns is-layout-flex wp-container-core-columns-is-layout-9d6595d7 wp-block-columns-is-layout-flex\">\n<div class=\"wp-block-column is-layout-flow wp-block-column-is-layout-flow\" style=\"flex-basis:100%\">\n<div class=\"wp-block-group\"><div class=\"wp-block-group__inner-container is-layout-constrained wp-block-group-is-layout-constrained\">\n<div class=\"wp-block-columns is-layout-flex wp-container-core-columns-is-layout-9d6595d7 wp-block-columns-is-layout-flex\">\n<div class=\"wp-block-column is-layout-flow wp-block-column-is-layout-flow\">\n<figure class=\"wp-block-image size-full\"><a href=\"https:\/\/sites.uel.br\/petef\/pet-na-praca\/\"><img loading=\"lazy\" decoding=\"async\" width=\"1004\" height=\"591\" src=\"https:\/\/sites.uel.br\/petef\/wp-content\/uploads\/2023\/11\/CHAMADA-EVENTO.png\" alt=\"\" class=\"wp-image-202\" srcset=\"https:\/\/sites.uel.br\/petef\/wp-content\/uploads\/2023\/11\/CHAMADA-EVENTO.png 1004w, https:\/\/sites.uel.br\/petef\/wp-content\/uploads\/2023\/11\/CHAMADA-EVENTO-300x177.png 300w, https:\/\/sites.uel.br\/petef\/wp-content\/uploads\/2023\/11\/CHAMADA-EVENTO-768x452.png 768w\" sizes=\"auto, (max-width: 1004px) 100vw, 1004px\" \/><\/a><\/figure>\n<\/div>\n\n\n\n<div class=\"wp-block-column is-layout-flow wp-block-column-is-layout-flow\">\n<figure class=\"wp-block-image size-full\"><a href=\"https:\/\/sites.uel.br\/petef\/dia-mundial-sem-carro\/\"><img loading=\"lazy\" decoding=\"async\" width=\"1004\" height=\"591\" src=\"https:\/\/sites.uel.br\/petef\/wp-content\/uploads\/2023\/11\/CHAMADA-EVENTO-1.png\" alt=\"\" class=\"wp-image-204\" srcset=\"https:\/\/sites.uel.br\/petef\/wp-content\/uploads\/2023\/11\/CHAMADA-EVENTO-1.png 1004w, https:\/\/sites.uel.br\/petef\/wp-content\/uploads\/2023\/11\/CHAMADA-EVENTO-1-300x177.png 300w, https:\/\/sites.uel.br\/petef\/wp-content\/uploads\/2023\/11\/CHAMADA-EVENTO-1-768x452.png 768w\" sizes=\"auto, (max-width: 1004px) 100vw, 1004px\" \/><\/a><\/figure>\n<\/div>\n\n\n\n<div class=\"wp-block-column is-layout-flow wp-block-column-is-layout-flow\">\n<figure class=\"wp-block-image size-full is-resized\"><a href=\"https:\/\/sites.uel.br\/petef\/parana-faz-ciencia\/\"><img loading=\"lazy\" decoding=\"async\" width=\"1004\" height=\"591\" src=\"https:\/\/sites.uel.br\/petef\/wp-content\/uploads\/2023\/11\/CHAMADA-EVENTO-2.png\" alt=\"\" class=\"wp-image-205\" style=\"width:328px;height:auto\" srcset=\"https:\/\/sites.uel.br\/petef\/wp-content\/uploads\/2023\/11\/CHAMADA-EVENTO-2.png 1004w, https:\/\/sites.uel.br\/petef\/wp-content\/uploads\/2023\/11\/CHAMADA-EVENTO-2-300x177.png 300w, https:\/\/sites.uel.br\/petef\/wp-content\/uploads\/2023\/11\/CHAMADA-EVENTO-2-768x452.png 768w\" sizes=\"auto, (max-width: 1004px) 100vw, 1004px\" \/><\/a><\/figure>\n<\/div>\n<\/div>\n<\/div><\/div>\n\n\n\n<div class=\"wp-block-columns is-layout-flex wp-container-core-columns-is-layout-9d6595d7 wp-block-columns-is-layout-flex\">\n<div class=\"wp-block-column is-layout-flow wp-block-column-is-layout-flow\">\n<figure class=\"wp-block-image size-full\"><a href=\"https:\/\/sites.uel.br\/petef\/por-extenso\/\"><img loading=\"lazy\" decoding=\"async\" width=\"1004\" height=\"591\" src=\"https:\/\/sites.uel.br\/petef\/wp-content\/uploads\/2023\/11\/CHAMADA-EVENTO-4.png\" alt=\"\" class=\"wp-image-228\" srcset=\"https:\/\/sites.uel.br\/petef\/wp-content\/uploads\/2023\/11\/CHAMADA-EVENTO-4.png 1004w, https:\/\/sites.uel.br\/petef\/wp-content\/uploads\/2023\/11\/CHAMADA-EVENTO-4-300x177.png 300w, https:\/\/sites.uel.br\/petef\/wp-content\/uploads\/2023\/11\/CHAMADA-EVENTO-4-768x452.png 768w\" sizes=\"auto, (max-width: 1004px) 100vw, 1004px\" \/><\/a><\/figure>\n<\/div>\n\n\n\n<div class=\"wp-block-column is-layout-flow wp-block-column-is-layout-flow\">\n<figure class=\"wp-block-image size-full\"><a href=\"https:\/\/sites.uel.br\/petef\/pro-ensino\/\"><img loading=\"lazy\" decoding=\"async\" width=\"1004\" height=\"591\" src=\"https:\/\/sites.uel.br\/petef\/wp-content\/uploads\/2023\/11\/CHAMADA-EVENTO-3.png\" alt=\"\" class=\"wp-image-230\" srcset=\"https:\/\/sites.uel.br\/petef\/wp-content\/uploads\/2023\/11\/CHAMADA-EVENTO-3.png 1004w, https:\/\/sites.uel.br\/petef\/wp-content\/uploads\/2023\/11\/CHAMADA-EVENTO-3-300x177.png 300w, https:\/\/sites.uel.br\/petef\/wp-content\/uploads\/2023\/11\/CHAMADA-EVENTO-3-768x452.png 768w\" sizes=\"auto, (max-width: 1004px) 100vw, 1004px\" \/><\/a><\/figure>\n<\/div>\n\n\n\n<div class=\"wp-block-column is-layout-flow wp-block-column-is-layout-flow\">\n<figure class=\"wp-block-image size-full\"><a href=\"https:\/\/sites.uel.br\/petef\/feira-das-profissoes\/\"><img loading=\"lazy\" decoding=\"async\" width=\"1004\" height=\"591\" src=\"https:\/\/sites.uel.br\/petef\/wp-content\/uploads\/2023\/11\/CHAMADA-EVENTO-5-1.png\" alt=\"\" class=\"wp-image-231\" srcset=\"https:\/\/sites.uel.br\/petef\/wp-content\/uploads\/2023\/11\/CHAMADA-EVENTO-5-1.png 1004w, https:\/\/sites.uel.br\/petef\/wp-content\/uploads\/2023\/11\/CHAMADA-EVENTO-5-1-300x177.png 300w, https:\/\/sites.uel.br\/petef\/wp-content\/uploads\/2023\/11\/CHAMADA-EVENTO-5-1-768x452.png 768w\" sizes=\"auto, (max-width: 1004px) 100vw, 1004px\" \/><\/a><\/figure>\n<\/div>\n<\/div>\n\n\n\n<div class=\"wp-block-columns is-layout-flex wp-container-core-columns-is-layout-9d6595d7 wp-block-columns-is-layout-flex\">\n<div class=\"wp-block-column is-layout-flow wp-block-column-is-layout-flow\">\n<figure class=\"wp-block-image size-full\"><a href=\"https:\/\/sites.uel.br\/petef\/londrina-mais\/\"><img loading=\"lazy\" decoding=\"async\" width=\"1004\" height=\"591\" src=\"https:\/\/sites.uel.br\/petef\/wp-content\/uploads\/2023\/11\/CHAMADA-EVENTO-6.png\" alt=\"\" class=\"wp-image-255\" srcset=\"https:\/\/sites.uel.br\/petef\/wp-content\/uploads\/2023\/11\/CHAMADA-EVENTO-6.png 1004w, https:\/\/sites.uel.br\/petef\/wp-content\/uploads\/2023\/11\/CHAMADA-EVENTO-6-300x177.png 300w, https:\/\/sites.uel.br\/petef\/wp-content\/uploads\/2023\/11\/CHAMADA-EVENTO-6-768x452.png 768w\" sizes=\"auto, (max-width: 1004px) 100vw, 1004px\" \/><\/a><\/figure>\n<\/div>\n\n\n\n<div class=\"wp-block-column is-layout-flow wp-block-column-is-layout-flow\">\n<figure class=\"wp-block-image size-full\"><img loading=\"lazy\" decoding=\"async\" width=\"1004\" height=\"591\" src=\"https:\/\/sites.uel.br\/petef\/wp-content\/uploads\/2024\/10\/PET-CHAMADAS-FOTOS-fp.png\" alt=\"\" class=\"wp-image-451\" srcset=\"https:\/\/sites.uel.br\/petef\/wp-content\/uploads\/2024\/10\/PET-CHAMADAS-FOTOS-fp.png 1004w, https:\/\/sites.uel.br\/petef\/wp-content\/uploads\/2024\/10\/PET-CHAMADAS-FOTOS-fp-300x177.png 300w, https:\/\/sites.uel.br\/petef\/wp-content\/uploads\/2024\/10\/PET-CHAMADAS-FOTOS-fp-768x452.png 768w\" sizes=\"auto, (max-width: 1004px) 100vw, 1004px\" \/><\/figure>\n<\/div>\n\n\n\n<div class=\"wp-block-column is-layout-flow wp-block-column-is-layout-flow\">\n<figure class=\"wp-block-image size-full\"><img loading=\"lazy\" decoding=\"async\" width=\"1004\" height=\"591\" src=\"https:\/\/sites.uel.br\/petef\/wp-content\/uploads\/2024\/10\/rs.png\" alt=\"\" class=\"wp-image-452\" srcset=\"https:\/\/sites.uel.br\/petef\/wp-content\/uploads\/2024\/10\/rs.png 1004w, https:\/\/sites.uel.br\/petef\/wp-content\/uploads\/2024\/10\/rs-300x177.png 300w, https:\/\/sites.uel.br\/petef\/wp-content\/uploads\/2024\/10\/rs-768x452.png 768w\" sizes=\"auto, (max-width: 1004px) 100vw, 1004px\" \/><\/figure>\n<\/div>\n<\/div>\n<\/div>\n<\/div>\n\n\n\n<p><strong>Outras participa\u00e7\u00f5es:<\/strong><br>SBPC <br>Congresso UNE<br>Educatec <br>Projeto Rondon<br>Conbramene <br>Simp\u00f3sio CELAFISCS <br>ENAPET<\/p>\n","protected":false},"excerpt":{"rendered":"<p>Outras participa\u00e7\u00f5es:SBPC Congresso UNEEducatec Projeto RondonConbramene Simp\u00f3sio CELAFISCS ENAPET<\/p>\n","protected":false},"author":7,"featured_media":0,"parent":0,"menu_order":0,"comment_status":"closed","ping_status":"closed","template":"","meta":{"footnotes":""},"class_list":["post-65","page","type-page","status-publish","hentry"],"acf":[],"_links":{"self":[{"href":"https:\/\/sites.uel.br\/petef\/wp-json\/wp\/v2\/pages\/65","targetHints":{"allow":["GET"]}}],"collection":[{"href":"https:\/\/sites.uel.br\/petef\/wp-json\/wp\/v2\/pages"}],"about":[{"href":"https:\/\/sites.uel.br\/petef\/wp-json\/wp\/v2\/types\/page"}],"author":[{"embeddable":true,"href":"https:\/\/sites.uel.br\/petef\/wp-json\/wp\/v2\/users\/7"}],"replies":[{"embeddable":true,"href":"https:\/\/sites.uel.br\/petef\/wp-json\/wp\/v2\/comments?post=65"}],"version-history":[{"count":18,"href":"https:\/\/sites.uel.br\/petef\/wp-json\/wp\/v2\/pages\/65\/revisions"}],"predecessor-version":[{"id":454,"href":"https:\/\/sites.uel.br\/petef\/wp-json\/wp\/v2\/pages\/65\/revisions\/454"}],"wp:attachment":[{"href":"https:\/\/sites.uel.br\/petef\/wp-json\/wp\/v2\/media?parent=65"}],"curies":[{"name":"wp","href":"https:\/\/api.w.org\/{rel}","templated":true}]}}